{"id":24526,"date":"2025-12-23T10:20:01","date_gmt":"2025-12-23T02:20:01","guid":{"rendered":"https:\/\/yebodaglass.com\/?post_type=product&#038;p=24526"},"modified":"2025-12-23T14:09:46","modified_gmt":"2025-12-23T06:09:46","slug":"custom-98mm-diameter-glass-jars-with-lids-wholesale","status":"publish","type":"product","link":"https:\/\/yebodaglass.com\/fr\/custom-98mm-diameter-glass-jars-with-lids-wholesale\/","title":{"rendered":"Bocaux en verre personnalis\u00e9s de 600 ml, 1000 ml et 1350 ml de diam\u00e8tre (98 mm) avec couvercles, vente en gros"},"content":{"rendered":"<p>Fini les gal\u00e8res avec les petits couvercles\u00a0! Nous fabriquons en gros des bocaux en verre avec couvercles, con\u00e7us pour les marques qui recherchent une solution de rangement vraiment pratique. Ces bocaux en verre vous permettent de transformer vos stocks quotidiens en moments forts pour votre marque. Pour les commandes en gros, b\u00e9n\u00e9ficiez de finitions personnalis\u00e9es \u00e0 l&#039;image de votre marque.<\/p>\n<h2>Caract\u00e9ristiques du produit<\/h2>\n<p><strong>Large acc\u00e8s \u00e0 la bouche<\/strong><\/p>\n<p>Pr\u00e9levez le miel ou la gel\u00e9e de verre avec pr\u00e9cision et nettet\u00e9. L&#039;important, c&#039;est de ne pas en mettre partout.<\/p>\n<p><strong>performances d&#039;\u00e9tanch\u00e9it\u00e9 \u00e9lev\u00e9es<\/strong><\/p>\n<p>Gr\u00e2ce \u00e0 son bouchon herm\u00e9tique, ce produit permet de conserver les aliments frais plus longtemps, de les prot\u00e9ger de l&#039;humidit\u00e9 et de l&#039;oxydation et ainsi d&#039;augmenter leur dur\u00e9e de conservation.<\/p>\n<p><strong>R\u00e9sistance \u00e0 la chaleur et durabilit\u00e9<\/strong><\/p>\n<p>Le verre borosilicate supporte sans probl\u00e8me les temp\u00e9ratures \u00e9lev\u00e9es, que ce soit pour le sirop chaud, le miel froid ou la cong\u00e9lation.<\/p>\n<h2>Sp\u00e9cifications cl\u00e9s<\/h2>\n<table style=\"border-collapse: collapse; width: 80%; margin-left: auto; margin-right: auto;\" border=\"0\" width=\"360\" cellspacing=\"0\" cellpadding=\"0\">\n<tbody>\n<tr style=\"height: 13.50pt;\">\n<td style=\"height: 13.5pt; width: 54pt; text-align: center;\" width=\"72\" height=\"18\">Capacit\u00e9 (ml)<\/td>\n<td style=\"width: 54pt; text-align: center;\" width=\"72\">Taille (cm)<\/td>\n<td style=\"width: 54pt; text-align: center;\" width=\"72\">Diam\u00e8tre de la bouche<\/td>\n<td style=\"width: 54pt; text-align: center;\" width=\"72\">Mat\u00e9riel<\/td>\n<td style=\"width: 54pt; text-align: center;\" width=\"72\">Forme<\/td>\n<\/tr>\n<tr style=\"height: 13.50pt;\">\n<td style=\"height: 13.5pt; text-align: center;\" align=\"right\" height=\"18\">600<\/td>\n<td style=\"text-align: center;\">9,8 x 10,0<\/td>\n<td class=\"et2\" style=\"text-align: center;\" rowspan=\"3\">98 mm<\/td>\n<td class=\"et2\" style=\"text-align: center;\" rowspan=\"3\">Verre borosilicat\u00e9<\/td>\n<td class=\"et2\" style=\"text-align: center;\" rowspan=\"3\">Rond droit \u2013 c\u00f4t\u00e9<\/td>\n<\/tr>\n<tr style=\"height: 13.50pt;\">\n<td style=\"height: 13.5pt; text-align: center;\" align=\"right\" height=\"18\">1000<\/td>\n<td style=\"text-align: center;\">9,8 x 15,0<\/td>\n<\/tr>\n<tr style=\"height: 13.50pt;\">\n<td style=\"height: 13.5pt; text-align: center;\" align=\"right\" height=\"18\">1350<\/td>\n<td style=\"text-align: center;\">9,8 x 20,0<\/td>\n<\/tr>\n<\/tbody>\n<\/table>\n<h2>Histoire \u00e0 succ\u00e8s<\/h2>\n<p>Une marque de produits di\u00e9t\u00e9tiques a choisi d&#039;utiliser ces bocaux en verre borosilicate pour conserver et pr\u00e9senter ses fruits secs et ses noix. La large ouverture des bocaux facilite le pr\u00e9l\u00e8vement des fruits secs, et la transparence du verre attire l&#039;\u0153il des clients, les incitant \u00e0 choisir les produits.<\/p>\n<p>En l&#039;espace d&#039;environ trois mois, les ventes de fruits secs de la marque ont augment\u00e9 de 20 %.<\/p>\n<h2>Votre guide de personnalisation<\/h2>\n<ol>\n<li><strong>S\u00e9lection:<\/strong> En fonction des exigences de stockage, diff\u00e9rentes m\u00e9thodes de fermeture peuvent \u00eatre choisies, comme des couvercles avec des clips m\u00e9talliques ou des joints en silicone pour une meilleure \u00e9tanch\u00e9it\u00e9, ce qui convient au stockage d&#039;aliments avari\u00e9s ou frais.<\/li>\n<li><strong>Couleurs du couvercle :<\/strong> Personnalisez vos couvercles en les harmonisant avec les couleurs de votre marque ou les caract\u00e9ristiques de vos produits. Par exemple, les couvercles dor\u00e9s ou argent\u00e9s \u00e9voquent le luxe, tandis que les couvercles en bois naturel sugg\u00e8rent une approche \u00e9coresponsable et naturelle.<\/li>\n<li><strong>Accessoires:<\/strong> Des accessoires pour les contenants de rangement peuvent \u00eatre ajout\u00e9s, tels que des \u00e9tiquettes, des autocollants, des cuill\u00e8res pour bocaux en verre, etc., pour ravir l&#039;utilisateur et accro\u00eetre encore la fonctionnalit\u00e9 et l&#039;attrait du produit.<\/li>\n<\/ol>","protected":false},"excerpt":{"rendered":"<p>Vente directe d&#039;usine de bocaux en verre borosilicate haute r\u00e9sistance avec couvercles, parfaits pour conserver les produits secs, les \u00e9pices et le th\u00e9. Personnalisation possible.<\/p>","protected":false},"featured_media":24540,"template":"","meta":[],"product_brand":[],"product_cat":[122,124,137],"product_tag":[],"class_list":{"0":"post-24526","1":"product","2":"type-product","3":"status-publish","4":"has-post-thumbnail","6":"product_cat-custom-glass-packaging","7":"product_cat-custom-glass-jars","8":"product_cat-glass-jars-with-lids","10":"first","11":"instock","12":"shipping-taxable","13":"product-type-simple"},"jetpack_sharing_enabled":true,"_links":{"self":[{"href":"https:\/\/yebodaglass.com\/fr\/wp-json\/wp\/v2\/product\/24526","targetHints":{"allow":["GET"]}}],"collection":[{"href":"https:\/\/yebodaglass.com\/fr\/wp-json\/wp\/v2\/product"}],"about":[{"href":"https:\/\/yebodaglass.com\/fr\/wp-json\/wp\/v2\/types\/product"}],"version-history":[{"count":5,"href":"https:\/\/yebodaglass.com\/fr\/wp-json\/wp\/v2\/product\/24526\/revisions"}],"predecessor-version":[{"id":24542,"href":"https:\/\/yebodaglass.com\/fr\/wp-json\/wp\/v2\/product\/24526\/revisions\/24542"}],"wp:featuredmedia":[{"embeddable":true,"href":"https:\/\/yebodaglass.com\/fr\/wp-json\/wp\/v2\/media\/24540"}],"wp:attachment":[{"href":"https:\/\/yebodaglass.com\/fr\/wp-json\/wp\/v2\/media?parent=24526"}],"wp:term":[{"taxonomy":"product_brand","embeddable":true,"href":"https:\/\/yebodaglass.com\/fr\/wp-json\/wp\/v2\/product_brand?post=24526"},{"taxonomy":"product_cat","embeddable":true,"href":"https:\/\/yebodaglass.com\/fr\/wp-json\/wp\/v2\/product_cat?post=24526"},{"taxonomy":"product_tag","embeddable":true,"href":"https:\/\/yebodaglass.com\/fr\/wp-json\/wp\/v2\/product_tag?post=24526"}],"curies":[{"name":"wp","href":"https:\/\/api.w.org\/{rel}","templated":true}]}}