{"id":24517,"date":"2025-12-22T16:14:46","date_gmt":"2025-12-22T08:14:46","guid":{"rendered":"https:\/\/yebodaglass.com\/?post_type=product&#038;p=24517"},"modified":"2026-03-12T15:13:26","modified_gmt":"2026-03-12T07:13:26","slug":"high-borosilicate-glass-storage-jars-with-lids-bulk","status":"publish","type":"product","link":"https:\/\/yebodaglass.com\/fr\/high-borosilicate-glass-storage-jars-with-lids-bulk\/","title":{"rendered":"Bocaux de conservation en verre borosilicate haute r\u00e9sistance, 550 ml \u00e0 1950 ml, avec couvercles (vente en gros)"},"content":{"rendered":"<p>Ces bocaux de conservation en verre cylindriques et transparents sont dot\u00e9s d&#039;un couvercle en bambou naturel avec de solides fermetures en m\u00e9tal argent\u00e9. Leur large ouverture les rend pratiques pour conserver les en-cas, les ustensiles de cuisine et les produits secs.<\/p>\n<h2>Caract\u00e9ristiques du produit<\/h2>\n<ul>\n<li><strong>Design cylindrique classique :<\/strong> Le fond plat et les parois droites assurent la stabilit\u00e9, un nettoyage facile et un empilage efficace.<\/li>\n<li><strong>Conception \u00e0 large ouverture totale\u00a0:<\/strong> Elle poss\u00e8de une large ouverture, ce qui facilite le remplissage, le pr\u00e9l\u00e8vement et le nettoyage.<\/li>\n<li><strong>Scellement naturel du bois et du m\u00e9tal\u00a0:<\/strong> Les plaques m\u00e9talliques sur le couvercle en bois permettraient de fermer herm\u00e9tiquement le r\u00e9cipient et d&#039;apporter une touche de naturel au produit.<\/li>\n<\/ul>\n<h2>Sp\u00e9cifications cl\u00e9s<\/h2>\n<table style=\"border-collapse: collapse; width: 80%; margin-left: auto; margin-right: auto;\" border=\"0\" width=\"288\" cellspacing=\"0\" cellpadding=\"0\">\n<tbody>\n<tr style=\"height: 13.50pt;\">\n<td style=\"height: 13.5pt; width: 54pt; text-align: center;\" width=\"72\" height=\"18\">Capacit\u00e9 (ml)<\/td>\n<td style=\"width: 54pt; text-align: center;\" width=\"72\">Taille (cm)<\/td>\n<td style=\"width: 54pt; text-align: center;\" width=\"72\">Diam\u00e8tre de la bouche<\/td>\n<td style=\"width: 54pt; text-align: center;\" width=\"72\">Mat\u00e9riel<\/td>\n<\/tr>\n<tr style=\"height: 13.50pt;\">\n<td style=\"height: 13.5pt; text-align: center;\" align=\"right\" height=\"18\">550<\/td>\n<td style=\"text-align: center;\">10,0 x 10,0<\/td>\n<td class=\"et2\" style=\"text-align: center;\" rowspan=\"6\">100 mm<\/td>\n<td class=\"et2\" style=\"text-align: center;\" rowspan=\"6\">borosilicate<\/td>\n<\/tr>\n<tr style=\"height: 13.50pt;\">\n<td style=\"height: 13.5pt; text-align: center;\" align=\"right\" height=\"18\">660<\/td>\n<td style=\"text-align: center;\">10,0 x 12,0<\/td>\n<\/tr>\n<tr style=\"height: 13.50pt;\">\n<td style=\"height: 13.5pt; text-align: center;\" align=\"right\" height=\"18\">900<\/td>\n<td style=\"text-align: center;\">10,0 x 15,0<\/td>\n<\/tr>\n<tr style=\"height: 13.50pt;\">\n<td style=\"height: 13.5pt; text-align: center;\" align=\"right\" height=\"18\">1250<\/td>\n<td style=\"text-align: center;\">10,0 x 20,0<\/td>\n<\/tr>\n<tr style=\"height: 13.50pt;\">\n<td style=\"height: 13.5pt; text-align: center;\" align=\"right\" height=\"18\">1500<\/td>\n<td style=\"text-align: center;\">10,0 x 23,0<\/td>\n<\/tr>\n<tr style=\"height: 13.50pt;\">\n<td style=\"height: 13.5pt; text-align: center;\" align=\"right\" height=\"18\">1950<\/td>\n<td style=\"text-align: center;\">10,0 x 28,0<\/td>\n<\/tr>\n<\/tbody>\n<\/table>\n<h2>T\u00e9moignage de r\u00e9ussite\u00a0: Commande personnalis\u00e9e aupr\u00e8s d\u2019une entreprise de livraison de repas californienne<\/h2>\n<p>Nos bocaux \u00e0 large ouverture et leurs couvercles en bambou personnalis\u00e9s ont \u00e9t\u00e9 achet\u00e9s par une entreprise californienne de livraison de produits alimentaires directement aux consommateurs. Leur fermeture herm\u00e9tique am\u00e9lior\u00e9e a permis d&#039;augmenter d&#039;un quart la dur\u00e9e de conservation de leurs c\u00e9r\u00e9ales et l\u00e9gumineuses s\u00e8ches, r\u00e9duisant ainsi le gaspillage. Le corps en verre transparent des bocaux a facilit\u00e9 la surveillance de leurs centres de distribution, ce qui a permis de diminuer les erreurs de pr\u00e9paration de commandes de 15 %. Forts de ce succ\u00e8s, ils ont r\u00e9cemment command\u00e9 500\u00a0000 bocaux suppl\u00e9mentaires afin de d\u00e9velopper leur activit\u00e9 d&#039;emballage de produits secs.<\/p>\n<h2>Id\u00e9es de personnalisation de bocaux de rangement en verre avec couvercles<\/h2>\n<ul>\n<li>Mat\u00e9riaux de couvercles sur mesure\u00a0: Il existe des couvercles en bois, mais aussi des couvercles fabriqu\u00e9s \u00e0 partir d\u2019autres mat\u00e9riaux \u00e9cologiques comme le li\u00e8ge, le plastique recycl\u00e9 ou m\u00eame la c\u00e9ramique.<\/li>\n<li>Graduations : Des graduations (tasses, grammes, onces) peuvent \u00eatre ajout\u00e9es de fa\u00e7on permanente par gaufrage ou par impression sur le c\u00f4t\u00e9 du bocal afin de pouvoir \u00eatre utilis\u00e9es comme recettes.<\/li>\n<li>Conception de bocaux carr\u00e9s\u00a0: Concevez des bocaux carr\u00e9s ou rectangulaires \u00e0 large ouverture avec un design qui maximise l\u2019espace dans les bo\u00eetes et sur les \u00e9tag\u00e8res.<\/li>\n<\/ul>","protected":false},"excerpt":{"rendered":"<p>Bocaux de conservation en verre r\u00e9sistant avec couvercles \u00e0 languette en bois et fermeture m\u00e9tallique. Pratiques et \u00e0 large ouverture, ils sont parfaits pour les c\u00e9r\u00e9ales, les en-cas et les aliments secs. \u00c9chantillons gratuits.<\/p>","protected":false},"featured_media":24525,"template":"","meta":[],"product_brand":[],"product_cat":[122,124,137],"product_tag":[],"class_list":{"0":"post-24517","1":"product","2":"type-product","3":"status-publish","4":"has-post-thumbnail","6":"product_cat-custom-glass-packaging","7":"product_cat-custom-glass-jars","8":"product_cat-glass-jars-with-lids","10":"first","11":"instock","12":"shipping-taxable","13":"product-type-simple"},"jetpack_sharing_enabled":true,"_links":{"self":[{"href":"https:\/\/yebodaglass.com\/fr\/wp-json\/wp\/v2\/product\/24517","targetHints":{"allow":["GET"]}}],"collection":[{"href":"https:\/\/yebodaglass.com\/fr\/wp-json\/wp\/v2\/product"}],"about":[{"href":"https:\/\/yebodaglass.com\/fr\/wp-json\/wp\/v2\/types\/product"}],"version-history":[{"count":5,"href":"https:\/\/yebodaglass.com\/fr\/wp-json\/wp\/v2\/product\/24517\/revisions"}],"predecessor-version":[{"id":25411,"href":"https:\/\/yebodaglass.com\/fr\/wp-json\/wp\/v2\/product\/24517\/revisions\/25411"}],"wp:featuredmedia":[{"embeddable":true,"href":"https:\/\/yebodaglass.com\/fr\/wp-json\/wp\/v2\/media\/24525"}],"wp:attachment":[{"href":"https:\/\/yebodaglass.com\/fr\/wp-json\/wp\/v2\/media?parent=24517"}],"wp:term":[{"taxonomy":"product_brand","embeddable":true,"href":"https:\/\/yebodaglass.com\/fr\/wp-json\/wp\/v2\/product_brand?post=24517"},{"taxonomy":"product_cat","embeddable":true,"href":"https:\/\/yebodaglass.com\/fr\/wp-json\/wp\/v2\/product_cat?post=24517"},{"taxonomy":"product_tag","embeddable":true,"href":"https:\/\/yebodaglass.com\/fr\/wp-json\/wp\/v2\/product_tag?post=24517"}],"curies":[{"name":"wp","href":"https:\/\/api.w.org\/{rel}","templated":true}]}}