{"id":24509,"date":"2025-12-22T11:32:32","date_gmt":"2025-12-22T03:32:32","guid":{"rendered":"https:\/\/yebodaglass.com\/?post_type=product&#038;p=24509"},"modified":"2026-04-13T15:43:41","modified_gmt":"2026-04-13T07:43:41","slug":"borosilicate-big-glass-jar-with-lid-for-storage-wholesale","status":"publish","type":"product","link":"https:\/\/yebodaglass.com\/fr\/borosilicate-big-glass-jar-with-lid-for-storage-wholesale\/","title":{"rendered":"Bocal en verre borosilicate de 1360 ml ou 1800 ml avec couvercle pour le stockage en gros"},"content":{"rendered":"<p>Ce bocal cylindrique en verre borosilicate ultra-transparent est dot\u00e9 d&#039;un couvercle en bambou naturel et d&#039;un joint en silicone alimentaire. Son corps en verre, sans joint apparent, assure une \u00e9tanch\u00e9it\u00e9 parfaite.<\/p>\n<h2>Caract\u00e9ristiques du produit<\/h2>\n<ul>\n<li><strong>Mat\u00e9riau en verre borosilicat\u00e9\u00a0:<\/strong> Ce produit est compos\u00e9 de verre borosilicat\u00e9 de qualit\u00e9 alimentaire, qui offre une grande transparence et prot\u00e8ge contre les variations de temp\u00e9rature extr\u00eames tout en restant s\u00fbr et inodore.<\/li>\n<li><strong>Conception du couvercle herm\u00e9tique en bambou naturel\u00a0:<\/strong> L&#039;association d&#039;un couvercle en bambou naturel et d&#039;un joint d&#039;\u00e9tanch\u00e9it\u00e9 en silicone de qualit\u00e9 alimentaire cr\u00e9e un syst\u00e8me d&#039;\u00e9tanch\u00e9it\u00e9 offrant des performances sup\u00e9rieures.<\/li>\n<li><strong>Large ouverture pour un nettoyage facile\u00a0:<\/strong> Sa large ouverture permet aux utilisateurs d&#039;acc\u00e9der facilement \u00e0 leurs aliments et de proc\u00e9der \u00e0 un nettoyage en profondeur, tout en s&#039;adaptant aux diff\u00e9rentes exigences de rangement en cuisine.<\/li>\n<\/ul>\n<h2>Sp\u00e9cifications cl\u00e9s<\/h2>\n<table style=\"border-collapse: collapse; width: 80%; margin-left: auto; margin-right: auto;\" border=\"0\" width=\"360\" cellspacing=\"0\" cellpadding=\"0\">\n<tbody>\n<tr style=\"height: 13.50pt;\">\n<td style=\"height: 13.5pt; width: 54pt; text-align: center;\" width=\"72\" height=\"18\">Capacit\u00e9 (ml)<\/td>\n<td style=\"width: 54pt; text-align: center;\" width=\"72\">Taille (cm)<\/td>\n<td style=\"width: 54pt; text-align: center;\" width=\"72\">Diam\u00e8tre de la bouche<\/td>\n<td style=\"width: 54pt; text-align: center;\" width=\"72\">Mat\u00e9riel<\/td>\n<td style=\"width: 54pt; text-align: center;\" width=\"72\">Caract\u00e9ristiques<\/td>\n<\/tr>\n<tr style=\"height: 13.50pt;\">\n<td style=\"height: 13.5pt; text-align: center;\" height=\"18\">1360<\/td>\n<td style=\"text-align: center;\">12,0 x 15,0<\/td>\n<td class=\"et2\" style=\"text-align: center;\" rowspan=\"2\">120 mm<\/td>\n<td class=\"et2\" style=\"text-align: center;\" rowspan=\"2\">Verre borosilicat\u00e9<\/td>\n<td class=\"et2\" style=\"text-align: center;\" rowspan=\"2\">Couvercle \u00e0 c\u00f4t\u00e9s droits, 120 mm<\/td>\n<\/tr>\n<tr style=\"height: 13.50pt;\">\n<td style=\"height: 13.5pt; text-align: center;\" height=\"18\">1800<\/td>\n<td style=\"text-align: center;\">12,0 x 20,0<\/td>\n<\/tr>\n<\/tbody>\n<\/table>\n<h2>T\u00e9moignage de r\u00e9ussite\u00a0: Une commande personnalis\u00e9e aupr\u00e8s d\u2019une cha\u00eene de supermarch\u00e9s z\u00e9ro d\u00e9chet<\/h2>\n<p>Nos bocaux de cuisine ont \u00e9t\u00e9 choisis par une cha\u00eene de supermarch\u00e9s nationale qui souhaitait des graduations personnalis\u00e9es. Appr\u00e9ci\u00e9s des consommateurs, ces bocaux en verre personnalis\u00e9s b\u00e9n\u00e9ficient d&#039;une fermeture herm\u00e9tique qui prolonge la conservation des aliments de 30 % et les graduations permettent de r\u00e9duire les quantit\u00e9s achet\u00e9es de 15 %. Suite \u00e0 leur premi\u00e8re commande, ils ont pass\u00e9 une nouvelle commande de 580\u00a0000 bocaux afin de cr\u00e9er une gamme de kits de conservation pr\u00e9emball\u00e9s.<\/p>\n<h2>Options de personnalisation des bocaux de cuisine<\/h2>\n<ol>\n<li><strong>Mat\u00e9riau du couvercle et structure d&#039;\u00e9tanch\u00e9it\u00e9\u00a0:<\/strong> Un bocal plat \u00e0 rebord de 120 mm peut \u00eatre associ\u00e9 \u00e0 des couvercles herm\u00e9tiques en bambou, en bois ou en composite, et l&#039;\u00e9paisseur du joint en silicone peut \u00eatre augment\u00e9e pour une meilleure r\u00e9sistance \u00e0 l&#039;humidit\u00e9 et une meilleure conservation de la fra\u00eecheur.<\/li>\n<li><strong>Personnalisation du corps du pot :\u00a0<\/strong>Le corps du pot est un support s\u00e9rigraphi\u00e9, imprim\u00e9, avec application de d\u00e9calcomanie, zone de r\u00e9servation d&#039;\u00e9tiquette ou finition d\u00e9polie, r\u00e9pondant aux exigences en mati\u00e8re de marque et de fourniture d&#039;informations.<\/li>\n<li><strong>\u00c9paisseur et r\u00e9sistance aux chocs du verre\u00a0:<\/strong> Le verre borosilicat\u00e9 \u00e9paissi peut \u00eatre personnalis\u00e9 pour r\u00e9pondre aux besoins des supermarch\u00e9s \u00e0 forte rotation de stocks, afin de r\u00e9duire le taux de casse lors du transport et de la mise en rayon.<\/li>\n<\/ol>","protected":false},"excerpt":{"rendered":"<p>\u00c9l\u00e9gant grand bocal en verre avec couvercle et design en bambou naturel. Bocaux de cuisine id\u00e9aux pour des solutions de rangement modernes. Personnalisation possible. \u00c9chantillons gratuits.<\/p>","protected":false},"featured_media":24510,"template":"","meta":[],"product_brand":[],"product_cat":[137,124,122],"product_tag":[],"class_list":{"0":"post-24509","1":"product","2":"type-product","3":"status-publish","4":"has-post-thumbnail","6":"product_cat-glass-jars-with-lids","7":"product_cat-custom-glass-jars","8":"product_cat-custom-glass-packaging","10":"first","11":"instock","12":"shipping-taxable","13":"product-type-simple"},"jetpack_sharing_enabled":true,"_links":{"self":[{"href":"https:\/\/yebodaglass.com\/fr\/wp-json\/wp\/v2\/product\/24509","targetHints":{"allow":["GET"]}}],"collection":[{"href":"https:\/\/yebodaglass.com\/fr\/wp-json\/wp\/v2\/product"}],"about":[{"href":"https:\/\/yebodaglass.com\/fr\/wp-json\/wp\/v2\/types\/product"}],"version-history":[{"count":5,"href":"https:\/\/yebodaglass.com\/fr\/wp-json\/wp\/v2\/product\/24509\/revisions"}],"predecessor-version":[{"id":25766,"href":"https:\/\/yebodaglass.com\/fr\/wp-json\/wp\/v2\/product\/24509\/revisions\/25766"}],"wp:featuredmedia":[{"embeddable":true,"href":"https:\/\/yebodaglass.com\/fr\/wp-json\/wp\/v2\/media\/24510"}],"wp:attachment":[{"href":"https:\/\/yebodaglass.com\/fr\/wp-json\/wp\/v2\/media?parent=24509"}],"wp:term":[{"taxonomy":"product_brand","embeddable":true,"href":"https:\/\/yebodaglass.com\/fr\/wp-json\/wp\/v2\/product_brand?post=24509"},{"taxonomy":"product_cat","embeddable":true,"href":"https:\/\/yebodaglass.com\/fr\/wp-json\/wp\/v2\/product_cat?post=24509"},{"taxonomy":"product_tag","embeddable":true,"href":"https:\/\/yebodaglass.com\/fr\/wp-json\/wp\/v2\/product_tag?post=24509"}],"curies":[{"name":"wp","href":"https:\/\/api.w.org\/{rel}","templated":true}]}}