{"id":24500,"date":"2025-12-19T17:46:32","date_gmt":"2025-12-19T09:46:32","guid":{"rendered":"https:\/\/yebodaglass.com\/?post_type=product&#038;p=24500"},"modified":"2025-12-22T10:08:45","modified_gmt":"2025-12-22T02:08:45","slug":"glass-jars-with-airtight-lids-for-storage-wholesale","status":"publish","type":"product","link":"https:\/\/yebodaglass.com\/fr\/glass-jars-with-airtight-lids-for-storage-wholesale\/","title":{"rendered":"Bocaux en verre de 335 ml, 580 ml et 800 ml avec couvercles herm\u00e9tiques pour la conservation en gros"},"content":{"rendered":"<p data-start=\"66\" data-end=\"288\">Ces bocaux en verre robustes et durables, munis de couvercles herm\u00e9tiques, sont fabriqu\u00e9s en verre borosilicate de haute qualit\u00e9, ce qui leur conf\u00e8re une transparence exceptionnelle et une longue dur\u00e9e de vie. Le couvercle plat en bois fonc\u00e9 vein\u00e9 est non seulement esth\u00e9tique, mais assure \u00e9galement une fermeture herm\u00e9tique et est disponible en trois tailles diff\u00e9rentes.<\/p>\n<h2>Caract\u00e9ristiques du produit<\/h2>\n<ul>\n<li><strong>Conception cylindrique robuste\u00a0:<\/strong> Le corps du bocal est \u00e9pais et stable, ce qui le rend difficile \u00e0 renverser, et il est \u00e9galement suffisamment durable pour un usage quotidien.<\/li>\n<li><strong>\u00c9tanch\u00e9it\u00e9 de haute qualit\u00e9 :<\/strong> Le couvercle en bois et en fibres de bois, fabriqu\u00e9 selon une m\u00e9thode sp\u00e9ciale, ferme herm\u00e9tiquement le r\u00e9cipient et permet ainsi de conserver les aliments frais longtemps.<\/li>\n<li><strong>Verre borosilicat\u00e9 de qualit\u00e9 sup\u00e9rieure\u00a0:<\/strong> Outre son excellente r\u00e9sistance aux chocs thermiques, le verre est \u00e9galement tr\u00e8s transparent et, de ce fait, le contenu reste visible longtemps.<\/li>\n<\/ul>\n<h2 style=\"text-align: left;\">Sp\u00e9cifications cl\u00e9s<\/h2>\n<table class=\"aligncenter\" style=\"border-collapse: collapse; width: 424.52pt;\" border=\"0\" width=\"566\" cellspacing=\"0\" cellpadding=\"0\">\n<tbody>\n<tr style=\"height: 13.50pt;\">\n<td style=\"height: 13.50pt; width: 107.25pt;\" width=\"143\" height=\"18\">Sp\u00e9cification<\/td>\n<td style=\"width: 317.25pt;\" width=\"423\">D\u00e9tails<\/td>\n<\/tr>\n<tr style=\"height: 13.50pt;\">\n<td style=\"height: 13.50pt;\" height=\"18\">Capacit\u00e9<\/td>\n<td>335 ml \/ 580 ml \/ 800 ml<\/td>\n<\/tr>\n<tr style=\"height: 13.50pt;\">\n<td style=\"height: 13.50pt;\" height=\"18\">Dimensions<\/td>\n<td>8\u00d710cm \/ 8\u00d715cm \/ 8\u00d720cm<\/td>\n<\/tr>\n<tr style=\"height: 13.50pt;\">\n<td style=\"height: 13.50pt;\" height=\"18\">Mat\u00e9riel<\/td>\n<td>Verre borosilicat\u00e9 \u00e0 haute teneur en verre<\/td>\n<\/tr>\n<tr style=\"height: 13.50pt;\">\n<td style=\"height: 13.50pt;\" height=\"18\">Type de couvercle<\/td>\n<td>Couvercle plat en bois fonc\u00e9 (herm\u00e9tique)<\/td>\n<\/tr>\n<tr style=\"height: 13.50pt;\">\n<td style=\"height: 13.50pt;\" height=\"18\">Diam\u00e8tre du couvercle<\/td>\n<td>80 mm (Uniforme pour toutes les tailles)<\/td>\n<\/tr>\n<tr style=\"height: 13.50pt;\">\n<td style=\"height: 13.50pt;\" height=\"18\">Caract\u00e9ristique du mat\u00e9riau<\/td>\n<td>Haute r\u00e9sistance thermique et chimique, clart\u00e9 sup\u00e9rieure<\/td>\n<\/tr>\n<tr style=\"height: 13.50pt;\">\n<td style=\"height: 13.50pt;\" height=\"18\">Id\u00e9al pour<\/td>\n<td>Bocaux en verre avec couvercles herm\u00e9tiques, vente en gros de bocaux en verre<\/td>\n<\/tr>\n<\/tbody>\n<\/table>\n<h2>\u00c9tude de cas : Solution pour la cha\u00eene d&#039;approvisionnement d&#039;un torr\u00e9facteur de caf\u00e9<\/h2>\n<p>Ce torr\u00e9facteur de taille moyenne a conditionn\u00e9 son produit phare dans nos bocaux en verre de 580 ml avec couvercles herm\u00e9tiques. Gr\u00e2ce \u00e0 l&#039;utilisation de ces bocaux en verre borosilicate r\u00e9sistant, le torr\u00e9facteur a constat\u00e9 une baisse de 85 % des cas de casse lors du transport et du stockage. Le couvercle herm\u00e9tique en bois s&#039;est av\u00e9r\u00e9 tr\u00e8s efficace pour pr\u00e9server la fra\u00eecheur des grains de caf\u00e9, et les caf\u00e9s (clients) ont constat\u00e9 un allongement de 30 % du temps d&#039;infusion optimal. Fort de ces r\u00e9sultats positifs, tant sur le plan op\u00e9rationnel que financier, le torr\u00e9facteur a pass\u00e9 commande de 250\u00a0000 bocaux suppl\u00e9mentaires afin d&#039;accompagner l&#039;augmentation de sa production.<\/p>\n<h2>Options de personnalisation pour les bocaux en verre en gros<\/h2>\n<ul>\n<li>Couvercles en bois massif. Optez pour des couvercles en bois massif robustes, adapt\u00e9s au contact alimentaire, avec des finitions au choix en noyer ou en acacia.<\/li>\n<li>Marquage du couvercle\u00a0: votre logo estamp\u00e9 ou grav\u00e9 au laser sur le bois.<\/li>\n<li>Indication de capacit\u00e9 : La capacit\u00e9 du bocal (par exemple \u00ab 580 ml \u00bb) est indiqu\u00e9e par le marquage en relief sur le fond du bocal.<\/li>\n<li>Une meilleure \u00e9tanch\u00e9it\u00e9 est obtenue gr\u00e2ce \u00e0 un joint en silicone alimentaire plus large ou color\u00e9.<\/li>\n<\/ul>","protected":false},"excerpt":{"rendered":"<p>Bocaux en verre \u00e9l\u00e9gants avec couvercles herm\u00e9tiques, destin\u00e9s aux grossistes. Ces bocaux sont compos\u00e9s d&#039;un verre \u00e9pais et d&#039;un couvercle en bois naturel. Remises disponibles pour les commandes en gros.<\/p>","protected":false},"featured_media":24504,"template":"","meta":[],"product_brand":[],"product_cat":[122,124,137],"product_tag":[],"class_list":{"0":"post-24500","1":"product","2":"type-product","3":"status-publish","4":"has-post-thumbnail","6":"product_cat-custom-glass-packaging","7":"product_cat-custom-glass-jars","8":"product_cat-glass-jars-with-lids","10":"first","11":"instock","12":"shipping-taxable","13":"product-type-simple"},"jetpack_sharing_enabled":true,"_links":{"self":[{"href":"https:\/\/yebodaglass.com\/fr\/wp-json\/wp\/v2\/product\/24500","targetHints":{"allow":["GET"]}}],"collection":[{"href":"https:\/\/yebodaglass.com\/fr\/wp-json\/wp\/v2\/product"}],"about":[{"href":"https:\/\/yebodaglass.com\/fr\/wp-json\/wp\/v2\/types\/product"}],"version-history":[{"count":4,"href":"https:\/\/yebodaglass.com\/fr\/wp-json\/wp\/v2\/product\/24500\/revisions"}],"predecessor-version":[{"id":24508,"href":"https:\/\/yebodaglass.com\/fr\/wp-json\/wp\/v2\/product\/24500\/revisions\/24508"}],"wp:featuredmedia":[{"embeddable":true,"href":"https:\/\/yebodaglass.com\/fr\/wp-json\/wp\/v2\/media\/24504"}],"wp:attachment":[{"href":"https:\/\/yebodaglass.com\/fr\/wp-json\/wp\/v2\/media?parent=24500"}],"wp:term":[{"taxonomy":"product_brand","embeddable":true,"href":"https:\/\/yebodaglass.com\/fr\/wp-json\/wp\/v2\/product_brand?post=24500"},{"taxonomy":"product_cat","embeddable":true,"href":"https:\/\/yebodaglass.com\/fr\/wp-json\/wp\/v2\/product_cat?post=24500"},{"taxonomy":"product_tag","embeddable":true,"href":"https:\/\/yebodaglass.com\/fr\/wp-json\/wp\/v2\/product_tag?post=24500"}],"curies":[{"name":"wp","href":"https:\/\/api.w.org\/{rel}","templated":true}]}}