{"id":24486,"date":"2025-12-19T16:52:38","date_gmt":"2025-12-19T08:52:38","guid":{"rendered":"https:\/\/yebodaglass.com\/?post_type=product&#038;p=24486"},"modified":"2026-04-10T10:09:38","modified_gmt":"2026-04-10T02:09:38","slug":"straight-sided-round-borosilicate-huge-glass-jars-bulk","status":"publish","type":"product","link":"https:\/\/yebodaglass.com\/fr\/straight-sided-round-borosilicate-huge-glass-jars-bulk\/","title":{"rendered":"Bocaux en verre borosilicate ronds \u00e0 parois droites de 3200 ml et 4800 ml (vente en gros)"},"content":{"rendered":"<p>Vous en avez assez des petits pots qui laissent les aliments se r\u00e9pandre partout dans votre cuisine\u00a0? Nous cr\u00e9ons des solutions de grands bocaux en verre, sp\u00e9cialement con\u00e7ues pour les marques qui ont de r\u00e9els besoins de stockage. Ces bocaux en gros transforment votre stock quotidien en un atout majeur pour votre marque. Pour les commandes en gros, les couleurs sont personnalis\u00e9es aux couleurs de votre marque.<\/p>\n<h2>Caract\u00e9ristiques du produit<\/h2>\n<p><strong>Conception \u00e0 c\u00f4t\u00e9s droits\u00a0:\u00a0<\/strong>Avec une capacit\u00e9 de 4800 ml, le bocal peut contenir de la poudre, des grains, des c\u00e9r\u00e9ales, des grains de caf\u00e9, des herbes, des \u00e9pices, etc. \u2014 fini le gaspillage de produits dans les petits r\u00e9cipients.<\/p>\n<p><strong>Verre borosilicate r\u00e9sistant \u00e0 la chaleur\u00a0:\u00a0<\/strong>Ces grands bocaux en verre peuvent \u00eatre utilis\u00e9s pour conserver les aliments chauds, froids et congel\u00e9s, sans jamais provoquer de choc thermique ; ils peuvent \u00e9galement servir de vases ou de photophores.<\/p>\n<p><strong>Couvercle de 150 mm de large pour un acc\u00e8s facile\u00a0:\u00a0<\/strong>Gr\u00e2ce \u00e0 la cuill\u00e8re en verre, pr\u00e9levez facilement la poudre ou tout autre produit sec : \u00e9tanche et facile \u00e0 prendre en main.<\/p>\n<h2>Sp\u00e9cifications cl\u00e9s<\/h2>\n<table style=\"border-collapse: collapse; width: 80%; margin-left: auto; margin-right: auto;\" border=\"0\" width=\"360\" cellspacing=\"0\" cellpadding=\"0\">\n<tbody>\n<tr style=\"height: 13.50pt;\">\n<td style=\"height: 13.5pt; width: 54pt; text-align: center;\" width=\"72\" height=\"18\">Capacit\u00e9 (ml)<\/td>\n<td style=\"width: 54pt; text-align: center;\" width=\"72\">Taille (cm)<\/td>\n<td style=\"width: 54pt; text-align: center;\" width=\"72\">Diam\u00e8tre de la bouche<\/td>\n<td style=\"width: 54pt; text-align: center;\" width=\"72\">Mat\u00e9riel<\/td>\n<td style=\"width: 54pt; text-align: center;\" width=\"72\">Forme<\/td>\n<\/tr>\n<tr style=\"height: 13.50pt;\">\n<td style=\"height: 13.5pt; text-align: center;\" align=\"right\" height=\"18\">3200<\/td>\n<td style=\"text-align: center;\">15,0 x 20,0<\/td>\n<td class=\"et2\" style=\"text-align: center;\" rowspan=\"2\">150 mm<\/td>\n<td class=\"et2\" style=\"text-align: center;\" rowspan=\"2\">borosilicate<\/td>\n<td class=\"et2\" style=\"text-align: center;\" rowspan=\"2\">Rond \u00e0 c\u00f4t\u00e9s droits<\/td>\n<\/tr>\n<tr style=\"height: 13.50pt;\">\n<td style=\"height: 13.5pt; text-align: center;\" align=\"right\" height=\"18\">4800<\/td>\n<td style=\"text-align: center;\">15,0 x 30,0<\/td>\n<\/tr>\n<\/tbody>\n<\/table>\n<h2>Cas de r\u00e9ussite<\/h2>\n<p>Apr\u00e8s avoir opt\u00e9 pour ces contenants de stockage en verre borosilicate \u00e0 parois droites et \u00e0 ouverture plate, munis de couvercles en bambou, une cha\u00eene de distribution canadienne vendant des produits secs et du th\u00e9 en vrac a modernis\u00e9 l&#039;ensemble de sa gamme, rempla\u00e7ant les emballages en plastique par des pr\u00e9sentoirs en verre. Gr\u00e2ce \u00e0 la transparence du verre, au grand diam\u00e8tre de 150 mm facilitant le r\u00e9approvisionnement et \u00e0 l&#039;\u00e9tanch\u00e9it\u00e9 optimale des contenants, les pr\u00e9sentoirs en magasin sont devenus beaucoup plus attrayants visuellement. De ce fait, la qualit\u00e9 per\u00e7ue des produits s&#039;en est trouv\u00e9e rehauss\u00e9e.<\/p>\n<p>Au cours des trois premiers mois de la mise en \u0153uvre c\u00f4t\u00e9 client, celui-ci a enregistr\u00e9 une augmentation annuelle d&#039;environ 28 % des ventes au d\u00e9tail de produits en vrac similaires, la croissance la plus significative se situant dans la cat\u00e9gorie des th\u00e9s haut de gamme.<\/p>\n<h2>Votre guide de personnalisation<\/h2>\n<ol>\n<li>Le couvercle peut \u00eatre choisi parmi des couvercles en bambou, en bois ou en composite, et il comporte un logo grav\u00e9 au laser sur le dessus.<\/li>\n<li>L&#039;application de graduations, l&#039;impression s\u00e9rigraphique ou le marquage \u00e0 chaud du logo de la marque sur le corps de la bo\u00eete permettent d&#039;am\u00e9liorer la reconnaissance de la marque aupr\u00e8s des clients grossistes.<\/li>\n<\/ol>","protected":false},"excerpt":{"rendered":"<p>Grands bocaux en verre pour la conservation des aliments, fabriqu\u00e9s par un verrier professionnel. Vente en gros directe d&#039;usine, avec diff\u00e9rentes tailles, couvercles et prix de gros.<\/p>","protected":false},"featured_media":24487,"template":"","meta":[],"product_brand":[],"product_cat":[137,124,122],"product_tag":[],"class_list":{"0":"post-24486","1":"product","2":"type-product","3":"status-publish","4":"has-post-thumbnail","6":"product_cat-glass-jars-with-lids","7":"product_cat-custom-glass-jars","8":"product_cat-custom-glass-packaging","10":"first","11":"instock","12":"shipping-taxable","13":"product-type-simple"},"jetpack_sharing_enabled":true,"_links":{"self":[{"href":"https:\/\/yebodaglass.com\/fr\/wp-json\/wp\/v2\/product\/24486","targetHints":{"allow":["GET"]}}],"collection":[{"href":"https:\/\/yebodaglass.com\/fr\/wp-json\/wp\/v2\/product"}],"about":[{"href":"https:\/\/yebodaglass.com\/fr\/wp-json\/wp\/v2\/types\/product"}],"version-history":[{"count":5,"href":"https:\/\/yebodaglass.com\/fr\/wp-json\/wp\/v2\/product\/24486\/revisions"}],"predecessor-version":[{"id":25713,"href":"https:\/\/yebodaglass.com\/fr\/wp-json\/wp\/v2\/product\/24486\/revisions\/25713"}],"wp:featuredmedia":[{"embeddable":true,"href":"https:\/\/yebodaglass.com\/fr\/wp-json\/wp\/v2\/media\/24487"}],"wp:attachment":[{"href":"https:\/\/yebodaglass.com\/fr\/wp-json\/wp\/v2\/media?parent=24486"}],"wp:term":[{"taxonomy":"product_brand","embeddable":true,"href":"https:\/\/yebodaglass.com\/fr\/wp-json\/wp\/v2\/product_brand?post=24486"},{"taxonomy":"product_cat","embeddable":true,"href":"https:\/\/yebodaglass.com\/fr\/wp-json\/wp\/v2\/product_cat?post=24486"},{"taxonomy":"product_tag","embeddable":true,"href":"https:\/\/yebodaglass.com\/fr\/wp-json\/wp\/v2\/product_tag?post=24486"}],"curies":[{"name":"wp","href":"https:\/\/api.w.org\/{rel}","templated":true}]}}