{"id":24485,"date":"2025-12-19T15:29:18","date_gmt":"2025-12-19T07:29:18","guid":{"rendered":"https:\/\/yebodaglass.com\/?post_type=product&#038;p=24485"},"modified":"2025-12-19T16:44:27","modified_gmt":"2025-12-19T08:44:27","slug":"clear-small-glass-jars-with-lids-bulk","status":"publish","type":"product","link":"https:\/\/yebodaglass.com\/fr\/clear-small-glass-jars-with-lids-bulk\/","title":{"rendered":"Petits pots en verre transparents avec couvercles, 120 ml, 210 ml et 260 ml, en vrac"},"content":{"rendered":"<p data-start=\"66\" data-end=\"288\">\u00c9l\u00e9gants et robustes, ces petits bocaux en verre sont fabriqu\u00e9s en verre borosilicate. Leurs couvercles pr\u00e9sentent une jolie finition imitation bois fonc\u00e9 et ils sont disponibles en diff\u00e9rentes tailles, de tr\u00e8s petites \u00e0 un peu plus grandes. Le corps en verre transparent du bocal vous permettra de voir facilement son contenu (\u00e9pices, \u00e9pingles, biscuits, etc.).<\/p>\n<h2>Caract\u00e9ristiques du produit<\/h2>\n<ul>\n<li><strong>Conception cylindrique :<\/strong> La base arrondie des bocaux les rend tr\u00e8s stables et, de ce fait, ils ne risquent pas de tomber de votre plan de travail ou de vos \u00e9tag\u00e8res encombr\u00e9es.<\/li>\n<li><strong>Avantages du verre borosilicat\u00e9\u00a0:<\/strong> Les bocaux en verre borosilicat\u00e9 de haute qualit\u00e9 r\u00e9sistent aux variations brusques de temp\u00e9rature\u00a0; ils peuvent donc \u00eatre utilis\u00e9s pour la conservation d\u2019aliments chauds et froids et se conservent en toute s\u00e9curit\u00e9 sur le long terme.<\/li>\n<li><strong>Couvercle \u00e0 vis en bois fonc\u00e9\u00a0:<\/strong> Le couvercle \u00e0 vis en bois joliment vein\u00e9 embellit non seulement le bocal, mais constitue \u00e9galement la meilleure et la plus simple fa\u00e7on de conserver les aliments stock\u00e9s dans le bocal au sec, frais et savoureux.<\/li>\n<\/ul>\n<h2 style=\"text-align: left;\">Sp\u00e9cifications cl\u00e9s<\/h2>\n<table class=\"aligncenter\" style=\"border-collapse: collapse; width: 486.02pt;\" border=\"0\" width=\"648\" cellspacing=\"0\" cellpadding=\"0\">\n<tbody>\n<tr style=\"height: 13.50pt;\">\n<td style=\"height: 13.50pt; width: 117.00pt;\" width=\"156\" height=\"18\">Sp\u00e9cification<\/td>\n<td style=\"width: 369.00pt;\" width=\"492\">D\u00e9tails<\/td>\n<\/tr>\n<tr style=\"height: 13.50pt;\">\n<td style=\"height: 13.50pt;\" height=\"18\">Capacit\u00e9<\/td>\n<td>120 ml \/ 210 ml \/ 260 ml<\/td>\n<\/tr>\n<tr style=\"height: 13.50pt;\">\n<td style=\"height: 13.50pt;\" height=\"18\">Dimensions<\/td>\n<td>6,5 \u00d7 5,5 cm \/ 9 \u00d7 8 cm \/ 9 \u00d7 10,2 cm<\/td>\n<\/tr>\n<tr style=\"height: 13.50pt;\">\n<td style=\"height: 13.50pt;\" height=\"18\">Mat\u00e9riel<\/td>\n<td>Verre borosilicat\u00e9 \u00e0 haute teneur en verre<\/td>\n<\/tr>\n<tr style=\"height: 13.50pt;\">\n<td style=\"height: 13.50pt;\" height=\"18\">Pot en forme de bocal<\/td>\n<td>Cylindre discret<\/td>\n<\/tr>\n<tr style=\"height: 13.50pt;\">\n<td style=\"height: 13.50pt;\" height=\"18\">Type de couvercle<\/td>\n<td>Couvercle plat \u00e0 grain de bois fonc\u00e9<\/td>\n<\/tr>\n<tr style=\"height: 13.50pt;\">\n<td style=\"height: 13.50pt;\" height=\"18\">Diam\u00e8tre du couvercle<\/td>\n<td>65 mm (Uniforme pour toutes les tailles)<\/td>\n<\/tr>\n<tr style=\"height: 13.50pt;\">\n<td style=\"height: 13.50pt;\" height=\"18\">Caract\u00e9ristique du mat\u00e9riau<\/td>\n<td>R\u00e9sistant \u00e0 la chaleur et aux produits chimiques, haute clart\u00e9, r\u00e9sistant aux rayures<\/td>\n<\/tr>\n<tr style=\"height: 13.50pt;\">\n<td style=\"height: 13.50pt;\" height=\"18\">Id\u00e9al pour<\/td>\n<td>Petits bocaux en verre avec couvercles, bocaux cylindriques en verre<\/td>\n<\/tr>\n<\/tbody>\n<\/table>\n<h2>\u00c9tude de cas r\u00e9elle\u00a0: Comment la qualit\u00e9 fid\u00e9lise la client\u00e8le<\/h2>\n<p>Un torr\u00e9facteur de caf\u00e9 de sp\u00e9cialit\u00e9 nord-am\u00e9ricain a choisi nos petits pots en verre de 210 ml avec couvercle. Gr\u00e2ce \u00e0 leur robustesse et \u00e0 la qualit\u00e9 du verre, les cas de casse pendant le transport ont \u00e9t\u00e9 r\u00e9duits de 70 %. Leur format compact et \u00e9l\u00e9gant leur a permis de cr\u00e9er des coffrets cadeaux attrayants et peu encombrants, qu&#039;ils peuvent vendre 40 % plus cher que leurs anciens produits. Enti\u00e8rement satisfaits des performances du produit et des retours clients, ils ont pass\u00e9 une nouvelle commande de 300\u00a0000 pots en verre pour le conditionnement de leur nouvelle gamme d&#039;abonnements.<\/p>\n<h2>Personnalisez vos petits bocaux en verre avec des couvercles<\/h2>\n<ul>\n<li>Couvercles en bois massif \u2013 Optez pour des couvercles en bois massif, par exemple en noyer, en \u00e9b\u00e8ne ou en bambou, pour une touche de luxe.<\/li>\n<li>Gravure sur le couvercle \u2013 Utilisez un laser pour graver un logo attrayant ou un motif d\u00e9coratif sur la surface en bois du couvercle.<\/li>\n<li>Marquages \u200b\u200bde capacit\u00e9 s\u00e9rigraphi\u00e9s \u2013 Apposez de petits marquages \u200b\u200bde capacit\u00e9 \u00e9l\u00e9gants sur le bocal.<\/li>\n<li>Joint d&#039;\u00e9tanch\u00e9it\u00e9 en silicone \u2013 Placez un joint d&#039;\u00e9tanch\u00e9it\u00e9 en silicone de qualit\u00e9 alimentaire sur le couvercle pour une meilleure \u00e9tanch\u00e9it\u00e9.<\/li>\n<\/ul>","protected":false},"excerpt":{"rendered":"<p>D\u00e9couvrez nos petits bocaux en verre avec couvercles ronds et trapus en bois fonc\u00e9. Verre borosilicate transparent, livraison rapide disponible.<\/p>","protected":false},"featured_media":24490,"template":"","meta":[],"product_brand":[],"product_cat":[122,124,137],"product_tag":[],"class_list":{"0":"post-24485","1":"product","2":"type-product","3":"status-publish","4":"has-post-thumbnail","6":"product_cat-custom-glass-packaging","7":"product_cat-custom-glass-jars","8":"product_cat-glass-jars-with-lids","10":"first","11":"instock","12":"shipping-taxable","13":"product-type-simple"},"jetpack_sharing_enabled":true,"_links":{"self":[{"href":"https:\/\/yebodaglass.com\/fr\/wp-json\/wp\/v2\/product\/24485","targetHints":{"allow":["GET"]}}],"collection":[{"href":"https:\/\/yebodaglass.com\/fr\/wp-json\/wp\/v2\/product"}],"about":[{"href":"https:\/\/yebodaglass.com\/fr\/wp-json\/wp\/v2\/types\/product"}],"version-history":[{"count":2,"href":"https:\/\/yebodaglass.com\/fr\/wp-json\/wp\/v2\/product\/24485\/revisions"}],"predecessor-version":[{"id":24492,"href":"https:\/\/yebodaglass.com\/fr\/wp-json\/wp\/v2\/product\/24485\/revisions\/24492"}],"wp:featuredmedia":[{"embeddable":true,"href":"https:\/\/yebodaglass.com\/fr\/wp-json\/wp\/v2\/media\/24490"}],"wp:attachment":[{"href":"https:\/\/yebodaglass.com\/fr\/wp-json\/wp\/v2\/media?parent=24485"}],"wp:term":[{"taxonomy":"product_brand","embeddable":true,"href":"https:\/\/yebodaglass.com\/fr\/wp-json\/wp\/v2\/product_brand?post=24485"},{"taxonomy":"product_cat","embeddable":true,"href":"https:\/\/yebodaglass.com\/fr\/wp-json\/wp\/v2\/product_cat?post=24485"},{"taxonomy":"product_tag","embeddable":true,"href":"https:\/\/yebodaglass.com\/fr\/wp-json\/wp\/v2\/product_tag?post=24485"}],"curies":[{"name":"wp","href":"https:\/\/api.w.org\/{rel}","templated":true}]}}