{"id":24478,"date":"2025-12-19T11:04:51","date_gmt":"2025-12-19T03:04:51","guid":{"rendered":"https:\/\/yebodaglass.com\/?post_type=product&#038;p=24478"},"modified":"2026-04-14T10:56:07","modified_gmt":"2026-04-14T02:56:07","slug":"clear-glass-jars-with-wood-lids-bulk","status":"publish","type":"product","link":"https:\/\/yebodaglass.com\/fr\/clear-glass-jars-with-wood-lids-bulk\/","title":{"rendered":"Bocaux en verre transparent de 450 ml \u00e0 1550 ml avec couvercles en bois (vente en gros)"},"content":{"rendered":"<p data-start=\"66\" data-end=\"288\">Ces bocaux en verre avec couvercles en bois pr\u00e9sentent une \u00e9l\u00e9gante forme cylindrique, compos\u00e9e de verre transparent et de couvercles \u00e0 vis en bois naturel. Ils sont disponibles en plusieurs formats.<\/p>\n<h2>Caract\u00e9ristiques du produit<\/h2>\n<ul>\n<li><strong>Verre borosilicate de qualit\u00e9 sup\u00e9rieure\u00a0:<\/strong> Le verre est extr\u00eamement r\u00e9sistant \u00e0 la chaleur et parfaitement transparent \u00e0 l&#039;\u0153il nu.<\/li>\n<li><strong>Conception du capuchon \u00e0 vis en bois textur\u00e9\u00a0:<\/strong> Le bois clair des bouchons \u00e0 vis est orn\u00e9 de textures circulaires qui facilitent l&#039;\u00e9tanch\u00e9it\u00e9 tout en permettant une ouverture ais\u00e9e.<\/li>\n<li><strong>Construction transparente et facile \u00e0 nettoyer\u00a0:<\/strong> Le corps transparent du bocal permet de voir facilement le contenu et sa surface en verre lisse est tr\u00e8s facile \u00e0 nettoyer.<\/li>\n<\/ul>\n<h2 style=\"text-align: left;\">Sp\u00e9cifications cl\u00e9s<\/h2>\n<table class=\"aligncenter\" style=\"border-collapse: collapse; width: 452.27pt;\" border=\"0\" width=\"603\" cellspacing=\"0\" cellpadding=\"0\">\n<tbody>\n<tr style=\"height: 13.50pt;\">\n<td style=\"height: 13.50pt; width: 135.00pt;\" width=\"180\" height=\"18\">Sp\u00e9cification<\/td>\n<td style=\"width: 317.25pt;\" width=\"423\">D\u00e9tails<\/td>\n<\/tr>\n<tr style=\"height: 13.50pt;\">\n<td style=\"height: 13.50pt;\" height=\"18\">Capacit\u00e9<\/td>\n<td>450 ml \/ 750 ml \/ 950 ml \/ 1550 ml<\/td>\n<\/tr>\n<tr style=\"height: 13.50pt;\">\n<td style=\"height: 13.50pt;\" height=\"18\">Dimensions<\/td>\n<td>9\u00d710 cm \/ 9\u00d715 cm \/ 9\u00d719 cm \/ 9\u00d729,5 cm<\/td>\n<\/tr>\n<tr style=\"height: 13.50pt;\">\n<td style=\"height: 13.50pt;\" height=\"18\">Mat\u00e9riau<\/td>\n<td>Verre borosilicat\u00e9 \u00e0 haute teneur en verre<\/td>\n<\/tr>\n<tr style=\"height: 13.50pt;\">\n<td style=\"height: 13.50pt;\" height=\"18\">Type de couvercle<\/td>\n<td>Couvercle \u00e0 vis en bois clair avec texture \u00e0 grain circulaire<\/td>\n<\/tr>\n<tr style=\"height: 13.50pt;\">\n<td style=\"height: 13.50pt;\" height=\"18\">Diam\u00e8tre du couvercle<\/td>\n<td>90 mm (Uniforme pour toutes les tailles)<\/td>\n<\/tr>\n<tr style=\"height: 13.50pt;\">\n<td style=\"height: 13.50pt;\" height=\"18\">Caract\u00e9ristique du mat\u00e9riau<\/td>\n<td>R\u00e9sistant \u00e0 la chaleur et aux produits chimiques, haute clart\u00e9, durable<\/td>\n<\/tr>\n<tr style=\"height: 13.50pt;\">\n<td style=\"height: 13.50pt;\" height=\"18\">Id\u00e9al pour<\/td>\n<td>Bocaux en verre avec couvercles en bois, bocaux en verre en vrac<\/td>\n<\/tr>\n<\/tbody>\n<\/table>\n<h2>T\u00e9moignage de r\u00e9ussite\u00a0: Une commande personnalis\u00e9e aupr\u00e8s d\u2019un torr\u00e9facteur de caf\u00e9 du Pacifique Nord-Ouest<\/h2>\n<p>Un torr\u00e9facteur de caf\u00e9 de sp\u00e9cialit\u00e9 en Oregon a choisi nos bocaux en verre avec couvercles personnalis\u00e9s en noyer fonc\u00e9 et en verre ambr\u00e9 r\u00e9sistant aux UV. Gr\u00e2ce \u00e0 leur verre r\u00e9sistant aux UV, ces bocaux offrent une performance optimale, pr\u00e9servant mieux la fra\u00eecheur et l&#039;ar\u00f4me des grains de caf\u00e9 que le verre transparent et prolongeant ainsi leur dur\u00e9e de conservation de 35 %. Leur design \u00e9l\u00e9gant a \u00e9galement permis d&#039;augmenter de 200 % le partage sur les r\u00e9seaux sociaux. Tellement satisfait, le torr\u00e9facteur a pass\u00e9 une commande suppl\u00e9mentaire de 320\u00a0000 bocaux pour sa nouvelle gamme d&#039;ingr\u00e9dients de torr\u00e9faction pr\u00e9m\u00e9lang\u00e9s.<\/p>\n<h2>Bocal en verre personnalisable avec options de couvercle<\/h2>\n<ul>\n<li>Mat\u00e9riau du couvercle : Bois v\u00e9ritable \u2013 Les couvercles peuvent \u00eatre fabriqu\u00e9s \u00e0 partir de diff\u00e9rents types de bois tels que le bambou, le h\u00eatre ou l&#039;\u00e9rable.<\/li>\n<li>Teinture du bois personnalis\u00e9e \u2013 Vous pouvez choisir parmi une vaste gamme de teintes, allant du bois naturel clair au noyer fonc\u00e9.<\/li>\n<li>Motif de base d\u00e9cor\u00e9 \u2013 Un motif de texture fine est cr\u00e9\u00e9 dans la base de la bouteille gr\u00e2ce au processus de production.<\/li>\n<\/ul>","protected":false},"excerpt":{"rendered":"<p>Bocaux en verre de qualit\u00e9 sup\u00e9rieure avec couvercles en bois, bocaux transparents en verre borosilicate cristallin, disponibles en plusieurs tailles, id\u00e9aux pour le rangement dans le garde-manger. \u00c9chantillons gratuits disponibles.<\/p>","protected":false},"featured_media":24482,"template":"","meta":[],"product_brand":[],"product_cat":[137,124,122],"product_tag":[],"class_list":{"0":"post-24478","1":"product","2":"type-product","3":"status-publish","4":"has-post-thumbnail","6":"product_cat-glass-jars-with-lids","7":"product_cat-custom-glass-jars","8":"product_cat-custom-glass-packaging","10":"first","11":"instock","12":"shipping-taxable","13":"product-type-simple"},"jetpack_sharing_enabled":true,"_links":{"self":[{"href":"https:\/\/yebodaglass.com\/fr\/wp-json\/wp\/v2\/product\/24478","targetHints":{"allow":["GET"]}}],"collection":[{"href":"https:\/\/yebodaglass.com\/fr\/wp-json\/wp\/v2\/product"}],"about":[{"href":"https:\/\/yebodaglass.com\/fr\/wp-json\/wp\/v2\/types\/product"}],"version-history":[{"count":5,"href":"https:\/\/yebodaglass.com\/fr\/wp-json\/wp\/v2\/product\/24478\/revisions"}],"predecessor-version":[{"id":25776,"href":"https:\/\/yebodaglass.com\/fr\/wp-json\/wp\/v2\/product\/24478\/revisions\/25776"}],"wp:featuredmedia":[{"embeddable":true,"href":"https:\/\/yebodaglass.com\/fr\/wp-json\/wp\/v2\/media\/24482"}],"wp:attachment":[{"href":"https:\/\/yebodaglass.com\/fr\/wp-json\/wp\/v2\/media?parent=24478"}],"wp:term":[{"taxonomy":"product_brand","embeddable":true,"href":"https:\/\/yebodaglass.com\/fr\/wp-json\/wp\/v2\/product_brand?post=24478"},{"taxonomy":"product_cat","embeddable":true,"href":"https:\/\/yebodaglass.com\/fr\/wp-json\/wp\/v2\/product_cat?post=24478"},{"taxonomy":"product_tag","embeddable":true,"href":"https:\/\/yebodaglass.com\/fr\/wp-json\/wp\/v2\/product_tag?post=24478"}],"curies":[{"name":"wp","href":"https:\/\/api.w.org\/{rel}","templated":true}]}}