{"id":24457,"date":"2025-12-18T10:59:35","date_gmt":"2025-12-18T02:59:35","guid":{"rendered":"https:\/\/yebodaglass.com\/?post_type=product&#038;p=24457"},"modified":"2026-04-13T16:19:06","modified_gmt":"2026-04-13T08:19:06","slug":"wholesale-glass-jars-with-lids-for-storage","status":"publish","type":"product","link":"https:\/\/yebodaglass.com\/fr\/wholesale-glass-jars-with-lids-for-storage\/","title":{"rendered":"Bocaux en verre de 600 ml \u00e0 1400 ml avec couvercles, disponibles en gros pour le stockage.\u00a0"},"content":{"rendered":"<p>Ces bocaux en verre, vendus en gros, sont de forme carr\u00e9e avec des angles arrondis et sont fabriqu\u00e9s en verre borosilicate ultra-transparent conforme aux normes alimentaires. Ils sont munis de couvercles \u00e0 vis en bambou naturel et de joints en silicone int\u00e9gr\u00e9s pour une fermeture herm\u00e9tique.<\/p>\n<h2>Caract\u00e9ristiques du produit<\/h2>\n<ul>\n<li><strong>Conception simple, carr\u00e9e et cylindrique droite\u00a0:<\/strong> Sa forme cylindrique droite \u00e0 coins arrondis et \u00e0 section carr\u00e9e permet l&#039;empilage, et sa conception facilite la reconnaissance.<\/li>\n<li><strong>Conception du couvercle herm\u00e9tique en bambou naturel\u00a0:<\/strong> Le couvercle en bambou naturel, associ\u00e9 \u00e0 un joint d&#039;\u00e9tanch\u00e9it\u00e9 en silicone de qualit\u00e9 alimentaire, offre une excellente \u00e9tanch\u00e9it\u00e9, emp\u00eachant efficacement l&#039;humidit\u00e9 et les insectes de p\u00e9n\u00e9trer.<\/li>\n<li><strong>Plusieurs tailles disponibles :<\/strong> La gamme de tailles r\u00e9pond \u00e0 diff\u00e9rents besoins de stockage, allant des petits r\u00e9cipients \u00e0 \u00e9pices aux grandes solutions de stockage pour les c\u00e9r\u00e9ales ou les en-cas.<\/li>\n<\/ul>\n<h2>Sp\u00e9cifications cl\u00e9s<\/h2>\n<table style=\"border-collapse: collapse; width: 80%; margin-right: auto; margin-left: auto;\" border=\"0\" width=\"432\" cellspacing=\"0\" cellpadding=\"0\">\n<tbody>\n<tr style=\"height: 13.50pt;\">\n<td style=\"height: 13.5pt; width: 54pt; text-align: center;\" width=\"72\" height=\"18\">Capacit\u00e9<\/td>\n<td style=\"width: 54pt; text-align: center;\" width=\"72\">Taille (cm)<\/td>\n<td style=\"width: 54pt; text-align: center;\" width=\"72\">Diam\u00e8tre de la bouche (mm)<\/td>\n<td style=\"width: 54pt; text-align: center;\" width=\"72\">Mat\u00e9riel<\/td>\n<td style=\"width: 54pt; text-align: center;\" width=\"72\">Couleur<\/td>\n<td style=\"width: 54pt; text-align: center;\" width=\"72\">Forme<\/td>\n<\/tr>\n<tr style=\"height: 13.50pt;\">\n<td style=\"height: 13.5pt; text-align: center;\" height=\"18\">600 ml<\/td>\n<td style=\"text-align: center;\">10 x 10 x 10,5<\/td>\n<td class=\"et2\" style=\"text-align: center;\" rowspan=\"5\">94&#215;100<\/td>\n<td class=\"et2\" style=\"text-align: center;\" rowspan=\"5\">borosilicate<\/td>\n<td class=\"et2\" style=\"text-align: center;\" rowspan=\"5\">Clair, personnalis\u00e9<\/td>\n<td class=\"et2\" style=\"text-align: center;\" rowspan=\"5\">Carr\u00e9<\/td>\n<\/tr>\n<tr style=\"height: 13.50pt;\">\n<td style=\"height: 13.5pt; text-align: center;\" height=\"18\">800 ml<\/td>\n<td style=\"text-align: center;\">10 x 10 x 13<\/td>\n<\/tr>\n<tr style=\"height: 13.50pt;\">\n<td style=\"height: 13.5pt; text-align: center;\" height=\"18\">1000 ml<\/td>\n<td style=\"text-align: center;\">10 x 10 x 16<\/td>\n<\/tr>\n<tr style=\"height: 13.50pt;\">\n<td style=\"height: 13.5pt; text-align: center;\" height=\"18\">1200 ml<\/td>\n<td style=\"text-align: center;\">10 x 10 x 19<\/td>\n<\/tr>\n<tr style=\"height: 13.50pt;\">\n<td style=\"height: 13.5pt; text-align: center;\" height=\"18\">1400 ml<\/td>\n<td style=\"text-align: center;\">10 x 10 x 21<\/td>\n<\/tr>\n<\/tbody>\n<\/table>\n<h2>\u00c9tude de cas\u00a0: Conditionnement de th\u00e9 en vrac pour une marque nationale de th\u00e9<\/h2>\n<p>Une marque nationale de th\u00e9 a opt\u00e9 pour des bocaux en verre de 250 ml, vendus en gros, avec des couvercles en bambou personnalis\u00e9s. Le nom et l&#039;origine du th\u00e9 \u00e9taient s\u00e9rigraphi\u00e9s sur les couvercles. Ces bocaux en verre personnalis\u00e9s ont rencontr\u00e9 un franc succ\u00e8s\u00a0: leur forme carr\u00e9e a permis d&#039;optimiser de 20\u00a0% l&#039;emballage en entrep\u00f4t, et leur \u00e9tanch\u00e9it\u00e9 sup\u00e9rieure a prolong\u00e9 de 40\u00a0% la dur\u00e9e de conservation des ar\u00f4mes et des saveurs par rapport aux sachets de th\u00e9 traditionnels. Tr\u00e8s satisfaite de ce nouvel emballage, la marque a pass\u00e9 une commande suppl\u00e9mentaire de 520\u00a0000 bocaux en verre pour sa nouvelle collection de tisanes et de coffrets cadeaux.<\/p>\n<h2>Options de personnalisation pour les bocaux en verre en gros<\/h2>\n<ol>\n<li>Permet l&#039;ajout de lignes de graduation ou de marques de capacit\u00e9 au r\u00e9cipient en verre borosilicat\u00e9 haute r\u00e9sistance, facilitant ainsi son utilisation par les clients professionnels des industries agroalimentaires, du caf\u00e9 et de la boulangerie.<\/li>\n<li>Diff\u00e9rents niveaux de transparence ou une l\u00e9g\u00e8re finition ambr\u00e9e sont disponibles, permettant d&#039;\u00e9quilibrer la qualit\u00e9 d&#039;affichage et le besoin de protection contre la lumi\u00e8re pour le contenu.<\/li>\n<li>Compatible avec les cuill\u00e8res doseuses de tailles et de formes personnalis\u00e9es pour un dosage pr\u00e9cis des poudres, des assaisonnements ou des aliments fonctionnels.<\/li>\n<\/ol>","protected":false},"excerpt":{"rendered":"<p>Bocaux en verre borosilicate carr\u00e9s, vendus en gros, avec couvercles en bambou. Id\u00e9aux pour conserver le th\u00e9, les c\u00e9r\u00e9ales et les en-cas. \u00c9chantillons gratuits disponibles. Livraison rapide.<\/p>","protected":false},"featured_media":24458,"template":"","meta":[],"product_brand":[],"product_cat":[137,124,122],"product_tag":[],"class_list":{"0":"post-24457","1":"product","2":"type-product","3":"status-publish","4":"has-post-thumbnail","6":"product_cat-glass-jars-with-lids","7":"product_cat-custom-glass-jars","8":"product_cat-custom-glass-packaging","10":"first","11":"instock","12":"shipping-taxable","13":"product-type-simple"},"jetpack_sharing_enabled":true,"_links":{"self":[{"href":"https:\/\/yebodaglass.com\/fr\/wp-json\/wp\/v2\/product\/24457","targetHints":{"allow":["GET"]}}],"collection":[{"href":"https:\/\/yebodaglass.com\/fr\/wp-json\/wp\/v2\/product"}],"about":[{"href":"https:\/\/yebodaglass.com\/fr\/wp-json\/wp\/v2\/types\/product"}],"version-history":[{"count":5,"href":"https:\/\/yebodaglass.com\/fr\/wp-json\/wp\/v2\/product\/24457\/revisions"}],"predecessor-version":[{"id":25770,"href":"https:\/\/yebodaglass.com\/fr\/wp-json\/wp\/v2\/product\/24457\/revisions\/25770"}],"wp:featuredmedia":[{"embeddable":true,"href":"https:\/\/yebodaglass.com\/fr\/wp-json\/wp\/v2\/media\/24458"}],"wp:attachment":[{"href":"https:\/\/yebodaglass.com\/fr\/wp-json\/wp\/v2\/media?parent=24457"}],"wp:term":[{"taxonomy":"product_brand","embeddable":true,"href":"https:\/\/yebodaglass.com\/fr\/wp-json\/wp\/v2\/product_brand?post=24457"},{"taxonomy":"product_cat","embeddable":true,"href":"https:\/\/yebodaglass.com\/fr\/wp-json\/wp\/v2\/product_cat?post=24457"},{"taxonomy":"product_tag","embeddable":true,"href":"https:\/\/yebodaglass.com\/fr\/wp-json\/wp\/v2\/product_tag?post=24457"}],"curies":[{"name":"wp","href":"https:\/\/api.w.org\/{rel}","templated":true}]}}