{"id":24455,"date":"2025-12-18T09:55:12","date_gmt":"2025-12-18T01:55:12","guid":{"rendered":"https:\/\/yebodaglass.com\/?post_type=product&#038;p=24455"},"modified":"2025-12-18T11:55:49","modified_gmt":"2025-12-18T03:55:49","slug":"airtight-clear-jars-with-wooden-lids-bulk","status":"publish","type":"product","link":"https:\/\/yebodaglass.com\/fr\/airtight-clear-jars-with-wooden-lids-bulk\/","title":{"rendered":"Bocaux transparents herm\u00e9tiques de 250 ml \u00e0 1550 ml avec couvercles en bois (vente en gros)"},"content":{"rendered":"<p data-start=\"66\" data-end=\"288\">Ces magnifiques bocaux en verre borosilicate avec couvercles en bois pr\u00e9sentent une forme ronde traditionnelle et un col l\u00e9g\u00e8rement plus \u00e9troit. Le corps du bocal est enti\u00e8rement en verre borosilicate transparent et est associ\u00e9 \u00e0 un couvercle plat \u00e0 l&#039;aspect bois, orn\u00e9 de rainures arrondies.<\/p>\n<h2>Caract\u00e9ristiques du produit<\/h2>\n<ul>\n<li><strong>Conception \u00e0 fond convexe\u00a0:<\/strong> La forme arrondie et convexe du fond conf\u00e8re au bocal une meilleure stabilit\u00e9 lorsqu&#039;il est pos\u00e9 au sol, tout en lui donnant une allure l\u00e9g\u00e8rement plus \u00e9l\u00e9gante.<\/li>\n<li><strong>Couvercle rainur\u00e9 en bois naturel :<\/strong> Le couvercle est un mod\u00e8le simple, imitation bois avec des rainures incurv\u00e9es, ce qui le rend tr\u00e8s facile \u00e0 ouvrir et \u00e0 fermer, et il assure \u00e9galement une \u00e9tanch\u00e9it\u00e9 parfaite du bocal.<\/li>\n<li><strong>Cinq capacit\u00e9s diff\u00e9rentes propos\u00e9es\u00a0:<\/strong> Une personne peut d\u00e9cider d&#039;acheter un r\u00e9cipient de l&#039;une des cinq capacit\u00e9s diff\u00e9rentes, soit de 250 ml \u00e0 1550 ml de stockage.<\/li>\n<\/ul>\n<h2 style=\"text-align: left;\">Sp\u00e9cifications cl\u00e9s<\/h2>\n<table class=\"aligncenter\" style=\"border-collapse: collapse; width: 422.27pt;\" border=\"0\" width=\"563\" cellspacing=\"0\" cellpadding=\"0\">\n<tbody>\n<tr style=\"height: 13.50pt;\">\n<td style=\"height: 13.50pt; width: 99.75pt;\" width=\"133\" height=\"18\">Sp\u00e9cification<\/td>\n<td style=\"width: 322.50pt;\" width=\"430\">D\u00e9tails<\/td>\n<\/tr>\n<tr style=\"height: 13.50pt;\">\n<td style=\"height: 13.50pt;\" height=\"18\">Capacit\u00e9<\/td>\n<td>250 ml \/ 450 ml \/ 750 ml \/ 950 ml \/ 1550 ml<\/td>\n<\/tr>\n<tr style=\"height: 13.50pt;\">\n<td style=\"height: 13.50pt;\" height=\"18\">Dimensions<\/td>\n<td>9\u00d77cm \/ 9\u00d710cm \/ 9\u00d715cm \/ 9\u00d719cm \/ 9\u00d729,5cm<\/td>\n<\/tr>\n<tr style=\"height: 13.50pt;\">\n<td style=\"height: 13.50pt;\" height=\"18\">Mat\u00e9riel<\/td>\n<td>Verre borosilicat\u00e9 \u00e0 haute teneur en verre<\/td>\n<\/tr>\n<tr style=\"height: 13.50pt;\">\n<td style=\"height: 13.50pt;\" height=\"18\">Type de couvercle<\/td>\n<td>Couvercle plat \u00e0 texture bois avec poign\u00e9e circulaire<\/td>\n<\/tr>\n<tr style=\"height: 13.50pt;\">\n<td style=\"height: 13.50pt;\" height=\"18\">Diam\u00e8tre du couvercle<\/td>\n<td>90 mm (Uniforme pour toutes les tailles)<\/td>\n<\/tr>\n<tr style=\"height: 13.50pt;\">\n<td style=\"height: 13.50pt;\" height=\"18\">Caract\u00e9ristique du mat\u00e9riau<\/td>\n<td>Haute r\u00e9sistance thermique et chimique, clart\u00e9 sup\u00e9rieure<\/td>\n<\/tr>\n<tr style=\"height: 13.50pt;\">\n<td style=\"height: 13.50pt;\" height=\"18\">Id\u00e9al pour<\/td>\n<td>Bocaux avec couvercles en bois \/ Bocaux en verre avec couvercles<\/td>\n<\/tr>\n<\/tbody>\n<\/table>\n<h2>Transformation d&#039;une marque de torr\u00e9faction de caf\u00e9 : L&#039;essor de la marque<\/h2>\n<p>Un torr\u00e9facteur de caf\u00e9 de sp\u00e9cialit\u00e9 souhaitait un emballage luxueux pour valoriser son image de marque. Il a donc opt\u00e9 pour nos bocaux transparents de 750 ml avec couvercles en bois pour le conditionnement de ses grains de caf\u00e9. Ce verre borosilicate haute r\u00e9sistance est extr\u00eamement durable. En effet, le risque de casse pendant le transport est r\u00e9duit de 65 % par rapport \u00e0 la moyenne du secteur pour des produits similaires. Le couvercle \u00e0 l&#039;aspect bois est parfaitement herm\u00e9tique et, d&#039;apr\u00e8s les retours clients, il prolonge la fra\u00eecheur et l&#039;ar\u00f4me des grains de caf\u00e9 de 50 %. Fort de ce succ\u00e8s, le torr\u00e9facteur a pass\u00e9 une nouvelle commande de 50\u00a0000 bocaux pour le lancement d&#039;une nouvelle gamme de caf\u00e9s d&#039;origine unique.<\/p>\n<h2>Options de personnalisation des bocaux transparents<\/h2>\n<ul>\n<li>Couvercles en bois massif \u2013 Passez des couvercles en bois vein\u00e9 aux couvercles en bambou, ch\u00eane ou noyer v\u00e9ritables.<\/li>\n<li>Personnalisation du couvercle par gravure laser \u2013 D\u00e9corez votre couvercle en bois avec un logo, un motif ou une inscription \u00e9l\u00e9gante.<\/li>\n<li>Indicateurs de capacit\u00e9 s\u00e9rigraphi\u00e9s \u2013 Indicateurs de capacit\u00e9 faciles et permanents imprim\u00e9s sur le c\u00f4t\u00e9 du pot.<\/li>\n<li>Couleurs des joints d&#039;\u00e9tanch\u00e9it\u00e9 en silicone \u2013 Le joint d&#039;\u00e9tanch\u00e9it\u00e9 int\u00e9rieur peut \u00eatre fabriqu\u00e9 dans une gamme de couleurs de silicone de qualit\u00e9 alimentaire.<\/li>\n<li>Zone antid\u00e9rapante textur\u00e9e \u2013 Finition sabl\u00e9e ou textur\u00e9e du dessous pour une meilleure prise en main et une s\u00e9curit\u00e9 accrue.<\/li>\n<\/ul>","protected":false},"excerpt":{"rendered":"<p>Ces bocaux transparents avec couvercles en bois sont fabriqu\u00e9s en verre borosilicate \u00e9pais et leurs couvercles en bois lisse. \u00c9l\u00e9gants et pratiques pour la cuisine. \u00c9chantillons gratuits disponibles. Livraison rapide.<\/p>","protected":false},"featured_media":24465,"template":"","meta":[],"product_brand":[],"product_cat":[122,124,137],"product_tag":[],"class_list":{"0":"post-24455","1":"product","2":"type-product","3":"status-publish","4":"has-post-thumbnail","6":"product_cat-custom-glass-packaging","7":"product_cat-custom-glass-jars","8":"product_cat-glass-jars-with-lids","10":"first","11":"instock","12":"shipping-taxable","13":"product-type-simple"},"jetpack_sharing_enabled":true,"_links":{"self":[{"href":"https:\/\/yebodaglass.com\/fr\/wp-json\/wp\/v2\/product\/24455","targetHints":{"allow":["GET"]}}],"collection":[{"href":"https:\/\/yebodaglass.com\/fr\/wp-json\/wp\/v2\/product"}],"about":[{"href":"https:\/\/yebodaglass.com\/fr\/wp-json\/wp\/v2\/types\/product"}],"version-history":[{"count":4,"href":"https:\/\/yebodaglass.com\/fr\/wp-json\/wp\/v2\/product\/24455\/revisions"}],"predecessor-version":[{"id":24472,"href":"https:\/\/yebodaglass.com\/fr\/wp-json\/wp\/v2\/product\/24455\/revisions\/24472"}],"wp:featuredmedia":[{"embeddable":true,"href":"https:\/\/yebodaglass.com\/fr\/wp-json\/wp\/v2\/media\/24465"}],"wp:attachment":[{"href":"https:\/\/yebodaglass.com\/fr\/wp-json\/wp\/v2\/media?parent=24455"}],"wp:term":[{"taxonomy":"product_brand","embeddable":true,"href":"https:\/\/yebodaglass.com\/fr\/wp-json\/wp\/v2\/product_brand?post=24455"},{"taxonomy":"product_cat","embeddable":true,"href":"https:\/\/yebodaglass.com\/fr\/wp-json\/wp\/v2\/product_cat?post=24455"},{"taxonomy":"product_tag","embeddable":true,"href":"https:\/\/yebodaglass.com\/fr\/wp-json\/wp\/v2\/product_tag?post=24455"}],"curies":[{"name":"wp","href":"https:\/\/api.w.org\/{rel}","templated":true}]}}