{"id":24443,"date":"2025-12-17T11:52:45","date_gmt":"2025-12-17T03:52:45","guid":{"rendered":"https:\/\/yebodaglass.com\/?post_type=product&#038;p=24443"},"modified":"2025-12-18T11:56:27","modified_gmt":"2025-12-18T03:56:27","slug":"borosilicate-glass-jars-with-lids-bulk","status":"publish","type":"product","link":"https:\/\/yebodaglass.com\/fr\/borosilicate-glass-jars-with-lids-bulk\/","title":{"rendered":"Bocaux en verre borosilicate de 16 oz, 25 oz et 32 \u200b\u200boz avec couvercles (vente en gros)"},"content":{"rendered":"<p data-start=\"66\" data-end=\"288\">Ces bocaux en verre borosilicate avec couvercle pr\u00e9sentent un corps fin et arrondi ainsi que des bords lisses et arrondis. Fabriqu\u00e9s en verre borosilicate transparent, ils permettent de bien voir le contenu des bocaux. Le couvercle plat en bambou clair, dot\u00e9 d&#039;un joint int\u00e9gr\u00e9, assure une fermeture \u00e9tanche tout en apportant une touche naturelle et \u00e9l\u00e9gante au bocal.<\/p>\n<h2>Caract\u00e9ristiques du produit<\/h2>\n<ul>\n<li><strong>Avantages du verre borosilicat\u00e9 \u00e0 haute teneur\u00a0:<\/strong> Fabriqu\u00e9 en verre borosilicat\u00e9 de haute qualit\u00e9, sa r\u00e9sistance sup\u00e9rieure \u00e0 la chaleur et aux produits chimiques lui permet de conserver sa robustesse longtemps, m\u00eame en cas d&#039;utilisation dans un environnement difficile.<\/li>\n<li><strong>Conception du joint d&#039;\u00e9tanch\u00e9it\u00e9 pour couvercle en bambou\u00a0:<\/strong> Le couvercle plat en bambou clair, associ\u00e9 \u00e0 la couche d&#039;\u00e9tanch\u00e9it\u00e9 interne, constitue une combinaison id\u00e9ale pour garantir une \u00e9tanch\u00e9it\u00e9 parfaite.<\/li>\n<li><strong>Diff\u00e9rentes combinaisons de tailles :<\/strong> L&#039;option \u00e0 trois tailles est id\u00e9ale pour r\u00e9pondre \u00e0 diff\u00e9rents besoins en volume (petits pots pour les \u00e9pices, grands pots pour les c\u00e9r\u00e9ales).<\/li>\n<\/ul>\n<h2 style=\"text-align: left;\">Sp\u00e9cifications cl\u00e9s<\/h2>\n<table class=\"aligncenter\" style=\"border-collapse: collapse; width: 440.27pt;\" border=\"0\" width=\"587\" cellspacing=\"0\" cellpadding=\"0\">\n<tbody>\n<tr style=\"height: 13.50pt;\">\n<td style=\"height: 13.50pt; width: 99.75pt;\" width=\"133\" height=\"18\">Sp\u00e9cification<\/td>\n<td style=\"width: 340.50pt;\" width=\"454\">D\u00e9tails<\/td>\n<\/tr>\n<tr style=\"height: 13.50pt;\">\n<td style=\"height: 13.50pt;\" height=\"18\">Capacit\u00e9<\/td>\n<td>500 ml \/ 750 ml \/ 1000 ml<\/td>\n<\/tr>\n<tr style=\"height: 13.50pt;\">\n<td style=\"height: 13.50pt;\" height=\"18\">Dimensions<\/td>\n<td>9\u00d710cm \/ 9\u00d715cm \/ 9\u00d720cm<\/td>\n<\/tr>\n<tr style=\"height: 13.50pt;\">\n<td style=\"height: 13.50pt;\" height=\"18\">Mat\u00e9riel<\/td>\n<td>Verre borosilicat\u00e9 \u00e0 haute teneur en borosilicate<\/td>\n<\/tr>\n<tr style=\"height: 13.50pt;\">\n<td style=\"height: 13.50pt;\" height=\"18\">Type de couvercle<\/td>\n<td>Couvercle plat en bambou avec joint d&#039;\u00e9tanch\u00e9it\u00e9 int\u00e9gr\u00e9<\/td>\n<\/tr>\n<tr style=\"height: 13.50pt;\">\n<td style=\"height: 13.50pt;\" height=\"18\">Diam\u00e8tre du couvercle<\/td>\n<td>90 mm (Uniforme pour toutes les tailles)<\/td>\n<\/tr>\n<tr style=\"height: 13.50pt;\">\n<td style=\"height: 13.50pt;\" height=\"18\">Caract\u00e9ristique du mat\u00e9riau<\/td>\n<td>R\u00e9sistant aux chocs thermiques, chimiquement stable, haute clart\u00e9<\/td>\n<\/tr>\n<tr style=\"height: 13.50pt;\">\n<td style=\"height: 13.50pt;\" height=\"18\">Id\u00e9al pour<\/td>\n<td>Bocaux en verre avec couvercles en gros, bocaux en verre avec couvercle en bambou<\/td>\n<\/tr>\n<\/tbody>\n<\/table>\n<h2>\u00c9tude de cas : Expansion d&#039;un d\u00e9taillant de th\u00e9s sp\u00e9cialis\u00e9s<\/h2>\n<p>Cette entreprise de th\u00e9 en pleine expansion recherchait des emballages uniformes et de haute qualit\u00e9 pour ses th\u00e9s en vrac. Elle a finalement opt\u00e9 pour nos bocaux en verre de 750 ml avec couvercle comme emballage standard pour tous ses produits destin\u00e9s \u00e0 la vente au d\u00e9tail. L&#039;excellente durabilit\u00e9 du verre borosilicate a permis de r\u00e9duire le taux de casse de 70 %. Les couvercles en bambou assurent une \u00e9tanch\u00e9it\u00e9 parfaite, prolongeant ainsi la dur\u00e9e de conservation du produit de 8 mois en moyenne et r\u00e9duisant consid\u00e9rablement les d\u00e9chets de 40 %. Forte de ces excellents r\u00e9sultats, l&#039;entreprise a pass\u00e9 une commande suppl\u00e9mentaire de 120\u00a0000 bocaux en verre pour la distribution locale.<\/p>\n<h2>Options de personnalisation en vrac pour les bocaux en verre avec couvercles<\/h2>\n<ul>\n<li>Gravure personnalis\u00e9e sur couvercles en bambou \u2013 Gravure laser de logos ou de motifs sur couvercles en bambou.<\/li>\n<li>Joints d&#039;\u00e9tanch\u00e9it\u00e9 en silicone color\u00e9 \u2013 La couleur du silicone utilis\u00e9 pour le joint peut \u00eatre modifi\u00e9e. Diff\u00e9rentes couleurs sont disponibles pour les joints d&#039;\u00e9tanch\u00e9it\u00e9 en silicone de qualit\u00e9 alimentaire.<\/li>\n<li>Marquages \u200b\u200bde capacit\u00e9 s\u00e9rigraphi\u00e9s \u2013 Les marquages \u200b\u200babsolus en mL et en tasses peuvent \u00eatre imprim\u00e9s, garantissant ainsi leur efficacit\u00e9 permanente.<\/li>\n<li>Socle ou \u00e9paulement d\u00e9poli \u2013 Un effet mat de haute qualit\u00e9 est obtenu par sablage des zones s\u00e9lectionn\u00e9es.<\/li>\n<li>Couleurs de verre personnalis\u00e9es \u2013 Le verre peut \u00eatre ambr\u00e9 clair ou vert avec la protection UV suppl\u00e9mentaire.<\/li>\n<\/ul>","protected":false},"excerpt":{"rendered":"<p>Bocaux en verre de qualit\u00e9 sup\u00e9rieure avec couvercles en gros. Bocaux en verre borosilicate transparent avec couvercles en bambou naturel. Design \u00e9pur\u00e9 et tarifs de gros disponibles.<\/p>","protected":false},"featured_media":24450,"template":"","meta":[],"product_brand":[],"product_cat":[122,124,137],"product_tag":[],"class_list":{"0":"post-24443","1":"product","2":"type-product","3":"status-publish","4":"has-post-thumbnail","6":"product_cat-custom-glass-packaging","7":"product_cat-custom-glass-jars","8":"product_cat-glass-jars-with-lids","10":"first","11":"instock","12":"shipping-taxable","13":"product-type-simple"},"jetpack_sharing_enabled":true,"_links":{"self":[{"href":"https:\/\/yebodaglass.com\/fr\/wp-json\/wp\/v2\/product\/24443","targetHints":{"allow":["GET"]}}],"collection":[{"href":"https:\/\/yebodaglass.com\/fr\/wp-json\/wp\/v2\/product"}],"about":[{"href":"https:\/\/yebodaglass.com\/fr\/wp-json\/wp\/v2\/types\/product"}],"version-history":[{"count":4,"href":"https:\/\/yebodaglass.com\/fr\/wp-json\/wp\/v2\/product\/24443\/revisions"}],"predecessor-version":[{"id":24473,"href":"https:\/\/yebodaglass.com\/fr\/wp-json\/wp\/v2\/product\/24443\/revisions\/24473"}],"wp:featuredmedia":[{"embeddable":true,"href":"https:\/\/yebodaglass.com\/fr\/wp-json\/wp\/v2\/media\/24450"}],"wp:attachment":[{"href":"https:\/\/yebodaglass.com\/fr\/wp-json\/wp\/v2\/media?parent=24443"}],"wp:term":[{"taxonomy":"product_brand","embeddable":true,"href":"https:\/\/yebodaglass.com\/fr\/wp-json\/wp\/v2\/product_brand?post=24443"},{"taxonomy":"product_cat","embeddable":true,"href":"https:\/\/yebodaglass.com\/fr\/wp-json\/wp\/v2\/product_cat?post=24443"},{"taxonomy":"product_tag","embeddable":true,"href":"https:\/\/yebodaglass.com\/fr\/wp-json\/wp\/v2\/product_tag?post=24443"}],"curies":[{"name":"wp","href":"https:\/\/api.w.org\/{rel}","templated":true}]}}