{"id":24435,"date":"2025-12-17T10:37:34","date_gmt":"2025-12-17T02:37:34","guid":{"rendered":"https:\/\/yebodaglass.com\/?post_type=product&#038;p=24435"},"modified":"2025-12-23T10:15:44","modified_gmt":"2025-12-23T02:15:44","slug":"large-glass-food-storage-canisters-with-lids-bulk","status":"publish","type":"product","link":"https:\/\/yebodaglass.com\/fr\/large-glass-food-storage-canisters-with-lids-bulk\/","title":{"rendered":"Bo\u00eetes de conservation en verre de 2750 ml avec couvercles (vente en gros)"},"content":{"rendered":"<p data-start=\"66\" data-end=\"288\">Ces grands bocaux en verre avec couvercles sont en verre borosilicate. Leurs formes fines et incurv\u00e9es mettent en valeur leur grande contenance. Fabriqu\u00e9s en verre borosilicate transparent, ils sont surmont\u00e9s de couvercles plats \u00e0 l&#039;aspect bois, cr\u00e9ant ainsi un style naturel et minimaliste qui s&#039;harmonise parfaitement avec la transparence du verre.<\/p>\n<h2>Caract\u00e9ristiques du produit<\/h2>\n<ul>\n<li><strong>Grande capacit\u00e9 et design fin :<\/strong> Gr\u00e2ce \u00e0 sa forme fine et ronde, une grande quantit\u00e9 d&#039;aliments peut \u00eatre stock\u00e9e, et le bocal peut \u00eatre astucieusement rang\u00e9 dans le placard, ce qui permet de gagner de la place.<\/li>\n<li><strong>Avantages du verre borosilicat\u00e9 \u00e0 haute teneur :<\/strong> Fabriqu\u00e9 en verre borosilicat\u00e9 \u00e0 haute teneur, ce produit est tr\u00e8s r\u00e9sistant aux variations de temp\u00e9rature, inodore et durable.<\/li>\n<li><strong>Couvercle plat ferm\u00e9 \u00e0 grain de bois :<\/strong> Le couvercle plat textur\u00e9 \u00e0 grain de bois s&#039;ajuste parfaitement \u00e0 l&#039;ouverture du bocal, assurant ainsi une \u00e9tanch\u00e9it\u00e9 quasi parfaite.<\/li>\n<\/ul>\n<h2 style=\"text-align: left;\">Sp\u00e9cifications cl\u00e9s<\/h2>\n<table class=\"aligncenter\" style=\"border-collapse: collapse; width: 458.27pt;\" border=\"0\" width=\"611\" cellspacing=\"0\" cellpadding=\"0\">\n<tbody>\n<tr style=\"height: 13.50pt;\">\n<td style=\"height: 13.50pt; width: 99.75pt;\" width=\"133\" height=\"18\">Sp\u00e9cification<\/td>\n<td style=\"width: 358.50pt;\" width=\"478\">D\u00e9tails<\/td>\n<\/tr>\n<tr style=\"height: 13.50pt;\">\n<td style=\"height: 13.50pt;\" height=\"18\">Capacit\u00e9<\/td>\n<td>2750 ml (2,75 L)<\/td>\n<\/tr>\n<tr style=\"height: 13.50pt;\">\n<td style=\"height: 13.50pt;\" height=\"18\">Dimensions<\/td>\n<td>14\u00d729.5cm<\/td>\n<\/tr>\n<tr style=\"height: 13.50pt;\">\n<td style=\"height: 13.50pt;\" height=\"18\">Mat\u00e9riel<\/td>\n<td>Verre borosilicat\u00e9 \u00e0 haute teneur en verre<\/td>\n<\/tr>\n<tr style=\"height: 13.50pt;\">\n<td style=\"height: 13.50pt;\" height=\"18\">Type de couvercle<\/td>\n<td>Couvercle plat \u00e0 texture bois<\/td>\n<\/tr>\n<tr style=\"height: 13.50pt;\">\n<td style=\"height: 13.50pt;\" height=\"18\">Caract\u00e9ristique du mat\u00e9riau<\/td>\n<td>R\u00e9sistant aux chocs thermiques et aux produits chimiques, haute clart\u00e9, durable<\/td>\n<\/tr>\n<tr style=\"height: 13.50pt;\">\n<td style=\"height: 13.50pt;\" height=\"18\">Id\u00e9al pour<\/td>\n<td>Bo\u00eetes de conservation des aliments avec couvercles, bocaux en verre avec couvercles en bois<\/td>\n<\/tr>\n<\/tbody>\n<\/table>\n<h2>Repenser les ingr\u00e9dients en vrac\u00a0: comment une boulangerie s\u2019est transform\u00e9e<\/h2>\n<p>Une boulangerie en pleine expansion avait un besoin urgent d&#039;un syst\u00e8me fiable pour ses bacs de 22,7 kg (50 lb) d&#039;amidon et de sucre. Les services d&#039;ingr\u00e9dients de leurs usines \u00e9taient \u00e9quip\u00e9s de nos grands bocaux de stockage alimentaire de 2,75 litres avec couvercle, utilis\u00e9s pour l&#039;ensemble du stockage. Ces r\u00e9cipients en verre borosilicate haute r\u00e9sistance ont support\u00e9 les variations quotidiennes de temp\u00e9rature entre la chambre froide et la cuisine chaude sans aucun dommage, garantissant ainsi une r\u00e9sistance totale aux fissures. Le couvercle imitation bois, parfaitement adapt\u00e9 au r\u00e9cipient, contribue \u00e0 pr\u00e9server la fra\u00eecheur et la qualit\u00e9 de la farine, la prot\u00e9geant des nuisibles et permettant de r\u00e9duire le gaspillage des ingr\u00e9dients de seulement 55 %. Par ailleurs, la boulangerie a non seulement pass\u00e9 une nouvelle commande importante de 350\u00a0000 bocaux pour \u00e9quiper ses nouvelles installations, mais elle l&#039;a \u00e9galement fait, extr\u00eamement satisfaite de la durabilit\u00e9 et des performances du produit.<\/p>\n<h2>Grands bocaux en verre avec couvercles - Options personnalis\u00e9es<\/h2>\n<ul>\n<li>Am\u00e9lioration du couvercle en bois massif \u2013 Remplacez le couvercle \u00e0 imitation bois par un v\u00e9ritable couvercle en bambou ou en ch\u00eane.<\/li>\n<li>Marquages \u200b\u200bde capacit\u00e9 grav\u00e9s au laser \u2013 Indiquez avec pr\u00e9cision les graduations en litres et en tasses.<\/li>\n<li>Fond renforc\u00e9 \u2013 Le fond du verre est \u00e9paissi pour pouvoir supporter des objets lourds.<\/li>\n<li>Joint d&#039;\u00e9tanch\u00e9it\u00e9 monobloc en silicone \u2013 Le joint en silicone de qualit\u00e9 alimentaire assurant l&#039;\u00e9tanch\u00e9it\u00e9 se trouve sur le couvercle.<\/li>\n<li>Accents de vitrail \u2013 Placez un petit patch vert clair ou ambr\u00e9 sur l&#039;\u00e9paule du pot.<\/li>\n<\/ul>","protected":false},"excerpt":{"rendered":"<p>Grands bocaux en verre avec couvercle, compos\u00e9s d&#039;un corps haut et transparent en borosilicate et d&#039;un couvercle plat en bois. Bo\u00eetes de conservation id\u00e9ales, directement du fabricant.<\/p>","protected":false},"featured_media":24438,"template":"","meta":[],"product_brand":[],"product_cat":[122,124,137],"product_tag":[],"class_list":{"0":"post-24435","1":"product","2":"type-product","3":"status-publish","4":"has-post-thumbnail","6":"product_cat-custom-glass-packaging","7":"product_cat-custom-glass-jars","8":"product_cat-glass-jars-with-lids","10":"first","11":"instock","12":"shipping-taxable","13":"product-type-simple"},"jetpack_sharing_enabled":true,"_links":{"self":[{"href":"https:\/\/yebodaglass.com\/fr\/wp-json\/wp\/v2\/product\/24435","targetHints":{"allow":["GET"]}}],"collection":[{"href":"https:\/\/yebodaglass.com\/fr\/wp-json\/wp\/v2\/product"}],"about":[{"href":"https:\/\/yebodaglass.com\/fr\/wp-json\/wp\/v2\/types\/product"}],"version-history":[{"count":5,"href":"https:\/\/yebodaglass.com\/fr\/wp-json\/wp\/v2\/product\/24435\/revisions"}],"predecessor-version":[{"id":24534,"href":"https:\/\/yebodaglass.com\/fr\/wp-json\/wp\/v2\/product\/24435\/revisions\/24534"}],"wp:featuredmedia":[{"embeddable":true,"href":"https:\/\/yebodaglass.com\/fr\/wp-json\/wp\/v2\/media\/24438"}],"wp:attachment":[{"href":"https:\/\/yebodaglass.com\/fr\/wp-json\/wp\/v2\/media?parent=24435"}],"wp:term":[{"taxonomy":"product_brand","embeddable":true,"href":"https:\/\/yebodaglass.com\/fr\/wp-json\/wp\/v2\/product_brand?post=24435"},{"taxonomy":"product_cat","embeddable":true,"href":"https:\/\/yebodaglass.com\/fr\/wp-json\/wp\/v2\/product_cat?post=24435"},{"taxonomy":"product_tag","embeddable":true,"href":"https:\/\/yebodaglass.com\/fr\/wp-json\/wp\/v2\/product_tag?post=24435"}],"curies":[{"name":"wp","href":"https:\/\/api.w.org\/{rel}","templated":true}]}}