{"id":24427,"date":"2025-12-17T08:59:15","date_gmt":"2025-12-17T00:59:15","guid":{"rendered":"https:\/\/yebodaglass.com\/?post_type=product&#038;p=24427"},"modified":"2025-12-23T10:15:27","modified_gmt":"2025-12-23T02:15:27","slug":"bulk-big-glass-jars-with-lids-for-food-storage","status":"publish","type":"product","link":"https:\/\/yebodaglass.com\/fr\/bulk-big-glass-jars-with-lids-for-food-storage\/","title":{"rendered":"Lot de grands bocaux en verre avec couvercles pour la conservation des aliments, 1250 ml et 1950 ml"},"content":{"rendered":"<p data-start=\"66\" data-end=\"288\">Ces grands bocaux en verre, de forme ronde et \u00e9lanc\u00e9e classique, sont fabriqu\u00e9s en verre borosilicate, ce qui leur conf\u00e8re une grande durabilit\u00e9 et une capacit\u00e9 g\u00e9n\u00e9reuse. Le verre borosilicate transparent est surmont\u00e9 d&#039;un couvercle plat \u00e0 l&#039;aspect bois\u00a0; cette combinaison cr\u00e9e un produit \u00e0 l&#039;esth\u00e9tique simple et naturelle, en parfaite harmonie avec la transparence du bocal.<\/p>\n<h2>Caract\u00e9ristiques du produit<\/h2>\n<ul>\n<li><strong>Pourquoi utiliser du verre borosilicate\u00a0:<\/strong> Gr\u00e2ce \u00e0 leur composition en verre borosilicate de haute qualit\u00e9, ces bocaux r\u00e9sistent aux variations de temp\u00e9rature, n&#039;\u00e9mettent pas d&#039;odeurs et permettent de conserver en toute s\u00e9curit\u00e9 des aliments chauds et froids, des produits secs ou tout autre type d&#039;articles.<\/li>\n<li><strong>Couvercle imitation bois :<\/strong> Le couvercle plat textur\u00e9 \u00e0 grain de bois, associ\u00e9 au verre borosilicate transparent, offre non seulement une fermeture herm\u00e9tique, mais aussi une apparence chaleureuse et naturelle.<\/li>\n<li><strong>Deux options de taille :<\/strong> Les grands et petits formats permettent de r\u00e9pondre aux besoins changeants des utilisateurs (par exemple, grands bocaux pour les c\u00e9r\u00e9ales, petits bocaux pour les noix).<\/li>\n<\/ul>\n<h2 style=\"text-align: left;\">Sp\u00e9cifications cl\u00e9s<\/h2>\n<table class=\"aligncenter\" style=\"border-collapse: collapse; width: 382.52pt;\" border=\"0\" width=\"510\" cellspacing=\"0\" cellpadding=\"0\">\n<tbody>\n<tr style=\"height: 13.50pt;\">\n<td style=\"height: 13.50pt; width: 99.75pt;\" width=\"133\" height=\"18\">Sp\u00e9cification<\/td>\n<td style=\"width: 282.75pt;\" width=\"377\">D\u00e9tails<\/td>\n<\/tr>\n<tr style=\"height: 13.50pt;\">\n<td style=\"height: 13.50pt;\" height=\"18\">Capacit\u00e9<\/td>\n<td>1250 ml\/1950 ml<\/td>\n<\/tr>\n<tr style=\"height: 13.50pt;\">\n<td style=\"height: 13.50pt;\" height=\"18\">Dimensions<\/td>\n<td>11.5\u00d716cm\/13\u00d719.5cm<\/td>\n<\/tr>\n<tr style=\"height: 13.50pt;\">\n<td style=\"height: 13.50pt;\" height=\"18\">Mat\u00e9riel<\/td>\n<td>Verre borosilicat\u00e9 \u00e0 haute teneur en verre<\/td>\n<\/tr>\n<tr style=\"height: 13.50pt;\">\n<td style=\"height: 13.50pt;\" height=\"18\">Type de couvercle<\/td>\n<td>Couvercle plat \u00e0 texture bois<\/td>\n<\/tr>\n<tr style=\"height: 13.50pt;\">\n<td style=\"height: 13.50pt;\" height=\"18\">Caract\u00e9ristique du mat\u00e9riau<\/td>\n<td>R\u00e9sistant aux chocs thermiques, haute clart\u00e9, durable<\/td>\n<\/tr>\n<tr style=\"height: 13.50pt;\">\n<td style=\"height: 13.50pt;\" height=\"18\">Id\u00e9al pour<\/td>\n<td>bocaux en verre en vrac, grands bocaux en verre<\/td>\n<\/tr>\n<\/tbody>\n<\/table>\n<h2>Exemple de r\u00e9ussite\u00a0: Solution de stockage pour une cha\u00eene de caf\u00e9s<\/h2>\n<p>Comment une cha\u00eene de caf\u00e9s en pleine expansion pouvait-elle stocker durablement et en grande quantit\u00e9 les grains de caf\u00e9 et autres produits n\u00e9cessaires \u00e0 la torr\u00e9faction\u00a0? Elle a r\u00e9pondu \u00e0 cette question en choisissant nos grands bocaux en verre de 1950\u00a0ml avec couvercles pour g\u00e9rer son stock. Les couvercles \u00e0 l&#039;aspect bois assurent une fermeture efficace, prolongeant ainsi la dur\u00e9e de conservation des grains de caf\u00e9 de 40\u00a0% et r\u00e9duisant consid\u00e9rablement le gaspillage. La grande capacit\u00e9 des bocaux a permis au personnel de gagner environ 60\u00a0% de temps sur le r\u00e9approvisionnement, en diminuant la fr\u00e9quence de cette t\u00e2che. Forte de ces gains de performance, la cha\u00eene a d\u00e9cid\u00e9 d&#039;acqu\u00e9rir 50\u00a0000\u00a0bocaux afin d&#039;uniformiser ses pratiques de stockage dans tous ses \u00e9tablissements.<\/p>\n<h2>Les bocaux en verre en vrac offrent des options de personnalisation<\/h2>\n<ul>\n<li>Couvercle en bois v\u00e9ritable \u2013 Remplacez le couvercle \u00e0 grain de bois par un couvercle en bambou ou en ch\u00eane massif.<\/li>\n<li>Marquages \u200b\u200bde capacit\u00e9 s\u00e9rigraphi\u00e9s \u2013 Apposez des graduations permanentes sur le bocal<\/li>\n<li>Bandes d\u00e9coratives givr\u00e9es \u2013 Cr\u00e9ez des bandes contrast\u00e9es mates gr\u00e2ce \u00e0 un proc\u00e9d\u00e9 de sablage.<\/li>\n<li>Joint d&#039;\u00e9tanch\u00e9it\u00e9 en silicone \u2013 Installez un joint d&#039;\u00e9tanch\u00e9it\u00e9 en silicone dans le couvercle pour une meilleure \u00e9tanch\u00e9it\u00e9.<\/li>\n<li>Verre color\u00e9 \u2013 Des bocaux en verre ambr\u00e9 clair ou vert sont disponibles pour une meilleure protection contre les UV.<\/li>\n<\/ul>","protected":false},"excerpt":{"rendered":"<p>Bocal en verre haut de gamme avec couvercle en bois, fabriqu\u00e9 en verre borosilicate transparent au design moderne. Vente directe d&#039;usine, livraison rapide.<\/p>","protected":false},"featured_media":24429,"template":"","meta":[],"product_brand":[],"product_cat":[122,124,137],"product_tag":[],"class_list":{"0":"post-24427","1":"product","2":"type-product","3":"status-publish","4":"has-post-thumbnail","6":"product_cat-custom-glass-packaging","7":"product_cat-custom-glass-jars","8":"product_cat-glass-jars-with-lids","10":"first","11":"instock","12":"shipping-taxable","13":"product-type-simple"},"jetpack_sharing_enabled":true,"_links":{"self":[{"href":"https:\/\/yebodaglass.com\/fr\/wp-json\/wp\/v2\/product\/24427","targetHints":{"allow":["GET"]}}],"collection":[{"href":"https:\/\/yebodaglass.com\/fr\/wp-json\/wp\/v2\/product"}],"about":[{"href":"https:\/\/yebodaglass.com\/fr\/wp-json\/wp\/v2\/types\/product"}],"version-history":[{"count":5,"href":"https:\/\/yebodaglass.com\/fr\/wp-json\/wp\/v2\/product\/24427\/revisions"}],"predecessor-version":[{"id":24533,"href":"https:\/\/yebodaglass.com\/fr\/wp-json\/wp\/v2\/product\/24427\/revisions\/24533"}],"wp:featuredmedia":[{"embeddable":true,"href":"https:\/\/yebodaglass.com\/fr\/wp-json\/wp\/v2\/media\/24429"}],"wp:attachment":[{"href":"https:\/\/yebodaglass.com\/fr\/wp-json\/wp\/v2\/media?parent=24427"}],"wp:term":[{"taxonomy":"product_brand","embeddable":true,"href":"https:\/\/yebodaglass.com\/fr\/wp-json\/wp\/v2\/product_brand?post=24427"},{"taxonomy":"product_cat","embeddable":true,"href":"https:\/\/yebodaglass.com\/fr\/wp-json\/wp\/v2\/product_cat?post=24427"},{"taxonomy":"product_tag","embeddable":true,"href":"https:\/\/yebodaglass.com\/fr\/wp-json\/wp\/v2\/product_tag?post=24427"}],"curies":[{"name":"wp","href":"https:\/\/api.w.org\/{rel}","templated":true}]}}