{"id":24404,"date":"2025-12-16T10:55:52","date_gmt":"2025-12-16T02:55:52","guid":{"rendered":"https:\/\/yebodaglass.com\/?post_type=product&#038;p=24404"},"modified":"2025-12-23T10:16:06","modified_gmt":"2025-12-23T02:16:06","slug":"clear-glass-canister-with-wood-lid-bulk","status":"publish","type":"product","link":"https:\/\/yebodaglass.com\/fr\/clear-glass-canister-with-wood-lid-bulk\/","title":{"rendered":"Bocal en verre transparent avec couvercle en bois, 500 ml, 800 ml, 1200 ml, en vrac"},"content":{"rendered":"<p data-start=\"66\" data-end=\"288\">Ce joli bocal en verre avec couvercle en bois pr\u00e9sente un corps fin et droit qui s&#039;affine \u00e9l\u00e9gamment au niveau des \u00e9paules. Il se ferme par un bouchon rond en li\u00e8ge naturel. Fabriqu\u00e9 en verre borosilicate transparent de haute qualit\u00e9, il est tr\u00e8s robuste.<\/p>\n<h2>Caract\u00e9ristiques du produit<\/h2>\n<ul>\n<li><strong>Bouchon en li\u00e8ge sph\u00e9rique :<\/strong> Le bouchon sph\u00e9rique en li\u00e8ge naturel rend le bocal plus attrayant et facilite \u00e9galement son ouverture et l&#039;extraction de son contenu.<\/li>\n<li><strong>Quels sont les avantages du verre borosilicat\u00e9 \u00e0 haute teneur\u00a0?<\/strong> Le verre borosilicate de haute qualit\u00e9 utilis\u00e9 pour la fabrication du bocal le rend r\u00e9sistant aux chocs thermiques et \u00e0 la corrosion chimique, lui assurant ainsi une longue dur\u00e9e de vie.<\/li>\n<li><strong>Mat\u00e9riau de qualit\u00e9 sup\u00e9rieure, tr\u00e8s clair :<\/strong> Le bocal est parfaitement transparent, ce qui est tr\u00e8s pratique pour mettre en valeur les produits qu&#039;il contient.<\/li>\n<\/ul>\n<h2 style=\"text-align: left;\">Sp\u00e9cifications cl\u00e9s<\/h2>\n<table class=\"aligncenter\" style=\"border-collapse: collapse; width: 452.27pt;\" border=\"0\" width=\"603\" cellspacing=\"0\" cellpadding=\"0\">\n<tbody>\n<tr style=\"height: 13.50pt;\">\n<td style=\"height: 13.50pt; width: 101.25pt;\" width=\"135\" height=\"18\">Sp\u00e9cification<\/td>\n<td style=\"width: 351.00pt;\" width=\"468\">D\u00e9tails<\/td>\n<\/tr>\n<tr style=\"height: 13.50pt;\">\n<td style=\"height: 13.50pt;\" height=\"18\">Capacit\u00e9<\/td>\n<td>500 ml \/ 800 ml \/ 1200 ml<\/td>\n<\/tr>\n<tr style=\"height: 13.50pt;\">\n<td style=\"height: 13.50pt;\" height=\"18\">Dimensions<\/td>\n<td>9\u00d710cm\/9\u00d715.5cm\/9\u00d720cm<\/td>\n<\/tr>\n<tr style=\"height: 13.50pt;\">\n<td style=\"height: 13.50pt;\" height=\"18\">Mat\u00e9riel<\/td>\n<td>Verre borosilicat\u00e9 \u00e0 haute teneur en verre<\/td>\n<\/tr>\n<tr style=\"height: 13.50pt;\">\n<td style=\"height: 13.50pt;\" height=\"18\">Type de couvercle<\/td>\n<td>Bouchon sph\u00e9rique en li\u00e8ge naturel (couvercle en bois disponible en option)<\/td>\n<\/tr>\n<tr style=\"height: 13.50pt;\">\n<td style=\"height: 13.50pt;\" height=\"18\">Caract\u00e9ristique du mat\u00e9riau<\/td>\n<td>R\u00e9sistant aux chocs thermiques, haute transparence, chimiquement stable<\/td>\n<\/tr>\n<tr style=\"height: 13.50pt;\">\n<td style=\"height: 13.50pt;\" height=\"18\">Id\u00e9al pour<\/td>\n<td>Bocal en verre avec couvercle en bois, bocaux en verre avec couvercles<\/td>\n<\/tr>\n<\/tbody>\n<\/table>\n<h2>Succ\u00e8s commercial d&#039;une marque de produits alimentaires artisanaux<\/h2>\n<p>Un fabricant de produits alimentaires sp\u00e9cialis\u00e9s souhaitait accro\u00eetre la notori\u00e9t\u00e9 de sa marque. Pour ce faire, il a opt\u00e9 pour notre bocal en verre de 1200 ml avec couvercle en bois pour ses c\u00e9r\u00e9ales phares. Gr\u00e2ce \u00e0 ces couvercles en bois herm\u00e9tiques et fabriqu\u00e9s sur mesure, la dur\u00e9e de conservation a \u00e9t\u00e9 prolong\u00e9e de plus de 12 mois et le taux de gaspillage a diminu\u00e9 de 65 %. Le design moderne du produit l&#039;a rendu plus attractif pour les d\u00e9taillants, ce qui a entra\u00een\u00e9 une augmentation de 45 % du nombre de nouveaux points de vente. En cons\u00e9quence, le fabricant a pass\u00e9 une commande suppl\u00e9mentaire de 350\u00a0000 unit\u00e9s.<\/p>\n<h2>Bocal en verre personnalis\u00e9 avec options de couvercle<\/h2>\n<ul>\n<li>Finition personnalis\u00e9e du couvercle en bois \u2013 Ch\u00eane, bambou ou noyer \u2013 \u00e0 vous de choisir, et un large choix de teintes est \u00e9galement disponible.<\/li>\n<li>Marquage par gravure laser \u2013 Impression pr\u00e9cise d&#039;un logo ou d&#039;un motif sur une surface en verre gr\u00e2ce \u00e0 la gravure laser.<\/li>\n<li>Marquages \u200b\u200bde capacit\u00e9 s\u00e9rigraphi\u00e9s \u2013 Apposez des marques de mesure claires et r\u00e9sistantes \u00e0 l&#039;usure sur le verre par s\u00e9rigraphie.<\/li>\n<li>Couvercle en bois doubl\u00e9 de li\u00e8ge \u2013 Un couvercle en bois doubl\u00e9 de li\u00e8ge sera parfait pour une fermeture herm\u00e9tique.<\/li>\n<li>Caract\u00e9ristiques du verre color\u00e9 \u2013 Vous pouvez le trouver dans un bocal en verre avec une l\u00e9g\u00e8re teinte ambr\u00e9e ou verte sur l&#039;\u00e9paule.<\/li>\n<\/ul>","protected":false},"excerpt":{"rendered":"<p>Bocal en verre haut de gamme avec couvercle en bois, fabriqu\u00e9 en verre borosilicate transparent au design moderne. Vente directe d&#039;usine, livraison rapide.<\/p>","protected":false},"featured_media":24411,"template":"","meta":[],"product_brand":[],"product_cat":[122,124,137],"product_tag":[],"class_list":{"0":"post-24404","1":"product","2":"type-product","3":"status-publish","4":"has-post-thumbnail","6":"product_cat-custom-glass-packaging","7":"product_cat-custom-glass-jars","8":"product_cat-glass-jars-with-lids","10":"first","11":"instock","12":"shipping-taxable","13":"product-type-simple"},"jetpack_sharing_enabled":true,"_links":{"self":[{"href":"https:\/\/yebodaglass.com\/fr\/wp-json\/wp\/v2\/product\/24404","targetHints":{"allow":["GET"]}}],"collection":[{"href":"https:\/\/yebodaglass.com\/fr\/wp-json\/wp\/v2\/product"}],"about":[{"href":"https:\/\/yebodaglass.com\/fr\/wp-json\/wp\/v2\/types\/product"}],"version-history":[{"count":5,"href":"https:\/\/yebodaglass.com\/fr\/wp-json\/wp\/v2\/product\/24404\/revisions"}],"predecessor-version":[{"id":24535,"href":"https:\/\/yebodaglass.com\/fr\/wp-json\/wp\/v2\/product\/24404\/revisions\/24535"}],"wp:featuredmedia":[{"embeddable":true,"href":"https:\/\/yebodaglass.com\/fr\/wp-json\/wp\/v2\/media\/24411"}],"wp:attachment":[{"href":"https:\/\/yebodaglass.com\/fr\/wp-json\/wp\/v2\/media?parent=24404"}],"wp:term":[{"taxonomy":"product_brand","embeddable":true,"href":"https:\/\/yebodaglass.com\/fr\/wp-json\/wp\/v2\/product_brand?post=24404"},{"taxonomy":"product_cat","embeddable":true,"href":"https:\/\/yebodaglass.com\/fr\/wp-json\/wp\/v2\/product_cat?post=24404"},{"taxonomy":"product_tag","embeddable":true,"href":"https:\/\/yebodaglass.com\/fr\/wp-json\/wp\/v2\/product_tag?post=24404"}],"curies":[{"name":"wp","href":"https:\/\/api.w.org\/{rel}","templated":true}]}}