{"id":24383,"date":"2025-12-16T10:19:41","date_gmt":"2025-12-16T02:19:41","guid":{"rendered":"https:\/\/yebodaglass.com\/?post_type=product&#038;p=24383"},"modified":"2025-12-16T10:19:42","modified_gmt":"2025-12-16T02:19:42","slug":"square-high-borosilicate-large-glass-jars-with-lids-and-spoons-wholesale","status":"publish","type":"product","link":"https:\/\/yebodaglass.com\/fr\/square-high-borosilicate-large-glass-jars-with-lids-and-spoons-wholesale\/","title":{"rendered":"Bocaux carr\u00e9s en verre borosilicate de haute qualit\u00e9, de 800 \u00e0 1200 ml, avec couvercles et cuill\u00e8res (vente en gros)"},"content":{"rendered":"<p>Vous en avez assez des bocaux en verre qui se fendent ou fuient\u00a0? Nous fabriquons les meilleurs bocaux en verre, con\u00e7us pour les marques exigeantes. Ces grands bocaux avec couvercle transforment le rangement quotidien en un accessoire \u00e9l\u00e9gant qui valorise votre marque. Les commandes en gros b\u00e9n\u00e9ficient de finitions personnalis\u00e9es, parfaitement assorties \u00e0 votre identit\u00e9 visuelle.<\/p>\n<h2>Caract\u00e9ristiques du produit<\/h2>\n<p><strong>Conception carr\u00e9e pour un rangement polyvalent<\/strong><\/p>\n<p>Id\u00e9al pour conserver les grains de caf\u00e9, le miel et les sauces \u2013 fini les d\u00e9versements d\u00e9sordonn\u00e9s lors du rangement.<\/p>\n<p><strong>Verre borosilicate durable<\/strong><\/p>\n<p>R\u00e9sistant \u00e0 la chaleur \u2013 convient aux sirops chauds, au miel froid et \u00e0 la cong\u00e9lation.<\/p>\n<p><strong>Bocaux avec couvercles pour une protection contre la poussi\u00e8re<\/strong><\/p>\n<p>Les couvercles herm\u00e9tiques pr\u00e9servent la fra\u00eecheur du contenu : ni poussi\u00e8re, ni fuites, pour une conservation optimale.<\/p>\n<p><strong>Ambre ou transparent personnalisable<\/strong><\/p>\n<p>Ajoutez votre logo\u00a0: vos bocaux en verre en gros se d\u00e9marqueront sur les \u00e9tag\u00e8res.<\/p>\n<h2>Sp\u00e9cifications cl\u00e9s<\/h2>\n<table style=\"border-collapse: collapse; width: 80%; margin-left: auto; margin-right: auto;\" border=\"0\" width=\"432\" cellspacing=\"0\" cellpadding=\"0\">\n<tbody>\n<tr style=\"height: 13.50pt;\">\n<td style=\"height: 13.5pt; width: 54pt; text-align: center;\" width=\"72\" height=\"18\">Capacit\u00e9<\/td>\n<td style=\"width: 54pt; text-align: center;\" width=\"72\">Taille (cm)<\/td>\n<td style=\"width: 54pt; text-align: center;\" width=\"72\">Diameter<\/td>\n<td style=\"width: 54pt; text-align: center;\" width=\"72\">Mat\u00e9riel<\/td>\n<td style=\"width: 54pt; text-align: center;\" width=\"72\">Forme<\/td>\n<td style=\"width: 54pt; text-align: center;\" width=\"72\">Accessories<\/td>\n<\/tr>\n<tr style=\"height: 13.50pt;\">\n<td style=\"height: 13.5pt; text-align: center;\" height=\"18\">800 ml<\/td>\n<td style=\"text-align: center;\">10 x 10 x 13<\/td>\n<td class=\"et2\" style=\"text-align: center;\" rowspan=\"3\">100 mm<\/td>\n<td class=\"et2\" style=\"text-align: center;\" rowspan=\"3\">borosilicate<\/td>\n<td class=\"et2\" style=\"text-align: center;\" rowspan=\"3\">Carr\u00e9<\/td>\n<td class=\"et2\" style=\"text-align: center;\" rowspan=\"3\">Cuill\u00e8res et couvercles<\/td>\n<\/tr>\n<tr style=\"height: 13.50pt;\">\n<td style=\"height: 13.5pt; text-align: center;\" height=\"18\">1000 ml (1 qt)<\/td>\n<td style=\"text-align: center;\">10 x 10 x 16<\/td>\n<\/tr>\n<tr style=\"height: 13.50pt;\">\n<td style=\"height: 13.5pt; text-align: center;\" height=\"18\">1200 ml (40 oz)<\/td>\n<td style=\"text-align: center;\">10 x 10 x 19<\/td>\n<\/tr>\n<\/tbody>\n<\/table>\n<h2>Exemple de r\u00e9ussite des grands bocaux en verre avec couvercles<\/h2>\n<p>Une cha\u00eene de magasins d&#039;articles de cuisine souhaitait renouveler sa collection de bo\u00eetes de conservation. Un grossiste europ\u00e9en d&#039;articles pour la maison a donc opt\u00e9 pour ces grands bocaux en verre borosilicate avec couvercles, afin d&#039;harmoniser la pr\u00e9sentation du caf\u00e9 en grains, du th\u00e9 et des produits secs dans ses magasins. Leur forme carr\u00e9e s&#039;int\u00e9grait parfaitement aux \u00e9tag\u00e8res, et le couvercle herm\u00e9tique de 100 mm ainsi que la cuill\u00e8re en bois fournie \u00e9taient \u00e0 la fois pratiques et rehaussaient l&#039;aspect luxueux du produit.<\/p>\n<p>La s\u00e9rie a en fait re\u00e7u le double des commandes de r\u00e9approvisionnement pr\u00e9vues dans les trois mois suivant son lancement.<\/p>\n<h2>Votre guide de personnalisation<\/h2>\n<ol>\n<li>Le couvercle est compatible avec diff\u00e9rents types de bois ou finitions de surface, renfor\u00e7ant ainsi la coh\u00e9rence du style de la marque.<\/li>\n<li>Les bocaux en verre peuvent \u00eatre imprim\u00e9s ou s\u00e9rigraphi\u00e9s avec un logo, ce qui les rend adapt\u00e9s \u00e0 la vente au d\u00e9tail et aux coffrets cadeaux.<\/li>\n<li>La longueur de la cuill\u00e8re et son mode de fixation sont r\u00e9glables, ce qui am\u00e9liore la facilit\u00e9 d&#039;utilisation et la diff\u00e9renciation.<\/li>\n<li>Prend en charge les solutions d&#039;emballage personnalis\u00e9es en vrac, adapt\u00e9es aux besoins d&#039;approvisionnement direct d&#039;usine et d&#039;achat en gros.<\/li>\n<\/ol>","protected":false},"excerpt":{"rendered":"<p>Bocaux en verre de grande taille avec couvercles, directement du fabricant, id\u00e9aux pour la personnalisation et les commandes en gros. Bocaux r\u00e9sistants avec couvercles pour la vente en grande quantit\u00e9.<\/p>","protected":false},"featured_media":24385,"template":"","meta":[],"product_brand":[],"product_cat":[124,122,137],"product_tag":[],"class_list":{"0":"post-24383","1":"product","2":"type-product","3":"status-publish","4":"has-post-thumbnail","6":"product_cat-custom-glass-jars","7":"product_cat-custom-glass-packaging","8":"product_cat-glass-jars-with-lids","10":"first","11":"instock","12":"shipping-taxable","13":"product-type-simple"},"jetpack_sharing_enabled":true,"_links":{"self":[{"href":"https:\/\/yebodaglass.com\/fr\/wp-json\/wp\/v2\/product\/24383","targetHints":{"allow":["GET"]}}],"collection":[{"href":"https:\/\/yebodaglass.com\/fr\/wp-json\/wp\/v2\/product"}],"about":[{"href":"https:\/\/yebodaglass.com\/fr\/wp-json\/wp\/v2\/types\/product"}],"version-history":[{"count":5,"href":"https:\/\/yebodaglass.com\/fr\/wp-json\/wp\/v2\/product\/24383\/revisions"}],"predecessor-version":[{"id":24393,"href":"https:\/\/yebodaglass.com\/fr\/wp-json\/wp\/v2\/product\/24383\/revisions\/24393"}],"wp:featuredmedia":[{"embeddable":true,"href":"https:\/\/yebodaglass.com\/fr\/wp-json\/wp\/v2\/media\/24385"}],"wp:attachment":[{"href":"https:\/\/yebodaglass.com\/fr\/wp-json\/wp\/v2\/media?parent=24383"}],"wp:term":[{"taxonomy":"product_brand","embeddable":true,"href":"https:\/\/yebodaglass.com\/fr\/wp-json\/wp\/v2\/product_brand?post=24383"},{"taxonomy":"product_cat","embeddable":true,"href":"https:\/\/yebodaglass.com\/fr\/wp-json\/wp\/v2\/product_cat?post=24383"},{"taxonomy":"product_tag","embeddable":true,"href":"https:\/\/yebodaglass.com\/fr\/wp-json\/wp\/v2\/product_tag?post=24383"}],"curies":[{"name":"wp","href":"https:\/\/api.w.org\/{rel}","templated":true}]}}