{"id":24381,"date":"2025-12-16T09:05:30","date_gmt":"2025-12-16T01:05:30","guid":{"rendered":"https:\/\/yebodaglass.com\/?post_type=product&#038;p=24381"},"modified":"2025-12-23T10:16:46","modified_gmt":"2025-12-23T02:16:46","slug":"bulk-high-borosilicate-glass-canisters-with-cork-lids","status":"publish","type":"product","link":"https:\/\/yebodaglass.com\/fr\/bulk-high-borosilicate-glass-canisters-with-cork-lids\/","title":{"rendered":"Bocaux en verre borosilicate haute r\u00e9sistance, en vrac, avec couvercles en li\u00e8ge, 150 ml, 300 ml, 600 ml, 1100 ml"},"content":{"rendered":"<p data-start=\"66\" data-end=\"288\">Ces bocaux en verre revisitent avec \u00e9l\u00e9gance et simplicit\u00e9 le concept de la bouteille de lait ferm\u00e9e par un bouchon de li\u00e8ge. Fabriqu\u00e9s en verre borosilicate de haute qualit\u00e9, ils sont d&#039;une transparence exceptionnelle et r\u00e9sistent parfaitement aux chocs thermiques.<\/p>\n<h2>Caract\u00e9ristiques du produit<\/h2>\n<ul>\n<li><strong>Verre borosilicat\u00e9 haute performance\u00a0:<\/strong> Le verre borosilicat\u00e9 \u00e0 haute temp\u00e9rature peut supporter diff\u00e9rentes temp\u00e9ratures m\u00eame si elles changent tr\u00e8s rapidement et le mat\u00e9riau ne se fissure pas.<\/li>\n<li><strong>Joint en li\u00e8ge pur :<\/strong> Le bouchon en li\u00e8ge est un joint efficace qui emp\u00eache l&#039;air et l&#039;humidit\u00e9 de p\u00e9n\u00e9trer.<\/li>\n<li><strong>Forme \u00e9l\u00e9gante de bouteille de lait\u00a0:<\/strong> Un mod\u00e8le de design qui conf\u00e8re un charme intemporel \u00e0 toute cuisine.<\/li>\n<li><strong>Variantes en volume\u00a0:<\/strong> Quatre volumes diff\u00e9rents pour r\u00e9pondre \u00e0 diff\u00e9rents besoins de stockage.<\/li>\n<\/ul>\n<h2 style=\"text-align: left;\">Sp\u00e9cifications cl\u00e9s<\/h2>\n<table class=\"aligncenter\" style=\"border-collapse: collapse; width: 419.27pt;\" border=\"0\" width=\"559\" cellspacing=\"0\" cellpadding=\"0\">\n<tbody>\n<tr style=\"height: 13.50pt;\">\n<td style=\"height: 13.50pt; width: 101.25pt;\" width=\"135\" height=\"18\">Sp\u00e9cification<\/td>\n<td style=\"width: 318.00pt;\" width=\"424\">D\u00e9tails<\/td>\n<\/tr>\n<tr style=\"height: 13.50pt;\">\n<td style=\"height: 13.50pt;\" height=\"18\">Capacit\u00e9<\/td>\n<td>150 ml \/ 300 ml \/ 600 ml \/ 1100 ml<\/td>\n<\/tr>\n<tr style=\"height: 13.50pt;\">\n<td style=\"height: 13.50pt;\" height=\"18\">Dimensions<\/td>\n<td>6\u00d711cm\/6.5\u00d715cm\/8\u00d719cm\/8.5\u00d726cm<\/td>\n<\/tr>\n<tr style=\"height: 13.50pt;\">\n<td style=\"height: 13.50pt;\" height=\"18\">Mat\u00e9riel<\/td>\n<td>Verre borosilicat\u00e9 \u00e0 haute teneur en verre<\/td>\n<\/tr>\n<tr style=\"height: 13.50pt;\">\n<td style=\"height: 13.50pt;\" height=\"18\">Type de couvercle<\/td>\n<td>Bouchon en li\u00e8ge naturel<\/td>\n<\/tr>\n<tr style=\"height: 13.50pt;\">\n<td style=\"height: 13.50pt;\" height=\"18\">Caract\u00e9ristique du mat\u00e9riau<\/td>\n<td>R\u00e9sistant aux chocs thermiques, haute clart\u00e9<\/td>\n<\/tr>\n<tr style=\"height: 13.50pt;\">\n<td style=\"height: 13.50pt;\" height=\"18\">Id\u00e9al pour<\/td>\n<td>Bocaux en verre, bocaux en verre pour la cuisine<\/td>\n<\/tr>\n<\/tbody>\n<\/table>\n<h2>T\u00e9moignage de r\u00e9ussite : Am\u00e9lioration de l&#039;image de marque d&#039;un torr\u00e9facteur de caf\u00e9 de sp\u00e9cialit\u00e9<\/h2>\n<p>Une entreprise de caf\u00e9 haut de gamme recherchait un emballage unique pour sa gamme de grains de caf\u00e9. Elle a opt\u00e9 pour nos bocaux en verre de 600 ml avec couvercle. Le verre borosilicate de haute qualit\u00e9 r\u00e9siste aux variations de temp\u00e9rature entre le r\u00e9frig\u00e9rateur et la temp\u00e9rature ambiante sans se fissurer. Le taux de casse est ainsi r\u00e9duit de 40 %. Selon les retours clients, le bouchon en li\u00e8ge naturel permet de conserver la fra\u00eecheur des grains de caf\u00e9 50 % plus longtemps qu&#039;avec l&#039;emballage pr\u00e9c\u00e9dent. Les d\u00e9taillants indiquent que l&#039;aspect premium a entra\u00een\u00e9 une augmentation de prix de 25 %, tandis que les ventes ont progress\u00e9 de 30 %. Forte de ces r\u00e9sultats, l&#039;entreprise a pass\u00e9 une nouvelle commande de 200\u00a0000 bocaux en verre et pr\u00e9voit de lancer cette nouvelle gamme de produits sur diff\u00e9rents march\u00e9s.<\/p>\n<h2>Options de personnalisation des bocaux en verre<\/h2>\n<ul>\n<li>Marquage personnalis\u00e9 sur li\u00e8ge \u2013 Faites apposer le logo ou le design de votre marque sur du li\u00e8ge naturel.<\/li>\n<li>\u00c9tiquettes s\u00e9rigraphi\u00e9es \u2013 Utilisez une encre c\u00e9ramique durable pour imprimer les informations sur le produit.<\/li>\n<li>Graduations de capacit\u00e9 en relief \u2013 Produisent des graduations en relief d\u00e9licates.<\/li>\n<li>Options pour vitraux \u2013 La coloration permet de les rendre adapt\u00e9s aux objets sensibles \u00e0 la lumi\u00e8re.<\/li>\n<li>Couleurs de li\u00e8ge personnalis\u00e9es \u2013 Il existe un certain nombre de teintes de li\u00e8ge naturel parmi lesquelles vous pouvez choisir.<\/li>\n<\/ul>","protected":false},"excerpt":{"rendered":"<p>Bocaux en verre r\u00e9sistant, avec couvercles en verre borosilicate haute r\u00e9sistance et bouchons en li\u00e8ge. Contr\u00f4le qualit\u00e9 en usine, remises sur les commandes en gros.<\/p>","protected":false},"featured_media":24399,"template":"","meta":[],"product_brand":[],"product_cat":[122,124,137],"product_tag":[],"class_list":{"0":"post-24381","1":"product","2":"type-product","3":"status-publish","4":"has-post-thumbnail","6":"product_cat-custom-glass-packaging","7":"product_cat-custom-glass-jars","8":"product_cat-glass-jars-with-lids","10":"first","11":"instock","12":"shipping-taxable","13":"product-type-simple"},"jetpack_sharing_enabled":true,"_links":{"self":[{"href":"https:\/\/yebodaglass.com\/fr\/wp-json\/wp\/v2\/product\/24381","targetHints":{"allow":["GET"]}}],"collection":[{"href":"https:\/\/yebodaglass.com\/fr\/wp-json\/wp\/v2\/product"}],"about":[{"href":"https:\/\/yebodaglass.com\/fr\/wp-json\/wp\/v2\/types\/product"}],"version-history":[{"count":5,"href":"https:\/\/yebodaglass.com\/fr\/wp-json\/wp\/v2\/product\/24381\/revisions"}],"predecessor-version":[{"id":24536,"href":"https:\/\/yebodaglass.com\/fr\/wp-json\/wp\/v2\/product\/24381\/revisions\/24536"}],"wp:featuredmedia":[{"embeddable":true,"href":"https:\/\/yebodaglass.com\/fr\/wp-json\/wp\/v2\/media\/24399"}],"wp:attachment":[{"href":"https:\/\/yebodaglass.com\/fr\/wp-json\/wp\/v2\/media?parent=24381"}],"wp:term":[{"taxonomy":"product_brand","embeddable":true,"href":"https:\/\/yebodaglass.com\/fr\/wp-json\/wp\/v2\/product_brand?post=24381"},{"taxonomy":"product_cat","embeddable":true,"href":"https:\/\/yebodaglass.com\/fr\/wp-json\/wp\/v2\/product_cat?post=24381"},{"taxonomy":"product_tag","embeddable":true,"href":"https:\/\/yebodaglass.com\/fr\/wp-json\/wp\/v2\/product_tag?post=24381"}],"curies":[{"name":"wp","href":"https:\/\/api.w.org\/{rel}","templated":true}]}}