{"id":24324,"date":"2025-12-12T12:00:03","date_gmt":"2025-12-12T04:00:03","guid":{"rendered":"https:\/\/yebodaglass.com\/?post_type=product&#038;p=24324"},"modified":"2025-12-16T11:42:50","modified_gmt":"2025-12-16T03:42:50","slug":"glass-empty-water-bottles-for-drinking-wholesale","status":"publish","type":"product","link":"https:\/\/yebodaglass.com\/fr\/glass-empty-water-bottles-for-drinking-wholesale\/","title":{"rendered":"Bouteilles d&#039;eau vides en verre de 550 ml pour la consommation en gros"},"content":{"rendered":"<p>Vous en avez assez des bouteilles en verre qui ne correspondent pas \u00e0 l&#039;image de votre marque\u00a0? Nous fabriquons des bouteilles d&#039;eau vides en verre, con\u00e7ues pour les marques exigeantes. Ces bouteilles transforment l&#039;hydratation quotidienne en un accessoire de mode \u00e9l\u00e9gant. Les commandes en gros b\u00e9n\u00e9ficient de finitions personnalis\u00e9es, parfaitement assorties \u00e0 votre marque.<\/p>\n<h2>Caract\u00e9ristiques du produit<\/h2>\n<p><strong>Ouverture large de 38 mm<\/strong><\/p>\n<p>Facile \u00e0 remplir de fruits ou de glace \u2013 fini les infusions salissantes pour s&#039;hydrater !<\/p>\n<p><strong>Verre borosilicate durable<\/strong><\/p>\n<p>Aucun choc thermique \u2013 compatible avec le cong\u00e9lateur et le lave-vaisselle, et con\u00e7u pour durer.<\/p>\n<p><strong>Couvercle \u00e9tanche en acier inoxydable<\/strong><\/p>\n<p>Maintient le contenu en s\u00e9curit\u00e9 \u2013 id\u00e9al pour rester hydrat\u00e9 en d\u00e9placement.<\/p>\n<p><strong>manchon en silicone personnalisable<\/strong><\/p>\n<p>Ajoutez votre logo \u2013 votre bouteille d&#039;eau en verre r\u00e9utilisable deviendra inoubliable.<\/p>\n<h2>Sp\u00e9cifications cl\u00e9s<\/h2>\n<table style=\"border-collapse: collapse; width: 80%; margin-left: auto; margin-right: auto;\" border=\"0\" width=\"360\" cellspacing=\"0\" cellpadding=\"0\">\n<tbody>\n<tr style=\"height: 13.50pt;\">\n<td style=\"height: 13.5pt; width: 54pt; text-align: center;\" width=\"72\" height=\"18\">Capacit\u00e9<\/td>\n<td style=\"width: 54pt; text-align: center;\" width=\"72\">Taille (cm)<\/td>\n<td style=\"width: 54pt; text-align: center;\" width=\"72\">Diameter<\/td>\n<td style=\"width: 54pt; text-align: center;\" width=\"72\">Mat\u00e9riel<\/td>\n<td style=\"width: 54pt; text-align: center;\" width=\"72\">Couleur<\/td>\n<\/tr>\n<tr style=\"height: 13.50pt;\">\n<td style=\"height: 13.5pt; text-align: center;\" height=\"18\">550 ml<\/td>\n<td style=\"text-align: center;\">6.6&#215;22.3<\/td>\n<td style=\"text-align: center;\">38mm<\/td>\n<td style=\"text-align: center;\">borosilicate<\/td>\n<td style=\"text-align: center;\">Clair ou personnalis\u00e9<\/td>\n<\/tr>\n<\/tbody>\n<\/table>\n<h2>Cas de r\u00e9ussite<\/h2>\n<p>L&#039;une des principales cha\u00eenes de jus press\u00e9s \u00e0 froid d&#039;Asie du Sud-Est, souhaitant d\u00e9velopper son activit\u00e9 de boissons en bouteille, avait besoin d&#039;un emballage r\u00e9sistant au transport frigorifique et plus attrayant en rayon. Elle a choisi cette bouteille d&#039;eau vide \u00e0 large ouverture, et nous avons personnalis\u00e9 le bouchon et l&#039;\u00e9tiquette aux couleurs de sa marque.<\/p>\n<p>Une fois les changements effectu\u00e9s, leurs ventes de jus haut de gamme ont augment\u00e9 de pr\u00e8s de 30 %.<\/p>\n<h2>Votre guide de personnalisation<\/h2>\n<ol>\n<li>En modifiant le diam\u00e8tre du col, le design de la base ou les proportions du corps de la bouteille, il nous est possible de garantir la meilleure compatibilit\u00e9 possible avec les lignes de remplissage et d&#039;accro\u00eetre \u00e9galement le niveau de distinction visuelle.<\/li>\n<li>Notre atelier est \u00e9quip\u00e9 pour r\u00e9pondre \u00e0 vos demandes d&#039;impression s\u00e9rigraphique, de marquage \u00e0 chaud, d&#039;\u00e9tiquetage et de finition mate. Nous vous laissons le choix du support visuel le plus adapt\u00e9 \u00e0 l&#039;image de votre marque.<\/li>\n<li>Nous avons la capacit\u00e9 de fa\u00e7onner les bouchons des bouteilles dans diff\u00e9rentes teintes ou d&#039;utiliser diff\u00e9rents mat\u00e9riaux (par exemple, acier inoxydable, \u00e9lectroplacage et rev\u00eatement par pulv\u00e9risation) afin de vous aider \u00e0 faire de vos produits le centre d&#039;attraction sur les \u00e9tag\u00e8res.<\/li>\n<\/ol>","protected":false},"excerpt":{"rendered":"<p>Bouteilles d&#039;eau vides \u00e0 large ouverture, id\u00e9ales pour les marques de boissons. Fournisseur fiable proposant des bouteilles d&#039;eau personnalisables et des commandes en gros. \u00c9chantillon gratuit.<\/p>","protected":false},"featured_media":24336,"template":"","meta":[],"product_brand":[],"product_cat":[123,122,136],"product_tag":[],"class_list":{"0":"post-24324","1":"product","2":"type-product","3":"status-publish","4":"has-post-thumbnail","6":"product_cat-custom-glass-bottles","7":"product_cat-custom-glass-packaging","8":"product_cat-glass-water-bottles","10":"first","11":"instock","12":"shipping-taxable","13":"product-type-simple"},"jetpack_sharing_enabled":true,"_links":{"self":[{"href":"https:\/\/yebodaglass.com\/fr\/wp-json\/wp\/v2\/product\/24324","targetHints":{"allow":["GET"]}}],"collection":[{"href":"https:\/\/yebodaglass.com\/fr\/wp-json\/wp\/v2\/product"}],"about":[{"href":"https:\/\/yebodaglass.com\/fr\/wp-json\/wp\/v2\/types\/product"}],"version-history":[{"count":5,"href":"https:\/\/yebodaglass.com\/fr\/wp-json\/wp\/v2\/product\/24324\/revisions"}],"predecessor-version":[{"id":24413,"href":"https:\/\/yebodaglass.com\/fr\/wp-json\/wp\/v2\/product\/24324\/revisions\/24413"}],"wp:featuredmedia":[{"embeddable":true,"href":"https:\/\/yebodaglass.com\/fr\/wp-json\/wp\/v2\/media\/24336"}],"wp:attachment":[{"href":"https:\/\/yebodaglass.com\/fr\/wp-json\/wp\/v2\/media?parent=24324"}],"wp:term":[{"taxonomy":"product_brand","embeddable":true,"href":"https:\/\/yebodaglass.com\/fr\/wp-json\/wp\/v2\/product_brand?post=24324"},{"taxonomy":"product_cat","embeddable":true,"href":"https:\/\/yebodaglass.com\/fr\/wp-json\/wp\/v2\/product_cat?post=24324"},{"taxonomy":"product_tag","embeddable":true,"href":"https:\/\/yebodaglass.com\/fr\/wp-json\/wp\/v2\/product_tag?post=24324"}],"curies":[{"name":"wp","href":"https:\/\/api.w.org\/{rel}","templated":true}]}}