{"id":24239,"date":"2025-12-02T13:16:32","date_gmt":"2025-12-02T05:16:32","guid":{"rendered":"https:\/\/yebodaglass.com\/?post_type=product&#038;p=24239"},"modified":"2026-03-23T13:24:29","modified_gmt":"2026-03-23T05:24:29","slug":"bulk-small-hexagon-glass-food-storage-jars-with-clamp-lids","status":"publish","type":"product","link":"https:\/\/yebodaglass.com\/fr\/bulk-small-hexagon-glass-food-storage-jars-with-clamp-lids\/","title":{"rendered":"Lot de petits bocaux hexagonaux en verre de 100 ml avec couvercles \u00e0 pince pour la conservation des aliments"},"content":{"rendered":"<p data-start=\"66\" data-end=\"288\">Ces bocaux alimentaires en verre, de forme hexagonale simple et aux contours \u00e9pur\u00e9s, sont fabriqu\u00e9s en verre transparent. Leur atout principal r\u00e9side dans le syst\u00e8me de fermeture \u00e0 clip en acier inoxydable qui maintient fermement le couvercle en verre gr\u00e2ce \u00e0 un joint en silicone int\u00e9gr\u00e9. Une simple pression sur le levier suffit pour assurer la fermeture.<\/p>\n<h2>Caract\u00e9ristiques du produit<\/h2>\n<ul>\n<li><strong>Motif g\u00e9om\u00e9trique hexagonal :<\/strong> De forme hexagonale \u00e0 parois plates, qui ne roule pas et peut \u00eatre empil\u00e9e, c&#039;est une forme contemporaine permettant un gain de place.<\/li>\n<li><strong>Joint d&#039;\u00e9tanch\u00e9it\u00e9 \u00e0 pince :<\/strong> Joint \u00e9tanche \u00e0 l&#039;air : Il s&#039;agit d&#039;un joint \u00e9tanche \u00e0 l&#039;air fiable, de qualit\u00e9 laboratoire, car il est cr\u00e9\u00e9 en pressant le couvercle en verre sur le joint en silicone \u00e0 l&#039;aide d&#039;une pince en acier inoxydable.<\/li>\n<li><strong>Verre haute visibilit\u00e9 :<\/strong> Ses parois en verre transparent permettent d&#039;identifier le contenu et d&#039;effectuer des contr\u00f4les quantitatifs sans avoir \u00e0 l&#039;ouvrir.<\/li>\n<\/ul>\n<h2 style=\"text-align: left;\">Sp\u00e9cifications cl\u00e9s<\/h2>\n<table class=\"aligncenter\" style=\"border-collapse: collapse; width: 366.02pt;\" border=\"0\" width=\"488\" cellspacing=\"0\" cellpadding=\"0\">\n<tbody>\n<tr style=\"height: 13.50pt;\">\n<td style=\"height: 13.50pt; width: 92.25pt;\" width=\"123\" height=\"18\">Sp\u00e9cification<\/td>\n<td style=\"width: 273.75pt;\" width=\"365\">D\u00e9tails<\/td>\n<\/tr>\n<tr style=\"height: 13.50pt;\">\n<td style=\"height: 13.50pt;\" height=\"18\">Capacit\u00e9<\/td>\n<td>100 ml<\/td>\n<\/tr>\n<tr style=\"height: 13.50pt;\">\n<td style=\"height: 13.50pt;\" height=\"18\">Dimensions<\/td>\n<td>5,7 \u00d7 8,7 cm<\/td>\n<\/tr>\n<tr style=\"height: 13.50pt;\">\n<td style=\"height: 13.50pt;\" height=\"18\">Mat\u00e9riau<\/td>\n<td>Verre transparent<\/td>\n<\/tr>\n<tr style=\"height: 13.50pt;\">\n<td style=\"height: 13.50pt;\" height=\"18\">Type de couvercle<\/td>\n<td>Couvercle \u00e0 pince m\u00e9tallique avec anse en fil de fer<\/td>\n<\/tr>\n<tr style=\"height: 13.50pt;\">\n<td style=\"height: 13.50pt;\" height=\"18\">Id\u00e9al pour<\/td>\n<td>Bocaux de conservation en verre, bocaux \u00e0 couvercle \u00e0 pince<\/td>\n<\/tr>\n<\/tbody>\n<\/table>\n<h2>\u00c9tude de cas : Transformation de l&#039;emballage d&#039;une entreprise de th\u00e9 sp\u00e9cialis\u00e9<\/h2>\n<p>Une entreprise de th\u00e9 de luxe souhaitait concevoir un emballage distinctif pour sa nouvelle gamme de th\u00e9s d&#039;exception. Elle a finalement opt\u00e9 pour nos bocaux hexagonaux en verre de 100 ml, s\u00e9duite par leur esth\u00e9tique unique. Il \u00e9tait imp\u00e9ratif que les couvercles soient \u00e0 clipser\u00a0: d&#039;apr\u00e8s les retours, les produits s&#039;oxydant moins, leur dur\u00e9e de conservation \u00e9tant ainsi prolong\u00e9e de 40\u00a0% par rapport \u00e0 l&#039;emballage pr\u00e9c\u00e9dent. Ce nouveau style g\u00e9om\u00e9trique, signature de l&#039;entreprise, a g\u00e9n\u00e9r\u00e9 une augmentation de 50\u00a0% des mentions sur les r\u00e9seaux sociaux. Fort de ce succ\u00e8s, l&#039;entreprise a pass\u00e9 une commande suppl\u00e9mentaire de 200\u00a0000 bocaux pour un d\u00e9ploiement national.<\/p>\n<h2>Options de personnalisation des bocaux alimentaires en verre<\/h2>\n<ul>\n<li>Finition \u00e0 panneaux d\u00e9polis \u2013 Cr\u00e9ez un look s\u00e9duisant gr\u00e2ce \u00e0 l&#039;alternance de finitions d\u00e9polies sur les deux faces du pot.<\/li>\n<li>Logo de marque s\u00e9rigraphi\u00e9 \u2013 Logo de marque durable imprim\u00e9 sur les panneaux lat\u00e9raux plats.<\/li>\n<li>Graduations de capacit\u00e9 en relief \u2013 Apposez de jolies graduations pour la mesure du volume sur un c\u00f4t\u00e9 du bocal.<\/li>\n<li>Variations d&#039;arrondi des bords \u2013 Modifiez le rayon d&#039;arrondi pour obtenir diff\u00e9rents aspects.<\/li>\n<\/ul>\n<p>Pr\u00eat \u00e0 optimiser votre rangement ? B\u00e9n\u00e9ficiez de tarifs de gros pour ce bocal alimentaire hexagonal en verre unique (avec couvercle \u00e0 clip) en nous contactant d\u00e8s aujourd&#039;hui.<\/p>","protected":false},"excerpt":{"rendered":"<p>Ce bocal hexagonal en verre offre des lignes \u00e9pur\u00e9es et une conservation optimale de la fra\u00eecheur. Nos bocaux compacts avec couvercle \u00e0 clip sont parfaits pour les \u00e9pices et les cadeaux. Livraison rapide.<\/p>","protected":false},"featured_media":25502,"template":"","meta":[],"product_brand":[],"product_cat":[134,124,122],"product_tag":[],"class_list":{"0":"post-24239","1":"product","2":"type-product","3":"status-publish","4":"has-post-thumbnail","6":"product_cat-airtight-jars","7":"product_cat-custom-glass-jars","8":"product_cat-custom-glass-packaging","10":"first","11":"instock","12":"shipping-taxable","13":"product-type-simple"},"jetpack_sharing_enabled":true,"_links":{"self":[{"href":"https:\/\/yebodaglass.com\/fr\/wp-json\/wp\/v2\/product\/24239","targetHints":{"allow":["GET"]}}],"collection":[{"href":"https:\/\/yebodaglass.com\/fr\/wp-json\/wp\/v2\/product"}],"about":[{"href":"https:\/\/yebodaglass.com\/fr\/wp-json\/wp\/v2\/types\/product"}],"version-history":[{"count":5,"href":"https:\/\/yebodaglass.com\/fr\/wp-json\/wp\/v2\/product\/24239\/revisions"}],"predecessor-version":[{"id":25548,"href":"https:\/\/yebodaglass.com\/fr\/wp-json\/wp\/v2\/product\/24239\/revisions\/25548"}],"wp:featuredmedia":[{"embeddable":true,"href":"https:\/\/yebodaglass.com\/fr\/wp-json\/wp\/v2\/media\/25502"}],"wp:attachment":[{"href":"https:\/\/yebodaglass.com\/fr\/wp-json\/wp\/v2\/media?parent=24239"}],"wp:term":[{"taxonomy":"product_brand","embeddable":true,"href":"https:\/\/yebodaglass.com\/fr\/wp-json\/wp\/v2\/product_brand?post=24239"},{"taxonomy":"product_cat","embeddable":true,"href":"https:\/\/yebodaglass.com\/fr\/wp-json\/wp\/v2\/product_cat?post=24239"},{"taxonomy":"product_tag","embeddable":true,"href":"https:\/\/yebodaglass.com\/fr\/wp-json\/wp\/v2\/product_tag?post=24239"}],"curies":[{"name":"wp","href":"https:\/\/api.w.org\/{rel}","templated":true}]}}