{"id":24229,"date":"2025-12-02T10:26:17","date_gmt":"2025-12-02T02:26:17","guid":{"rendered":"https:\/\/yebodaglass.com\/?post_type=product&#038;p=24229"},"modified":"2025-12-02T11:37:09","modified_gmt":"2025-12-02T03:37:09","slug":"bulk-pumpkin-glass-airtight-jars-with-clamp-lids","status":"publish","type":"product","link":"https:\/\/yebodaglass.com\/fr\/bulk-pumpkin-glass-airtight-jars-with-clamp-lids\/","title":{"rendered":"Bocaux en verre herm\u00e9tiques de 100 ml en forme de citrouille avec couvercles \u00e0 pince"},"content":{"rendered":"<p data-start=\"66\" data-end=\"288\">Ces bocaux herm\u00e9tiques en verre transparent ont une jolie forme de petites citrouilles. Gr\u00e2ce \u00e0 leur transparence, chacun peut rep\u00e9rer d&#039;un coup d&#039;\u0153il les en-cas, les \u00e9pices ou le mat\u00e9riel de loisirs cr\u00e9atifs sans avoir \u00e0 les ouvrir.<\/p>\n<h2>Caract\u00e9ristiques du produit<\/h2>\n<ul>\n<li><strong>Forme de citrouille transparente :<\/strong> Le r\u00e9cipient en verre parfaitement transparent, associ\u00e9 \u00e0 la forme arrondie et harmonieuse de la citrouille, permet non seulement de voir l&#039;int\u00e9rieur depuis l&#039;ext\u00e9rieur, mais aussi de percevoir le scintillement de la lumi\u00e8re d\u00e9corative.<\/li>\n<li><strong>Conception \u00e0 fermeture par pression :<\/strong> Le bouchon m\u00e9tallique \u00e0 pression assure une fermeture herm\u00e9tique, pr\u00e9servant ainsi la fra\u00eecheur du produit et emp\u00eachant quasiment toute infiltration d&#039;humidit\u00e9. De plus, son ouverture et sa fermeture sont tr\u00e8s simples.<\/li>\n<li><strong>Petite capacit\u00e9 :<\/strong> Sa petite capacit\u00e9 est id\u00e9ale pour les petites quantit\u00e9s d&#039;aliments comme les bonbons, les tisanes et les petits en-cas, \u00e9vitant ainsi le gaspillage li\u00e9 \u00e0 l&#039;ouverture de grands bocaux.<\/li>\n<\/ul>\n<h2 style=\"text-align: left;\">Sp\u00e9cifications cl\u00e9s<\/h2>\n<table class=\"aligncenter\" style=\"border-collapse: collapse; width: 342.77pt;\" border=\"0\" width=\"457\" cellspacing=\"0\" cellpadding=\"0\">\n<tbody>\n<tr style=\"height: 13.50pt;\">\n<td style=\"height: 13.50pt; width: 92.25pt;\" width=\"123\" height=\"18\">Sp\u00e9cification<\/td>\n<td style=\"width: 250.50pt;\" width=\"334\">D\u00e9tails<\/td>\n<\/tr>\n<tr style=\"height: 13.50pt;\">\n<td style=\"height: 13.50pt;\" height=\"18\">Capacit\u00e9<\/td>\n<td>100 ml<\/td>\n<\/tr>\n<tr style=\"height: 13.50pt;\">\n<td style=\"height: 13.50pt;\" height=\"18\">Dimensions<\/td>\n<td>6,4 \u00d7 8 cm (Base \u00d7 Hauteur)<\/td>\n<\/tr>\n<tr style=\"height: 13.50pt;\">\n<td style=\"height: 13.50pt;\" height=\"18\">Mat\u00e9riau<\/td>\n<td>Verre transparent<\/td>\n<\/tr>\n<tr style=\"height: 13.50pt;\">\n<td style=\"height: 13.50pt;\" height=\"18\">Type de couvercle<\/td>\n<td>Couvercle \u00e0 pince m\u00e9tallique avec anse en fil de fer<\/td>\n<\/tr>\n<tr style=\"height: 13.50pt;\">\n<td style=\"height: 13.50pt;\" height=\"18\">Id\u00e9al pour<\/td>\n<td>Bocaux herm\u00e9tiques en verre, bocaux de conservation en verre<\/td>\n<\/tr>\n<\/tbody>\n<\/table>\n<h2>Histoire \u00e0 succ\u00e8s : La renaissance d&#039;une entreprise sp\u00e9cialis\u00e9e dans les \u00e9pices<\/h2>\n<p>Parmi les options possibles pour redorer leur image, une entreprise d&#039;\u00e9pices au bord de la faillite a opt\u00e9 pour un emballage mettant en valeur ses produits et, par cons\u00e9quent, leur permettant de rester comp\u00e9titive sur le march\u00e9. C&#039;est nous qui avons \u00e9t\u00e9 choisis pour leur nouvelle gamme prestigieuse\u00a0: des pots en verre de 100\u00a0ml en forme de citrouille, munis de couvercles \u00e0 clip. Ces couvercles \u00e0 clip jouent un r\u00f4le crucial\u00a0: ils permettent de r\u00e9duire de 45\u00a0% le gaspillage de produits par rapport \u00e0 l&#039;emballage pr\u00e9c\u00e9dent, ce qui se traduit par une augmentation de 35\u00a0% du taux de rachat. Leur forme unique de citrouille est devenue leur marque de fabrique, entra\u00eenant une hausse de 60\u00a0% de l&#039;interaction sur les r\u00e9seaux sociaux et du nombre de photos de clients. Forte de ce succ\u00e8s, l&#039;entreprise a pass\u00e9 une nouvelle commande de 150\u00a0000\u00a0pots pour sa gamme nationale, avec l&#039;ambition de poursuivre son expansion.<\/p>\n<h2>Options de personnalisation<\/h2>\n<ul>\n<li>Options de vitraux \u2013 Les bocaux peuvent \u00eatre ambr\u00e9s ou verts pour les objets \u00e0 conserver \u00e0 l&#039;abri de la lumi\u00e8re.<\/li>\n<li>Finitions personnalis\u00e9es pour les clips \u2013 Le clip peut \u00eatre noir, cuivr\u00e9 ou en m\u00e9tal vieilli.<\/li>\n<li>Anneau d\u00e9coratif givr\u00e9 \u2013 Par traitement \u00e0 l&#039;acide, le centre du pot se transforme en une \u00e9l\u00e9gante bande mate.<\/li>\n<li>Graduation de capacit\u00e9 \u2013 L&#039;utilisation des graduations permet un dosage pr\u00e9cis.<\/li>\n<\/ul>","protected":false},"excerpt":{"rendered":"<p>Adorables bocaux en verre herm\u00e9tiques, ils pr\u00e9servent la fra\u00eecheur sans effort. \u00c9l\u00e9gants et compacts, ces bocaux en verre avec couvercles \u00e0 clip sont parfaits pour la cuisine ou pour offrir. \u00c9chantillons gratuits inclus.<\/p>","protected":false},"featured_media":24231,"template":"","meta":[],"product_brand":[],"product_cat":[122,134,124],"product_tag":[],"class_list":{"0":"post-24229","1":"product","2":"type-product","3":"status-publish","4":"has-post-thumbnail","6":"product_cat-custom-glass-packaging","7":"product_cat-airtight-jars","8":"product_cat-custom-glass-jars","10":"first","11":"instock","12":"shipping-taxable","13":"product-type-simple"},"jetpack_sharing_enabled":true,"_links":{"self":[{"href":"https:\/\/yebodaglass.com\/fr\/wp-json\/wp\/v2\/product\/24229","targetHints":{"allow":["GET"]}}],"collection":[{"href":"https:\/\/yebodaglass.com\/fr\/wp-json\/wp\/v2\/product"}],"about":[{"href":"https:\/\/yebodaglass.com\/fr\/wp-json\/wp\/v2\/types\/product"}],"version-history":[{"count":4,"href":"https:\/\/yebodaglass.com\/fr\/wp-json\/wp\/v2\/product\/24229\/revisions"}],"predecessor-version":[{"id":24238,"href":"https:\/\/yebodaglass.com\/fr\/wp-json\/wp\/v2\/product\/24229\/revisions\/24238"}],"wp:featuredmedia":[{"embeddable":true,"href":"https:\/\/yebodaglass.com\/fr\/wp-json\/wp\/v2\/media\/24231"}],"wp:attachment":[{"href":"https:\/\/yebodaglass.com\/fr\/wp-json\/wp\/v2\/media?parent=24229"}],"wp:term":[{"taxonomy":"product_brand","embeddable":true,"href":"https:\/\/yebodaglass.com\/fr\/wp-json\/wp\/v2\/product_brand?post=24229"},{"taxonomy":"product_cat","embeddable":true,"href":"https:\/\/yebodaglass.com\/fr\/wp-json\/wp\/v2\/product_cat?post=24229"},{"taxonomy":"product_tag","embeddable":true,"href":"https:\/\/yebodaglass.com\/fr\/wp-json\/wp\/v2\/product_tag?post=24229"}],"curies":[{"name":"wp","href":"https:\/\/api.w.org\/{rel}","templated":true}]}}