{"id":24213,"date":"2025-12-02T10:19:55","date_gmt":"2025-12-02T02:19:55","guid":{"rendered":"https:\/\/yebodaglass.com\/?post_type=product&#038;p=24213"},"modified":"2026-03-25T13:18:27","modified_gmt":"2026-03-25T05:18:27","slug":"custom-water-bottle-for-beverage-filling-bulk","status":"publish","type":"product","link":"https:\/\/yebodaglass.com\/fr\/custom-water-bottle-for-beverage-filling-bulk\/","title":{"rendered":"Bouteille d&#039;eau personnalis\u00e9e pour le remplissage de boissons en vrac 300 ml \u2013 650 ml"},"content":{"rendered":"<p>La forme cylindrique \u00e9pur\u00e9e de cette gourde personnalis\u00e9e et sa large base plate, associ\u00e9es \u00e0 un verre d&#039;eau cristalline, lui conf\u00e8rent une simplicit\u00e9 ind\u00e9niable. Son goulot filet\u00e9 est compatible avec de nombreux bouchons et se d\u00e9cline en plusieurs tailles.<\/p>\n<h2>Caract\u00e9ristiques du produit<\/h2>\n<ul>\n<li><strong>Mat\u00e9riau en verre haute clart\u00e9\u00a0:<\/strong> La bouteille est compos\u00e9e de verre haute clart\u00e9, ce qui lui conf\u00e8re un design transparent et \u00e9pur\u00e9 ; permettant ainsi \u00e0 l&#039;utilisateur de voir clairement le liquide \u00e0 l&#039;int\u00e9rieur et lui offrant une apparence et un toucher excellents.<\/li>\n<li><strong>Conception du col filet\u00e9\u00a0:<\/strong> La conception g\u00e9n\u00e9rale du col filet\u00e9 permet l&#039;utilisation de plusieurs bouchons d&#039;\u00e9tanch\u00e9it\u00e9, optimisant ainsi l&#039;\u00e9tanch\u00e9it\u00e9 et la s\u00e9curit\u00e9 du stockage des liquides.<\/li>\n<li><strong>Forme cylindrique droite simple :<\/strong> Sa forme cylindrique droite de base est simple \u00e0 tenir et \u00e0 empiler.<\/li>\n<\/ul>\n<h2>Sp\u00e9cifications cl\u00e9s<\/h2>\n<table style=\"border-collapse: collapse; width: 80%; margin-left: auto; margin-right: auto;\" border=\"0\" width=\"360\" cellspacing=\"0\" cellpadding=\"0\">\n<tbody>\n<tr style=\"height: 13.50pt;\">\n<td style=\"height: 13.5pt; width: 54pt; text-align: center;\" width=\"72\" height=\"18\">Capacit\u00e9 (ml)<\/td>\n<td style=\"width: 54pt; text-align: center;\" width=\"72\">Taille (cm)<\/td>\n<td style=\"width: 54pt; text-align: center;\" width=\"72\">Diameter<\/td>\n<td style=\"width: 54pt; text-align: center;\" width=\"72\">Mat\u00e9riel<\/td>\n<td style=\"width: 54pt; text-align: center;\" width=\"72\">Couleur<\/td>\n<\/tr>\n<tr style=\"height: 13.50pt;\">\n<td style=\"height: 13.5pt; text-align: center;\" align=\"right\" height=\"18\">300<\/td>\n<td style=\"text-align: center;\">6,6 x 13,7<\/td>\n<td class=\"et2\" style=\"text-align: center;\" rowspan=\"4\">38mm<\/td>\n<td class=\"et2\" style=\"text-align: center;\" rowspan=\"4\">borosilicate<\/td>\n<td class=\"et2\" style=\"text-align: center;\" rowspan=\"4\">Transparent ou personnalis\u00e9<\/td>\n<\/tr>\n<tr style=\"height: 13.50pt;\">\n<td style=\"height: 13.5pt; text-align: center;\" align=\"right\" height=\"18\">480<\/td>\n<td style=\"text-align: center;\">6,6 x 19,5<\/td>\n<\/tr>\n<tr style=\"height: 13.50pt;\">\n<td style=\"height: 13.5pt; text-align: center;\" align=\"right\" height=\"18\">550<\/td>\n<td style=\"text-align: center;\">6,6 x 22,5<\/td>\n<\/tr>\n<tr style=\"height: 13.50pt;\">\n<td style=\"height: 13.5pt; text-align: center;\" align=\"right\" height=\"18\">650<\/td>\n<td style=\"text-align: center;\">7,0 x 22,0<\/td>\n<\/tr>\n<\/tbody>\n<\/table>\n<h2>Histoire \u00e0 succ\u00e8s<\/h2>\n<p>Une cha\u00eene h\u00f4teli\u00e8re nationale souhaitait remplacer ses bouteilles d&#039;eau en plastique dans ses chambres. Elle a choisi notre bouteille de 473 ml (16 oz), dot\u00e9e d&#039;une housse en silicone, d&#039;un bouchon en bambou et du logo de la marque sabl\u00e9. Cette bouteille est devenue un embl\u00e8me de l&#039;h\u00f4tel et a re\u00e7u 15 % d&#039;avis positifs en ligne. Sa robustesse a permis d&#039;obtenir un taux de casse inf\u00e9rieur \u00e0 1 % pendant le transport. Face \u00e0 ce succ\u00e8s, l&#039;h\u00f4tel a command\u00e9 250\u00a0000 bouteilles suppl\u00e9mentaires pour d\u00e9corer toutes ses chambres et les vendre dans le hall.<\/p>\n<h2>Votre guide de personnalisation<\/h2>\n<ol>\n<li><strong>Finition ext\u00e9rieure de la bouteille :<\/strong> On peut choisir parmi des effets transparents, mats, d\u00e9grad\u00e9s, pulv\u00e9ris\u00e9s, \u00e9maill\u00e9s cuits ou partiellement brillants.<\/li>\n<li><strong>Finition du logo :<\/strong> On peut choisir entre l&#039;impression s\u00e9rigraphique, l&#039;impression UV, le gaufrage des \u00e9tiquettes, les \u00e9tiquettes m\u00e9talliques et l&#039;impression par transfert thermique.<\/li>\n<li><strong>Accessoires:<\/strong> l&#039;utilisation de manchons en silicone, d&#039;infuseurs \u00e0 th\u00e9 ou de pailles est possible.<\/li>\n<\/ol>","protected":false},"excerpt":{"rendered":"<p>Bouteille d&#039;eau personnalis\u00e9e avec une base \u00e9paisse, disponible en format durable de 473 ml (16 oz) pour les marques de boissons recherchant une livraison rapide et un service direct d&#039;usine.<\/p>","protected":false},"featured_media":24214,"template":"","meta":[],"product_brand":[],"product_cat":[136,123,122],"product_tag":[],"class_list":{"0":"post-24213","1":"product","2":"type-product","3":"status-publish","4":"has-post-thumbnail","6":"product_cat-glass-water-bottles","7":"product_cat-custom-glass-bottles","8":"product_cat-custom-glass-packaging","10":"first","11":"instock","12":"shipping-taxable","13":"product-type-simple"},"jetpack_sharing_enabled":true,"_links":{"self":[{"href":"https:\/\/yebodaglass.com\/fr\/wp-json\/wp\/v2\/product\/24213","targetHints":{"allow":["GET"]}}],"collection":[{"href":"https:\/\/yebodaglass.com\/fr\/wp-json\/wp\/v2\/product"}],"about":[{"href":"https:\/\/yebodaglass.com\/fr\/wp-json\/wp\/v2\/types\/product"}],"version-history":[{"count":5,"href":"https:\/\/yebodaglass.com\/fr\/wp-json\/wp\/v2\/product\/24213\/revisions"}],"predecessor-version":[{"id":25598,"href":"https:\/\/yebodaglass.com\/fr\/wp-json\/wp\/v2\/product\/24213\/revisions\/25598"}],"wp:featuredmedia":[{"embeddable":true,"href":"https:\/\/yebodaglass.com\/fr\/wp-json\/wp\/v2\/media\/24214"}],"wp:attachment":[{"href":"https:\/\/yebodaglass.com\/fr\/wp-json\/wp\/v2\/media?parent=24213"}],"wp:term":[{"taxonomy":"product_brand","embeddable":true,"href":"https:\/\/yebodaglass.com\/fr\/wp-json\/wp\/v2\/product_brand?post=24213"},{"taxonomy":"product_cat","embeddable":true,"href":"https:\/\/yebodaglass.com\/fr\/wp-json\/wp\/v2\/product_cat?post=24213"},{"taxonomy":"product_tag","embeddable":true,"href":"https:\/\/yebodaglass.com\/fr\/wp-json\/wp\/v2\/product_tag?post=24213"}],"curies":[{"name":"wp","href":"https:\/\/api.w.org\/{rel}","templated":true}]}}