{"id":24212,"date":"2025-12-01T11:58:09","date_gmt":"2025-12-01T03:58:09","guid":{"rendered":"https:\/\/yebodaglass.com\/?post_type=product&#038;p=24212"},"modified":"2025-12-02T13:23:40","modified_gmt":"2025-12-02T05:23:40","slug":"bulk-unique-airtight-small-glass-jars-for-food-storage","status":"publish","type":"product","link":"https:\/\/yebodaglass.com\/fr\/bulk-unique-airtight-small-glass-jars-for-food-storage\/","title":{"rendered":"Lot de petits bocaux en verre herm\u00e9tiques uniques de 100 ml pour la conservation des aliments"},"content":{"rendered":"<p data-start=\"66\" data-end=\"288\">Ces petits bocaux herm\u00e9tiques en verre, de forme arrondie, apporteront une touche d&#039;\u00e9l\u00e9gance \u00e0 votre plan de travail.<\/p>\n<h2>Caract\u00e9ristiques du produit<\/h2>\n<ul>\n<li><strong>Forme unique transparente :<\/strong> Un r\u00e9cipient en verre totalement transparent de forme arrondie permet non seulement de bien voir le contenu, mais peut aussi servir \u00e0 la d\u00e9coration.<\/li>\n<li><strong>Conception \u00e0 fermeture par pression :<\/strong> Le couvercle m\u00e9tallique \u00e0 fermeture clipsable assure une excellente \u00e9tanch\u00e9it\u00e9, emp\u00eachant ainsi efficacement l&#039;humidit\u00e9 de p\u00e9n\u00e9trer et pr\u00e9servant la fra\u00eecheur du produit. Son ouverture et sa fermeture sont tr\u00e8s simples et pratiques.<\/li>\n<li><strong>Petite capacit\u00e9 :<\/strong> Son petit volume est id\u00e9al pour conserver de petites choses comme des bonbons, des tisanes et des en-cas, \u00e9vitant ainsi le gaspillage li\u00e9 \u00e0 l&#039;ouverture de grands bocaux d\u00e9j\u00e0 entam\u00e9s.<\/li>\n<\/ul>\n<h2 style=\"text-align: left;\">Sp\u00e9cifications cl\u00e9s<\/h2>\n<table class=\"aligncenter\" style=\"border-collapse: collapse; width: 394.52pt;\" border=\"0\" width=\"526\" cellspacing=\"0\" cellpadding=\"0\">\n<tbody>\n<tr style=\"height: 13.50pt;\">\n<td style=\"height: 13.50pt; width: 92.25pt;\" width=\"123\" height=\"18\">Sp\u00e9cification<\/td>\n<td style=\"width: 302.25pt;\" width=\"403\">D\u00e9tails<\/td>\n<\/tr>\n<tr style=\"height: 13.50pt;\">\n<td style=\"height: 13.50pt;\" height=\"18\">Capacit\u00e9<\/td>\n<td>100 ml<\/td>\n<\/tr>\n<tr style=\"height: 13.50pt;\">\n<td style=\"height: 13.50pt;\" height=\"18\">Dimensions<\/td>\n<td>5,6 \u00d7 8,4 cm (Base \u00d7 Hauteur)<\/td>\n<\/tr>\n<tr style=\"height: 13.50pt;\">\n<td style=\"height: 13.50pt;\" height=\"18\">Mat\u00e9riau<\/td>\n<td>Verre transparent<\/td>\n<\/tr>\n<tr style=\"height: 13.50pt;\">\n<td style=\"height: 13.50pt;\" height=\"18\">Type de couvercle<\/td>\n<td>Couvercle \u00e0 pince m\u00e9tallique avec anse en fil de fer<\/td>\n<\/tr>\n<tr style=\"height: 13.50pt;\">\n<td style=\"height: 13.50pt;\" height=\"18\">Id\u00e9al pour<\/td>\n<td>Bocaux en verre pour la conservation des aliments, petits bocaux herm\u00e9tiques<\/td>\n<\/tr>\n<\/tbody>\n<\/table>\n<h2>Succ\u00e8s garanti : La gamme de cadeaux d&#039;une marque de th\u00e9 haut de gamme est devenue une v\u00e9ritable success story.<\/h2>\n<p>Une marque de th\u00e9 de luxe recherchait un emballage \u00e0 la hauteur de sa nouvelle gamme d&#039;\u00e9chantillons de th\u00e9s premium. Elle a finalement opt\u00e9 pour nos bocaux en verre herm\u00e9tiques de 100 ml, principalement s\u00e9duite par leur forme originale. Celle-ci est devenue sa marque de fabrique, entra\u00eenant une augmentation de 40 % des mentions sur les r\u00e9seaux sociaux et des contenus g\u00e9n\u00e9r\u00e9s par les utilisateurs. Les d\u00e9taillants ont constat\u00e9 que cette forme unique avait g\u00e9n\u00e9r\u00e9 une hausse de 35 % des achats impulsifs. Forts de ces excellents r\u00e9sultats, ils ont pass\u00e9 une commande de plus de 200\u00a0000 bocaux pour leur collection de cadeaux de fin d&#039;ann\u00e9e.<\/p>\n<h2>Possibilit\u00e9s de personnalisation des petits pots herm\u00e9tiques<\/h2>\n<ul>\n<li>Options de vitraux \u2013 Des bocaux en verre teint\u00e9 sont disponibles pour les articles sensibles \u00e0 la lumi\u00e8re.<\/li>\n<li>Logo s\u00e9rigraphi\u00e9 \u2013 Le produit utilise une encre c\u00e9ramique longue dur\u00e9e qui \u00e9pouse parfaitement les courbes du pot.<\/li>\n<li>Finition mate \u2013 Une couche douce au toucher recouvre l&#039;ensemble du pot pour une meilleure prise en main.<\/li>\n<li>Grille de capacit\u00e9 \u2013 Divisions tr\u00e8s fines pour une mesure pr\u00e9cise<\/li>\n<\/ul>\n<p>Vous avez des produits auxquels vous souhaitez ajouter une touche d&#039;originalit\u00e9\u00a0? Contactez-nous imm\u00e9diatement pour conna\u00eetre les prix de gros de ces bocaux herm\u00e9tiques uniques.<\/p>","protected":false},"excerpt":{"rendered":"<p>D\u00e9couvrez des petits bocaux herm\u00e9tiques con\u00e7us pour une fra\u00eecheur optimale\u00a0: des bocaux en verre transparent de qualit\u00e9 sup\u00e9rieure pour la conservation des aliments, dot\u00e9s d\u2019une fermeture \u00e0 clip compacte et disponibles avec une livraison rapide.<\/p>","protected":false},"featured_media":24225,"template":"","meta":[],"product_brand":[],"product_cat":[122,134,124],"product_tag":[],"class_list":{"0":"post-24212","1":"product","2":"type-product","3":"status-publish","4":"has-post-thumbnail","6":"product_cat-custom-glass-packaging","7":"product_cat-airtight-jars","8":"product_cat-custom-glass-jars","10":"first","11":"instock","12":"shipping-taxable","13":"product-type-simple"},"jetpack_sharing_enabled":true,"_links":{"self":[{"href":"https:\/\/yebodaglass.com\/fr\/wp-json\/wp\/v2\/product\/24212","targetHints":{"allow":["GET"]}}],"collection":[{"href":"https:\/\/yebodaglass.com\/fr\/wp-json\/wp\/v2\/product"}],"about":[{"href":"https:\/\/yebodaglass.com\/fr\/wp-json\/wp\/v2\/types\/product"}],"version-history":[{"count":4,"href":"https:\/\/yebodaglass.com\/fr\/wp-json\/wp\/v2\/product\/24212\/revisions"}],"predecessor-version":[{"id":24247,"href":"https:\/\/yebodaglass.com\/fr\/wp-json\/wp\/v2\/product\/24212\/revisions\/24247"}],"wp:featuredmedia":[{"embeddable":true,"href":"https:\/\/yebodaglass.com\/fr\/wp-json\/wp\/v2\/media\/24225"}],"wp:attachment":[{"href":"https:\/\/yebodaglass.com\/fr\/wp-json\/wp\/v2\/media?parent=24212"}],"wp:term":[{"taxonomy":"product_brand","embeddable":true,"href":"https:\/\/yebodaglass.com\/fr\/wp-json\/wp\/v2\/product_brand?post=24212"},{"taxonomy":"product_cat","embeddable":true,"href":"https:\/\/yebodaglass.com\/fr\/wp-json\/wp\/v2\/product_cat?post=24212"},{"taxonomy":"product_tag","embeddable":true,"href":"https:\/\/yebodaglass.com\/fr\/wp-json\/wp\/v2\/product_tag?post=24212"}],"curies":[{"name":"wp","href":"https:\/\/api.w.org\/{rel}","templated":true}]}}