{"id":24205,"date":"2025-12-01T11:14:09","date_gmt":"2025-12-01T03:14:09","guid":{"rendered":"https:\/\/yebodaglass.com\/?post_type=product&#038;p=24205"},"modified":"2025-12-01T11:52:30","modified_gmt":"2025-12-01T03:52:30","slug":"bulk-small-square-glass-food-storage-jars","status":"publish","type":"product","link":"https:\/\/yebodaglass.com\/fr\/bulk-small-square-glass-food-storage-jars\/","title":{"rendered":"Lot de petits bocaux carr\u00e9s en verre de 100 ml pour la conservation des aliments, avec couvercles herm\u00e9tiques"},"content":{"rendered":"<p data-start=\"66\" data-end=\"288\"><span class=\"bg-green-200\">Ces \u00e9l\u00e9gants,<\/span> soign\u00e9 <span class=\"bg-green-200\">petit<\/span> Des bocaux en verre herm\u00e9tiques sont fabriqu\u00e9s <span class=\"bg-green-200\">depuis<\/span> verre transparent clair et <span class=\"bg-green-200\">Passez une merveilleuse journ\u00e9e<\/span> Forme carr\u00e9e. <span class=\"bg-green-200\">Elles seraient parfaites pour ranger ou transporter de petits objets dans votre cuisine gr\u00e2ce \u00e0 leur<\/span> petit <span class=\"bg-green-200\">Dimensions, surface lisse et style fonctionnel.<\/span><\/p>\n<h2>Caract\u00e9ristiques du produit<\/h2>\n<ul>\n<li><strong>Design carr\u00e9 clair :<\/strong> Un r\u00e9cipient en verre parfaitement transparent et une forme carr\u00e9e miniature permettent \u00e0 l&#039;utilisateur de v\u00e9rifier visuellement son contenu ; sa petite taille le rend id\u00e9al pour les plans de travail, les bo\u00eetes de rangement et autres espaces restreints.<\/li>\n<li><strong>Conception \u00e0 fermeture par pression :<\/strong> Un couvercle m\u00e9tallique \u00e0 pression assure une fermeture herm\u00e9tique, pr\u00e9servant ainsi la fra\u00eecheur du contenu et le prot\u00e9geant de l&#039;humidit\u00e9. Son ouverture et sa fermeture sont tr\u00e8s simples et pratiques.<\/li>\n<li><strong>Convient aux petites capacit\u00e9s :<\/strong> Un petit r\u00e9cipient est id\u00e9al pour ranger de petites quantit\u00e9s d&#039;objets, comme des boucles d&#039;oreilles, des perles de bougie parfum\u00e9e et des petits \u00e9chantillons d&#039;\u00e9pices, sans encombrer l&#039;espace de rangement.<\/li>\n<\/ul>\n<h2 style=\"text-align: left;\">Sp\u00e9cifications cl\u00e9s<\/h2>\n<table class=\"aligncenter\" style=\"border-collapse: collapse; width: 414.77pt;\" border=\"0\" width=\"553\" cellspacing=\"0\" cellpadding=\"0\">\n<tbody>\n<tr style=\"height: 13.50pt;\">\n<td style=\"height: 13.50pt; width: 99.75pt;\" width=\"133\" height=\"18\">Sp\u00e9cification<\/td>\n<td style=\"width: 315.00pt;\" width=\"420\">D\u00e9tails<\/td>\n<\/tr>\n<tr style=\"height: 13.50pt;\">\n<td style=\"height: 13.50pt;\" height=\"18\">Capacit\u00e9<\/td>\n<td>100 ml<\/td>\n<\/tr>\n<tr style=\"height: 13.50pt;\">\n<td style=\"height: 13.50pt;\" height=\"18\">Dimensions<\/td>\n<td>5,1 \u00d7 7,9 cm (Base \u00d7 Hauteur)<\/td>\n<\/tr>\n<tr style=\"height: 13.50pt;\">\n<td style=\"height: 13.50pt;\" height=\"18\">Diam\u00e8tre de la bouche<\/td>\n<td>4,3 cm<\/td>\n<\/tr>\n<tr style=\"height: 13.50pt;\">\n<td style=\"height: 13.50pt;\" height=\"18\">Mat\u00e9riau<\/td>\n<td>Verre transparent<\/td>\n<\/tr>\n<tr style=\"height: 13.50pt;\">\n<td style=\"height: 13.50pt;\" height=\"18\">Type de couvercle<\/td>\n<td>Couvercle \u00e0 pince m\u00e9tallique avec anse en fil de fer<\/td>\n<\/tr>\n<tr style=\"height: 13.50pt;\">\n<td style=\"height: 13.50pt;\" height=\"18\">Id\u00e9al pour<\/td>\n<td>bocaux carr\u00e9s en verre pour la conservation des aliments, bocaux en verre herm\u00e9tiques<\/td>\n<\/tr>\n<\/tbody>\n<\/table>\n<h2>\u00c9tude de cas : Solution d&#039;emballage pour une entreprise sp\u00e9cialis\u00e9e dans les \u00e9pices<\/h2>\n<p>Une entreprise de produits d&#039;\u00e9pices haut de gamme recherchait des bocaux en verre \u00e9l\u00e9gants, de petite taille et herm\u00e9tiques pour le conditionnement d&#039;une nouvelle gamme d&#039;assaisonnements. Elle a opt\u00e9 pour nos bocaux carr\u00e9s de 100 ml pour la conservation des aliments. Les retours clients indiquent que cet emballage a permis d&#039;allonger la dur\u00e9e de conservation de 40 % par rapport \u00e0 l&#039;emballage pr\u00e9c\u00e9dent. De plus, la transparence du design carr\u00e9 a contribu\u00e9 \u00e0 augmenter les ventes de 30 %. Forts de ces excellents r\u00e9sultats, ils ont pass\u00e9 une nouvelle commande de 150\u00a0000 bocaux afin d&#039;\u00e9largir leur gamme.<\/p>\n<h2>Options de personnalisation pour les petits bocaux en verre herm\u00e9tiques<\/h2>\n<ul>\n<li>Marqueurs de capacit\u00e9 en relief \u2013 Gr\u00e2ce \u00e0 l&#039;ajout de graduations fines pour un dosage pr\u00e9cis<\/li>\n<li>Options de joints d&#039;\u00e9tanch\u00e9it\u00e9 color\u00e9s \u2013 Les joints d&#039;\u00e9tanch\u00e9it\u00e9 en silicone peuvent \u00eatre de diff\u00e9rentes couleurs pour correspondre aux syst\u00e8mes de stockage \u00e0 code couleur.<\/li>\n<li>Rev\u00eatement textur\u00e9 mat \u2013 Le rev\u00eatement doux au toucher offre une meilleure prise en main<\/li>\n<li>Variations de forme personnalis\u00e9es \u2013 Modification des rayons d&#039;angle pour un look unique<\/li>\n<\/ul>","protected":false},"excerpt":{"rendered":"<p>Our small glass jars with airtight lids and small airtight jars deliver clean sealing and sleek design for food and craft use\u2014request free samples today.<\/p>","protected":false},"featured_media":24207,"template":"","meta":[],"product_brand":[],"product_cat":[122,134,124],"product_tag":[],"class_list":{"0":"post-24205","1":"product","2":"type-product","3":"status-publish","4":"has-post-thumbnail","6":"product_cat-custom-glass-packaging","7":"product_cat-airtight-jars","8":"product_cat-custom-glass-jars","10":"first","11":"instock","12":"shipping-taxable","13":"product-type-simple"},"jetpack_sharing_enabled":true,"_links":{"self":[{"href":"https:\/\/yebodaglass.com\/fr\/wp-json\/wp\/v2\/product\/24205","targetHints":{"allow":["GET"]}}],"collection":[{"href":"https:\/\/yebodaglass.com\/fr\/wp-json\/wp\/v2\/product"}],"about":[{"href":"https:\/\/yebodaglass.com\/fr\/wp-json\/wp\/v2\/types\/product"}],"version-history":[{"count":2,"href":"https:\/\/yebodaglass.com\/fr\/wp-json\/wp\/v2\/product\/24205\/revisions"}],"predecessor-version":[{"id":24211,"href":"https:\/\/yebodaglass.com\/fr\/wp-json\/wp\/v2\/product\/24205\/revisions\/24211"}],"wp:featuredmedia":[{"embeddable":true,"href":"https:\/\/yebodaglass.com\/fr\/wp-json\/wp\/v2\/media\/24207"}],"wp:attachment":[{"href":"https:\/\/yebodaglass.com\/fr\/wp-json\/wp\/v2\/media?parent=24205"}],"wp:term":[{"taxonomy":"product_brand","embeddable":true,"href":"https:\/\/yebodaglass.com\/fr\/wp-json\/wp\/v2\/product_brand?post=24205"},{"taxonomy":"product_cat","embeddable":true,"href":"https:\/\/yebodaglass.com\/fr\/wp-json\/wp\/v2\/product_cat?post=24205"},{"taxonomy":"product_tag","embeddable":true,"href":"https:\/\/yebodaglass.com\/fr\/wp-json\/wp\/v2\/product_tag?post=24205"}],"curies":[{"name":"wp","href":"https:\/\/api.w.org\/{rel}","templated":true}]}}