{"id":24195,"date":"2025-12-01T09:53:22","date_gmt":"2025-12-01T01:53:22","guid":{"rendered":"https:\/\/yebodaglass.com\/?post_type=product&#038;p=24195"},"modified":"2025-12-01T11:13:59","modified_gmt":"2025-12-01T03:13:59","slug":"wholesale-cylindrical-small-airtight-jars-with-lids","status":"publish","type":"product","link":"https:\/\/yebodaglass.com\/fr\/wholesale-cylindrical-small-airtight-jars-with-lids\/","title":{"rendered":"Bocaux cylindriques herm\u00e9tiques en gros, petits, avec couvercles, 45 ml, 60 ml, 100 ml, 130 ml"},"content":{"rendered":"<p data-start=\"66\" data-end=\"288\">Ces petits bocaux herm\u00e9tiques sont tous identiques et poss\u00e8dent une fermeture \u00e0 clip m\u00e9tallique. Ils sont fabriqu\u00e9s en verre cylindrique transparent. Chaque bocal est \u00e9galement muni d&#039;une fermeture \u00e0 clip m\u00e9tallique. Parfaits pour les petits espaces, ils sont id\u00e9aux pour ranger les petits ustensiles de cuisine ou le mat\u00e9riel de loisirs cr\u00e9atifs.<\/p>\n<h2>Caract\u00e9ristiques du produit<\/h2>\n<ul>\n<li><strong>Mat\u00e9riau transparent et fin :<\/strong> Ces r\u00e9cipients sont enti\u00e8rement fabriqu\u00e9s en verre transparent, ce qui permet de voir leur contenu sans les ouvrir. De plus, leur format compact les rend id\u00e9aux pour les petits espaces de rangement.<\/li>\n<li><strong>Conception \u00e0 fermeture rapide :<\/strong> Le syst\u00e8me de fermeture m\u00e9tallique \u00e0 clip de ces bocaux assure une \u00e9tanch\u00e9it\u00e9 parfaite, emp\u00eachant toute infiltration d&#039;humidit\u00e9 et pr\u00e9servant ainsi la fra\u00eecheur des aliments. De plus, l&#039;ouverture et la fermeture sont tr\u00e8s faciles.<\/li>\n<li><strong>Taille compacte et capacit\u00e9 :<\/strong> Ces petits pots sont parfaits pour conserver de petites quantit\u00e9s de produits comme des \u00e9pices reconditionn\u00e9es ou de petits \u00e9chantillons de tisanes, r\u00e9duisant ainsi le gaspillage li\u00e9 \u00e0 l&#039;ouverture de grands bocaux.<\/li>\n<\/ul>\n<h2 style=\"text-align: left;\">Sp\u00e9cifications cl\u00e9s<\/h2>\n<table class=\"aligncenter\" style=\"border-collapse: collapse; width: 414.77pt;\" border=\"0\" width=\"553\" cellspacing=\"0\" cellpadding=\"0\">\n<tbody>\n<tr style=\"height: 13.50pt;\">\n<td style=\"height: 13.50pt; width: 99.75pt;\" width=\"133\" height=\"18\">Sp\u00e9cification<\/td>\n<td style=\"width: 315.00pt;\" width=\"420\">D\u00e9tails<\/td>\n<\/tr>\n<tr style=\"height: 13.50pt;\">\n<td style=\"height: 13.50pt;\" height=\"18\">Capacit\u00e9<\/td>\n<td>45 ml \/ 60 ml \/ 100 ml \/ 130 ml<\/td>\n<\/tr>\n<tr style=\"height: 13.50pt;\">\n<td style=\"height: 13.50pt;\" height=\"18\">Dimensions<\/td>\n<td>4,5 \u00d7 6,5 cm \/ 4,4 \u00d7 8,5 cm \/ 4,4 \u00d7 10,8 cm \/ 4,4 \u00d7 13,2 cm<\/td>\n<\/tr>\n<tr style=\"height: 13.50pt;\">\n<td style=\"height: 13.50pt;\" height=\"18\">Mat\u00e9riau<\/td>\n<td>Verre transparent<\/td>\n<\/tr>\n<tr style=\"height: 13.50pt;\">\n<td style=\"height: 13.50pt;\" height=\"18\">Type de couvercle<\/td>\n<td>Couvercle \u00e0 pince m\u00e9tallique avec \u00e9trier en fil de fer (argent\u00e9)<\/td>\n<\/tr>\n<tr style=\"height: 13.50pt;\">\n<td style=\"height: 13.50pt;\" height=\"18\">Id\u00e9al pour<\/td>\n<td>Petits bocaux herm\u00e9tiques, bocaux de conservation en verre<\/td>\n<\/tr>\n<\/tbody>\n<\/table>\n<h2>T\u00e9moignage de r\u00e9ussite\u00a0: Solution d\u2019\u00e9chantillon de Fine Tea Company<\/h2>\n<p>Une entreprise de th\u00e9 haut de gamme recherchait des petits pots herm\u00e9tiques au design \u00e9l\u00e9gant pour ses \u00e9chantillons et coffrets cadeaux. Elle a choisi nos petits pots en verre de 60 ml avec couvercle herm\u00e9tique pour y conserver ses \u00e9chantillons de th\u00e9 de haute qualit\u00e9. Gr\u00e2ce \u00e0 leur format compact, elle a pu cr\u00e9er d&#039;\u00e9l\u00e9gants coffrets d&#039;\u00e9chantillons, permettant ainsi de pr\u00e9senter astucieusement 12 th\u00e9s diff\u00e9rents. La satisfaction client concernant les \u00e9chantillons a augment\u00e9 de 40 %, et le taux de conversion des \u00e9chantillons en achats de th\u00e9s en format standard a \u00e9galement progress\u00e9 de 25 %. Forte de ce succ\u00e8s, l&#039;entreprise a pass\u00e9 commande de 200\u00a0000 pots en verre pour soutenir une campagne de d\u00e9gustation de th\u00e9s \u00e0 travers tout le pays.<\/p>\n<h2>Options de personnalisation pour petits bocaux herm\u00e9tiques<\/h2>\n<ul>\n<li>Couvercles en verre color\u00e9 \u2013 Couvercles en verre teint\u00e9 pour objets sensibles \u00e0 la lumi\u00e8re<\/li>\n<li>S\u00e9rigraphie de pr\u00e9cision \u2013 Logos miniatures imprim\u00e9s \u00e0 l&#039;encre c\u00e9ramique<\/li>\n<li>Graduations de capacit\u00e9 \u2013 Petites lignes de graduation ajout\u00e9es pour un dosage pr\u00e9cis<\/li>\n<li>Bandes d\u00e9coratives givr\u00e9es \u2013 De magnifiques rayures mates obtenues par gravure s\u00e9lective<\/li>\n<\/ul>\n<p>Envie de ranger vos petits objets ? Contactez-nous d\u00e8s aujourd&#039;hui pour conna\u00eetre nos tarifs de gros sur ces petits bocaux en verre peu encombrants avec couvercles herm\u00e9tiques.<\/p>","protected":false},"excerpt":{"rendered":"<p>Petits bocaux cylindriques en verre herm\u00e9tiques avec couvercles, et petits bocaux herm\u00e9tiques pour \u00e9pices, \u00e9chantillons et stockage \u2014 qualit\u00e9 sup\u00e9rieure, exp\u00e9dition rapide pour les acheteurs en gros.<\/p>","protected":false},"featured_media":24199,"template":"","meta":[],"product_brand":[],"product_cat":[122,134,124],"product_tag":[],"class_list":{"0":"post-24195","1":"product","2":"type-product","3":"status-publish","4":"has-post-thumbnail","6":"product_cat-custom-glass-packaging","7":"product_cat-airtight-jars","8":"product_cat-custom-glass-jars","10":"first","11":"instock","12":"shipping-taxable","13":"product-type-simple"},"jetpack_sharing_enabled":true,"_links":{"self":[{"href":"https:\/\/yebodaglass.com\/fr\/wp-json\/wp\/v2\/product\/24195","targetHints":{"allow":["GET"]}}],"collection":[{"href":"https:\/\/yebodaglass.com\/fr\/wp-json\/wp\/v2\/product"}],"about":[{"href":"https:\/\/yebodaglass.com\/fr\/wp-json\/wp\/v2\/types\/product"}],"version-history":[{"count":4,"href":"https:\/\/yebodaglass.com\/fr\/wp-json\/wp\/v2\/product\/24195\/revisions"}],"predecessor-version":[{"id":24204,"href":"https:\/\/yebodaglass.com\/fr\/wp-json\/wp\/v2\/product\/24195\/revisions\/24204"}],"wp:featuredmedia":[{"embeddable":true,"href":"https:\/\/yebodaglass.com\/fr\/wp-json\/wp\/v2\/media\/24199"}],"wp:attachment":[{"href":"https:\/\/yebodaglass.com\/fr\/wp-json\/wp\/v2\/media?parent=24195"}],"wp:term":[{"taxonomy":"product_brand","embeddable":true,"href":"https:\/\/yebodaglass.com\/fr\/wp-json\/wp\/v2\/product_brand?post=24195"},{"taxonomy":"product_cat","embeddable":true,"href":"https:\/\/yebodaglass.com\/fr\/wp-json\/wp\/v2\/product_cat?post=24195"},{"taxonomy":"product_tag","embeddable":true,"href":"https:\/\/yebodaglass.com\/fr\/wp-json\/wp\/v2\/product_tag?post=24195"}],"curies":[{"name":"wp","href":"https:\/\/api.w.org\/{rel}","templated":true}]}}