{"id":24163,"date":"2025-11-28T10:31:40","date_gmt":"2025-11-28T02:31:40","guid":{"rendered":"https:\/\/yebodaglass.com\/?post_type=product&#038;p=24163"},"modified":"2025-11-28T11:43:27","modified_gmt":"2025-11-28T03:43:27","slug":"bulk-large-square-glass-food-storage-jars-with-lids","status":"publish","type":"product","link":"https:\/\/yebodaglass.com\/fr\/bulk-large-square-glass-food-storage-jars-with-lids\/","title":{"rendered":"Bocaux alimentaires carr\u00e9s en verre de grande capacit\u00e9 (50 oz, 64 oz, 100 oz) avec couvercles"},"content":{"rendered":"<p data-start=\"66\" data-end=\"288\">Ces grands bocaux de conservation en verre transparent, avec couvercle, se d\u00e9clinent en trois formes rectangulaires tendance. Chaque bocal est muni d&#039;un couvercle m\u00e9tallique \u00e0 fermeture herm\u00e9tique.<\/p>\n<h2>Caract\u00e9ristiques du produit<\/h2>\n<ul>\n<li><strong>Mat\u00e9riau rectangulaire transparent :<\/strong> Le corps en verre est transparent, ce qui permet de conna\u00eetre imm\u00e9diatement le contenu et de suivre les stocks sans ouvrir le bocal.<\/li>\n<li><strong>Conception \u00e0 fermeture rapide :<\/strong> Dot\u00e9 d&#039;un couvercle m\u00e9tallique \u00e0 fermeture herm\u00e9tique, ce bocal assure une excellente \u00e9tanch\u00e9it\u00e9, le prot\u00e9geant ainsi parfaitement de la vapeur d&#039;eau et pr\u00e9servant la fra\u00eecheur de son contenu. Son ouverture et sa fermeture sont simples et pratiques.<\/li>\n<li><strong>Grande capacit\u00e9 :<\/strong> Ces conteneurs de stockage de grande capacit\u00e9 vous offriront suffisamment d&#039;espace dans votre cuisine ; ils sont donc parfaits pour stocker une grande quantit\u00e9 de riz, de c\u00e9r\u00e9ales ou de toute autre mati\u00e8re premi\u00e8re, etc., et vous permettront de r\u00e9duire vos achats de conteneurs.<\/li>\n<\/ul>\n<h2 style=\"text-align: left;\">Sp\u00e9cifications cl\u00e9s<\/h2>\n<table class=\"aligncenter\" style=\"border-collapse: collapse; width: 438.02pt;\" border=\"0\" width=\"584\" cellspacing=\"0\" cellpadding=\"0\">\n<tbody>\n<tr style=\"height: 13.50pt;\">\n<td style=\"height: 13.50pt; width: 99.75pt;\" width=\"133\" height=\"18\">Sp\u00e9cification<\/td>\n<td style=\"width: 338.25pt;\" width=\"451\">D\u00e9tails<\/td>\n<\/tr>\n<tr style=\"height: 13.50pt;\">\n<td style=\"height: 13.50pt;\" height=\"18\">Capacit\u00e9<\/td>\n<td>1500 ml (50 oz) \/ 2000 ml (64 oz) \/ 3000 ml (100 oz)<\/td>\n<\/tr>\n<tr style=\"height: 13.50pt;\">\n<td style=\"height: 13.50pt;\" height=\"18\">Dimensions<\/td>\n<td>11,4 \u00d7 19,5 cm \/ 11,4 \u00d7 25,8 cm \/ 14,2 \u00d7 23,9 cm<\/td>\n<\/tr>\n<tr style=\"height: 13.50pt;\">\n<td style=\"height: 13.50pt;\" height=\"18\">Mat\u00e9riau<\/td>\n<td>Verre \u00e9pais et transparent<\/td>\n<\/tr>\n<tr style=\"height: 13.50pt;\">\n<td style=\"height: 13.50pt;\" height=\"18\">Type\/Couleur du couvercle<\/td>\n<td>Couvercle \u00e0 pince m\u00e9tallique avec anse en fil de fer<\/td>\n<\/tr>\n<tr style=\"height: 13.50pt;\">\n<td style=\"height: 13.50pt;\" height=\"18\">Id\u00e9al pour<\/td>\n<td>Bocaux de conservation en verre avec couvercles, bocaux de conservation en verre<\/td>\n<\/tr>\n<\/tbody>\n<\/table>\n<h2>T\u00e9moignage de r\u00e9ussite : Solution d&#039;ingr\u00e9dients pour une boulangerie commerciale<\/h2>\n<p>Une boulangerie artisanale en pleine expansion, \u00e0 la recherche d&#039;une solution de stockage plus efficace pour sa farine et son sucre en vrac, a opt\u00e9 pour nos grands bocaux carr\u00e9s en verre de 2000 ml. L&#039;\u00e9tanch\u00e9it\u00e9 a \u00e9t\u00e9 jug\u00e9e primordiale\u00a0: elle a non seulement prolong\u00e9 la dur\u00e9e de conservation de la farine de 60\u00a0%, mais a \u00e9galement emp\u00each\u00e9 toute infestation de nuisibles. Gr\u00e2ce \u00e0 leur forme rectangulaire, ces bocaux leur ont permis de stocker 40\u00a0% d&#039;ingr\u00e9dients en plus dans le m\u00eame espace, optimisant ainsi l&#039;agencement de leur petite cuisine. D\u00e9sormais, le stockage est standardis\u00e9 dans tous leurs points de vente, et ils ont pass\u00e9 une nouvelle commande de 500\u00a0000 bocaux en verre.<\/p>\n<h2>Options de personnalisation des bocaux alimentaires en verre\u00a0:<\/h2>\n<ul>\n<li>Marquages \u200b\u200bde volume en relief \u2013 Ajoutez des marquages \u200b\u200ben relief permanents pour un contr\u00f4le facile des portions.<\/li>\n<li>\u00c9tiquettes s\u00e9rigraphi\u00e9es \u2013 Grands logos de marque r\u00e9sistants imprim\u00e9s \u00e0 l&#039;encre c\u00e9ramique.<\/li>\n<li>Conception de base renforc\u00e9e \u2013 Verre \u00e9paissi pour supporter des articles plus lourds tels que la farine ou les c\u00e9r\u00e9ales.<\/li>\n<li>Poign\u00e9es int\u00e9gr\u00e9es \u2013 Poign\u00e9es en verre moul\u00e9 en option pour une manipulation ais\u00e9e des bocaux pleins.<\/li>\n<\/ul>\n<p>Vous souhaitez optimiser votre espace de rangement ? N&#039;h\u00e9sitez pas \u00e0 nous contacter pour conna\u00eetre les prix de gros de ces grands bocaux carr\u00e9s en verre, peu encombrants.<\/p>","protected":false},"excerpt":{"rendered":"<p>Choisissez des bocaux de conservation en verre r\u00e9sistant avec couvercles et de grands bocaux carr\u00e9s en verre de haute qualit\u00e9 \u2013 vente directe d&#039;usine. \u00c9chantillons gratuits.<\/p>","protected":false},"featured_media":24166,"template":"","meta":[],"product_brand":[],"product_cat":[122,134,124],"product_tag":[],"class_list":{"0":"post-24163","1":"product","2":"type-product","3":"status-publish","4":"has-post-thumbnail","6":"product_cat-custom-glass-packaging","7":"product_cat-airtight-jars","8":"product_cat-custom-glass-jars","10":"first","11":"instock","12":"shipping-taxable","13":"product-type-simple"},"jetpack_sharing_enabled":true,"_links":{"self":[{"href":"https:\/\/yebodaglass.com\/fr\/wp-json\/wp\/v2\/product\/24163","targetHints":{"allow":["GET"]}}],"collection":[{"href":"https:\/\/yebodaglass.com\/fr\/wp-json\/wp\/v2\/product"}],"about":[{"href":"https:\/\/yebodaglass.com\/fr\/wp-json\/wp\/v2\/types\/product"}],"version-history":[{"count":4,"href":"https:\/\/yebodaglass.com\/fr\/wp-json\/wp\/v2\/product\/24163\/revisions"}],"predecessor-version":[{"id":24190,"href":"https:\/\/yebodaglass.com\/fr\/wp-json\/wp\/v2\/product\/24163\/revisions\/24190"}],"wp:featuredmedia":[{"embeddable":true,"href":"https:\/\/yebodaglass.com\/fr\/wp-json\/wp\/v2\/media\/24166"}],"wp:attachment":[{"href":"https:\/\/yebodaglass.com\/fr\/wp-json\/wp\/v2\/media?parent=24163"}],"wp:term":[{"taxonomy":"product_brand","embeddable":true,"href":"https:\/\/yebodaglass.com\/fr\/wp-json\/wp\/v2\/product_brand?post=24163"},{"taxonomy":"product_cat","embeddable":true,"href":"https:\/\/yebodaglass.com\/fr\/wp-json\/wp\/v2\/product_cat?post=24163"},{"taxonomy":"product_tag","embeddable":true,"href":"https:\/\/yebodaglass.com\/fr\/wp-json\/wp\/v2\/product_tag?post=24163"}],"curies":[{"name":"wp","href":"https:\/\/api.w.org\/{rel}","templated":true}]}}