{"id":24154,"date":"2025-11-28T08:55:51","date_gmt":"2025-11-28T00:55:51","guid":{"rendered":"https:\/\/yebodaglass.com\/?post_type=product&#038;p=24154"},"modified":"2025-11-28T11:44:03","modified_gmt":"2025-11-28T03:44:03","slug":"bulk-clear-square-glass-storage-jars-with-glass-lids","status":"publish","type":"product","link":"https:\/\/yebodaglass.com\/fr\/bulk-clear-square-glass-storage-jars-with-glass-lids\/","title":{"rendered":"Bocaux de conservation carr\u00e9s en verre transparent avec couvercles en verre, en vrac\u00a0: 380\u00a0ml, 500\u00a0ml, 750\u00a0ml et 1\u00a0000\u00a0ml."},"content":{"rendered":"<p data-start=\"66\" data-end=\"288\">Ces bocaux de conservation carr\u00e9s en verre transparent sont disponibles en quatre tailles diff\u00e9rentes. De forme carr\u00e9e arrondie, ils sont fournis avec un couvercle en verre \u00e0 fermeture m\u00e9tallique simple.<\/p>\n<h2>Caract\u00e9ristiques du produit<\/h2>\n<ul>\n<li><strong>Mat\u00e9riau carr\u00e9 transparent :<\/strong> L&#039;utilisation de verre enti\u00e8rement transparent aux angles carr\u00e9s arrondis permet de voir facilement le contenu, tandis que les bocaux permettent de gagner de la place de rangement par rapport \u00e0 des bocaux purement cylindriques.<\/li>\n<li><strong>Conception \u00e0 fermeture par pression :<\/strong> Le couvercle m\u00e9tallique \u00e0 pression assure une fermeture herm\u00e9tique optimale, pr\u00e9servant ainsi efficacement la fra\u00eecheur du produit et emp\u00eachant toute alt\u00e9ration par l&#039;humidit\u00e9. Son ouverture et sa fermeture sont tr\u00e8s simples et pratiques.<\/li>\n<li><strong>Quatre tailles diff\u00e9rentes :<\/strong> Les quatre tailles visent \u00e0 accueillir des objets de tailles diff\u00e9rentes (par exemple, des petits pots pour les \u00e9pices, de grands pots pour les produits secs).<\/li>\n<\/ul>\n<h2 style=\"text-align: left;\">Sp\u00e9cifications cl\u00e9s<\/h2>\n<table class=\"aligncenter\" style=\"border-collapse: collapse; width: 435.02pt;\" border=\"0\" width=\"580\" cellspacing=\"0\" cellpadding=\"0\">\n<tbody>\n<tr style=\"height: 13.50pt;\">\n<td style=\"height: 13.50pt; width: 99.75pt;\" width=\"133\" height=\"18\">Sp\u00e9cification<\/td>\n<td style=\"width: 335.25pt;\" width=\"447\">D\u00e9tails<\/td>\n<\/tr>\n<tr style=\"height: 13.50pt;\">\n<td style=\"height: 13.50pt;\" height=\"18\">Capacit\u00e9<\/td>\n<td>380 ml \/ 500 ml \/ 750 ml \/ 1000 ml<\/td>\n<\/tr>\n<tr style=\"height: 13.50pt;\">\n<td style=\"height: 13.50pt;\" height=\"18\">Dimensions<\/td>\n<td>8,7 \u00d7 10 cm \/ 10,8 \u00d7 10 cm \/ 11 \u00d7 12,3 cm \/ 11,3 \u00d7 15 cm<\/td>\n<\/tr>\n<tr style=\"height: 13.50pt;\">\n<td style=\"height: 13.50pt;\" height=\"18\">Mat\u00e9riau<\/td>\n<td>Verre transparent (bocal et couvercle)<\/td>\n<\/tr>\n<tr style=\"height: 13.50pt;\">\n<td style=\"height: 13.50pt;\" height=\"18\">Type\/Couleur du couvercle<\/td>\n<td>Couvercle en verre avec fermeture \u00e0 pince en acier<\/td>\n<\/tr>\n<tr style=\"height: 13.50pt;\">\n<td style=\"height: 13.50pt;\" height=\"18\">Id\u00e9al pour<\/td>\n<td>Bocaux de conservation en verre, bocaux de conservation en verre avec couvercles en verre<\/td>\n<\/tr>\n<\/tbody>\n<\/table>\n<h2>T\u00e9moignage de r\u00e9ussite\u00a0: Comment un salon de th\u00e9 a am\u00e9lior\u00e9 sa pr\u00e9sentation<\/h2>\n<p>Une entreprise de th\u00e9 haut de gamme recherchait une solution de conservation permettant \u00e0 la fois de pr\u00e9senter et de pr\u00e9server la fra\u00eecheur de ses produits. Elle a opt\u00e9 pour nos bocaux carr\u00e9s en verre de 500 ml dans ses boutiques. Gr\u00e2ce \u00e0 leur forme carr\u00e9e, elle a pu exposer 30 % de produits en plus sur le m\u00eame espace de vente. L&#039;\u00e9tanch\u00e9it\u00e9 est telle que le th\u00e9 reste frais pendant des mois, r\u00e9duisant ainsi le gaspillage de 40 %. Forte de ce succ\u00e8s, l&#039;entreprise a pass\u00e9 commande de 25\u00a0000 bocaux en verre pour l&#039;ouverture de nouveaux points de vente.<\/p>\n<h2>Options de personnalisation des bocaux de rangement en verre<\/h2>\n<ul>\n<li>D\u00e9grad\u00e9s s\u00e9rigraphi\u00e9s \u2013 Ajoute des marquages \u200b\u200bde capacit\u00e9 utiles pour faciliter la lecture de la quantit\u00e9 de produit indiqu\u00e9e.<\/li>\n<li>Couvercles en verre color\u00e9 \u2013 Pour les objets sensibles \u00e0 la lumi\u00e8re, veillez \u00e0 utiliser des couvercles en verre color\u00e9.<\/li>\n<li>Couleurs de clips personnalis\u00e9es \u2013 Vous pouvez choisir entre le bronze, le noir ou le nickel pour vos clips.<\/li>\n<li>Options de joints d&#039;\u00e9tanch\u00e9it\u00e9 en silicone \u2013 La couleur du joint d&#039;\u00e9tanch\u00e9it\u00e9 peut \u00eatre celle de votre marque afin de respecter votre charte graphique.<\/li>\n<\/ul>\n<p>Vous souhaitez optimiser votre espace de rangement\u00a0? Contactez-nous d\u00e8s maintenant pour b\u00e9n\u00e9ficier de nos tarifs de gros sur ces magnifiques bocaux carr\u00e9s en verre avec couvercles en verre.<\/p>","protected":false},"excerpt":{"rendered":"<p>Nos bocaux de rangement carr\u00e9s en verre et nos bocaux de rangement en verre avec couvercle sont tr\u00e8s transparents, durables et poss\u00e8dent de bonnes propri\u00e9t\u00e9s d&#039;\u00e9tanch\u00e9it\u00e9 \u2014 des \u00e9chantillons gratuits sont disponibles.<\/p>","protected":false},"featured_media":24157,"template":"","meta":[],"product_brand":[],"product_cat":[122,134,124],"product_tag":[],"class_list":{"0":"post-24154","1":"product","2":"type-product","3":"status-publish","4":"has-post-thumbnail","6":"product_cat-custom-glass-packaging","7":"product_cat-airtight-jars","8":"product_cat-custom-glass-jars","10":"first","11":"instock","12":"shipping-taxable","13":"product-type-simple"},"jetpack_sharing_enabled":true,"_links":{"self":[{"href":"https:\/\/yebodaglass.com\/fr\/wp-json\/wp\/v2\/product\/24154","targetHints":{"allow":["GET"]}}],"collection":[{"href":"https:\/\/yebodaglass.com\/fr\/wp-json\/wp\/v2\/product"}],"about":[{"href":"https:\/\/yebodaglass.com\/fr\/wp-json\/wp\/v2\/types\/product"}],"version-history":[{"count":5,"href":"https:\/\/yebodaglass.com\/fr\/wp-json\/wp\/v2\/product\/24154\/revisions"}],"predecessor-version":[{"id":24189,"href":"https:\/\/yebodaglass.com\/fr\/wp-json\/wp\/v2\/product\/24154\/revisions\/24189"}],"wp:featuredmedia":[{"embeddable":true,"href":"https:\/\/yebodaglass.com\/fr\/wp-json\/wp\/v2\/media\/24157"}],"wp:attachment":[{"href":"https:\/\/yebodaglass.com\/fr\/wp-json\/wp\/v2\/media?parent=24154"}],"wp:term":[{"taxonomy":"product_brand","embeddable":true,"href":"https:\/\/yebodaglass.com\/fr\/wp-json\/wp\/v2\/product_brand?post=24154"},{"taxonomy":"product_cat","embeddable":true,"href":"https:\/\/yebodaglass.com\/fr\/wp-json\/wp\/v2\/product_cat?post=24154"},{"taxonomy":"product_tag","embeddable":true,"href":"https:\/\/yebodaglass.com\/fr\/wp-json\/wp\/v2\/product_tag?post=24154"}],"curies":[{"name":"wp","href":"https:\/\/api.w.org\/{rel}","templated":true}]}}