{"id":24141,"date":"2025-11-27T11:41:17","date_gmt":"2025-11-27T03:41:17","guid":{"rendered":"https:\/\/yebodaglass.com\/?post_type=product&#038;p=24141"},"modified":"2025-11-27T18:27:41","modified_gmt":"2025-11-27T10:27:41","slug":"wholesale-clear-large-glass-food-storage-jars","status":"publish","type":"product","link":"https:\/\/yebodaglass.com\/fr\/wholesale-clear-large-glass-food-storage-jars\/","title":{"rendered":"Bocaux de conservation en verre transparent grand format (64 oz et 100 oz) en gros"},"content":{"rendered":"<p data-start=\"66\" data-end=\"288\">Ces grands bocaux de conservation en verre transparent se d\u00e9clinent en deux formes rondes et fines \u00e9l\u00e9gantes. Chaque bocal est muni d&#039;un couvercle m\u00e9tallique \u00e0 clipser, ce qui en fait un choix pratique pour conserver de grandes quantit\u00e9s d&#039;aliments en cuisine.<\/p>\n<h2>Caract\u00e9ristiques du produit<\/h2>\n<ul>\n<li><strong>Grande capacit\u00e9 :<\/strong> Ces bocaux sont disponibles en deux volumes : 2 litres et 3 litres. Ils permettent de stocker une grande quantit\u00e9 d&#039;un m\u00eame produit, minimisant ainsi les emballages et les remplissages fr\u00e9quents.<\/li>\n<li><strong>\u00c9tanch\u00e9it\u00e9 parfaite :<\/strong> Les pinces et le joint en caoutchouc fonctionnent de concert pour emp\u00eacher toute infiltration d&#039;humidit\u00e9, d&#039;insectes et d&#039;air, permettant ainsi de conserver les aliments frais pendant un mois, voire plus.<\/li>\n<li><strong>Conception \u00e0 large ouverture pour un remplissage et un r\u00e9approvisionnement faciles\u00a0:<\/strong> Sa large ouverture facilite et acc\u00e9l\u00e8re le chargement et le d\u00e9chargement des aliments, m\u00eame pour les personnes ayant de grandes mains ou utilisant de grandes cuill\u00e8res.<\/li>\n<\/ul>\n<h2 style=\"text-align: left;\">Sp\u00e9cifications cl\u00e9s<\/h2>\n<table class=\"aligncenter\" style=\"border-collapse: collapse; width: 402.77pt;\" border=\"0\" width=\"537\" cellspacing=\"0\" cellpadding=\"0\">\n<tbody>\n<tr style=\"height: 13.50pt;\">\n<td style=\"height: 13.50pt; width: 99.75pt;\" width=\"133\" height=\"18\">Sp\u00e9cification<\/td>\n<td style=\"width: 303.00pt;\" width=\"404\">D\u00e9tails<\/td>\n<\/tr>\n<tr style=\"height: 13.50pt;\">\n<td style=\"height: 13.50pt;\" height=\"18\">Capacit\u00e9<\/td>\n<td>2000 ml (64 oz) \/ 3000 ml (100 oz)<\/td>\n<\/tr>\n<tr style=\"height: 13.50pt;\">\n<td style=\"height: 13.50pt;\" height=\"18\">Dimensions<\/td>\n<td>12,7 \u00d7 25,3 cm \/ 14,5 \u00d7 26,5 cm<\/td>\n<\/tr>\n<tr style=\"height: 13.50pt;\">\n<td style=\"height: 13.50pt;\" height=\"18\">Mat\u00e9riau<\/td>\n<td>Verre \u00e9pais et transparent<\/td>\n<\/tr>\n<tr style=\"height: 13.50pt;\">\n<td style=\"height: 13.50pt;\" height=\"18\">Type de couvercle<\/td>\n<td>Couvercle \u00e0 pince m\u00e9tallique avec \u00e9trier en fil de fer (argent\u00e9)<\/td>\n<\/tr>\n<tr style=\"height: 13.50pt;\">\n<td style=\"height: 13.50pt;\" height=\"18\">Id\u00e9al pour<\/td>\n<td>Grands bocaux de conservation en verre, bocaux alimentaires en verre<\/td>\n<\/tr>\n<\/tbody>\n<\/table>\n<h2>T\u00e9moignage de r\u00e9ussite : L&#039;histoire \u00e0 succ\u00e8s d&#039;une \u00e9picerie z\u00e9ro d\u00e9chet<\/h2>\n<p>Une \u00e9picerie z\u00e9ro d\u00e9chet recherchait des bocaux de conservation en verre de grande capacit\u00e9, \u00e0 la fois pratiques et esth\u00e9tiques, pour le stockage des aliments en vrac. Elle a choisi nos grands bocaux de 3 litres pour conserver c\u00e9r\u00e9ales, noix et p\u00e2tes. Leur excellente \u00e9tanch\u00e9it\u00e9 a permis d&#039;allonger consid\u00e9rablement la dur\u00e9e de conservation des produits, ce qui a entra\u00een\u00e9 une r\u00e9duction de 40 % du gaspillage alimentaire et une augmentation de 65 % du taux de rachat. Fort de ce succ\u00e8s, le magasin a pass\u00e9 une nouvelle commande de 500\u00a0000 bocaux pour \u00e9quiper d&#039;autres points de vente.<\/p>\n<h2>Solutions de rangement personnalis\u00e9es en bocaux de verre<\/h2>\n<ul>\n<li>Graduations de capacit\u00e9 en relief \u2013 Rendez les graduations faciles et permanentes en les sur\u00e9levant.<\/li>\n<li>\u00c9tiquettes s\u00e9rigraphi\u00e9es \u2013 Utilisez de l&#039;encre c\u00e9ramique pour imprimer des \u00e9tiquettes de marque ou de contenu claires et bien visibles.<\/li>\n<li>Base renforc\u00e9e \u2013 Une base en verre plus \u00e9paisse pour pouvoir supporter des objets lourds.<\/li>\n<li>Poign\u00e9e int\u00e9gr\u00e9e \u2013 Peut \u00eatre \u00e9quip\u00e9e d&#039;une poign\u00e9e en verre int\u00e9gr\u00e9e pour un transport pratique.<\/li>\n<\/ul>","protected":false},"excerpt":{"rendered":"<p>Nos grands bocaux de conservation en verre sont transparents, r\u00e9sistants et parfaits pour ranger vos provisions et ingr\u00e9dients. \u00c9chantillons gratuits.<\/p>","protected":false},"featured_media":24152,"template":"","meta":[],"product_brand":[],"product_cat":[122,134,124],"product_tag":[],"class_list":{"0":"post-24141","1":"product","2":"type-product","3":"status-publish","4":"has-post-thumbnail","6":"product_cat-custom-glass-packaging","7":"product_cat-airtight-jars","8":"product_cat-custom-glass-jars","10":"first","11":"instock","12":"shipping-taxable","13":"product-type-simple"},"jetpack_sharing_enabled":true,"_links":{"self":[{"href":"https:\/\/yebodaglass.com\/fr\/wp-json\/wp\/v2\/product\/24141","targetHints":{"allow":["GET"]}}],"collection":[{"href":"https:\/\/yebodaglass.com\/fr\/wp-json\/wp\/v2\/product"}],"about":[{"href":"https:\/\/yebodaglass.com\/fr\/wp-json\/wp\/v2\/types\/product"}],"version-history":[{"count":3,"href":"https:\/\/yebodaglass.com\/fr\/wp-json\/wp\/v2\/product\/24141\/revisions"}],"predecessor-version":[{"id":24153,"href":"https:\/\/yebodaglass.com\/fr\/wp-json\/wp\/v2\/product\/24141\/revisions\/24153"}],"wp:featuredmedia":[{"embeddable":true,"href":"https:\/\/yebodaglass.com\/fr\/wp-json\/wp\/v2\/media\/24152"}],"wp:attachment":[{"href":"https:\/\/yebodaglass.com\/fr\/wp-json\/wp\/v2\/media?parent=24141"}],"wp:term":[{"taxonomy":"product_brand","embeddable":true,"href":"https:\/\/yebodaglass.com\/fr\/wp-json\/wp\/v2\/product_brand?post=24141"},{"taxonomy":"product_cat","embeddable":true,"href":"https:\/\/yebodaglass.com\/fr\/wp-json\/wp\/v2\/product_cat?post=24141"},{"taxonomy":"product_tag","embeddable":true,"href":"https:\/\/yebodaglass.com\/fr\/wp-json\/wp\/v2\/product_tag?post=24141"}],"curies":[{"name":"wp","href":"https:\/\/api.w.org\/{rel}","templated":true}]}}