{"id":24128,"date":"2025-11-28T12:00:50","date_gmt":"2025-11-28T04:00:50","guid":{"rendered":"https:\/\/yebodaglass.com\/?post_type=product&#038;p=24128"},"modified":"2026-04-14T13:10:55","modified_gmt":"2026-04-14T05:10:55","slug":"custom-clear-water-bottle-with-sleeve-wholesale","status":"publish","type":"product","link":"https:\/\/yebodaglass.com\/fr\/custom-clear-water-bottle-with-sleeve-wholesale\/","title":{"rendered":"Bouteille d'eau transparente personnalis\u00e9e avec manchon, vente en gros, 550 ml \u2013 1000 ml"},"content":{"rendered":"<p>Cette bouteille d&#039;eau transparente pr\u00e9sente une forme cylindrique simple et est fabriqu\u00e9e en verre borosilicate de qualit\u00e9 alimentaire. Son corps en verre poss\u00e8de une finition lisse et un bouchon \u00e0 vis en m\u00e9tal argent\u00e9 muni d&#039;un joint en silicone alimentaire, assurant ainsi une \u00e9tanch\u00e9it\u00e9 parfaite.<\/p>\n<h2>Caract\u00e9ristiques du produit<\/h2>\n<p><strong>Verre borosilicate durable<\/strong><\/p>\n<p>Aucun risque de choc thermique \u2014 peut \u00eatre mis au cong\u00e9lateur ou au lave-vaisselle, et est con\u00e7u pour une utilisation prolong\u00e9e.<\/p>\n<p><strong>Ouverture large de 38 mm<\/strong><\/p>\n<p>Remplir, nettoyer et verser sont tr\u00e8s faciles \u2013 id\u00e9al pour la consommation d'eau quotidienne ou les gourdes de sport.<\/p>\n<p><strong>Conception de manches personnalisable<\/strong><\/p>\n<p>Apposez votre logo sur la housse en silicone \u2013 cela permet \u00e0 votre bouteille d'eau transparente de devenir une marque de souvenirs.<\/p>\n<h2>Sp\u00e9cifications cl\u00e9s<\/h2>\n<table style=\"border-collapse: collapse; width: 80%; margin-left: auto; margin-right: auto;\" border=\"0\" width=\"360\" cellspacing=\"0\" cellpadding=\"0\">\n<tbody>\n<tr style=\"height: 13.50pt;\">\n<td style=\"height: 13.5pt; width: 54pt; text-align: center;\" width=\"72\" height=\"18\">Capacit\u00e9 (ml)<\/td>\n<td style=\"width: 54pt; text-align: center;\" width=\"72\">Taille (cm)<\/td>\n<td style=\"width: 54pt; text-align: center;\" width=\"72\">Diameter<\/td>\n<td style=\"width: 54pt; text-align: center;\" width=\"72\">Mat\u00e9riel<\/td>\n<td style=\"width: 54pt; text-align: center;\" width=\"72\">Couleur<\/td>\n<\/tr>\n<tr style=\"height: 13.50pt;\">\n<td style=\"height: 13.5pt; text-align: center;\" align=\"right\" height=\"18\">550<\/td>\n<td style=\"text-align: center;\">6.6&#215;23.0<\/td>\n<td class=\"et2\" style=\"text-align: center;\" rowspan=\"3\">38mm<\/td>\n<td class=\"et2\" style=\"text-align: center;\" rowspan=\"3\">borosilicate<\/td>\n<td class=\"et2\" style=\"text-align: center;\" rowspan=\"3\">Clair<\/td>\n<\/tr>\n<tr style=\"height: 13.50pt;\">\n<td style=\"height: 13.5pt; text-align: center;\" align=\"right\" height=\"18\">750<\/td>\n<td style=\"text-align: center;\">7.0&#215;27.2<\/td>\n<\/tr>\n<tr style=\"height: 13.50pt;\">\n<td style=\"height: 13.5pt; text-align: center;\" align=\"right\" height=\"18\">1000<\/td>\n<td style=\"text-align: center;\">7.9&#215;29.1<\/td>\n<\/tr>\n<\/tbody>\n<\/table>\n<h2>T\u00e9moignage de r\u00e9ussite\u00a0: Commande personnalis\u00e9e d\u2019une box d\u2019abonnement nationale sant\u00e9<\/h2>\n<p>Cette entreprise am\u00e9ricaine d&#039;abonnements sant\u00e9 a choisi notre bouteille d&#039;eau de 500 ml avec housse, qu&#039;elle a personnalis\u00e9e avec une housse en n\u00e9opr\u00e8ne et un slogan inspirant grav\u00e9 au laser. Ce syst\u00e8me de bouteille et de housse s&#039;est av\u00e9r\u00e9 tr\u00e8s performant\u00a0: gr\u00e2ce \u00e0 sa conception en verre borosilicate durable, il a permis de r\u00e9duire de 70\u00a0% les bris de verre, contrairement aux bouteilles en verre non prot\u00e9g\u00e9es. La conception de la bouteille facilite le nettoyage tout en pr\u00e9servant le go\u00fbt, ce qui explique son utilisation quasi quotidienne par les abonn\u00e9s (95\u00a0%). Suite au succ\u00e8s de leurs produits existants, ils ont command\u00e9 380\u00a0000 bouteilles suppl\u00e9mentaires pour accompagner le lancement de leur nouvelle gamme de boissons fonctionnelles en poudre.<\/p>\n<h2>Options de personnalisation des bouteilles d&#039;eau transparentes<\/h2>\n<ul>\n<li>Design du capuchon\u00a0: Le produit propose plusieurs finitions m\u00e9talliques, notamment noir, or, or rose et bambou.<\/li>\n<li>Manchons de bouteille personnalisables\u00a0: Le produit propose trois mat\u00e9riaux de manchons, dont le n\u00e9opr\u00e8ne, le silicone et le tissu, tandis que les clients peuvent choisir parmi diff\u00e9rentes options de couleurs, de motifs et d\u2019impression de logo.<\/li>\n<li>Accessoires : Compatible avec des brosses de nettoyage, des noyaux pour faire tremper les fruits ou des sangles de transport.<\/li>\n<\/ul>","protected":false},"excerpt":{"rendered":"<p>Bouteille d'eau transparente avec \u00e9tui de protection. Fourniture directe d'usine, stock disponible et livraison rapide : id\u00e9ale pour les commandes en gros et la vente au d\u00e9tail.<\/p>","protected":false},"featured_media":24129,"template":"","meta":[],"product_brand":[],"product_cat":[136,123,122],"product_tag":[],"class_list":{"0":"post-24128","1":"product","2":"type-product","3":"status-publish","4":"has-post-thumbnail","6":"product_cat-glass-water-bottles","7":"product_cat-custom-glass-bottles","8":"product_cat-custom-glass-packaging","10":"first","11":"instock","12":"shipping-taxable","13":"product-type-simple"},"jetpack_sharing_enabled":true,"_links":{"self":[{"href":"https:\/\/yebodaglass.com\/fr\/wp-json\/wp\/v2\/product\/24128","targetHints":{"allow":["GET"]}}],"collection":[{"href":"https:\/\/yebodaglass.com\/fr\/wp-json\/wp\/v2\/product"}],"about":[{"href":"https:\/\/yebodaglass.com\/fr\/wp-json\/wp\/v2\/types\/product"}],"version-history":[{"count":5,"href":"https:\/\/yebodaglass.com\/fr\/wp-json\/wp\/v2\/product\/24128\/revisions"}],"predecessor-version":[{"id":25780,"href":"https:\/\/yebodaglass.com\/fr\/wp-json\/wp\/v2\/product\/24128\/revisions\/25780"}],"wp:featuredmedia":[{"embeddable":true,"href":"https:\/\/yebodaglass.com\/fr\/wp-json\/wp\/v2\/media\/24129"}],"wp:attachment":[{"href":"https:\/\/yebodaglass.com\/fr\/wp-json\/wp\/v2\/media?parent=24128"}],"wp:term":[{"taxonomy":"product_brand","embeddable":true,"href":"https:\/\/yebodaglass.com\/fr\/wp-json\/wp\/v2\/product_brand?post=24128"},{"taxonomy":"product_cat","embeddable":true,"href":"https:\/\/yebodaglass.com\/fr\/wp-json\/wp\/v2\/product_cat?post=24128"},{"taxonomy":"product_tag","embeddable":true,"href":"https:\/\/yebodaglass.com\/fr\/wp-json\/wp\/v2\/product_tag?post=24128"}],"curies":[{"name":"wp","href":"https:\/\/api.w.org\/{rel}","templated":true}]}}