{"id":24111,"date":"2025-11-27T12:00:19","date_gmt":"2025-11-27T04:00:19","guid":{"rendered":"https:\/\/yebodaglass.com\/?post_type=product&#038;p=24111"},"modified":"2026-04-13T09:34:01","modified_gmt":"2026-04-13T01:34:01","slug":"28mm-diameter-custom-water-bottles-bulk","status":"publish","type":"product","link":"https:\/\/yebodaglass.com\/fr\/28mm-diameter-custom-water-bottles-bulk\/","title":{"rendered":"Bouteilles d&#039;eau personnalis\u00e9es de 28 mm de diam\u00e8tre, en gros, de 280 ml \u00e0 1000 ml"},"content":{"rendered":"<p>Ces bouteilles d&#039;eau personnalis\u00e9es arborent un design minimaliste et moderne gr\u00e2ce \u00e0 leur forme cylindrique. Leur composition est visible \u00e0 travers un verre borosilicate transparent, offrant une grande durabilit\u00e9 et une protection contre les chocs thermiques. Le syst\u00e8me de fermeture utilise un raccord filet\u00e9 standard et un bouchon \u00e0 vis en m\u00e9tal argent\u00e9 brillant, assurant une \u00e9tanch\u00e9it\u00e9 optimale.<\/p>\n<h2>Caract\u00e9ristiques du produit<\/h2>\n<ul>\n<li><strong>Design cylindrique minimaliste\u00a0:<\/strong> Le cylindre en verre \u00e0 parois droites offre une solution simple pour tenir le r\u00e9cipient en verre, qui peut \u00eatre nettoy\u00e9 et \u00e9tiquet\u00e9 tout en conservant son design de base.<\/li>\n<li><strong>Verre borosilicate durable :<\/strong> Le verre borosilicate offre une r\u00e9sistance aux chocs thermiques, ce qui lui permet de contenir en toute s\u00e9curit\u00e9 des boissons chaudes et froides sans retenir les odeurs.<\/li>\n<li><strong>Bouchon \u00e0 vis en m\u00e9tal \u00e9l\u00e9gant\u00a0:<\/strong> Le bouchon en m\u00e9tal argent\u00e9 \u00e0 la finition brillante cr\u00e9e une apparence moderne qui prot\u00e8ge contre les fuites gr\u00e2ce \u00e0 son m\u00e9canisme de fermeture s\u00e9curis\u00e9.<\/li>\n<\/ul>\n<h2>Sp\u00e9cifications cl\u00e9s<\/h2>\n<table style=\"border-collapse: collapse; width: 80%; margin-left: auto; margin-right: auto;\" border=\"0\" width=\"360\" cellspacing=\"0\" cellpadding=\"0\">\n<tbody>\n<tr style=\"height: 13.50pt;\">\n<td style=\"height: 13.5pt; width: 54pt; text-align: center;\" width=\"72\" height=\"18\">Capacit\u00e9 (ml)<\/td>\n<td style=\"width: 54pt; text-align: center;\" width=\"72\">Taille (cm)<\/td>\n<td style=\"width: 54pt; text-align: center;\" width=\"72\">Diam\u00e8tre (mm)<\/td>\n<td style=\"width: 54pt; text-align: center;\" width=\"72\">Mat\u00e9riel<\/td>\n<td style=\"width: 54pt; text-align: center;\" width=\"72\">Couleur<\/td>\n<\/tr>\n<tr style=\"height: 13.50pt;\">\n<td style=\"height: 13.5pt; text-align: center;\" align=\"right\" height=\"18\">280<\/td>\n<td style=\"text-align: center;\">5,5 x 17,5<\/td>\n<td class=\"et2\" style=\"text-align: center;\" rowspan=\"6\">28<\/td>\n<td class=\"et2\" style=\"text-align: center;\" rowspan=\"6\">borosilicate<\/td>\n<td class=\"et2\" style=\"text-align: center;\" rowspan=\"6\">Clair ou personnalis\u00e9<\/td>\n<\/tr>\n<tr style=\"height: 13.50pt;\">\n<td style=\"height: 13.5pt; text-align: center;\" align=\"right\" height=\"18\">360<\/td>\n<td style=\"text-align: center;\">6,0 x 19,0<\/td>\n<\/tr>\n<tr style=\"height: 13.50pt;\">\n<td style=\"height: 13.5pt; text-align: center;\" align=\"right\" height=\"18\">450<\/td>\n<td style=\"text-align: center;\">6,6 x 21,5<\/td>\n<\/tr>\n<tr style=\"height: 13.50pt;\">\n<td style=\"height: 13.5pt; text-align: center;\" align=\"right\" height=\"18\">550<\/td>\n<td style=\"text-align: center;\">6,6 x 22,5<\/td>\n<\/tr>\n<tr style=\"height: 13.50pt;\">\n<td style=\"height: 13.5pt; text-align: center;\" align=\"right\" height=\"18\">750<\/td>\n<td style=\"text-align: center;\">7,0 x 25,9<\/td>\n<\/tr>\n<tr style=\"height: 13.50pt;\">\n<td style=\"height: 13.5pt; text-align: center;\" align=\"right\" height=\"18\">1000<\/td>\n<td style=\"text-align: center;\">7,9 x 27,8<\/td>\n<\/tr>\n<\/tbody>\n<\/table>\n<h2>T\u00e9moignage de r\u00e9ussite\u00a0: Commande personnalis\u00e9e aupr\u00e8s d\u2019une marque de bien-\u00eatre de la c\u00f4te ouest<\/h2>\n<p>Une entreprise californienne de box bien-\u00eatre par abonnement a choisi nos bouteilles d&#039;eau personnalis\u00e9es de 500 ml, qu&#039;elle a con\u00e7ues avec ses propres \u00e9tiquettes s\u00e9rigraphi\u00e9es et des manchons en silicone noir. Ces bouteilles personnalis\u00e9es ont rencontr\u00e9 un succ\u00e8s exceptionnel\u00a0: les clients ont constat\u00e9 que le verre borosilicate \u00e9tait 60\u00a0% moins fragile que le verre sodocalcique standard. Les abonn\u00e9s ayant b\u00e9n\u00e9fici\u00e9 d&#039;un service haut de gamme et d&#039;interactions personnalis\u00e9es ont enregistr\u00e9 une augmentation de 40\u00a0% de leur fid\u00e9lisation. L&#039;entreprise a ensuite conquis 350\u00a0000 bouteilles d&#039;eau pour compl\u00e9ter sa gamme de produits, qui comprend notamment des boissons enrichies en adaptog\u00e8nes.<\/p>\n<h2>Suggestions de personnalisation pour les bouteilles d&#039;eau en vrac<\/h2>\n<ul>\n<li>Conception du capuchon\u00a0: Le produit offre plusieurs options de finition m\u00e9tallique, notamment l\u2019or, l\u2019or rose, le noir et le cuivre, ainsi qu\u2019une version en bambou.<\/li>\n<li>Accessoires\u00a0: Les clients peuvent choisir entre des manchons en silicone qui offrent une meilleure prise en main et une meilleure isolation, ou des poign\u00e9es personnalis\u00e9es.<\/li>\n<li>Filtre int\u00e9gr\u00e9\u00a0: Le produit est dot\u00e9 d\u2019un filtre amovible en verre ou en acier inoxydable pour filtrer les fruits, les herbes et le th\u00e9 ajout\u00e9s.<\/li>\n<\/ul>","protected":false},"excerpt":{"rendered":"<p>Fourniture directe d&#039;usine de bouteilles d&#039;eau personnalis\u00e9es de 28 mm de diam\u00e8tre\u00a0: une solution fiable pour l&#039;approvisionnement en eau en gros, adapt\u00e9e \u00e0 divers besoins de remplissage de boissons. \u00c9chantillon gratuit.<\/p>","protected":false},"featured_media":24112,"template":"","meta":[],"product_brand":[],"product_cat":[136,123,122],"product_tag":[],"class_list":{"0":"post-24111","1":"product","2":"type-product","3":"status-publish","4":"has-post-thumbnail","6":"product_cat-glass-water-bottles","7":"product_cat-custom-glass-bottles","8":"product_cat-custom-glass-packaging","10":"first","11":"instock","12":"shipping-taxable","13":"product-type-simple"},"jetpack_sharing_enabled":true,"_links":{"self":[{"href":"https:\/\/yebodaglass.com\/fr\/wp-json\/wp\/v2\/product\/24111","targetHints":{"allow":["GET"]}}],"collection":[{"href":"https:\/\/yebodaglass.com\/fr\/wp-json\/wp\/v2\/product"}],"about":[{"href":"https:\/\/yebodaglass.com\/fr\/wp-json\/wp\/v2\/types\/product"}],"version-history":[{"count":5,"href":"https:\/\/yebodaglass.com\/fr\/wp-json\/wp\/v2\/product\/24111\/revisions"}],"predecessor-version":[{"id":25752,"href":"https:\/\/yebodaglass.com\/fr\/wp-json\/wp\/v2\/product\/24111\/revisions\/25752"}],"wp:featuredmedia":[{"embeddable":true,"href":"https:\/\/yebodaglass.com\/fr\/wp-json\/wp\/v2\/media\/24112"}],"wp:attachment":[{"href":"https:\/\/yebodaglass.com\/fr\/wp-json\/wp\/v2\/media?parent=24111"}],"wp:term":[{"taxonomy":"product_brand","embeddable":true,"href":"https:\/\/yebodaglass.com\/fr\/wp-json\/wp\/v2\/product_brand?post=24111"},{"taxonomy":"product_cat","embeddable":true,"href":"https:\/\/yebodaglass.com\/fr\/wp-json\/wp\/v2\/product_cat?post=24111"},{"taxonomy":"product_tag","embeddable":true,"href":"https:\/\/yebodaglass.com\/fr\/wp-json\/wp\/v2\/product_tag?post=24111"}],"curies":[{"name":"wp","href":"https:\/\/api.w.org\/{rel}","templated":true}]}}