{"id":24110,"date":"2025-11-27T09:30:57","date_gmt":"2025-11-27T01:30:57","guid":{"rendered":"https:\/\/yebodaglass.com\/?post_type=product&#038;p=24110"},"modified":"2025-11-27T10:43:48","modified_gmt":"2025-11-27T02:43:48","slug":"bulk-round-glass-pantry-storage-jars-with-airtight-lids","status":"publish","type":"product","link":"https:\/\/yebodaglass.com\/fr\/bulk-round-glass-pantry-storage-jars-with-airtight-lids\/","title":{"rendered":"Bocaux de conservation ronds en verre avec couvercles herm\u00e9tiques, en vrac, de 150 ml, 380 ml et 500 ml."},"content":{"rendered":"<p data-start=\"66\" data-end=\"288\">Ces bocaux de rangement en verre transparent arborent une forme ronde, lisse et \u00e9l\u00e9gante. Chaque bocal est fourni avec un couvercle m\u00e9tallique chic \u00e0 clipser et un bouchon herm\u00e9tique. Leur forme douce et arrondie \u00e9gayera \u00e0 coup s\u00fbr les coins sombres de vos placards.<\/p>\n<h2>Caract\u00e9ristiques du produit<\/h2>\n<ul>\n<li><strong>Conception \u00e0 fermeture par pression :<\/strong> Le bouchon m\u00e9tallique \u00e0 pression assure une \u00e9tanch\u00e9it\u00e9 optimale, emp\u00eachant efficacement l&#039;humidit\u00e9 de p\u00e9n\u00e9trer et pr\u00e9servant ainsi la fra\u00eecheur des aliments. L&#039;ouverture et la fermeture sont tr\u00e8s simples et ne prennent que quelques secondes.<\/li>\n<li><strong>Diff\u00e9rentes tailles avec une base large\u00a0:<\/strong> Cet ensemble de bocaux de rangement ronds comprend des mod\u00e8les de petite, moyenne et grande taille, adapt\u00e9s \u00e0 des objets de diff\u00e9rentes dimensions, et son design charmant est vraiment joli.<\/li>\n<li><strong>Pratique et s\u00fbr :<\/strong> Sa large base lui conf\u00e8re une grande stabilit\u00e9 et r\u00e9duit consid\u00e9rablement le risque de chute. Les lignes douces et arrondies du bocal permettent un gain de place et sont id\u00e9ales pour la cuisine, les plans de travail et tout autre espace de rangement.<\/li>\n<\/ul>\n<h2 style=\"text-align: left;\">Sp\u00e9cifications cl\u00e9s<\/h2>\n<table class=\"aligncenter\" style=\"border-collapse: collapse; width: 521.27pt;\" border=\"0\" width=\"695\" cellspacing=\"0\" cellpadding=\"0\">\n<tbody>\n<tr style=\"height: 13.50pt;\">\n<td style=\"height: 13.50pt; width: 99.75pt;\" width=\"133\" height=\"18\">Fonctionnalit\u00e9<\/td>\n<td style=\"width: 421.50pt;\" width=\"562\">D\u00e9tails<\/td>\n<\/tr>\n<tr style=\"height: 13.50pt;\">\n<td style=\"height: 13.50pt;\" height=\"18\">Dimensions<\/td>\n<td>150 ml : 7,6 \u00d7 7,8 cm \/ 380 ml : 9,5 \u00d7 9,8 cm \/ 500 ml : 11 \u00d7 10,5 cm<\/td>\n<\/tr>\n<tr style=\"height: 13.50pt;\">\n<td style=\"height: 13.50pt;\" height=\"18\">Mat\u00e9riel<\/td>\n<td>Bocal en verre sodocalcique transparent + couvercle en verre tremp\u00e9<\/td>\n<\/tr>\n<tr style=\"height: 13.50pt;\">\n<td style=\"height: 13.50pt;\" height=\"18\">Convient pour<\/td>\n<td>bocal en verre avec couvercle herm\u00e9tique, bocaux de conservation en verre<\/td>\n<\/tr>\n<\/tbody>\n<\/table>\n<h2>T\u00e9moignage de r\u00e9ussite : Le succ\u00e8s commercial d&#039;une entreprise gastronomique<\/h2>\n<p>Une entreprise agroalimentaire sp\u00e9cialis\u00e9e recherchait un emballage qui permettrait \u00e0 ses produits de se d\u00e9marquer parmi les rayons de biscuits et de snacks concurrents. Elle a donc choisi nos bocaux de conservation en verre de 500 ml pour sa gamme de produits haut de gamme. Le couvercle herm\u00e9tique s&#039;est av\u00e9r\u00e9 \u00eatre l&#039;\u00e9l\u00e9ment cl\u00e9\u00a0: il a permis d&#039;allonger la dur\u00e9e de conservation des produits de boulangerie de 40\u00a0%. L&#039;aspect \u00ab\u00a0bobin\u00e9\u00a0\u00bb et attachant, rapidement associ\u00e9 \u00e0 la marque, a ainsi contribu\u00e9 \u00e0 une hausse de 35\u00a0% des achats impulsifs. Face \u00e0 ces r\u00e9sultats remarquables, l&#039;entreprise a pass\u00e9 une commande suppl\u00e9mentaire de plus de 300\u00a0000 bocaux afin de poursuivre son expansion dans les grandes cha\u00eenes de distribution nationales.<\/p>\n<h2>Options de personnalisation des bocaux de rangement en verre<\/h2>\n<ul>\n<li>Finition verre d\u00e9poli \u2013 Un aspect mat \u00e9l\u00e9gant est obtenu par un proc\u00e9d\u00e9 de gravure \u00e0 l&#039;acide.<\/li>\n<li>Options de joints d&#039;\u00e9tanch\u00e9it\u00e9 color\u00e9s \u2013 Les joints d&#039;\u00e9tanch\u00e9it\u00e9 en silicone sont disponibles dans les couleurs de votre marque.<\/li>\n<li>Grille de capacit\u00e9 \u2013 Pr\u00e9voir des graduations utiles pour un suivi ais\u00e9 par l&#039;utilisateur.<\/li>\n<li>Forme personnalis\u00e9e \u2013 Modifiez le degr\u00e9 de courbure de la forme \u00ab potel\u00e9e \u00bb pour pr\u00e9senter une image de marque diff\u00e9rente.<\/li>\n<li>Rev\u00eatement mat \u2013 Un rev\u00eatement doux au toucher sur toute la surface pour une prise en main continue et un plaisir visuel optimal.<\/li>\n<\/ul>\n<p>Envie d&#039;\u00e9gayer votre rangement ? B\u00e9n\u00e9ficiez de tarifs de gros sur ces magnifiques bocaux en verre avec couvercle herm\u00e9tique en nous contactant d\u00e8s aujourd&#039;hui.<\/p>","protected":false},"excerpt":{"rendered":"<p>Organisez votre garde-manger avec nos bocaux en verre \u00e0 couvercle herm\u00e9tique. Bocaux de rangement en verre r\u00e9sistants et faciles \u00e0 nettoyer, disponibles en plusieurs tailles et livr\u00e9s rapidement.<\/p>","protected":false},"featured_media":24120,"template":"","meta":[],"product_brand":[],"product_cat":[122,134,124],"product_tag":[],"class_list":{"0":"post-24110","1":"product","2":"type-product","3":"status-publish","4":"has-post-thumbnail","6":"product_cat-custom-glass-packaging","7":"product_cat-airtight-jars","8":"product_cat-custom-glass-jars","10":"first","11":"instock","12":"shipping-taxable","13":"product-type-simple"},"jetpack_sharing_enabled":true,"_links":{"self":[{"href":"https:\/\/yebodaglass.com\/fr\/wp-json\/wp\/v2\/product\/24110","targetHints":{"allow":["GET"]}}],"collection":[{"href":"https:\/\/yebodaglass.com\/fr\/wp-json\/wp\/v2\/product"}],"about":[{"href":"https:\/\/yebodaglass.com\/fr\/wp-json\/wp\/v2\/types\/product"}],"version-history":[{"count":4,"href":"https:\/\/yebodaglass.com\/fr\/wp-json\/wp\/v2\/product\/24110\/revisions"}],"predecessor-version":[{"id":24188,"href":"https:\/\/yebodaglass.com\/fr\/wp-json\/wp\/v2\/product\/24110\/revisions\/24188"}],"wp:featuredmedia":[{"embeddable":true,"href":"https:\/\/yebodaglass.com\/fr\/wp-json\/wp\/v2\/media\/24120"}],"wp:attachment":[{"href":"https:\/\/yebodaglass.com\/fr\/wp-json\/wp\/v2\/media?parent=24110"}],"wp:term":[{"taxonomy":"product_brand","embeddable":true,"href":"https:\/\/yebodaglass.com\/fr\/wp-json\/wp\/v2\/product_brand?post=24110"},{"taxonomy":"product_cat","embeddable":true,"href":"https:\/\/yebodaglass.com\/fr\/wp-json\/wp\/v2\/product_cat?post=24110"},{"taxonomy":"product_tag","embeddable":true,"href":"https:\/\/yebodaglass.com\/fr\/wp-json\/wp\/v2\/product_tag?post=24110"}],"curies":[{"name":"wp","href":"https:\/\/api.w.org\/{rel}","templated":true}]}}