{"id":24100,"date":"2025-11-26T12:11:49","date_gmt":"2025-11-26T04:11:49","guid":{"rendered":"https:\/\/yebodaglass.com\/?post_type=product&#038;p=24100"},"modified":"2026-04-15T15:15:39","modified_gmt":"2026-04-15T07:15:39","slug":"bulk-food-storage-glass-jars-with-airtight-clamp-lids","status":"publish","type":"product","link":"https:\/\/yebodaglass.com\/fr\/bulk-food-storage-glass-jars-with-airtight-clamp-lids\/","title":{"rendered":"Bocaux en verre pour le stockage d&#039;aliments en vrac avec couvercles \u00e0 fermeture herm\u00e9tique, 80 ml \u2013 350 ml"},"content":{"rendered":"<p data-start=\"66\" data-end=\"288\">Les bocaux de conservation en verre ont une forme cylindrique, sont fabriqu\u00e9s en verre transparent et sont munis de couvercles \u00e0 clip traditionnels en acier inoxydable qui utilisent des clips m\u00e9talliques robustes combin\u00e9s \u00e0 des joints d&#039;\u00e9tanch\u00e9it\u00e9 en caoutchouc pour cr\u00e9er une fermeture herm\u00e9tique.<\/p>\n<h2>Caract\u00e9ristiques du produit<\/h2>\n<ul>\n<li><strong>Protection d&#039;\u00e9tanch\u00e9it\u00e9 r\u00e9elle :<\/strong> Le couvercle \u00e0 pression, associ\u00e9 \u00e0 un joint en caoutchouc, emp\u00eache compl\u00e8tement l&#039;oxyg\u00e8ne et l&#039;humidit\u00e9 de passer, ce qui permet de conserver la fra\u00eecheur du caf\u00e9, de la farine, des \u00e9pices ou du th\u00e9 pendant une p\u00e9riode plus longue.<\/li>\n<li><strong>Large ouverture pour un remplissage et un nettoyage faciles\u00a0:<\/strong> La large ouverture permet de pr\u00e9lever, de verser ou de nettoyer facilement le contenu, ce qui rend les bocaux plus faciles \u00e0 utiliser.<\/li>\n<li><strong>Une vie saine et durable avec ces bocaux\u00a0:<\/strong> Fabriqu\u00e9s en verre r\u00e9sistant, ces bocaux de conservation passent \u00e9galement au lave-vaisselle\u00a0; ils peuvent donc \u00eatre nettoy\u00e9s tr\u00e8s rapidement en machine apr\u00e8s chaque utilisation quotidienne.<\/li>\n<\/ul>\n<h2 style=\"text-align: left;\">Sp\u00e9cifications cl\u00e9s<\/h2>\n<table class=\"aligncenter\" style=\"border-collapse: collapse; width: 807.02pt;\" border=\"0\" width=\"1076\" cellspacing=\"0\" cellpadding=\"0\">\n<tbody>\n<tr style=\"height: 13.50pt;\">\n<td style=\"height: 13.50pt; width: 99.75pt;\" width=\"133\" height=\"18\">Fonctionnalit\u00e9<\/td>\n<td style=\"width: 707.25pt;\" width=\"943\">D\u00e9tails<\/td>\n<\/tr>\n<tr style=\"height: 13.50pt;\">\n<td style=\"height: 13.50pt;\" height=\"18\">Taille et capacit\u00e9<\/td>\n<td>80 ml : 6,1 \u00d7 7,3 cm \/ 100 ml : 6,3 \u00d7 7,1 cm \/ 150 ml : 7,5 \u00d7 7,2 cm \/ 180 ml : 7,9 \u00d7 8,1 cm \/ 200 ml : 7,6 \u00d7 8,2 cm \/ 220 ml : 7,6 \u00d7 9 cm \/ 300 ml : 7,8 \u00d7 10,3 cm \/ 350 ml : 9,2 \u00d7 9,7 cm<\/td>\n<\/tr>\n<tr style=\"height: 13.50pt;\">\n<td style=\"height: 13.50pt;\" height=\"18\">Mat\u00e9riel<\/td>\n<td>Bocal en verre sodocalcique transparent + couvercle en verre tremp\u00e9<\/td>\n<\/tr>\n<tr style=\"height: 13.50pt;\">\n<td style=\"height: 13.50pt;\" height=\"18\">Convient pour<\/td>\n<td>Bocaux de conservation en verre, bocaux de conservation alimentaire en verre<\/td>\n<\/tr>\n<\/tbody>\n<\/table>\n<h2>T\u00e9moignage de r\u00e9ussite\u00a0: Une commande personnalis\u00e9e aupr\u00e8s d\u2019une cha\u00eene de caf\u00e9s nationale<\/h2>\n<p>La cha\u00eene de caf\u00e9s am\u00e9ricaine a choisi nos bocaux en verre alimentaire, personnalis\u00e9s avec des attaches en cuivre et des dates de torr\u00e9faction s\u00e9rigraphi\u00e9es, pour la conservation de ses grains de caf\u00e9. Ces bocaux ont d\u00e9montr\u00e9 une performance exceptionnelle\u00a0: ils ont prolong\u00e9 la dur\u00e9e de conservation des grains de caf\u00e9 de 50\u00a0% par rapport au caf\u00e9 en sachets et r\u00e9duit la casse de 60\u00a0% par rapport aux emballages pr\u00e9c\u00e9dents. Forts de cette exp\u00e9rience positive, ils ont pass\u00e9 une commande suppl\u00e9mentaire de 350\u00a0000 bocaux pour leur nouvelle gamme de th\u00e9s de sp\u00e9cialit\u00e9.<\/p>\n<h2>Options de personnalisation des bocaux de rangement en verre<\/h2>\n<ul>\n<li>Finitions de bouchon personnalis\u00e9es \u2013 Pour une touche d&#039;\u00e9l\u00e9gance, il est possible de choisir des fermoirs en cuivre, en or ou noirs pour le bouchon du pot.<\/li>\n<li>Les joints en silicone des pots sont peints de diff\u00e9rentes couleurs \u2013 Choisissez des joints qui correspondent aux couleurs de votre marque<\/li>\n<li>Formes de pots personnalis\u00e9es \u2013 Modifiez la forme du pot pour lui donner une apparence distinctive<\/li>\n<\/ul>","protected":false},"excerpt":{"rendered":"<p>D\u00e9couvrez nos bocaux de conservation haut de gamme en verre \u00e9pais et transparent. Nos bocaux herm\u00e9tiques garantissent une fra\u00eecheur longue dur\u00e9e et sont accompagn\u00e9s d&#039;\u00e9chantillons gratuits.<\/p>","protected":false},"featured_media":24101,"template":"","meta":[],"product_brand":[],"product_cat":[134,124,122],"product_tag":[],"class_list":{"0":"post-24100","1":"product","2":"type-product","3":"status-publish","4":"has-post-thumbnail","6":"product_cat-airtight-jars","7":"product_cat-custom-glass-jars","8":"product_cat-custom-glass-packaging","10":"first","11":"instock","12":"shipping-taxable","13":"product-type-simple"},"jetpack_sharing_enabled":true,"_links":{"self":[{"href":"https:\/\/yebodaglass.com\/fr\/wp-json\/wp\/v2\/product\/24100","targetHints":{"allow":["GET"]}}],"collection":[{"href":"https:\/\/yebodaglass.com\/fr\/wp-json\/wp\/v2\/product"}],"about":[{"href":"https:\/\/yebodaglass.com\/fr\/wp-json\/wp\/v2\/types\/product"}],"version-history":[{"count":5,"href":"https:\/\/yebodaglass.com\/fr\/wp-json\/wp\/v2\/product\/24100\/revisions"}],"predecessor-version":[{"id":25787,"href":"https:\/\/yebodaglass.com\/fr\/wp-json\/wp\/v2\/product\/24100\/revisions\/25787"}],"wp:featuredmedia":[{"embeddable":true,"href":"https:\/\/yebodaglass.com\/fr\/wp-json\/wp\/v2\/media\/24101"}],"wp:attachment":[{"href":"https:\/\/yebodaglass.com\/fr\/wp-json\/wp\/v2\/media?parent=24100"}],"wp:term":[{"taxonomy":"product_brand","embeddable":true,"href":"https:\/\/yebodaglass.com\/fr\/wp-json\/wp\/v2\/product_brand?post=24100"},{"taxonomy":"product_cat","embeddable":true,"href":"https:\/\/yebodaglass.com\/fr\/wp-json\/wp\/v2\/product_cat?post=24100"},{"taxonomy":"product_tag","embeddable":true,"href":"https:\/\/yebodaglass.com\/fr\/wp-json\/wp\/v2\/product_tag?post=24100"}],"curies":[{"name":"wp","href":"https:\/\/api.w.org\/{rel}","templated":true}]}}