{"id":24084,"date":"2025-11-26T11:40:59","date_gmt":"2025-11-26T03:40:59","guid":{"rendered":"https:\/\/yebodaglass.com\/?post_type=product&#038;p=24084"},"modified":"2026-03-12T18:03:24","modified_gmt":"2026-03-12T10:03:24","slug":"custom-design-water-bottles-with-silicone-sleeve","status":"publish","type":"product","link":"https:\/\/yebodaglass.com\/fr\/custom-design-water-bottles-with-silicone-sleeve\/","title":{"rendered":"Bouteilles d&#039;eau en verre personnalis\u00e9es avec manchon en silicone 250 ml, 350 ml, 500 ml"},"content":{"rendered":"<p>Ces bouteilles d&#039;eau au design personnalis\u00e9 pr\u00e9sentent une forme cylindrique allong\u00e9e en verre, un col fin et un corps lisse, avec un bouchon en aluminium s\u00e9curis\u00e9. Leur transparence leur conf\u00e8re une allure \u00e9pur\u00e9e et moderne, id\u00e9ale pour les jus, le th\u00e9, le lait, les smoothies et autres boissons. Pratiques et faciles \u00e0 transporter, elles conviennent parfaitement \u00e0 une utilisation quotidienne, au sport, dans les caf\u00e9s, pour les marques de jus et pour la vente au d\u00e9tail.<\/p>\n<p>Le couvercle \u00e9tanche se visse facilement, assurant ainsi un transport s\u00e9curis\u00e9. La housse en silicone et la poign\u00e9e de transport ne sont que quelques exemples d&#039;accessoires pratiques qui facilitent le transport de la bouteille et la rendent plus agr\u00e9able \u00e0 utiliser. R\u00e9utilisables et \u00e9cologiques, ces gourdes en verre constituent une excellente solution pour s&#039;hydrater tout en r\u00e9duisant sa consommation de plastique \u00e0 usage unique.<\/p>\n<h2>Sp\u00e9cifications cl\u00e9s<\/h2>\n<table style=\"border-collapse: collapse; width: 80%; margin-left: auto; margin-right: auto;\" border=\"0\" width=\"868\" cellspacing=\"0\" cellpadding=\"0\">\n<tbody>\n<tr style=\"height: 13.50pt;\">\n<td style=\"height: 13.50pt; width: 138.00pt;\" width=\"184\" height=\"18\">Produit<\/td>\n<td style=\"width: 513.00pt;\" width=\"684\">bouteille d&#039;eau personnalis\u00e9e<\/td>\n<\/tr>\n<tr style=\"height: 13.50pt;\">\n<td style=\"height: 13.50pt; width: 138.00pt;\" width=\"184\" height=\"18\">Options de capacit\u00e9<\/td>\n<td style=\"width: 513.00pt;\" width=\"684\">250 ml \/ 350 ml \/ 500 ml<\/td>\n<\/tr>\n<tr style=\"height: 13.50pt;\">\n<td style=\"height: 13.50pt;\" height=\"18\">Mat\u00e9riau de la bouteille<\/td>\n<td>Verre sodocalcique sans plomb<\/td>\n<\/tr>\n<tr style=\"height: 13.50pt;\">\n<td style=\"height: 13.50pt;\" height=\"18\">Mat\u00e9riau du couvercle<\/td>\n<td>Couvercle en aluminium avec joint d&#039;\u00e9tanch\u00e9it\u00e9<\/td>\n<\/tr>\n<tr style=\"height: 13.50pt;\">\n<td style=\"height: 13.50pt;\" height=\"18\">Gouffre en bouteille<\/td>\n<td>30 mm de diam\u00e8tre int\u00e9rieur<\/td>\n<\/tr>\n<tr style=\"height: 13.50pt;\">\n<td style=\"height: 13.50pt;\" height=\"18\">Structure<\/td>\n<td>bouteille cylindrique mince en verre<\/td>\n<\/tr>\n<tr style=\"height: 13.50pt;\">\n<td style=\"height: 13.50pt;\" height=\"18\">Type de joint<\/td>\n<td>Bouchon filet\u00e9 \u00e9tanche avec joint d&#039;\u00e9tanch\u00e9it\u00e9 \u00e9pais<\/td>\n<\/tr>\n<tr style=\"height: 13.50pt;\">\n<td style=\"height: 13.50pt;\" height=\"18\">Accessoires en option<\/td>\n<td>\u00c9tui en silicone, boucle de transport, graduations<\/td>\n<\/tr>\n<tr style=\"height: 13.50pt;\">\n<td style=\"height: 13.50pt;\" height=\"18\">Options personnalis\u00e9es<\/td>\n<td>Impression du logo, couleur de la bouteille, style du bouchon, rev\u00eatement en silicone, bo\u00eete d&#039;emballage<\/td>\n<\/tr>\n<tr style=\"height: 13.50pt;\">\n<td style=\"height: 13.50pt;\" height=\"18\">Applications<\/td>\n<td>Jus, th\u00e9s, lait, smoothies, eau en verre r\u00e9utilisable<\/td>\n<\/tr>\n<\/tbody>\n<\/table>\n<h2>Points forts du produit<\/h2>\n<ol>\n<li><strong>Design minimaliste\/portable<\/strong>La forme fine et l\u00e9g\u00e8re de ces bouteilles leur permet de se glisser facilement dans n&#039;importe quel sac de sport ou de transport, ce qui en fait le choix id\u00e9al pour maintenir son apport quotidien en eau.<\/li>\n<li><strong>Solution \u00e9cologique et r\u00e9utilisable<\/strong>Ces contenants \u00e9cologiques et r\u00e9utilisables aideront les consommateurs \u00e0 s&#039;hydrater de mani\u00e8re durable et \u00e0 r\u00e9duire les d\u00e9chets de bouteilles en plastique.<\/li>\n<li><strong>Couvercle \u00e9tanche et s\u00e9curis\u00e9<\/strong>Cette bouteille est dot\u00e9e d&#039;un joint d&#039;\u00e9tanch\u00e9it\u00e9 en silicone fin avec un filetage de pr\u00e9cision, ce qui la rend \u00e9tanche m\u00eame avec des sacs ou des sacs \u00e0 dos.<\/li>\n<\/ol>\n<h2>Cas B2B r\u00e9ussi<\/h2>\n<p>Une marque australienne de boissons sant\u00e9 s&#039;est associ\u00e9e \u00e0 nous en tant que fournisseur \u00e0 long terme pour la conception personnalis\u00e9e d&#039;emballages de bouteilles d&#039;eau destin\u00e9es aux jus press\u00e9s \u00e0 froid.<\/p>\n<p>L&#039;entreprise avait command\u00e9 15\u00a0000 bouteilles d&#039;eau en verre de 350\u00a0ml avec manchon en silicone, un nouveau produit. Ses besoins habituels \u00e9taient les suivants\u00a0:<\/p>\n<ul>\n<li>Logo imprim\u00e9 sur la bouteille en verre.<\/li>\n<li>Protection UV. Flacon ambr\u00e9.<\/li>\n<li>Conception de couvercle en aluminium sur mesure<\/li>\n<li>Bo\u00eetes d&#039;emballage de marque<\/li>\n<\/ul>\n<p>Le lancement du produit a \u00e9t\u00e9 un franc succ\u00e8s et la bouteille est devenue l&#039;un de leurs formats d&#039;emballage en verre les plus performants pour les jus de fruits vendus au d\u00e9tail. La marque a pass\u00e9 une deuxi\u00e8me commande en gros de 25\u00a0000 unit\u00e9s en seulement huit mois, ce qui confirme la forte demande du march\u00e9 pour des emballages de boissons r\u00e9utilisables et \u00e9cologiques.<\/p>\n<h2>Individualisation Recommendations of B2B Applications<\/h2>\n<ol>\n<li><strong>Marques de jus et de boissons<\/strong>Ajoutez un manchon en silicone ou un rev\u00eatement textur\u00e9 pour cr\u00e9er une bouteille d&#039;eau en verre avec rev\u00eatement en silicone, am\u00e9liorant ainsi la prise en main et la diff\u00e9renciation de la marque.<\/li>\n<li><strong>Magasins de fitness et de style de vie<\/strong>: Pr\u00e9voir une boucle de transport et des graduations imprim\u00e9es pour rappeler aux clients de surveiller leur consommation d&#039;eau quotidienne et de s&#039;hydrater pendant leurs s\u00e9ances d&#039;entra\u00eenement.<\/li>\n<li><strong>Produits promotionnels d&#039;entreprise<\/strong>Nous proposons des bouteilles d&#039;eau personnalis\u00e9es avec impression de logo et emballage \u00e9conomique pour vos cadeaux promotionnels ou campagnes de bien-\u00eatre.<\/li>\n<\/ol>\n<p>Fabricant reconnu de bouteilles d&#039;eau en verre, nous proposons des services d&#039;approvisionnement en gros fiables aux distributeurs, marques de boissons et d\u00e9taillants du monde entier. Notre usine nous permet une production en grande quantit\u00e9 et nos clients b\u00e9n\u00e9ficient ainsi de bouteilles d&#039;eau en verre de qualit\u00e9, alliant style, durabilit\u00e9 et performance.<\/p>","protected":false},"excerpt":{"rendered":"<p>Bouteille d&#039;eau personnalis\u00e9e en verre r\u00e9sistant avec manchon en silicone. Bouteilles d&#039;eau \u00e9cologiques en verre, \u00e9tanches et r\u00e9utilisables, disponibles en gros pour une hydratation quotidienne.<\/p>","protected":false},"featured_media":25425,"template":"","meta":[],"product_brand":[],"product_cat":[136,123,122],"product_tag":[],"class_list":{"0":"post-24084","1":"product","2":"type-product","3":"status-publish","4":"has-post-thumbnail","6":"product_cat-glass-water-bottles","7":"product_cat-custom-glass-bottles","8":"product_cat-custom-glass-packaging","10":"first","11":"instock","12":"shipping-taxable","13":"product-type-simple"},"jetpack_sharing_enabled":true,"_links":{"self":[{"href":"https:\/\/yebodaglass.com\/fr\/wp-json\/wp\/v2\/product\/24084","targetHints":{"allow":["GET"]}}],"collection":[{"href":"https:\/\/yebodaglass.com\/fr\/wp-json\/wp\/v2\/product"}],"about":[{"href":"https:\/\/yebodaglass.com\/fr\/wp-json\/wp\/v2\/types\/product"}],"version-history":[{"count":5,"href":"https:\/\/yebodaglass.com\/fr\/wp-json\/wp\/v2\/product\/24084\/revisions"}],"predecessor-version":[{"id":25427,"href":"https:\/\/yebodaglass.com\/fr\/wp-json\/wp\/v2\/product\/24084\/revisions\/25427"}],"wp:featuredmedia":[{"embeddable":true,"href":"https:\/\/yebodaglass.com\/fr\/wp-json\/wp\/v2\/media\/25425"}],"wp:attachment":[{"href":"https:\/\/yebodaglass.com\/fr\/wp-json\/wp\/v2\/media?parent=24084"}],"wp:term":[{"taxonomy":"product_brand","embeddable":true,"href":"https:\/\/yebodaglass.com\/fr\/wp-json\/wp\/v2\/product_brand?post=24084"},{"taxonomy":"product_cat","embeddable":true,"href":"https:\/\/yebodaglass.com\/fr\/wp-json\/wp\/v2\/product_cat?post=24084"},{"taxonomy":"product_tag","embeddable":true,"href":"https:\/\/yebodaglass.com\/fr\/wp-json\/wp\/v2\/product_tag?post=24084"}],"curies":[{"name":"wp","href":"https:\/\/api.w.org\/{rel}","templated":true}]}}