{"id":24080,"date":"2025-11-26T09:31:37","date_gmt":"2025-11-26T01:31:37","guid":{"rendered":"https:\/\/yebodaglass.com\/?post_type=product&#038;p=24080"},"modified":"2025-11-26T11:53:52","modified_gmt":"2025-11-26T03:53:52","slug":"wholesale-small-clear-glass-storage-jars-with-lids","status":"publish","type":"product","link":"https:\/\/yebodaglass.com\/fr\/wholesale-small-clear-glass-storage-jars-with-lids\/","title":{"rendered":"Bocaux de conservation en verre transparent de petite taille avec couvercles, 80 ml, 100 ml et 150 ml, en gros"},"content":{"rendered":"<p data-start=\"66\" data-end=\"288\">Ce sont des bocaux de conservation cylindriques en verre transparent. Chaque bocal est fourni avec un \u00e9l\u00e9gant couvercle m\u00e9tallique \u00e0 clipser.<\/p>\n<h2>Caract\u00e9ristiques du produit<\/h2>\n<ul>\n<li><strong>Mat\u00e9riau transparent :<\/strong> Les bocaux sont en verre enti\u00e8rement transparent, ce qui permet de voir clairement le type et la quantit\u00e9 des objets \u00e0 l&#039;int\u00e9rieur et ainsi de les identifier facilement sans avoir besoin d&#039;ouvrir le couvercle.<\/li>\n<li><strong>Conception \u00e0 fermeture par pression :<\/strong> Il est dot\u00e9 d&#039;un couvercle m\u00e9tallique \u00e0 fermeture herm\u00e9tique qui assure une excellente \u00e9tanch\u00e9it\u00e9 et emp\u00eache efficacement l&#039;humidit\u00e9 de p\u00e9n\u00e9trer, pr\u00e9servant ainsi la fra\u00eecheur du produit. L&#039;ouverture et la fermeture sont tr\u00e8s simples et rapides.<\/li>\n<li><strong>Conception courte et stable\u00a0:<\/strong> Le corps court, trapu et arrondi des bocaux assure non seulement leur stabilit\u00e9 et leur durabilit\u00e9 sur les \u00e9tag\u00e8res, mais permet \u00e9galement un gain de place dans le rangement ; ils conviennent donc aux cuisines, aux casiers et \u00e0 d&#039;autres endroits.<\/li>\n<\/ul>\n<h2 style=\"text-align: left;\">Sp\u00e9cifications cl\u00e9s<\/h2>\n<table class=\"aligncenter\" style=\"border-collapse: collapse; width: 519.77pt;\" border=\"0\" width=\"693\" cellspacing=\"0\" cellpadding=\"0\">\n<tbody>\n<tr style=\"height: 13.50pt;\">\n<td style=\"height: 13.50pt; width: 94.50pt;\" width=\"126\" height=\"18\">Fonctionnalit\u00e9<\/td>\n<td style=\"width: 425.25pt;\" width=\"567\">D\u00e9tails<\/td>\n<\/tr>\n<tr style=\"height: 13.50pt;\">\n<td style=\"height: 13.50pt;\" height=\"18\">Dimensions<\/td>\n<td>80 ml : 6,1 \u00d7 7,3 cm \/ 100 ml : 6,3 \u00d7 7,1 cm \/ 150 ml : 7,5 \u00d7 7,2 cm<\/td>\n<\/tr>\n<tr style=\"height: 13.50pt;\">\n<td style=\"height: 13.50pt;\" height=\"18\">Mat\u00e9riel<\/td>\n<td>Bocal en verre sodocalcique transparent + couvercle en verre tremp\u00e9<\/td>\n<\/tr>\n<tr style=\"height: 13.50pt;\">\n<td style=\"height: 13.50pt;\" height=\"18\">Type de joint<\/td>\n<td>Fermeture herm\u00e9tique des clips m\u00e9talliques avec couvercles \u00e9tanches<\/td>\n<\/tr>\n<tr style=\"height: 13.50pt;\">\n<td style=\"height: 13.50pt;\" height=\"18\">Convient pour<\/td>\n<td>bocal de conservation en verre, bocal de conservation alimentaire<\/td>\n<\/tr>\n<\/tbody>\n<\/table>\n<h2>\u00c9tude de cas : Modernisation du syst\u00e8me de stockage d&#039;une marque alimentaire<\/h2>\n<p>Une entreprise de produits alimentaires sp\u00e9cialis\u00e9s recherchait des petits bocaux en verre avec couvercle pour conditionner ses m\u00e9langes d&#039;\u00e9pices haut de gamme. Nos bocaux en verre de 150 ml ont \u00e9t\u00e9 retenus. La satisfaction client a progress\u00e9 de 35 % gr\u00e2ce \u00e0 l&#039;excellente \u00e9tanch\u00e9it\u00e9 des couvercles \u00e0 clip, qui ont permis de conserver la fra\u00eecheur des \u00e9pices pendant plus de 12 mois. Les clients pouvaient clairement admirer les couleurs \u00e9clatantes des \u00e9pices \u00e0 travers les bocaux, ce qui a entra\u00een\u00e9 une hausse de 20 % des ventes en magasin. L&#039;entreprise, enchant\u00e9e, a pass\u00e9 une nouvelle commande de 200\u00a0000 bocaux afin de conqu\u00e9rir de nouveaux march\u00e9s.<\/p>\n<h2>Solutions de personnalisation pour bocaux de rangement en verre<\/h2>\n<ul>\n<li>\u00c9tiquettes s\u00e9rigraphi\u00e9es \u2013 Gr\u00e2ce \u00e0 une m\u00e9thode d&#039;impression c\u00e9ramique permanente, cr\u00e9ez une identit\u00e9 de marque visuellement \u00e9poustouflante.<\/li>\n<li>Effet verre d\u00e9poli \u2013 Obtenez une finition mate \u00e9l\u00e9gante gr\u00e2ce \u00e0 une m\u00e9thode de gravure \u00e0 l&#039;acide.<\/li>\n<li>Marquages \u200b\u200bde capacit\u00e9 \u2013 Facilitez la navigation des utilisateurs en ajoutant des graduations en relief ou imprim\u00e9es.<\/li>\n<li>Formes de pots personnalis\u00e9es \u2013 Un simple changement de contour suffit pour obtenir un aspect unique.<\/li>\n<\/ul>\n<p>Si vous avez besoin d&#039;une personnalisation pour un march\u00e9 sp\u00e9cifique ou si vous souhaitez ajouter une liste de prix bas\u00e9e sur la capacit\u00e9, n&#039;h\u00e9sitez pas \u00e0 nous contacter.<\/p>","protected":false},"excerpt":{"rendered":"<p>Notre bocal de conservation rond en verre assure une fermeture herm\u00e9tique pour les \u00e9pices, les en-cas et les loisirs cr\u00e9atifs. Bocaux de conservation en verre de qualit\u00e9 sup\u00e9rieure avec couvercles, disponibles imm\u00e9diatement, livraison rapide.<\/p>","protected":false},"featured_media":24093,"template":"","meta":[],"product_brand":[],"product_cat":[122,134,124],"product_tag":[],"class_list":{"0":"post-24080","1":"product","2":"type-product","3":"status-publish","4":"has-post-thumbnail","6":"product_cat-custom-glass-packaging","7":"product_cat-airtight-jars","8":"product_cat-custom-glass-jars","10":"first","11":"instock","12":"shipping-taxable","13":"product-type-simple"},"jetpack_sharing_enabled":true,"_links":{"self":[{"href":"https:\/\/yebodaglass.com\/fr\/wp-json\/wp\/v2\/product\/24080","targetHints":{"allow":["GET"]}}],"collection":[{"href":"https:\/\/yebodaglass.com\/fr\/wp-json\/wp\/v2\/product"}],"about":[{"href":"https:\/\/yebodaglass.com\/fr\/wp-json\/wp\/v2\/types\/product"}],"version-history":[{"count":3,"href":"https:\/\/yebodaglass.com\/fr\/wp-json\/wp\/v2\/product\/24080\/revisions"}],"predecessor-version":[{"id":24098,"href":"https:\/\/yebodaglass.com\/fr\/wp-json\/wp\/v2\/product\/24080\/revisions\/24098"}],"wp:featuredmedia":[{"embeddable":true,"href":"https:\/\/yebodaglass.com\/fr\/wp-json\/wp\/v2\/media\/24093"}],"wp:attachment":[{"href":"https:\/\/yebodaglass.com\/fr\/wp-json\/wp\/v2\/media?parent=24080"}],"wp:term":[{"taxonomy":"product_brand","embeddable":true,"href":"https:\/\/yebodaglass.com\/fr\/wp-json\/wp\/v2\/product_brand?post=24080"},{"taxonomy":"product_cat","embeddable":true,"href":"https:\/\/yebodaglass.com\/fr\/wp-json\/wp\/v2\/product_cat?post=24080"},{"taxonomy":"product_tag","embeddable":true,"href":"https:\/\/yebodaglass.com\/fr\/wp-json\/wp\/v2\/product_tag?post=24080"}],"curies":[{"name":"wp","href":"https:\/\/api.w.org\/{rel}","templated":true}]}}