{"id":24035,"date":"2025-11-24T14:21:56","date_gmt":"2025-11-24T06:21:56","guid":{"rendered":"https:\/\/yebodaglass.com\/?post_type=product&#038;p=24035"},"modified":"2025-11-24T17:30:11","modified_gmt":"2025-11-24T09:30:11","slug":"custom-vintage-pickle-jar-with-lids-wholesale","status":"publish","type":"product","link":"https:\/\/yebodaglass.com\/fr\/produit\/custom-vintage-pickle-jar-with-lids-wholesale\/","title":{"rendered":"Bocal \u00e0 cornichons vintage personnalis\u00e9s de 50 ml \u00e0 380 ml avec couvercles (vente en gros)"},"content":{"rendered":"<p>Vous en avez assez des bocaux \u00e0 cornichons qui alt\u00e8rent la couleur de vos concombres\u00a0? Nous fabriquons des bocaux \u00e0 cornichons vintage, avec un couvercle rouge et blanc pour une touche de nostalgie instantan\u00e9e. Ces bocaux \u00e0 oignons marin\u00e9s transforment vos conserves en un v\u00e9ritable atout marketing. Les commandes en gros b\u00e9n\u00e9ficient de tailles personnalis\u00e9es adapt\u00e9es \u00e0 votre \u00e9tiquetage.<\/p>\n<h2>Caract\u00e9ristiques du produit<\/h2>\n<p><strong>look r\u00e9tro classique<\/strong><\/p>\n<p>Avec son couvercle \u00e0 vis \u00e0 carreaux au style r\u00e9tro, cet article rehausse visuellement l&#039;esth\u00e9tique et s&#039;accorde parfaitement avec les produits alimentaires artisanaux, les usines de transformation agricole et les coffrets cadeaux de marque.<\/p>\n<p><strong>Plusieurs tailles disponibles<\/strong><\/p>\n<p>Cette gamme de produits permet de r\u00e9pondre aux besoins d&#039;emballage des grossistes et des usines alimentaires pour diff\u00e9rents types de produits marin\u00e9s, gr\u00e2ce \u00e0 une vari\u00e9t\u00e9 de formats allant du petit pot d&#039;\u00e9chantillon au grand emballage familial.<\/p>\n<p><strong>Haute r\u00e9sistance \u00e0 la chaleur et aux acides<\/strong><\/p>\n<p>Le verre est con\u00e7u pour la conservation des l\u00e9gumes dans divers liquides tels que le vinaigre, l&#039;huile de piment et le sirop de sucre, et r\u00e9siste aux odeurs et \u00e0 la corrosion, garantissant ainsi un stockage s\u00fbr pendant longtemps.<\/p>\n<h2>Sp\u00e9cifications cl\u00e9s<\/h2>\n<table style=\"border-collapse: collapse; width: 80%; margin-left: auto; margin-right: auto;\" border=\"0\" width=\"288\" cellspacing=\"0\" cellpadding=\"0\">\n<tbody>\n<tr style=\"height: 13.50pt;\">\n<td style=\"height: 13.5pt; width: 54pt; text-align: center;\" width=\"72\" height=\"18\">Capacit\u00e9 (ml)<\/td>\n<td style=\"width: 54pt; text-align: center;\" width=\"72\">Taille (cm)<\/td>\n<td style=\"width: 54pt; text-align: center;\" width=\"72\">Usage<\/td>\n<td style=\"width: 54pt; text-align: center;\" width=\"72\">Couvercles<\/td>\n<\/tr>\n<tr style=\"height: 13.50pt;\">\n<td style=\"height: 13.5pt; text-align: center;\" align=\"right\" height=\"18\">50<\/td>\n<td style=\"text-align: center;\">4.4 * 5.5<\/td>\n<td class=\"et2\" style=\"text-align: center;\" rowspan=\"6\">Confiture, cornichons, miel<\/td>\n<td class=\"et2\" style=\"text-align: center;\" rowspan=\"6\">Couverture en fer-blanc<\/td>\n<\/tr>\n<tr style=\"height: 13.50pt;\">\n<td style=\"height: 13.5pt; text-align: center;\" align=\"right\" height=\"18\">100<\/td>\n<td style=\"text-align: center;\">5.9 * 6.4<\/td>\n<\/tr>\n<tr style=\"height: 13.50pt;\">\n<td style=\"height: 13.5pt; text-align: center;\" align=\"right\" height=\"18\">150<\/td>\n<td style=\"text-align: center;\">6.5 * 6.8<\/td>\n<\/tr>\n<tr style=\"height: 13.50pt;\">\n<td style=\"height: 13.5pt; text-align: center;\" align=\"right\" height=\"18\">200<\/td>\n<td style=\"text-align: center;\">6.5 * 8.5<\/td>\n<\/tr>\n<tr style=\"height: 13.50pt;\">\n<td style=\"height: 13.5pt; text-align: center;\" align=\"right\" height=\"18\">250<\/td>\n<td style=\"text-align: center;\">7.5 * 9.7<\/td>\n<\/tr>\n<tr style=\"height: 13.50pt;\">\n<td style=\"height: 13.5pt; text-align: center;\" align=\"right\" height=\"18\">380<\/td>\n<td style=\"text-align: center;\">8.4 * 11.5<\/td>\n<\/tr>\n<\/tbody>\n<\/table>\n<h2>Cas de r\u00e9ussite<\/h2>\n<p>L&#039;entreprise de transformation agricole polonaise nous a confi\u00e9 la t\u00e2che de cr\u00e9er un emballage qui, tout en refl\u00e9tant un style traditionnel et convivial, renforcerait la visibilit\u00e9 de la marque en supermarch\u00e9. Nous lui avons sugg\u00e9r\u00e9 le bocal \u00e0 cornichons \u00e0 l&#039;ancienne, avec son couvercle \u00e0 carreaux au charme r\u00e9tro, et avons adapt\u00e9 la taille et la couleur du couvercle aux deux gammes de produits\u00a0: oignons marin\u00e9s et l\u00e9gumes m\u00e9lang\u00e9s.<\/p>\n<p>Une croissance des ventes de 35 % a \u00e9t\u00e9 enregistr\u00e9e en seulement deux mois apr\u00e8s la mise en vente du premier lot de bocaux d&#039;oignons marin\u00e9s dans les cha\u00eenes de supermarch\u00e9s locales, gr\u00e2ce \u00e0 leur aspect attrayant et \u00e0 leur bonne \u00e9tanch\u00e9it\u00e9.<\/p>\n<h2>Votre guide de personnalisation<\/h2>\n<ol>\n<li><strong>Personnalisez le design du couvercle :<\/strong> Apposez le logo de votre entreprise, une texture de bordure ou des blocs de couleur du th\u00e8me choisi, associ\u00e9s au motif \u00e0 carreaux rouges et blancs classique, sur le couvercle pour en faire un identifiant unique.<\/li>\n<li><strong>Am\u00e9liorer le tissu de l&#039;\u00e9tiquette\u00a0:<\/strong> Choisissez un papier mat, un papier synth\u00e9tique ol\u00e9ophobe ou des \u00e9tiquettes m\u00e9talliques pour donner \u00e0 votre produit un style visuel et une texture plus raffin\u00e9s ou \u00ab rustiques r\u00e9tro \u00bb.<\/li>\n<\/ol>","protected":false},"excerpt":{"rendered":"<p>Bocal \u00e0 cornichons vintage avec couvercle design, id\u00e9al pour conserver vos oignons marin\u00e9s. Vente directe d&#039;usine et personnalisation possible. Livraison imm\u00e9diate.<\/p>","protected":false},"featured_media":24036,"template":"","meta":[],"product_brand":[],"product_cat":[122,124,133],"product_tag":[],"class_list":{"0":"post-24035","1":"product","2":"type-product","3":"status-publish","4":"has-post-thumbnail","6":"product_cat-custom-glass-packaging","7":"product_cat-custom-glass-jars","8":"product_cat-pickle-jars","10":"first","11":"instock","12":"shipping-taxable","13":"product-type-simple"},"jetpack_sharing_enabled":true,"_links":{"self":[{"href":"https:\/\/yebodaglass.com\/fr\/wp-json\/wp\/v2\/product\/24035","targetHints":{"allow":["GET"]}}],"collection":[{"href":"https:\/\/yebodaglass.com\/fr\/wp-json\/wp\/v2\/product"}],"about":[{"href":"https:\/\/yebodaglass.com\/fr\/wp-json\/wp\/v2\/types\/product"}],"version-history":[{"count":5,"href":"https:\/\/yebodaglass.com\/fr\/wp-json\/wp\/v2\/product\/24035\/revisions"}],"predecessor-version":[{"id":24054,"href":"https:\/\/yebodaglass.com\/fr\/wp-json\/wp\/v2\/product\/24035\/revisions\/24054"}],"wp:featuredmedia":[{"embeddable":true,"href":"https:\/\/yebodaglass.com\/fr\/wp-json\/wp\/v2\/media\/24036"}],"wp:attachment":[{"href":"https:\/\/yebodaglass.com\/fr\/wp-json\/wp\/v2\/media?parent=24035"}],"wp:term":[{"taxonomy":"product_brand","embeddable":true,"href":"https:\/\/yebodaglass.com\/fr\/wp-json\/wp\/v2\/product_brand?post=24035"},{"taxonomy":"product_cat","embeddable":true,"href":"https:\/\/yebodaglass.com\/fr\/wp-json\/wp\/v2\/product_cat?post=24035"},{"taxonomy":"product_tag","embeddable":true,"href":"https:\/\/yebodaglass.com\/fr\/wp-json\/wp\/v2\/product_tag?post=24035"}],"curies":[{"name":"wp","href":"https:\/\/api.w.org\/{rel}","templated":true}]}}