{"id":23979,"date":"2025-11-20T15:57:22","date_gmt":"2025-11-20T07:57:22","guid":{"rendered":"https:\/\/yebodaglass.com\/?post_type=product&#038;p=23979"},"modified":"2026-04-14T15:42:13","modified_gmt":"2026-04-14T07:42:13","slug":"double-ear-glass-pickle-jar-storage-wholesale","status":"publish","type":"product","link":"https:\/\/yebodaglass.com\/fr\/double-ear-glass-pickle-jar-storage-wholesale\/","title":{"rendered":"Bocal \u00e0 cornichons en verre \u00e0 double anse, 280 ml \u2013 630 ml, vente en gros"},"content":{"rendered":"<p>Vous en avez assez des bocaux \u00e0 cornichons qui fuient ou dont les concombres se d\u00e9colorent\u00a0? Nous fabriquons des bocaux \u00e0 cornichons en gros\u00a0: fini les d\u00e9bordements de saumure\u00a0! Ces bocaux en verre transforment votre espace de stockage en un outil performant et personnalis\u00e9. Les commandes en gros b\u00e9n\u00e9ficient de tailles sur mesure, parfaitement adapt\u00e9es \u00e0 votre marque.<\/p>\n<h2>Caract\u00e9ristiques du produit<\/h2>\n<ul>\n<li><strong>Double-handled design: <\/strong>La structure arrondie \u00e0 double poign\u00e9e am\u00e9liore non seulement la prise en main, mais conf\u00e8re \u00e9galement au bocal en verre une apparence unique.<\/li>\n<li><strong>Crystal clear glass: <\/strong>Chaque brin d&#039;aneth est clairement visible : les clients peuvent faire confiance \u00e0 votre bocal en un coup d&#039;\u0153il.<\/li>\n<li><strong>Excellent airtight metal lid: <\/strong>Conserve parfaitement la saumure et les d\u00e9licieux cornichons, qui ne se g\u00e2tent jamais.<\/li>\n<li><strong>Multiple sizes available: <\/strong>De 280 ml \u00e0 630 ml, r\u00e9pondant aux besoins de production en petits ou grands lots.<\/li>\n<\/ul>\n<h2>Sp\u00e9cifications cl\u00e9s<\/h2>\n<table style=\"border-collapse: collapse; width: 80%; margin-left: auto; margin-right: auto;\" border=\"0\" width=\"216\" cellspacing=\"0\" cellpadding=\"0\">\n<tbody>\n<tr style=\"height: 13.50pt;\">\n<td style=\"height: 13.5pt; width: 54pt; text-align: center;\" width=\"72\" height=\"18\">Capacit\u00e9 (ml)<\/td>\n<td style=\"width: 54pt; text-align: center;\" width=\"72\">Taille (cm)<\/td>\n<td style=\"width: 54pt; text-align: center;\" width=\"72\">Options de couvercles<\/td>\n<\/tr>\n<tr style=\"height: 13.50pt;\">\n<td style=\"height: 13.5pt; text-align: center;\" height=\"18\">280<\/td>\n<td style=\"text-align: center;\">7,8 x 8,8<\/td>\n<td class=\"et2\" style=\"text-align: center;\" rowspan=\"4\">Bouchon en aluminium, couleur personnalisable<\/td>\n<\/tr>\n<tr style=\"height: 13.50pt;\">\n<td style=\"height: 13.5pt; text-align: center;\" height=\"18\">350<\/td>\n<td style=\"text-align: center;\">8,8 x 9,5<\/td>\n<\/tr>\n<tr style=\"height: 13.50pt;\">\n<td style=\"height: 13.5pt; text-align: center;\" height=\"18\">500<\/td>\n<td style=\"text-align: center;\">9,9 x 10,0<\/td>\n<\/tr>\n<tr style=\"height: 13.50pt;\">\n<td style=\"height: 13.5pt; text-align: center;\" height=\"18\">630<\/td>\n<td style=\"text-align: center;\">10,4 x 10,7<\/td>\n<\/tr>\n<\/tbody>\n<\/table>\n<h2>Cas de r\u00e9ussite<\/h2>\n<p>Nous avons \u00e9t\u00e9 contact\u00e9s par une marque de conserves d&#039;Europe de l&#039;Est pour personnaliser ce bocal \u00e0 cornichons \u00e0 double anse. Nous avons adapt\u00e9 le diam\u00e8tre du bouchon \u00e0 vis \u00e0 leur machine de remplissage et cr\u00e9\u00e9 un couvercle m\u00e9tallique de couleur exclusif \u00e0 leur marque.<\/p>\n<p>Suite \u00e0 son lancement, l&#039;accessibilit\u00e9 du produit dans les rayons des supermarch\u00e9s s&#039;est consid\u00e9rablement am\u00e9lior\u00e9e, et une hausse de 22 % des ventes a \u00e9t\u00e9 enregistr\u00e9e au premier trimestre.<\/p>\n<h2>Votre guide de personnalisation<\/h2>\n<ol>\n<li>Si les ingr\u00e9dients marin\u00e9s sont d&#039;une certaine couleur et que l&#039;utilisateur souhaite les utiliser, trois options sont disponibles pour la finition du couvercle\u00a0: \u00e9lectroplaqu\u00e9, peint ou nacr\u00e9, afin de cr\u00e9er un aspect plus uniforme pour l&#039;ensemble des bocaux de cornichons.<\/li>\n<li>En utilisant des motifs comme des th\u00e8mes de fruits et l\u00e9gumes, des initiales de marque ou des textures g\u00e9om\u00e9triques, les bocaux peuvent se d\u00e9marquer et ainsi rendre le rangement des bocaux \u00e0 cornichons facilement reconnaissable sur l&#039;\u00e9tag\u00e8re.<\/li>\n<\/ol>","protected":false},"excerpt":{"rendered":"<p>Bocaux en verre pour conserves de fruits et l\u00e9gumes. Vente directe d&#039;usine\u00a0: commandes en gros possibles avec couvercles personnalis\u00e9s et options de marquage.<\/p>","protected":false},"featured_media":23981,"template":"","meta":[],"product_brand":[],"product_cat":[133,124,122],"product_tag":[],"class_list":{"0":"post-23979","1":"product","2":"type-product","3":"status-publish","4":"has-post-thumbnail","6":"product_cat-pickle-jars","7":"product_cat-custom-glass-jars","8":"product_cat-custom-glass-packaging","10":"first","11":"instock","12":"shipping-taxable","13":"product-type-simple"},"jetpack_sharing_enabled":true,"_links":{"self":[{"href":"https:\/\/yebodaglass.com\/fr\/wp-json\/wp\/v2\/product\/23979","targetHints":{"allow":["GET"]}}],"collection":[{"href":"https:\/\/yebodaglass.com\/fr\/wp-json\/wp\/v2\/product"}],"about":[{"href":"https:\/\/yebodaglass.com\/fr\/wp-json\/wp\/v2\/types\/product"}],"version-history":[{"count":4,"href":"https:\/\/yebodaglass.com\/fr\/wp-json\/wp\/v2\/product\/23979\/revisions"}],"predecessor-version":[{"id":25782,"href":"https:\/\/yebodaglass.com\/fr\/wp-json\/wp\/v2\/product\/23979\/revisions\/25782"}],"wp:featuredmedia":[{"embeddable":true,"href":"https:\/\/yebodaglass.com\/fr\/wp-json\/wp\/v2\/media\/23981"}],"wp:attachment":[{"href":"https:\/\/yebodaglass.com\/fr\/wp-json\/wp\/v2\/media?parent=23979"}],"wp:term":[{"taxonomy":"product_brand","embeddable":true,"href":"https:\/\/yebodaglass.com\/fr\/wp-json\/wp\/v2\/product_brand?post=23979"},{"taxonomy":"product_cat","embeddable":true,"href":"https:\/\/yebodaglass.com\/fr\/wp-json\/wp\/v2\/product_cat?post=23979"},{"taxonomy":"product_tag","embeddable":true,"href":"https:\/\/yebodaglass.com\/fr\/wp-json\/wp\/v2\/product_tag?post=23979"}],"curies":[{"name":"wp","href":"https:\/\/api.w.org\/{rel}","templated":true}]}}