{"id":23970,"date":"2025-11-20T14:40:02","date_gmt":"2025-11-20T06:40:02","guid":{"rendered":"https:\/\/yebodaglass.com\/?post_type=product&#038;p=23970"},"modified":"2025-11-20T14:40:03","modified_gmt":"2025-11-20T06:40:03","slug":"double-handle-glass-jar-for-pickles-bulk","status":"publish","type":"product","link":"https:\/\/yebodaglass.com\/fr\/double-handle-glass-jar-for-pickles-bulk\/","title":{"rendered":"Bocal en verre \u00e0 double poign\u00e9e de 80 \u00e0 200 ml pour cornichons en vrac"},"content":{"rendered":"<p>Vous en avez assez des bocaux \u00e0 cornichons qui vous glissent des mains\u00a0? Nous fabriquons des bocaux sp\u00e9cialement con\u00e7us pour les cornichons, avec des anses doubles pour une prise en main facile. Ces bocaux en verre transforment vos conserves en un support publicitaire \u00e0 votre image. Pour les commandes en gros, nous proposons des tailles personnalis\u00e9es aux couleurs de votre marque.<\/p>\n<h2>Caract\u00e9ristiques du produit<\/h2>\n<p><strong>Conception \u00e0 double adh\u00e9rence auriculaire<\/strong><\/p>\n<p>Tenez-le facilement \u2013 \u200b\u200bfini les lots de concombres qui tombent.<\/p>\n<p><strong>Visibilit\u00e9 en verre cristallin<\/strong><\/p>\n<p>On voit chaque brin d&#039;aneth \u2014 les clients font imm\u00e9diatement confiance \u00e0 vos bocaux en verre.<\/p>\n<p><strong>Couvercle m\u00e9tallique herm\u00e9tique<\/strong><\/p>\n<p>Conserve la saumure et pr\u00e9serve la saveur des cornichons \u2013 aucun risque de d\u00e9t\u00e9rioration.<\/p>\n<h2>Sp\u00e9cifications cl\u00e9s<\/h2>\n<table style=\"border-collapse: collapse; width: 80%; margin-left: auto; margin-right: auto;\" border=\"0\" width=\"216\" cellspacing=\"0\" cellpadding=\"0\">\n<tbody>\n<tr style=\"height: 13.50pt;\">\n<td style=\"height: 13.5pt; width: 54pt; text-align: center;\" width=\"72\" height=\"18\">Capacit\u00e9 (ml)<\/td>\n<td style=\"width: 54pt; text-align: center;\" width=\"72\">Taille (cm)<\/td>\n<td style=\"width: 54pt; text-align: center;\" width=\"72\">Forme<\/td>\n<\/tr>\n<tr style=\"height: 13.50pt;\">\n<td style=\"height: 13.5pt; text-align: center;\" align=\"right\" height=\"18\">80<\/td>\n<td style=\"text-align: center;\">6,9 x 4,4<\/td>\n<td class=\"et2\" style=\"text-align: center;\" rowspan=\"4\">Rond<\/td>\n<\/tr>\n<tr style=\"height: 13.50pt;\">\n<td style=\"height: 13.5pt; text-align: center;\" align=\"right\" height=\"18\">100<\/td>\n<td style=\"text-align: center;\">7,6 x 4,6<\/td>\n<\/tr>\n<tr style=\"height: 13.50pt;\">\n<td style=\"height: 13.5pt; text-align: center;\" align=\"right\" height=\"18\">150<\/td>\n<td style=\"text-align: center;\">8,0 x 5,4<\/td>\n<\/tr>\n<tr style=\"height: 13.50pt;\">\n<td style=\"height: 13.5pt; text-align: center;\" align=\"right\" height=\"18\">200<\/td>\n<td style=\"text-align: center;\">8,9 x 5,5<\/td>\n<\/tr>\n<\/tbody>\n<\/table>\n<h2>Cas de r\u00e9ussite<\/h2>\n<p>Un fabricant de condiments d&#039;Asie du Sud-Est a am\u00e9lior\u00e9 son emballage en optant pour nos bocaux \u00e0 kimchi \u00e0 double poign\u00e9e. Son personnel recherchait un bocal \u00e0 kimchi facile \u00e0 manipuler lors du remplissage \u00e0 chaud et suffisamment robuste pour supporter un transport longue distance.<\/p>\n<p>Gr\u00e2ce \u00e0 l&#039;utilisation de notre bocal en verre renforc\u00e9, de sa large ouverture et de son couvercle herm\u00e9tique, leur efficacit\u00e9 de remplissage a augment\u00e9 de 22 %, et les cas de casse pendant le transport ont \u00e9t\u00e9 consid\u00e9rablement r\u00e9duits.<\/p>\n<p>Herb &amp; Spice Co. a opt\u00e9 pour notre gamme de bocaux en verre pour cornichons. R\u00e9sultat\u00a0? Des ventes 15 fois plus rapides et des avis clients 5 \u00e9toiles. Pourquoi\u00a0? La double anse permet de manipuler facilement les concombres entiers, et les couvercles en m\u00e9tal rouge personnalis\u00e9s s&#039;accordent parfaitement \u00e0 leur image de marque. Ces bocaux sont d\u00e9sormais un best-seller dans plus de 200 magasins.<\/p>\n<h2>Votre guide de personnalisation<\/h2>\n<ol>\n<li><strong>Couvercles am\u00e9lior\u00e9s :<\/strong> Les couvercles peuvent \u00eatre en m\u00e9tal, color\u00e9s, \u00e9lectroplaqu\u00e9s et inviolables, avec la possibilit\u00e9 suppl\u00e9mentaire d&#039;ajouter un joint d&#039;\u00e9tanch\u00e9it\u00e9 pour une meilleure conservation.<\/li>\n<li><strong>L&#039;\u00e9paisseur et le contour du verre\u00a0:<\/strong> Il peut \u00eatre fabriqu\u00e9 avec un verre renforc\u00e9 plus \u00e9pais pour une meilleure r\u00e9sistance \u00e0 la pression et un transport plus s\u00fbr ; de plus, la courbure du bocal et les dimensions de la poign\u00e9e peuvent \u00eatre modifi\u00e9es.<\/li>\n<li><strong>Marque personnalis\u00e9e\u00a0:<\/strong> Le bocal en verre pour cornichons peut \u00eatre marqu\u00e9 \u00e0 l&#039;aide de proc\u00e9d\u00e9s de peinture au pistolet, d&#039;impression, de marquage \u00e0 chaud et d&#039;\u00e9tiquetage.<\/li>\n<\/ol>","protected":false},"excerpt":{"rendered":"<p>Bocal \u00e0 cornichons \u00e0 double poign\u00e9e, id\u00e9al pour le conditionnement en vrac. Ce bocal en verre offre une fermeture herm\u00e9tique, une livraison directe d&#039;usine et des options de personnalisation.<\/p>","protected":false},"featured_media":23971,"template":"","meta":[],"product_brand":[],"product_cat":[122,124,133],"product_tag":[],"class_list":{"0":"post-23970","1":"product","2":"type-product","3":"status-publish","4":"has-post-thumbnail","6":"product_cat-custom-glass-packaging","7":"product_cat-custom-glass-jars","8":"product_cat-pickle-jars","10":"first","11":"instock","12":"shipping-taxable","13":"product-type-simple"},"jetpack_sharing_enabled":true,"_links":{"self":[{"href":"https:\/\/yebodaglass.com\/fr\/wp-json\/wp\/v2\/product\/23970","targetHints":{"allow":["GET"]}}],"collection":[{"href":"https:\/\/yebodaglass.com\/fr\/wp-json\/wp\/v2\/product"}],"about":[{"href":"https:\/\/yebodaglass.com\/fr\/wp-json\/wp\/v2\/types\/product"}],"version-history":[{"count":4,"href":"https:\/\/yebodaglass.com\/fr\/wp-json\/wp\/v2\/product\/23970\/revisions"}],"predecessor-version":[{"id":23978,"href":"https:\/\/yebodaglass.com\/fr\/wp-json\/wp\/v2\/product\/23970\/revisions\/23978"}],"wp:featuredmedia":[{"embeddable":true,"href":"https:\/\/yebodaglass.com\/fr\/wp-json\/wp\/v2\/media\/23971"}],"wp:attachment":[{"href":"https:\/\/yebodaglass.com\/fr\/wp-json\/wp\/v2\/media?parent=23970"}],"wp:term":[{"taxonomy":"product_brand","embeddable":true,"href":"https:\/\/yebodaglass.com\/fr\/wp-json\/wp\/v2\/product_brand?post=23970"},{"taxonomy":"product_cat","embeddable":true,"href":"https:\/\/yebodaglass.com\/fr\/wp-json\/wp\/v2\/product_cat?post=23970"},{"taxonomy":"product_tag","embeddable":true,"href":"https:\/\/yebodaglass.com\/fr\/wp-json\/wp\/v2\/product_tag?post=23970"}],"curies":[{"name":"wp","href":"https:\/\/api.w.org\/{rel}","templated":true}]}}