{"id":23903,"date":"2025-11-18T16:15:47","date_gmt":"2025-11-18T08:15:47","guid":{"rendered":"https:\/\/yebodaglass.com\/?post_type=product&#038;p=23903"},"modified":"2026-03-26T14:10:56","modified_gmt":"2026-03-26T06:10:56","slug":"wholesale-clear-32-oz-swing-top-bottles-with-stripes","status":"publish","type":"product","link":"https:\/\/yebodaglass.com\/fr\/wholesale-clear-32-oz-swing-top-bottles-with-stripes\/","title":{"rendered":"Bouteilles transparentes \u00e0 bouchon m\u00e9canique ray\u00e9 de 16 oz et 32 \u200b\u200boz, en gros"},"content":{"rendered":"<p data-start=\"66\" data-end=\"288\">Ces bouteilles de 950 ml (32 oz) \u00e0 bouchon m\u00e9canique sont en verre transparent et orn\u00e9es d&#039;un \u00e9l\u00e9gant motif \u00e0 rayures verticales. Le bouchon m\u00e9tallique \u00e0 pression, en plus d&#039;\u00eatre un atout esth\u00e9tique ind\u00e9niable, assure une fermeture herm\u00e9tique, faisant de ces bouteilles des contenants id\u00e9aux pour la conservation des liquides.<\/p>\n<h2>Caract\u00e9ristiques du produit<\/h2>\n<ul>\n<li><strong>Mat\u00e9riau : verre transparent<\/strong> Le verre transparent facilite grandement l&#039;identification des liquides de l&#039;ext\u00e9rieur, car sa couleur et son volume sont facilement v\u00e9rifiables.<\/li>\n<li><strong>Rayure verticale :<\/strong> Le motif \u00e0 rayures verticales contribue \u00e0 la beaut\u00e9 et \u00e0 l&#039;originalit\u00e9 du produit, tout en offrant une meilleure prise en main \u00e0 l&#039;utilisateur.<\/li>\n<li><strong>Conception \u00e0 fermeture par pression :<\/strong> Il s&#039;agit d&#039;un bouchon m\u00e9tallique \u00e0 pression qui se ferme herm\u00e9tiquement, assurant ainsi une \u00e9tanch\u00e9it\u00e9 efficace et pr\u00e9servant la fra\u00eecheur du contenu, tout en facilitant l&#039;ouverture et la fermeture.<\/li>\n<\/ul>\n<h2 style=\"text-align: left;\">Sp\u00e9cifications cl\u00e9s<\/h2>\n<table class=\"aligncenter\" style=\"border-collapse: collapse; width: 474.77pt;\" border=\"0\" width=\"633\" cellspacing=\"0\" cellpadding=\"0\">\n<tbody>\n<tr style=\"height: 13.50pt;\">\n<td style=\"height: 13.50pt; width: 98.25pt;\" width=\"131\" height=\"18\">Sp\u00e9cification<\/td>\n<td style=\"width: 376.50pt;\" width=\"502\">D\u00e9tails<\/td>\n<\/tr>\n<tr style=\"height: 13.50pt;\">\n<td style=\"height: 13.50pt;\" height=\"18\">Dimensions<\/td>\n<td>500 ml (16 oz) : 7 cm \u00d7 26,6 cm \/ 1000 ml (32 oz) : 8,5 cm \u00d7 31,5 cm<\/td>\n<\/tr>\n<tr style=\"height: 13.50pt;\">\n<td style=\"height: 13.50pt;\" height=\"18\">Mat\u00e9riel<\/td>\n<td>Verre transparent haute clart\u00e9<\/td>\n<\/tr>\n<tr style=\"height: 13.50pt;\">\n<td style=\"height: 13.50pt;\" height=\"18\">Texture de surface<\/td>\n<td>Motif \u00e0 rayures verticales pour une meilleure adh\u00e9rence et une esth\u00e9tique plus soign\u00e9e<\/td>\n<\/tr>\n<tr style=\"height: 13.50pt;\">\n<td style=\"height: 13.50pt;\" height=\"18\">Syst\u00e8me de fermeture<\/td>\n<td>Abattants en acier inoxydable avec but\u00e9e orange\/blanche<\/td>\n<\/tr>\n<tr style=\"height: 13.50pt;\">\n<td style=\"height: 13.50pt;\" height=\"18\">Id\u00e9al pour<\/td>\n<td>Bouteilles \u00e0 bouchon m\u00e9canique, bouteilles \u00e0 bouchon pivotant en gros<\/td>\n<\/tr>\n<\/tbody>\n<\/table>\n<h2>\u00c9tude de cas : La transformation haut de gamme d&#039;un fabricant de boissons artisanales<\/h2>\n<p>Une marque artisanale de soda souhaitait se d\u00e9velopper sur le march\u00e9 des cadeaux haut de gamme. Pour mettre en valeur sa boisson phare, elle a opt\u00e9 pour nos bouteilles \u00e0 bouchon m\u00e9canique, orn\u00e9es d&#039;un motif \u00e0 rayures verticales. Ces rayures originales se sont r\u00e9v\u00e9l\u00e9es \u00eatre un facteur cl\u00e9 de son succ\u00e8s. Elles ont am\u00e9lior\u00e9 la prise en main du bouchon, r\u00e9duisant ainsi de 42 % le nombre d&#039;accidents dus aux glissades et aux chutes, et entra\u00eenant une hausse des ventes de 75 %. Encourag\u00e9e par ces retours positifs, la marque commande d\u00e9sormais 200\u00a0000 bouteilles par lot, faisant de ce design son emballage exclusif pour son produit phare.<\/p>\n<h2>Personnalisez votre bouteille \u00e0 bouchon m\u00e9canique textur\u00e9e<\/h2>\n<p>Utilisez ces options de personnalisation ax\u00e9es sur le produit pour cr\u00e9er une bouteille \u00e0 bouchon \u00e0 vis de marque qui ne peut \u00eatre copi\u00e9e par d&#039;autres produits\u00a0:<\/p>\n<ul>\n<li><strong>S\u00e9lection de la couleur du joint d&#039;\u00e9tanch\u00e9it\u00e9\u00a0:<\/strong> Appliquez la couleur de votre marque sur le joint d&#039;\u00e9tanch\u00e9it\u00e9 afin qu&#039;il soit de nouveau aux couleurs de votre marque en rayon.<\/li>\n<li><strong>Vitrail:<\/strong> L&#039;utilisation de verre ambr\u00e9 ou vert au lieu de verre transparent est destin\u00e9e aux boissons sensibles \u00e0 la lumi\u00e8re comme la bi\u00e8re.<\/li>\n<li><strong>Texture givr\u00e9e :<\/strong> La finition givr\u00e9e des nervures cr\u00e9e un contraste saisissant ainsi qu&#039;une exp\u00e9rience tactile plus textur\u00e9e.<\/li>\n<li><strong>\u00c9mail color\u00e9 sp\u00e9cialis\u00e9\u00a0:<\/strong> L&#039;ajout d&#039;une bande de verre color\u00e9 au fond ou au goulot de la bouteille lui conf\u00e8re un aspect unique.<\/li>\n<\/ul>\n<p>Veuillez nous contacter si vous souhaitez conna\u00eetre les prix de gros des bouteilles \u00e0 bouchon m\u00e9canique de 32 oz.<\/p>","protected":false},"excerpt":{"rendered":"<p>Bouteilles \u00e9l\u00e9gantes ray\u00e9es de 950 ml (32 oz) avec bouchon m\u00e9canique et joints \u00e9tanches de qualit\u00e9 sup\u00e9rieure \u2013 con\u00e7ues pour les boissons, la fermentation et le conditionnement alimentaire. Tarifs de gros disponibles.<\/p>","protected":false},"featured_media":25628,"template":"","meta":[],"product_brand":[],"product_cat":[132,123,122],"product_tag":[],"class_list":{"0":"post-23903","1":"product","2":"type-product","3":"status-publish","4":"has-post-thumbnail","6":"product_cat-glass-flip-top-bottles","7":"product_cat-custom-glass-bottles","8":"product_cat-custom-glass-packaging","10":"first","11":"instock","12":"shipping-taxable","13":"product-type-simple"},"jetpack_sharing_enabled":true,"_links":{"self":[{"href":"https:\/\/yebodaglass.com\/fr\/wp-json\/wp\/v2\/product\/23903","targetHints":{"allow":["GET"]}}],"collection":[{"href":"https:\/\/yebodaglass.com\/fr\/wp-json\/wp\/v2\/product"}],"about":[{"href":"https:\/\/yebodaglass.com\/fr\/wp-json\/wp\/v2\/types\/product"}],"version-history":[{"count":4,"href":"https:\/\/yebodaglass.com\/fr\/wp-json\/wp\/v2\/product\/23903\/revisions"}],"predecessor-version":[{"id":23921,"href":"https:\/\/yebodaglass.com\/fr\/wp-json\/wp\/v2\/product\/23903\/revisions\/23921"}],"wp:featuredmedia":[{"embeddable":true,"href":"https:\/\/yebodaglass.com\/fr\/wp-json\/wp\/v2\/media\/25628"}],"wp:attachment":[{"href":"https:\/\/yebodaglass.com\/fr\/wp-json\/wp\/v2\/media?parent=23903"}],"wp:term":[{"taxonomy":"product_brand","embeddable":true,"href":"https:\/\/yebodaglass.com\/fr\/wp-json\/wp\/v2\/product_brand?post=23903"},{"taxonomy":"product_cat","embeddable":true,"href":"https:\/\/yebodaglass.com\/fr\/wp-json\/wp\/v2\/product_cat?post=23903"},{"taxonomy":"product_tag","embeddable":true,"href":"https:\/\/yebodaglass.com\/fr\/wp-json\/wp\/v2\/product_tag?post=23903"}],"curies":[{"name":"wp","href":"https:\/\/api.w.org\/{rel}","templated":true}]}}