{"id":23894,"date":"2025-11-18T15:02:38","date_gmt":"2025-11-18T07:02:38","guid":{"rendered":"https:\/\/yebodaglass.com\/?post_type=product&#038;p=23894"},"modified":"2026-04-10T09:36:18","modified_gmt":"2026-04-10T01:36:18","slug":"empty-clear-glass-flip-top-bottles-wholesale","status":"publish","type":"product","link":"https:\/\/yebodaglass.com\/fr\/empty-clear-glass-flip-top-bottles-wholesale\/","title":{"rendered":"Bouteilles en verre transparent vides \u00e0 bouchon m\u00e9canique de 350 ml \u00e0 1000 ml, vente en gros"},"content":{"rendered":"<p data-start=\"66\" data-end=\"288\"><span aria-haspopup=\"dialog\" aria-expanded=\"false\" aria-controls=\"radix-_r_8f_\" data-state=\"closed\" data-slot=\"popover-trigger\">Bouteille traditionnelle et pratique, avec un corps lisse et l\u00e9g\u00e8rement fusel\u00e9 et un col \u00e9lanc\u00e9, cette bouteille en verre \u00e0 bouchon \u00e0 clapet est un classique.<\/span> <span aria-haspopup=\"dialog\" aria-expanded=\"false\" aria-controls=\"radix-_r_8g_\" data-state=\"closed\" data-slot=\"popover-trigger\">La bouteille est en verre transparent et poss\u00e8de un bouchon \u00e0 clapet qui la ferme fermement.<\/span> <span aria-haspopup=\"dialog\" aria-expanded=\"false\" aria-controls=\"radix-_r_8h_\" data-state=\"closed\" data-slot=\"popover-trigger\">Ce b\u00e2timent forme une enveloppe \u00e9tanche \u00e0 l&#039;air, qui pr\u00e9serve la fra\u00eecheur et \u00e9vite les fuites.<\/span> <span aria-haspopup=\"dialog\" aria-expanded=\"false\" aria-controls=\"radix-_r_8i_\" data-state=\"closed\" data-slot=\"popover-trigger\">Cette gamme offre une grande flexibilit\u00e9 en mati\u00e8re d&#039;emballage, \u00e9tant disponible de 350 ml \u00e0 1000 ml.<\/span> <span aria-haspopup=\"dialog\" aria-expanded=\"false\" aria-controls=\"radix-_r_8j_\" data-state=\"closed\" data-slot=\"popover-trigger\">Ce sont des bouteilles couramment utilis\u00e9es pour conserver des boissons comme les sodas, les jus de fruits et le kombucha. Nous proposons des bouteilles \u00e0 bouchon m\u00e9canique en gros.<\/span><\/p>\n<h2>Caract\u00e9ristiques du produit<\/h2>\n<ul>\n<li><strong>Conception \u00e0 fermeture par pression :<\/strong> Les bouchons m\u00e9talliques rouges et blancs \u00e0 clipser assurent une excellente \u00e9tanch\u00e9it\u00e9, prolongeant ainsi la dur\u00e9e de conservation du contenu. De plus, leur ouverture et leur fermeture sont tr\u00e8s faciles.<\/li>\n<li><strong>Diff\u00e9rentes formes et tailles de bouteilles :<\/strong> Quatre formes et tailles de bouteilles diff\u00e9rentes permettent de r\u00e9pondre \u00e0 divers besoins, tant volum\u00e9triques qu&#039;esth\u00e9tiques. Elles peuvent par ailleurs \u00eatre utilis\u00e9es pour les boissons, les sauces et d&#039;autres produits conditionn\u00e9s.<\/li>\n<li><strong>Conception de la s\u00e9rie\u00a0:<\/strong> Les conteneurs pr\u00e9sentant un style de conception unique peuvent \u00eatre utilis\u00e9s en s\u00e9rie, ce qui am\u00e9liore l&#039;harmonie g\u00e9n\u00e9rale du rangement et de l&#039;utilisation.<\/li>\n<\/ul>\n<h2 style=\"text-align: left;\">Sp\u00e9cifications cl\u00e9s<\/h2>\n<table style=\"border-collapse: collapse; width: 80%; margin-left: auto; margin-right: auto;\" border=\"0\" width=\"144\" cellspacing=\"0\" cellpadding=\"0\">\n<tbody>\n<tr style=\"height: 13.50pt;\">\n<td style=\"height: 13.5pt; width: 54pt; text-align: center;\" width=\"72\" height=\"18\">Sp\u00e9cification<\/td>\n<td style=\"width: 54pt; text-align: center;\" width=\"72\">D\u00e9tails<\/td>\n<\/tr>\n<tr style=\"height: 13.50pt;\">\n<td style=\"height: 13.5pt; text-align: center;\" height=\"18\">Capacit\u00e9s<\/td>\n<td style=\"text-align: center;\">350 ml (12 oz) \/ 500 ml (16 oz) \/ 750 ml (25 oz) \/ 1000 ml (32 oz)<\/td>\n<\/tr>\n<tr style=\"height: 13.50pt;\">\n<td style=\"height: 13.5pt; text-align: center;\" height=\"18\">Ouverture du cou<\/td>\n<td style=\"text-align: center;\">1,9 cm (350,500 ml) \u2022 1,8 cm (750,1000 ml)<\/td>\n<\/tr>\n<tr style=\"height: 13.50pt;\">\n<td style=\"height: 13.5pt; text-align: center;\" height=\"18\">Fermeture<\/td>\n<td style=\"text-align: center;\">Couvercle m\u00e9tallique \u00e0 charni\u00e8re avec but\u00e9e rouge\/blanche et joint en silicone rempla\u00e7able<\/td>\n<\/tr>\n<tr style=\"height: 13.50pt;\">\n<td style=\"height: 13.5pt; text-align: center;\" height=\"18\">Mat\u00e9riel<\/td>\n<td style=\"text-align: center;\">Verre transparent haute clart\u00e9<\/td>\n<\/tr>\n<tr style=\"height: 13.50pt;\">\n<td style=\"height: 13.5pt; text-align: center;\" height=\"18\">Type de joint<\/td>\n<td style=\"text-align: center;\">Couvercle \u00e0 fermeture par compression avec rondelle en caoutchouc<\/td>\n<\/tr>\n<\/tbody>\n<\/table>\n<h2>Histoire \u00e0 succ\u00e8s<\/h2>\n<p><span aria-haspopup=\"dialog\" aria-expanded=\"false\" aria-controls=\"radix-_r_8k_\" data-state=\"closed\" data-slot=\"popover-trigger\">L&#039;une des marques allemandes de boissons artisanales s&#039;appr\u00eatait \u00e0 lancer une nouvelle gamme de limonade p\u00e9tillante qui serait fabriqu\u00e9e \u00e0 la main.<\/span> <span aria-haspopup=\"dialog\" aria-expanded=\"false\" aria-controls=\"radix-_r_8l_\" data-state=\"closed\" data-slot=\"popover-trigger\">Ils ont opt\u00e9 pour nos bouteilles en verre \u00e0 fermeture clipsable de 25 oz apr\u00e8s avoir compar\u00e9 plusieurs fournisseurs.<\/span> <span aria-haspopup=\"dialog\" aria-expanded=\"false\" aria-controls=\"radix-_r_8m_\" data-state=\"closed\" data-slot=\"popover-trigger\">Leur marque est imprim\u00e9e sur la bouteille en c\u00e9ramique blanche et le bouchon \u00e0 vis en acier inoxydable est muni d&#039;un joint en silicone jaune de qualit\u00e9 alimentaire qui assure une effervescence durable et \u00e9voque le th\u00e8me du citron.<\/span><\/p>\n<p><span aria-haspopup=\"dialog\" aria-expanded=\"false\" aria-controls=\"radix-_r_8n_\" data-state=\"closed\" data-slot=\"popover-trigger\">En six mois, la marque vendait son nouvel emballage en volume sup\u00e9rieur de 28 % \u00e0 celui enregistr\u00e9 lors de son lancement.<\/span> <span aria-haspopup=\"dialog\" aria-expanded=\"false\" aria-controls=\"radix-_r_8o_\" data-state=\"closed\" data-slot=\"popover-trigger\">Le client a \u00e9galement pass\u00e9 trois commandes importantes au cours de la premi\u00e8re ann\u00e9e en raison de la r\u00e9ponse positive du march\u00e9.<\/span><\/p>\n<h2>Concevez vos bouteilles \u00e0 bouchon \u00e0 clapet<\/h2>\n<ul>\n<li><strong>Couleur du sceau personnalis\u00e9e :<\/strong> Convertissez les parties rouges et blanches du sceau aux couleurs de votre marque pour faciliter une reconnaissance rapide et facile.<\/li>\n<li><strong>Teintage du verre\u00a0:<\/strong> Utilisez du verre ambr\u00e9 ou vert si vous souhaitez prot\u00e9ger un produit sensible \u00e0 la lumi\u00e8re comme la bi\u00e8re ou le vinaigre des rayons UV.<\/li>\n<li><strong>Logo Acid-Faced :<\/strong> Faites apposer votre logo sur le verre par gravure \u00e0 l&#039;acide pour un style givr\u00e9 \u00e9l\u00e9gant, durable et ind\u00e9l\u00e9bile.<\/li>\n<li><strong>Finition de la fermeture \u00e0 pression :<\/strong> Obtenez un style plus personnalis\u00e9 en choisissant une finition sp\u00e9cifique pour votre bouton-pression, comme le noir ou le galvanis\u00e9.<\/li>\n<\/ul>\n<p>Nous proposons des bouteilles \u00e0 bouchon m\u00e9canique en gros, disponibles \u00e0 prix d\u00e9gressif avec une livraison rapide. N&#039;h\u00e9sitez pas \u00e0 nous contacter pour obtenir un devis pour cette bouteille en verre \u00e0 bouchon \u00e0 vis polyvalente.<\/p>","protected":false},"excerpt":{"rendered":"<p>Bouteilles en verre r\u00e9sistant \u00e0 bouchon m\u00e9canique, en gros, avec fermeture \u00e0 bascule robuste et herm\u00e9tique. Id\u00e9ales pour les marques recherchant des bouteilles \u00e0 bouchon m\u00e9canique en gros. \u00c9chantillons gratuits.<\/p>","protected":false},"featured_media":23895,"template":"","meta":[],"product_brand":[],"product_cat":[132,123,122],"product_tag":[],"class_list":{"0":"post-23894","1":"product","2":"type-product","3":"status-publish","4":"has-post-thumbnail","6":"product_cat-glass-flip-top-bottles","7":"product_cat-custom-glass-bottles","8":"product_cat-custom-glass-packaging","10":"first","11":"instock","12":"shipping-taxable","13":"product-type-simple"},"jetpack_sharing_enabled":true,"_links":{"self":[{"href":"https:\/\/yebodaglass.com\/fr\/wp-json\/wp\/v2\/product\/23894","targetHints":{"allow":["GET"]}}],"collection":[{"href":"https:\/\/yebodaglass.com\/fr\/wp-json\/wp\/v2\/product"}],"about":[{"href":"https:\/\/yebodaglass.com\/fr\/wp-json\/wp\/v2\/types\/product"}],"version-history":[{"count":5,"href":"https:\/\/yebodaglass.com\/fr\/wp-json\/wp\/v2\/product\/23894\/revisions"}],"predecessor-version":[{"id":25398,"href":"https:\/\/yebodaglass.com\/fr\/wp-json\/wp\/v2\/product\/23894\/revisions\/25398"}],"wp:featuredmedia":[{"embeddable":true,"href":"https:\/\/yebodaglass.com\/fr\/wp-json\/wp\/v2\/media\/23895"}],"wp:attachment":[{"href":"https:\/\/yebodaglass.com\/fr\/wp-json\/wp\/v2\/media?parent=23894"}],"wp:term":[{"taxonomy":"product_brand","embeddable":true,"href":"https:\/\/yebodaglass.com\/fr\/wp-json\/wp\/v2\/product_brand?post=23894"},{"taxonomy":"product_cat","embeddable":true,"href":"https:\/\/yebodaglass.com\/fr\/wp-json\/wp\/v2\/product_cat?post=23894"},{"taxonomy":"product_tag","embeddable":true,"href":"https:\/\/yebodaglass.com\/fr\/wp-json\/wp\/v2\/product_tag?post=23894"}],"curies":[{"name":"wp","href":"https:\/\/api.w.org\/{rel}","templated":true}]}}