{"id":23879,"date":"2025-11-18T13:42:49","date_gmt":"2025-11-18T05:42:49","guid":{"rendered":"https:\/\/yebodaglass.com\/?post_type=product&#038;p=23879"},"modified":"2026-03-26T13:58:11","modified_gmt":"2026-03-26T05:58:11","slug":"wholesale-clear-cylindrical-glass-resealable-bottles","status":"publish","type":"product","link":"https:\/\/yebodaglass.com\/fr\/wholesale-clear-cylindrical-glass-resealable-bottles\/","title":{"rendered":"Bouteilles cylindriques en verre transparent refermables en gros, 600 ml et 1000 ml"},"content":{"rendered":"<p>Our glass resealable bottles ( 600ml and 1000ml capacities ) feature a clean cylindrical shape with a distinct shoulder and thick, stable base. The bottles are made of clear glass that gives the product a high visibility. The durable swing top topper is attached to each unit, consisting of a metal wire bail and a food grade sealing gasket to provide airtight protection. There is also easy branding and labelling done on the smooth surface.<\/p>\n<h2 style=\"text-align: left;\">Sp\u00e9cifications cl\u00e9s<\/h2>\n<table class=\"aligncenter\" style=\"border-collapse: collapse; width: 581.27pt;\" border=\"0\" width=\"775\" cellspacing=\"0\" cellpadding=\"0\">\n<tbody>\n<tr style=\"height: 13.50pt;\">\n<td style=\"height: 13.50pt; width: 164.25pt;\" width=\"219\" height=\"18\">Sp\u00e9cification<\/td>\n<td style=\"width: 417.00pt;\" width=\"556\">D\u00e9tails<\/td>\n<\/tr>\n<tr style=\"height: 13.50pt;\">\n<td style=\"height: 13.50pt;\" height=\"18\">Dimensions (D \u00d7 H)<\/td>\n<td>600 ml (20 oz) 7,4 \u00d7 23,7 cm \/ 1000 ml (32 oz) 8,1 \u00d7 28,9 cm<\/td>\n<\/tr>\n<tr style=\"height: 13.50pt;\">\n<td style=\"height: 13.50pt;\" height=\"18\">Diam\u00e8tre int\u00e9rieur du goulot de la bouteille<\/td>\n<td>2,8 cm de diam\u00e8tre<\/td>\n<\/tr>\n<tr style=\"height: 13.50pt;\">\n<td style=\"height: 13.50pt;\" height=\"18\">Type de fermeture<\/td>\n<td>swing top<\/td>\n<\/tr>\n<tr style=\"height: 13.50pt;\">\n<td style=\"height: 13.50pt;\" height=\"18\">Mat\u00e9riel<\/td>\n<td>Lead-free soda-lime glass, stainless steel, silicone pad<\/td>\n<\/tr>\n<tr style=\"height: 13.50pt;\">\n<td style=\"height: 13.50pt;\" height=\"18\">ustomization Options:<\/td>\n<td>C Color, Size, Surface Finish, Logo, Packaging<\/td>\n<\/tr>\n<\/tbody>\n<\/table>\n<h2>Application<\/h2>\n<p>These sealable glass bottles are widely used across food and beverage industries where airtight storage is essential. They can be used to store oils, vinegar, syrups and homemade beverages or to package water, juices, kombucha, beer and other fermented beverages. The resealable secure closure ensures that they can be distributed to retailers as well as used repeatedly by consumers. Moreover, they are also widely utilised in the hospitality, cafes, breweries, and line of their own products to provide quality preservation and maintenance of the quality of products during storing and transportation.<\/p>\n<h2>Succ\u00e8s\u00a0: Le choix id\u00e9al pour une brasserie artisanale<\/h2>\n<p>Une petite brasserie artisanale de sodas avait besoin d&#039;un contenant robuste pour son ginger ale tr\u00e8s p\u00e9tillant. Gr\u00e2ce \u00e0 leur choix de nos bouteilles en verre herm\u00e9tiques, ils ont constat\u00e9 une perte de dioxyde de carbone inf\u00e9rieure \u00e0 2 % en 7 jours et les plaintes concernant une bi\u00e8re plate ont compl\u00e8tement disparu. De plus, le taux de remplacement du joint \u00e9tait inf\u00e9rieur \u00e0 0,5 % apr\u00e8s 5 embouteillages par bouteille. Tellement satisfaits, ils ont pass\u00e9 commande \u00e0 trois reprises en six mois, portant ainsi leur volume de commandes de 1\u00a0200 \u00e0 200\u00a0000 bouteilles \u00e0 la fin de cette p\u00e9riode.<\/p>\n<h2>Personnalisez vos bouteilles \u00e0 bouchon \u00e0 vis<\/h2>\n<ul>\n<li><strong>S\u00e9rigraphie :<\/strong> Appliquez votre \u00e9tiquette directement sur la bouteille gr\u00e2ce \u00e0 la s\u00e9rigraphie, qui offre une finition tr\u00e8s durable et d&#039;aspect professionnel.<\/li>\n<li><strong>Finitions des fermetures \u00e0 pression :<\/strong> Par exemple, certaines finitions disponibles pour les boutons-pression m\u00e9talliques incluent le noir ou l&#039;acier galvanis\u00e9, que vous pouvez choisir pour donner un aspect unique \u00e0 votre produit.<\/li>\n<li><strong>Verre ambr\u00e9 ou vert :<\/strong> Choisir du verre color\u00e9 peut \u00eatre un moyen de prot\u00e9ger les boissons sensibles \u00e0 la lumi\u00e8re comme la bi\u00e8re ou le vinaigre.<\/li>\n<li><strong>Marquages \u200b\u200bde volume\u00a0:<\/strong> Vous pouvez \u00e9galement trouver des graduations de volume, soit en relief, soit imprim\u00e9es sur le c\u00f4t\u00e9 de la bouteille, \u00e0 la fois pour des raisons pratiques et professionnelles.<\/li>\n<\/ul>\n<p>Pr\u00eat \u00e0 concevoir l&#039;emballage id\u00e9al\u00a0? Nos flacons \u00e0 bouchon \u00e0 vis sont disponibles imm\u00e9diatement et nous pouvons vous les livrer rapidement. Les prix de gros de ces flacons en verre r\u00e9utilisables sont n\u00e9gociables\u00a0; contactez-nous d\u00e8s aujourd&#039;hui\u00a0!<\/p>","protected":false},"excerpt":{"rendered":"<p>Bouteilles en verre refermables avec bouchon m\u00e9canique blanc, id\u00e9ales pour les aliments, les boissons ou la fermentation. Disponibles en gros. Livraison rapide.<\/p>","protected":false},"featured_media":25624,"template":"","meta":[],"product_brand":[],"product_cat":[132,123,122,80,81,20],"product_tag":[],"class_list":{"0":"post-23879","1":"product","2":"type-product","3":"status-publish","4":"has-post-thumbnail","6":"product_cat-glass-flip-top-bottles","7":"product_cat-custom-glass-bottles","8":"product_cat-custom-glass-packaging","9":"product_cat-glass-bottles","10":"product_cat-flip-top-bottles","11":"product_cat-glass-containers","13":"first","14":"instock","15":"shipping-taxable","16":"product-type-simple"},"jetpack_sharing_enabled":true,"_links":{"self":[{"href":"https:\/\/yebodaglass.com\/fr\/wp-json\/wp\/v2\/product\/23879","targetHints":{"allow":["GET"]}}],"collection":[{"href":"https:\/\/yebodaglass.com\/fr\/wp-json\/wp\/v2\/product"}],"about":[{"href":"https:\/\/yebodaglass.com\/fr\/wp-json\/wp\/v2\/types\/product"}],"version-history":[{"count":5,"href":"https:\/\/yebodaglass.com\/fr\/wp-json\/wp\/v2\/product\/23879\/revisions"}],"predecessor-version":[{"id":25617,"href":"https:\/\/yebodaglass.com\/fr\/wp-json\/wp\/v2\/product\/23879\/revisions\/25617"}],"wp:featuredmedia":[{"embeddable":true,"href":"https:\/\/yebodaglass.com\/fr\/wp-json\/wp\/v2\/media\/25624"}],"wp:attachment":[{"href":"https:\/\/yebodaglass.com\/fr\/wp-json\/wp\/v2\/media?parent=23879"}],"wp:term":[{"taxonomy":"product_brand","embeddable":true,"href":"https:\/\/yebodaglass.com\/fr\/wp-json\/wp\/v2\/product_brand?post=23879"},{"taxonomy":"product_cat","embeddable":true,"href":"https:\/\/yebodaglass.com\/fr\/wp-json\/wp\/v2\/product_cat?post=23879"},{"taxonomy":"product_tag","embeddable":true,"href":"https:\/\/yebodaglass.com\/fr\/wp-json\/wp\/v2\/product_tag?post=23879"}],"curies":[{"name":"wp","href":"https:\/\/api.w.org\/{rel}","templated":true}]}}