{"id":23874,"date":"2025-11-18T14:12:37","date_gmt":"2025-11-18T06:12:37","guid":{"rendered":"https:\/\/yebodaglass.com\/?post_type=product&#038;p=23874"},"modified":"2025-11-18T14:12:38","modified_gmt":"2025-11-18T06:12:38","slug":"pickling-jar-wholesale-glass-jar-factory","status":"publish","type":"product","link":"https:\/\/yebodaglass.com\/fr\/pickling-jar-wholesale-glass-jar-factory\/","title":{"rendered":"Bocal \u00e0 cornichons en verre transparent pour emballage en gros 220 ml 250 ml 280 ml"},"content":{"rendered":"<p>Vous en avez assez des bocaux \u00e0 cornichons qui fuient ou qui ternissent vos concombres\u00a0? Nous fabriquons des bocaux en verre pour vos l\u00e9gumes marin\u00e9s\u00a0: fini les d\u00e9bordements de saumure\u00a0! Ces bocaux transforment vos conserves en un support publicitaire \u00e0 votre image. Pour les commandes en gros, les couleurs sont personnalis\u00e9es pour s&#039;harmoniser avec votre marque.<\/p>\n<h2>Caract\u00e9ristiques du produit<\/h2>\n<p><strong>fond de bouteille antid\u00e9rapant<\/strong><\/p>\n<p>L&#039;int\u00e9gration d&#039;un fond de bouteille antid\u00e9rapant stabilise non seulement le bocal de l\u00e9gumes marin\u00e9s, mais le rend \u00e9galement plus s\u00fbr \u00e0 manipuler.<\/p>\n<p><strong>Surface textur\u00e9e 3D<\/strong><\/p>\n<p>La texture sur le c\u00f4t\u00e9 du bocal \u00e0 cornichons permet non seulement \u00e0 l&#039;utilisateur de tenir fermement le bocal, mais rend \u00e9galement le contenu du bocal visuellement plus attrayant.<\/p>\n<p><strong>conception de joint \u00e0 vis<\/strong><\/p>\n<p>Le bouchon \u00e0 vis rouge est fabriqu\u00e9 avec une structure filet\u00e9e \u00e9tanche qui offre une performance anti-fuite exceptionnelle, permettant un remplissage \u00e0 chaud et un stockage \u00e0 temp\u00e9rature ambiante.<\/p>\n<h2>Sp\u00e9cifications cl\u00e9s<\/h2>\n<table style=\"border-collapse: collapse; width: 80%; margin-left: auto; margin-right: auto;\" border=\"0\" width=\"216\" cellspacing=\"0\" cellpadding=\"0\">\n<tbody>\n<tr style=\"height: 13.50pt;\">\n<td style=\"height: 13.5pt; width: 54pt; text-align: center;\" width=\"72\" height=\"18\">Capacit\u00e9 (ml)<\/td>\n<td style=\"width: 54pt; text-align: center;\" width=\"72\">Taille (cm)<\/td>\n<td style=\"width: 54pt; text-align: center;\" width=\"72\">Options personnalis\u00e9es<\/td>\n<\/tr>\n<tr style=\"height: 13.50pt;\">\n<td style=\"height: 13.5pt; text-align: center;\" align=\"right\" height=\"18\">220<\/td>\n<td style=\"text-align: center;\">6,2 x 11,3<\/td>\n<td class=\"et2\" style=\"text-align: center;\" rowspan=\"3\">Couvercles, couleur, \u00e9tiquette, logo<\/td>\n<\/tr>\n<tr style=\"height: 13.50pt;\">\n<td style=\"height: 13.5pt; text-align: center;\" align=\"right\" height=\"18\">250<\/td>\n<td style=\"text-align: center;\">6,5 x 12,7<\/td>\n<\/tr>\n<tr style=\"height: 13.50pt;\">\n<td style=\"height: 13.5pt; text-align: center;\" align=\"right\" height=\"18\">280<\/td>\n<td style=\"text-align: center;\">6,5 x 13,5<\/td>\n<\/tr>\n<\/tbody>\n<\/table>\n<h2>Cas de r\u00e9ussite<\/h2>\n<p>Une marque de l\u00e9gumes marin\u00e9s d&#039;Europe de l&#039;Est a choisi notre bocal \u00e0 cornichons pour moderniser son emballage. Afin de souligner la qualit\u00e9 du produit, elle a cr\u00e9\u00e9 une \u00e9tiquette exclusive et un bouchon noir herm\u00e9tique, assortis \u00e0 un bocal d&#039;une grande transparence.<\/p>\n<p>Leur nouveau forfait a jou\u00e9 un r\u00f4le d\u00e9terminant dans la r\u00e9alisation d&#039;une croissance des ventes de 28 % au cours du dernier trimestre de l&#039;ann\u00e9e suivant son lancement.<\/p>\n<h2>Votre guide de personnalisation pour bocaux \u00e0 cornichons<\/h2>\n<ol>\n<li><strong>Impression et personnalisation d&#039;\u00e9tiquettes de bouteilles :<\/strong> Vous pouvez opter pour l&#039;une des m\u00e9thodes d&#039;impression, \u00e0 savoir la s\u00e9rigraphie ou l&#039;impression par transfert thermique, pour imprimer le logo de votre marque, un graphique ou un texte directement sur le bocal \u00e0 cornichons\u00a0; ou choisir des \u00e9tiquettes color\u00e9es ou transparentes pour diff\u00e9rents besoins en mati\u00e8re d&#039;emballage.<\/li>\n<li><strong>Choix du mat\u00e9riau et de la couleur du bouchon :<\/strong> Des bouchons \u00e0 vis m\u00e9talliques avec \u00e9lectroplacage, peinture cuite au four ou finition mate peuvent \u00eatre choisis pour r\u00e9pondre \u00e0 vos exigences ; ou un bouchon \u00e0 vis en plastique dont la couleur peut \u00eatre personnalis\u00e9e pour correspondre au style de la bouteille peut \u00eatre choisi, ce qui facilitera la production en s\u00e9rie.<\/li>\n<\/ol>\n<p>&nbsp;<\/p>","protected":false},"excerpt":{"rendered":"<p>Bocal \u00e0 conserves vendu directement du fabricant aux marques alimentaires\u00a0; ce bocal pour l\u00e9gumes marin\u00e9s prend en charge les commandes en gros, les couvercles et \u00e9tiquettes personnalis\u00e9s et offre un emballage fiable aux acheteurs.<\/p>","protected":false},"featured_media":23880,"template":"","meta":[],"product_brand":[],"product_cat":[122,124,133],"product_tag":[],"class_list":{"0":"post-23874","1":"product","2":"type-product","3":"status-publish","4":"has-post-thumbnail","6":"product_cat-custom-glass-packaging","7":"product_cat-custom-glass-jars","8":"product_cat-pickle-jars","10":"first","11":"instock","12":"shipping-taxable","13":"product-type-simple"},"jetpack_sharing_enabled":true,"_links":{"self":[{"href":"https:\/\/yebodaglass.com\/fr\/wp-json\/wp\/v2\/product\/23874","targetHints":{"allow":["GET"]}}],"collection":[{"href":"https:\/\/yebodaglass.com\/fr\/wp-json\/wp\/v2\/product"}],"about":[{"href":"https:\/\/yebodaglass.com\/fr\/wp-json\/wp\/v2\/types\/product"}],"version-history":[{"count":2,"href":"https:\/\/yebodaglass.com\/fr\/wp-json\/wp\/v2\/product\/23874\/revisions"}],"predecessor-version":[{"id":23884,"href":"https:\/\/yebodaglass.com\/fr\/wp-json\/wp\/v2\/product\/23874\/revisions\/23884"}],"wp:featuredmedia":[{"embeddable":true,"href":"https:\/\/yebodaglass.com\/fr\/wp-json\/wp\/v2\/media\/23880"}],"wp:attachment":[{"href":"https:\/\/yebodaglass.com\/fr\/wp-json\/wp\/v2\/media?parent=23874"}],"wp:term":[{"taxonomy":"product_brand","embeddable":true,"href":"https:\/\/yebodaglass.com\/fr\/wp-json\/wp\/v2\/product_brand?post=23874"},{"taxonomy":"product_cat","embeddable":true,"href":"https:\/\/yebodaglass.com\/fr\/wp-json\/wp\/v2\/product_cat?post=23874"},{"taxonomy":"product_tag","embeddable":true,"href":"https:\/\/yebodaglass.com\/fr\/wp-json\/wp\/v2\/product_tag?post=23874"}],"curies":[{"name":"wp","href":"https:\/\/api.w.org\/{rel}","templated":true}]}}