{"id":23813,"date":"2025-11-17T16:50:25","date_gmt":"2025-11-17T08:50:25","guid":{"rendered":"https:\/\/yebodaglass.com\/?post_type=product&#038;p=23813"},"modified":"2026-03-12T15:12:09","modified_gmt":"2026-03-12T07:12:09","slug":"amber-glass-pop-top-bottles-with-metal-clamp-wholesale","status":"publish","type":"product","link":"https:\/\/yebodaglass.com\/fr\/amber-glass-pop-top-bottles-with-metal-clamp-wholesale\/","title":{"rendered":"Bouteilles en verre ambr\u00e9 de 485 ml avec bouchon \u00e0 pression et pince m\u00e9tallique, vente en gros"},"content":{"rendered":"<p data-start=\"66\" data-end=\"288\">Les bouteilles \u00e0 bouchon \u00e0 pression pr\u00e9sentent une forme allong\u00e9e et minimaliste en verre ambr\u00e9. Leur syst\u00e8me de fermeture herm\u00e9tique gr\u00e2ce \u00e0 un bouchon m\u00e9tallique \u00e0 pression en fait le choix id\u00e9al pour conserver liquides et condiments.<\/p>\n<h2>Caract\u00e9ristiques du produit<\/h2>\n<ul>\n<li>\n<div class=\"whitespace-pre-line p-2 sm:p-1 min-h-[80px] max-w-full overflow-x-auto\"><span aria-haspopup=\"dialog\" aria-expanded=\"false\" aria-controls=\"radix-_r_9a_\" data-state=\"closed\" data-slot=\"popover-trigger\"><strong>Verre ambr\u00e9 de protection UV\u00a0:<\/strong> La bouteille est fabriqu\u00e9e en verre ambr\u00e9, ce qui contribue au rejet des rayons ultraviolets, pr\u00e9servant ainsi les boissons sensibles comme la bi\u00e8re et aidant \u00e0 maintenir leur saveur au fil du temps.<\/span><\/div>\n<\/li>\n<li>\n<div class=\"whitespace-pre-line p-2 sm:p-1 min-h-[80px] max-w-full overflow-x-auto\"><span aria-haspopup=\"dialog\" aria-expanded=\"false\" aria-controls=\"radix-_r_9b_\" data-state=\"closed\" data-slot=\"popover-trigger\"><strong>Syst\u00e8me de verrouillage m\u00e9canique r\u00e9utilisable\u00a0:<\/strong> Le syst\u00e8me de bouchon \u00e0 bascule s&#039;ouvre et se ferme de nombreuses fois sans aucun outil, ce qui rend la bouteille facile \u00e0 r\u00e9utiliser et \u00e0 utiliser comme r\u00e9cipient pour une boisson rechargeable.<\/span><\/div>\n<\/li>\n<li>\n<div class=\"whitespace-pre-line p-2 sm:p-1 min-h-[80px] max-w-full overflow-x-auto\"><span aria-haspopup=\"dialog\" aria-expanded=\"false\" aria-controls=\"radix-_r_9c_\" data-state=\"closed\" data-slot=\"popover-trigger\"><strong>Base plate :<\/strong> Fond plat et large\u00a0: le fond plat am\u00e9liore la stabilit\u00e9 lorsqu\u2019il repose sur des tables, des \u00e9tag\u00e8res ou des comptoirs de bar afin de r\u00e9duire les risques de chute pendant l\u2019utilisation ou la pr\u00e9sentation.<\/span><\/div>\n<div class=\"bg-border shrink-0 data-[orientation=horizontal]:h-px data-[orientation=horizontal]:w-full data-[orientation=vertical]:h-full data-[orientation=vertical]:w-px my-2\" role=\"none\" data-orientation=\"horizontal\" data-slot=\"separator\"><\/div>\n<\/li>\n<\/ul>\n<h2 style=\"text-align: left;\">Sp\u00e9cifications cl\u00e9s<\/h2>\n<table style=\"border-collapse: collapse; width: 80%; margin-left: auto; margin-right: auto;\" border=\"0\" width=\"856\" cellspacing=\"0\" cellpadding=\"0\">\n<tbody>\n<tr style=\"height: 13.50pt;\">\n<td style=\"height: 13.5pt; width: 128.25pt; text-align: center;\" width=\"171\" height=\"18\">Sp\u00e9cification<\/td>\n<td style=\"width: 513.75pt; text-align: center;\" width=\"685\">D\u00e9tails<\/td>\n<\/tr>\n<tr style=\"height: 13.50pt;\">\n<td style=\"height: 13.5pt; text-align: center;\" height=\"18\">Capacit\u00e9<\/td>\n<td style=\"text-align: center;\">485 ml<\/td>\n<\/tr>\n<tr style=\"height: 13.50pt;\">\n<td style=\"height: 13.5pt; text-align: center;\" height=\"18\">Dimensions<\/td>\n<td style=\"text-align: center;\">7,75 cm \u00d7 22,3 cm<\/td>\n<\/tr>\n<tr style=\"height: 13.50pt;\">\n<td style=\"height: 13.5pt; text-align: center;\" height=\"18\">Mat\u00e9riel<\/td>\n<td style=\"text-align: center;\">Verre brun (protection UV)<\/td>\n<\/tr>\n<tr style=\"height: 13.50pt;\">\n<td style=\"height: 13.5pt; text-align: center;\" height=\"18\">Type de fermeture<\/td>\n<td style=\"text-align: center;\">Abattants pivotants en acier inoxydable avec but\u00e9e<\/td>\n<\/tr>\n<tr style=\"height: 13.50pt;\">\n<td style=\"height: 13.5pt; text-align: center;\" height=\"18\">Options de joints<\/td>\n<td style=\"text-align: center;\">Caoutchouc standard ou option silicone r\u00e9sistant aux acides et \u00e0 la chaleur.<\/td>\n<\/tr>\n<tr style=\"height: 13.50pt;\">\n<td style=\"height: 13.5pt; text-align: center;\" height=\"18\">Performances d&#039;\u00e9tanch\u00e9it\u00e9<\/td>\n<td style=\"text-align: center;\">\u00c9tanche \u00e0 l&#039;air, test\u00e9 sous pression pour la carbonatation active<\/td>\n<\/tr>\n<tr style=\"height: 13.50pt;\">\n<td style=\"height: 13.5pt; text-align: center;\" height=\"18\">Id\u00e9al pour<\/td>\n<td style=\"text-align: center;\">Bi\u00e8re, kombucha, soda, vinaigre, vinification, boissons ferment\u00e9es<\/td>\n<\/tr>\n<\/tbody>\n<\/table>\n<h2>Cas de r\u00e9ussite<\/h2>\n<p><span aria-haspopup=\"dialog\" aria-expanded=\"false\" aria-controls=\"radix-_r_97_\" data-state=\"closed\" data-slot=\"popover-trigger\">L&#039;une des petites brasseries a d\u00e9cid\u00e9 d&#039;utiliser nos bouteilles en verre ambr\u00e9 \u00e0 bouchon \u00e0 vis comme emballage principal pour le lancement de sa s\u00e9rie de bi\u00e8res saisonni\u00e8res en \u00e9dition limit\u00e9e.<\/span> <span aria-haspopup=\"dialog\" aria-expanded=\"false\" aria-controls=\"radix-_r_98_\" data-state=\"closed\" data-slot=\"popover-trigger\">Ils exigeaient des parois en verre ambr\u00e9 plus r\u00e9sistantes pour une meilleure durabilit\u00e9 lors de la fermentation secondaire ; un motif de roue en relief et le logo de la brasserie sur la partie inf\u00e9rieure de la bouteille ; et un bouchon en c\u00e9ramique avec un anneau d&#039;\u00e9tanch\u00e9it\u00e9 rouge fonc\u00e9 assorti \u00e0 leurs \u00e9tiquettes de bi\u00e8re.<\/span> <span aria-haspopup=\"dialog\" aria-expanded=\"false\" aria-controls=\"radix-_r_99_\" data-state=\"closed\" data-slot=\"popover-trigger\">Les bi\u00e8res sp\u00e9ciales qu&#039;ils vendent ont connu une croissance des ventes de 35 % au cours des deux premi\u00e8res p\u00e9riodes de lancement et, compte tenu du bon accueil du march\u00e9, la brasserie continuera \u00e0 passer des commandes r\u00e9guli\u00e8res.<\/span><\/p>\n<h2>Options de personnalisation<\/h2>\n<ul>\n<li><strong>Couleur personnalis\u00e9e du bouchon en c\u00e9ramique\u00a0:<\/strong> Choisissez une seule couleur pour le bouchon de la canette afin que votre marque attire imm\u00e9diatement l&#039;attention des consommateurs en rayon.<\/li>\n<li><strong>Logo en relief :<\/strong> Apposez un logo en relief sur l&#039;\u00e9paule ou le fond de la bouteille pour une identit\u00e9 de marque exclusive et haut de gamme, perceptible au toucher.<\/li>\n<li><strong>Marquage volum\u00e9trique par gravure \u00e0 l&#039;acide\u00a0:<\/strong> Donnez un aspect professionnel en gravant \u00e0 l&#039;acide une marque nette et givr\u00e9e \u00ab 485ml \u00bb au fond de la bouteille.<\/li>\n<li><strong>Marquage volum\u00e9trique par gravure \u00e0 l&#039;acide\u00a0:<\/strong> Un rev\u00eatement \u00e9poxy noir ou color\u00e9 du treillis m\u00e9tallique peut \u00eatre utilis\u00e9 soit pour la d\u00e9coration du treillis, soit pour mieux correspondre \u00e0 l&#039;ensemble de votre design.<\/li>\n<\/ul>","protected":false},"excerpt":{"rendered":"<p>Bouteilles en verre ambr\u00e9 refermables avec bouchons \u00e0 pression robustes assurant une fermeture herm\u00e9tique\u00a0: id\u00e9ales pour les sodas, la bi\u00e8re ou le kombucha. Livraison rapide.<\/p>","protected":false},"featured_media":23831,"template":"","meta":[],"product_brand":[],"product_cat":[122,123,132],"product_tag":[],"class_list":{"0":"post-23813","1":"product","2":"type-product","3":"status-publish","4":"has-post-thumbnail","6":"product_cat-custom-glass-packaging","7":"product_cat-custom-glass-bottles","8":"product_cat-glass-flip-top-bottles","10":"first","11":"instock","12":"shipping-taxable","13":"product-type-simple"},"jetpack_sharing_enabled":true,"_links":{"self":[{"href":"https:\/\/yebodaglass.com\/fr\/wp-json\/wp\/v2\/product\/23813","targetHints":{"allow":["GET"]}}],"collection":[{"href":"https:\/\/yebodaglass.com\/fr\/wp-json\/wp\/v2\/product"}],"about":[{"href":"https:\/\/yebodaglass.com\/fr\/wp-json\/wp\/v2\/types\/product"}],"version-history":[{"count":5,"href":"https:\/\/yebodaglass.com\/fr\/wp-json\/wp\/v2\/product\/23813\/revisions"}],"predecessor-version":[{"id":25410,"href":"https:\/\/yebodaglass.com\/fr\/wp-json\/wp\/v2\/product\/23813\/revisions\/25410"}],"wp:featuredmedia":[{"embeddable":true,"href":"https:\/\/yebodaglass.com\/fr\/wp-json\/wp\/v2\/media\/23831"}],"wp:attachment":[{"href":"https:\/\/yebodaglass.com\/fr\/wp-json\/wp\/v2\/media?parent=23813"}],"wp:term":[{"taxonomy":"product_brand","embeddable":true,"href":"https:\/\/yebodaglass.com\/fr\/wp-json\/wp\/v2\/product_brand?post=23813"},{"taxonomy":"product_cat","embeddable":true,"href":"https:\/\/yebodaglass.com\/fr\/wp-json\/wp\/v2\/product_cat?post=23813"},{"taxonomy":"product_tag","embeddable":true,"href":"https:\/\/yebodaglass.com\/fr\/wp-json\/wp\/v2\/product_tag?post=23813"}],"curies":[{"name":"wp","href":"https:\/\/api.w.org\/{rel}","templated":true}]}}