{"id":23811,"date":"2025-11-17T17:24:30","date_gmt":"2025-11-17T09:24:30","guid":{"rendered":"https:\/\/yebodaglass.com\/?post_type=product&#038;p=23811"},"modified":"2025-11-18T10:20:05","modified_gmt":"2025-11-18T02:20:05","slug":"pickling-containers-bulk-glass-pickling-jar","status":"publish","type":"product","link":"https:\/\/yebodaglass.com\/fr\/pickling-containers-bulk-glass-pickling-jar\/","title":{"rendered":"Bocal en verre de 350 ml \u00e0 730 ml pour la conservation du kimchi en vrac"},"content":{"rendered":"<p>Vous en avez assez des bocaux \u00e0 cornichons qui fuient ou perdent leur fra\u00eecheur\u00a0? Nous fabriquons des bocaux \u00e0 cornichons en verre\u00a0: fini les tristes conserves d&#039;aneth ou de concombres\u00a0! Ces bocaux transforment votre espace de stockage en un atout marketing performant. Pour les commandes en gros, nous proposons des tailles personnalis\u00e9es adapt\u00e9es \u00e0 votre activit\u00e9.<\/p>\n<h2>Caract\u00e9ristiques du produit<\/h2>\n<p><strong>Verre transparent \u00e9paissi<\/strong><\/p>\n<p>Les parois du r\u00e9cipient sont robustes et durables, r\u00e9sistantes \u00e0 l&#039;acide et au sel, et peuvent donc \u00eatre utilis\u00e9es pour la conservation, la fermentation, les sauces et une grande vari\u00e9t\u00e9 d&#039;autres produits alimentaires.<\/p>\n<p><strong>Excellente capacit\u00e9 d&#039;\u00e9tanch\u00e9it\u00e9<\/strong><\/p>\n<p>La conception \u00e0 bouchon \u00e0 vis, lorsqu&#039;elle est utilis\u00e9e avec d&#039;autres bouchons, emp\u00eache fortement l&#039;entr\u00e9e d&#039;air, pr\u00e9servant ainsi la saveur et la puret\u00e9 des ingr\u00e9dients.<\/p>\n<p><strong>Bouteille de forme ronde<\/strong><\/p>\n<p>Son aspect plus volum\u00e9trique le rend id\u00e9al pour les produits d&#039;exposition, ce qui rehausse leur attrait en rayon.<\/p>\n<h2>Sp\u00e9cifications cl\u00e9s<\/h2>\n<table style=\"border-collapse: collapse; width: 80%; margin-left: auto; margin-right: auto;\" border=\"0\" width=\"216\" cellspacing=\"0\" cellpadding=\"0\">\n<tbody>\n<tr style=\"height: 13.50pt;\">\n<td style=\"height: 13.5pt; width: 54pt; text-align: center;\" width=\"72\" height=\"18\">Capacit\u00e9 (ml)<\/td>\n<td style=\"width: 54pt; text-align: center;\" width=\"72\">Taille (cm)<\/td>\n<td style=\"width: 54pt; text-align: center;\" width=\"72\">Options personnalis\u00e9es<\/td>\n<\/tr>\n<tr style=\"height: 13.50pt;\">\n<td style=\"height: 13.5pt; text-align: center;\" align=\"right\" height=\"18\">350<\/td>\n<td style=\"text-align: center;\">8,5 x 8,1 x 11,0<\/td>\n<td class=\"et2\" style=\"text-align: center;\" rowspan=\"3\">Couvercles, Couleur, Logo...<\/td>\n<\/tr>\n<tr style=\"height: 13.50pt;\">\n<td style=\"height: 13.5pt; text-align: center;\" align=\"right\" height=\"18\">480<\/td>\n<td style=\"text-align: center;\">9,2 x 8,9 x 12,2<\/td>\n<\/tr>\n<tr style=\"height: 13.50pt;\">\n<td style=\"height: 13.5pt; text-align: center;\" align=\"right\" height=\"18\">730<\/td>\n<td style=\"text-align: center;\">9,5 x 14,5<\/td>\n<\/tr>\n<\/tbody>\n<\/table>\n<h2>Histoire \u00e0 succ\u00e8s<\/h2>\n<p>Lorsqu&#039;une marque de sauce piquante d&#039;Asie du Sud-Est a d\u00e9cid\u00e9 de modifier son emballage, elle a choisi notre bocal en verre. Le nouveau bocal rond et transparent, plac\u00e9 en rayon, a imm\u00e9diatement s\u00e9duit les consommateurs qui pouvaient distinguer les ingr\u00e9dients authentiques et g\u00e9n\u00e9reux. Le couvercle \u00e0 visser a \u00e9galement permis de pr\u00e9server la fra\u00eecheur du produit plus longtemps.<\/p>\n<p>En seulement trois mois, les ventes de la nouvelle gamme d&#039;emballages ont connu une hausse remarquable, permettant ainsi \u00e0 la marque de percer sur le march\u00e9 extr\u00eamement concurrentiel des condiments.<\/p>\n<h2>Votre guide de personnalisation des contenants \u00e0 cornichons<\/h2>\n<ol>\n<li><strong>Bouchons d&#039;\u00e9tanch\u00e9it\u00e9 personnalis\u00e9s\u00a0:<\/strong> Vous pouvez choisir des joints d&#039;\u00e9tanch\u00e9it\u00e9 en m\u00e9tal, en plastique r\u00e9sistant \u00e0 l&#039;humidit\u00e9 ou en silicone pour une meilleure \u00e9tanch\u00e9it\u00e9 et une meilleure conservation des cornichons ferment\u00e9s.<\/li>\n<li><strong>Op\u00e9rations d&#039;\u00e9tiquetage et d&#039;impression\u00a0:<\/strong> Elle r\u00e9pond aux exigences visuelles de la marque en mettant en \u0153uvre l&#039;une des techniques suivantes\u00a0: \u00e9maillage cuit, s\u00e9rigraphie, gaufrage ou conception d&#039;\u00e9tiquettes compl\u00e8tes.<\/li>\n<li><strong>Couleur et texture antid\u00e9rapante des bouchons\u00a0:<\/strong> Des bouchons de diff\u00e9rentes couleurs, avec ou sans surfaces textur\u00e9es, sont utilis\u00e9s pour attirer l&#039;\u0153il du consommateur en rayon et offrir une meilleure prise en main lors de l&#039;ouverture.<\/li>\n<\/ol>","protected":false},"excerpt":{"rendered":"<p>R\u00e9cipients pour la conservation des sauces et des aliments ferment\u00e9s. Nos bocaux en verre offrent une pr\u00e9sentation transparente, une fermeture herm\u00e9tique et un conditionnement en vrac fiable pour les marques.<\/p>","protected":false},"featured_media":23817,"template":"","meta":[],"product_brand":[],"product_cat":[122,124,133],"product_tag":[],"class_list":{"0":"post-23811","1":"product","2":"type-product","3":"status-publish","4":"has-post-thumbnail","6":"product_cat-custom-glass-packaging","7":"product_cat-custom-glass-jars","8":"product_cat-pickle-jars","10":"first","11":"instock","12":"shipping-taxable","13":"product-type-simple"},"jetpack_sharing_enabled":true,"_links":{"self":[{"href":"https:\/\/yebodaglass.com\/fr\/wp-json\/wp\/v2\/product\/23811","targetHints":{"allow":["GET"]}}],"collection":[{"href":"https:\/\/yebodaglass.com\/fr\/wp-json\/wp\/v2\/product"}],"about":[{"href":"https:\/\/yebodaglass.com\/fr\/wp-json\/wp\/v2\/types\/product"}],"version-history":[{"count":5,"href":"https:\/\/yebodaglass.com\/fr\/wp-json\/wp\/v2\/product\/23811\/revisions"}],"predecessor-version":[{"id":23836,"href":"https:\/\/yebodaglass.com\/fr\/wp-json\/wp\/v2\/product\/23811\/revisions\/23836"}],"wp:featuredmedia":[{"embeddable":true,"href":"https:\/\/yebodaglass.com\/fr\/wp-json\/wp\/v2\/media\/23817"}],"wp:attachment":[{"href":"https:\/\/yebodaglass.com\/fr\/wp-json\/wp\/v2\/media?parent=23811"}],"wp:term":[{"taxonomy":"product_brand","embeddable":true,"href":"https:\/\/yebodaglass.com\/fr\/wp-json\/wp\/v2\/product_brand?post=23811"},{"taxonomy":"product_cat","embeddable":true,"href":"https:\/\/yebodaglass.com\/fr\/wp-json\/wp\/v2\/product_cat?post=23811"},{"taxonomy":"product_tag","embeddable":true,"href":"https:\/\/yebodaglass.com\/fr\/wp-json\/wp\/v2\/product_tag?post=23811"}],"curies":[{"name":"wp","href":"https:\/\/api.w.org\/{rel}","templated":true}]}}