{"id":23801,"date":"2025-11-17T15:49:26","date_gmt":"2025-11-17T07:49:26","guid":{"rendered":"https:\/\/yebodaglass.com\/?post_type=product&#038;p=23801"},"modified":"2025-11-17T16:50:04","modified_gmt":"2025-11-17T08:50:04","slug":"custom-grooved-resealable-bottles-for-fermentation","status":"publish","type":"product","link":"https:\/\/yebodaglass.com\/fr\/custom-grooved-resealable-bottles-for-fermentation\/","title":{"rendered":"Bouteilles personnalis\u00e9es de 465 ml \u00e0 rainures et refermables pour la fermentation"},"content":{"rendered":"<p data-start=\"66\" data-end=\"288\">Fabriqu\u00e9es en verre transparent, ces bouteilles refermables pr\u00e9sentent un motif c\u00f4tel\u00e9 et un bouchon m\u00e9tallique \u00e0 pression, alliant ainsi style, praticit\u00e9 et fermeture s\u00e9curis\u00e9e pour un charme \u00e0 la fois contemporain et intemporel.<\/p>\n<h2>Caract\u00e9ristiques du produit<\/h2>\n<ul>\n<li><strong>Bouteille c\u00f4tel\u00e9e :<\/strong> Le motif c\u00f4tel\u00e9 d\u00e9core non seulement le produit et rend la marque plus reconnaissable, mais am\u00e9liore \u00e9galement l&#039;adh\u00e9rence et r\u00e9duit les risques de glissement.<\/li>\n<li><strong>Scellage par pression-arr\u00eat :<\/strong> Gr\u00e2ce \u00e0 leur bouchon \u00e0 pression m\u00e9tallique, la fermeture de ces bouteilles ne pose aucun probl\u00e8me ; elles sont donc tr\u00e8s \u00e9tanches, ce qui permet de conserver efficacement le contenu et facilite l&#039;ouverture et la fermeture.<\/li>\n<li><strong>Superbe look\u00a0:<\/strong> Le produit acquiert une apparence luxueuse gr\u00e2ce \u00e0 son motif textur\u00e9 et \u00e0 son bouchon \u00e0 vis de style vintage, ce qui en fait un v\u00e9ritable accroche-regard sur les \u00e9tag\u00e8res des points de vente.<\/li>\n<\/ul>\n<h2 style=\"text-align: left;\">Sp\u00e9cifications cl\u00e9s<\/h2>\n<table class=\"aligncenter\" style=\"border-collapse: collapse; width: 426.02pt;\" border=\"0\" width=\"568\" cellspacing=\"0\" cellpadding=\"0\">\n<tbody>\n<tr style=\"height: 13.50pt;\">\n<td style=\"height: 13.50pt; width: 105.75pt;\" width=\"141\" height=\"18\">Sp\u00e9cification<\/td>\n<td style=\"width: 320.25pt;\" width=\"427\">D\u00e9tails<\/td>\n<\/tr>\n<tr style=\"height: 13.50pt;\">\n<td style=\"height: 13.50pt;\" height=\"18\">Capacit\u00e9<\/td>\n<td>465 ml<\/td>\n<\/tr>\n<tr style=\"height: 13.50pt;\">\n<td style=\"height: 13.50pt;\" height=\"18\">Dimensions<\/td>\n<td>7,75 cm \u00d7 22,3 cm<\/td>\n<\/tr>\n<tr style=\"height: 13.50pt;\">\n<td style=\"height: 13.50pt;\" height=\"18\">Mat\u00e9riel<\/td>\n<td>Verre transparent haute clart\u00e9<\/td>\n<\/tr>\n<tr style=\"height: 13.50pt;\">\n<td style=\"height: 13.50pt;\" height=\"18\">Conception corporelle<\/td>\n<td>Rainures verticales pour l&#039;adh\u00e9rence et le renforcement<\/td>\n<\/tr>\n<tr style=\"height: 13.50pt;\">\n<td style=\"height: 13.50pt;\" height=\"18\">Type de fermeture<\/td>\n<td>Abattants en acier inoxydable avec but\u00e9e rouge\/blanche<\/td>\n<\/tr>\n<tr style=\"height: 13.50pt;\">\n<td style=\"height: 13.50pt;\" height=\"18\">Id\u00e9al pour<\/td>\n<td>bouteille pour fermentation, bouteilles \u00e0 bouchon \u00e0 clapet<\/td>\n<\/tr>\n<\/tbody>\n<\/table>\n<h2>Histoire \u00e0 succ\u00e8s : Am\u00e9liorer l&#039;image d&#039;une marque de vinaigre<\/h2>\n<p>Un producteur de vinaigre artisanal recherchait un emballage capable de r\u00e9sister \u00e0 la pression de carbonatation tout en refl\u00e9tant le positionnement haut de gamme du produit. Il a finalement opt\u00e9 pour notre bouteille rainur\u00e9e pour la fermentation. Gr\u00e2ce \u00e0 cette forme rainur\u00e9e, les pertes ont \u00e9t\u00e9 r\u00e9duites de 41 % et la perte d&#039;ar\u00f4me de 38 %, le bouchon \u00e0 vis, utilis\u00e9 pour la conservation optimale de la bi\u00e8re, assurant \u00e9galement une fermeture herm\u00e9tique. Fort de ce succ\u00e8s, l&#039;entreprise a pass\u00e9 quatre commandes cons\u00e9cutives, soit un total de 500\u00a0000 bouteilles, afin d&#039;\u00e9tendre son r\u00e9seau de distribution.<\/p>\n<h2>Options de personnalisation<\/h2>\n<p>Vous pouvez ainsi obtenir des bouteilles refermables personnalis\u00e9es de qualit\u00e9 sup\u00e9rieure en utilisant les options de personnalisation suivantes\u00a0:<\/p>\n<ul>\n<li><strong>Coloration brillante des rainures :<\/strong> Les rainures verticales peuvent \u00eatre d\u00e9cor\u00e9es d&#039;\u00e9mail color\u00e9, cr\u00e9ant ainsi un motif ray\u00e9 distinctif qui peut reprendre les couleurs de votre marque.<\/li>\n<li><strong>Marquage du volume en relief\u00a0:<\/strong> Ajoutez un marquage discret en relief \u00ab\u00a0465ml\u00a0\u00bb sur le fond ou la partie inf\u00e9rieure de la bouteille pour donner au produit une allure plus luxueuse.<\/li>\n<li><strong>Couleur personnalis\u00e9e de la casquette\u00a0:<\/strong> Vous pouvez opter pour une couleur de bouchon en c\u00e9ramique qui s&#039;harmonise avec les couleurs principales de la marque.<\/li>\n<li><strong>Logo grav\u00e9 \u00e0 l&#039;acide :<\/strong> Une surface en verre transparent avec un logo d\u00e9poli r\u00e9alis\u00e9 par gravure \u00e0 l&#039;acide est non seulement un pr\u00e9sentateur sophistiqu\u00e9, mais aussi durable et haut de gamme pour l&#039;image de marque.<\/li>\n<\/ul>","protected":false},"excerpt":{"rendered":"<p>Bouteille en verre transparent pour fermentation, avec corps rainur\u00e9 et bouchon m\u00e9canique herm\u00e9tique. Bouteilles \u00e9l\u00e9gantes et r\u00e9sistantes, refermables, id\u00e9ales pour le brassage et la conservation. \u00c9chantillons gratuits.<\/p>","protected":false},"featured_media":23804,"template":"","meta":[],"product_brand":[],"product_cat":[122,123,132],"product_tag":[],"class_list":{"0":"post-23801","1":"product","2":"type-product","3":"status-publish","4":"has-post-thumbnail","6":"product_cat-custom-glass-packaging","7":"product_cat-custom-glass-bottles","8":"product_cat-glass-flip-top-bottles","10":"first","11":"instock","12":"shipping-taxable","13":"product-type-simple"},"jetpack_sharing_enabled":true,"_links":{"self":[{"href":"https:\/\/yebodaglass.com\/fr\/wp-json\/wp\/v2\/product\/23801","targetHints":{"allow":["GET"]}}],"collection":[{"href":"https:\/\/yebodaglass.com\/fr\/wp-json\/wp\/v2\/product"}],"about":[{"href":"https:\/\/yebodaglass.com\/fr\/wp-json\/wp\/v2\/types\/product"}],"version-history":[{"count":4,"href":"https:\/\/yebodaglass.com\/fr\/wp-json\/wp\/v2\/product\/23801\/revisions"}],"predecessor-version":[{"id":23812,"href":"https:\/\/yebodaglass.com\/fr\/wp-json\/wp\/v2\/product\/23801\/revisions\/23812"}],"wp:featuredmedia":[{"embeddable":true,"href":"https:\/\/yebodaglass.com\/fr\/wp-json\/wp\/v2\/media\/23804"}],"wp:attachment":[{"href":"https:\/\/yebodaglass.com\/fr\/wp-json\/wp\/v2\/media?parent=23801"}],"wp:term":[{"taxonomy":"product_brand","embeddable":true,"href":"https:\/\/yebodaglass.com\/fr\/wp-json\/wp\/v2\/product_brand?post=23801"},{"taxonomy":"product_cat","embeddable":true,"href":"https:\/\/yebodaglass.com\/fr\/wp-json\/wp\/v2\/product_cat?post=23801"},{"taxonomy":"product_tag","embeddable":true,"href":"https:\/\/yebodaglass.com\/fr\/wp-json\/wp\/v2\/product_tag?post=23801"}],"curies":[{"name":"wp","href":"https:\/\/api.w.org\/{rel}","templated":true}]}}