{"id":23792,"date":"2025-11-17T14:17:35","date_gmt":"2025-11-17T06:17:35","guid":{"rendered":"https:\/\/yebodaglass.com\/?post_type=product&#038;p=23792"},"modified":"2026-03-26T14:20:30","modified_gmt":"2026-03-26T06:20:30","slug":"wholesale-clear-fermentation-bottles-with-handles","status":"publish","type":"product","link":"https:\/\/yebodaglass.com\/fr\/wholesale-clear-fermentation-bottles-with-handles\/","title":{"rendered":"Bouteilles de fermentation transparentes en gros avec poign\u00e9es, 250 ml, 350 ml, 500 ml"},"content":{"rendered":"<p>Intended to withstand usage, be easy to carry and manage, and provide assurance to good sealing ability, this glass bottle family ( 250ml, 350ml and 500ml picks ) will have built in handle and swing top closure. The bottles are made of pure, clear glass, with an easy, ergonomic handle and a rounded, smooth body that makes them easy to fill and pour in either the work or home setting.<\/p>\n<h2>Caract\u00e9ristiques du produit<\/h2>\n<p>All bottles come packaged with a swivel-top (flip-top) system of bottle closure: A glass stopper, stainless wire bail, and a food grade sealing gasket. This construction provides an airtight sealed cover and the bottles can be used to preserve freshness and to facilitate the fermentation process. Product visibility is improved by the transparent glass body and therefore the ease with which users can track contents.<\/p>\n<h2 style=\"text-align: left;\">Sp\u00e9cifications cl\u00e9s<\/h2>\n<table class=\"aligncenter\" style=\"border-collapse: collapse; width: 762.77pt;\" border=\"0\" width=\"1017\" cellspacing=\"0\" cellpadding=\"0\">\n<tbody>\n<tr style=\"height: 13.50pt;\">\n<td style=\"height: 13.50pt; width: 138.75pt;\" width=\"185\" height=\"18\">Sp\u00e9cification<\/td>\n<td style=\"width: 624.00pt;\" width=\"832\">D\u00e9tails<\/td>\n<\/tr>\n<tr style=\"height: 13.50pt;\">\n<td style=\"height: 13.50pt;\" height=\"18\">Dimensions<\/td>\n<td>250 ml (8 oz) : 6,7 cm \u00d7 17,2 cm \/ 350 ml (12 oz) : 7,6 cm \u00d7 20 cm \/ 500 ml (16 oz) : 8,7 cm \u00d7 21,8 cm<\/td>\n<\/tr>\n<tr style=\"height: 13.50pt;\">\n<td style=\"height: 13.50pt;\" height=\"18\">Mat\u00e9riel<\/td>\n<td>Verre sodocalcique sans plomb<\/td>\n<\/tr>\n<tr style=\"height: 13.50pt;\">\n<td style=\"height: 13.50pt;\" height=\"18\">Conception de la poign\u00e9e<\/td>\n<td>Poign\u00e9e ergonomique moul\u00e9e sur toutes les tailles<\/td>\n<\/tr>\n<tr style=\"height: 13.50pt;\">\n<td style=\"height: 13.50pt;\" height=\"18\">Type de fermeture<\/td>\n<td>\u00a0swing top<\/td>\n<\/tr>\n<tr style=\"height: 13.50pt;\">\n<td style=\"height: 13.50pt;\" height=\"18\">Options de joints<\/td>\n<td>caoutchouc ou silicone de qualit\u00e9 alimentaire<\/td>\n<\/tr>\n<tr style=\"height: 13.50pt;\">\n<td style=\"height: 13.50pt;\" height=\"18\">Performances d&#039;\u00e9tanch\u00e9it\u00e9<\/td>\n<td>Herm\u00e9tique et r\u00e9sistant \u00e0 la pression \u2013 id\u00e9al pour la carbonatation naturelle<\/td>\n<\/tr>\n<tr style=\"height: 13.50pt;\">\n<td style=\"height: 13.50pt;\" height=\"18\">Id\u00e9al pour<\/td>\n<td>Bi\u00e8re, sodas, vinification, toniques probiotiques, kombucha<\/td>\n<\/tr>\n<\/tbody>\n<\/table>\n<h2>\u00c9tude de cas : Optimisation d&#039;une ligne de production artisanale de kombucha<\/h2>\n<p>La brasserie de kombucha rencontrait des probl\u00e8mes d&#039;instabilit\u00e9 dans son processus de production, car elle utilisait des cuves de fermentation pour la fermentation secondaire avant de vendre ses produits dans des bouteilles classiques. Par cons\u00e9quent, le taux de contamination \u00e9tait tr\u00e8s \u00e9lev\u00e9 et la production irr\u00e9guli\u00e8re. L&#039;entreprise est pass\u00e9e \u00e0 nos bouteilles de fermentation munies de poign\u00e9es et a alors constat\u00e9 une baisse de 38 % du taux de contamination gr\u00e2ce \u00e0 une meilleure \u00e9tanch\u00e9it\u00e9. Les employ\u00e9s ont \u00e9galement trouv\u00e9 plus facile de pr\u00e9lever des \u00e9chantillons sur les march\u00e9s de producteurs, car ils pouvaient saisir les bouteilles par les poign\u00e9es, r\u00e9duisant ainsi la casse de 15 % lors de la manipulation. Satisfaite des performances du produit et des retours clients, la brasserie a pass\u00e9 trois nouvelles commandes de 100\u00a0000 bouteilles chacune.<\/p>\n<h2>Suggestions de personnalisation pour les bouteilles de fermentation<\/h2>\n<p>Rendez vos bouteilles de fermentation fonctionnelles plus attrayantes et valorisez votre marque gr\u00e2ce \u00e0 ces options de personnalisation li\u00e9es au produit\u00a0:<\/p>\n<ul>\n<li><strong>Lignes de capacit\u00e9 illustr\u00e9es\u00a0:<\/strong> Des graduations sont clairement indiqu\u00e9es sur l&#039;\u00e9paule de la bouteille afin de garantir un volume pr\u00e9cis pour chaque lot.<\/li>\n<li><strong>S\u00e9rigraphie sur verre :<\/strong> Les graphismes sur la bouteille sont r\u00e9alis\u00e9s dans un mat\u00e9riau durable et r\u00e9sistant aux produits chimiques, imprim\u00e9 directement sur le corps de la bouteille, ce qui lui permet de r\u00e9sister \u00e0 des lavages et \u00e0 des manipulations fr\u00e9quents.<\/li>\n<li><strong>Poign\u00e9es givr\u00e9es :<\/strong> Les poign\u00e9es pr\u00e9sentent un aspect givr\u00e9, ajout\u00e9 pour une meilleure prise en main et une exp\u00e9rience plus luxueuse.<\/li>\n<li><strong>Logo en relief sur le bas\u00a0:<\/strong> Petit, en relief et discret, le logo imprim\u00e9 au fond de la bouteille donne au produit un aspect professionnel sans g\u00eaner la lecture de l&#039;\u00e9tiquette.<\/li>\n<\/ul>","protected":false},"excerpt":{"rendered":"<p>Durable fermentation bottles with swing top and handle. Clear ferment bottles in 250ml, 350ml, 500ml for brewing, storage, and beverage packaging.<\/p>","protected":false},"featured_media":25629,"template":"","meta":[],"product_brand":[],"product_cat":[132,123,122],"product_tag":[],"class_list":{"0":"post-23792","1":"product","2":"type-product","3":"status-publish","4":"has-post-thumbnail","6":"product_cat-glass-flip-top-bottles","7":"product_cat-custom-glass-bottles","8":"product_cat-custom-glass-packaging","10":"first","11":"instock","12":"shipping-taxable","13":"product-type-simple"},"jetpack_sharing_enabled":true,"_links":{"self":[{"href":"https:\/\/yebodaglass.com\/fr\/wp-json\/wp\/v2\/product\/23792","targetHints":{"allow":["GET"]}}],"collection":[{"href":"https:\/\/yebodaglass.com\/fr\/wp-json\/wp\/v2\/product"}],"about":[{"href":"https:\/\/yebodaglass.com\/fr\/wp-json\/wp\/v2\/types\/product"}],"version-history":[{"count":5,"href":"https:\/\/yebodaglass.com\/fr\/wp-json\/wp\/v2\/product\/23792\/revisions"}],"predecessor-version":[{"id":25615,"href":"https:\/\/yebodaglass.com\/fr\/wp-json\/wp\/v2\/product\/23792\/revisions\/25615"}],"wp:featuredmedia":[{"embeddable":true,"href":"https:\/\/yebodaglass.com\/fr\/wp-json\/wp\/v2\/media\/25629"}],"wp:attachment":[{"href":"https:\/\/yebodaglass.com\/fr\/wp-json\/wp\/v2\/media?parent=23792"}],"wp:term":[{"taxonomy":"product_brand","embeddable":true,"href":"https:\/\/yebodaglass.com\/fr\/wp-json\/wp\/v2\/product_brand?post=23792"},{"taxonomy":"product_cat","embeddable":true,"href":"https:\/\/yebodaglass.com\/fr\/wp-json\/wp\/v2\/product_cat?post=23792"},{"taxonomy":"product_tag","embeddable":true,"href":"https:\/\/yebodaglass.com\/fr\/wp-json\/wp\/v2\/product_tag?post=23792"}],"curies":[{"name":"wp","href":"https:\/\/api.w.org\/{rel}","templated":true}]}}