{"id":23732,"date":"2025-11-14T15:47:14","date_gmt":"2025-11-14T07:47:14","guid":{"rendered":"https:\/\/yebodaglass.com\/?post_type=product&#038;p=23732"},"modified":"2025-11-14T17:05:53","modified_gmt":"2025-11-14T09:05:53","slug":"wholesale-brown-grolsch-beer-bottles-with-swing-top","status":"publish","type":"product","link":"https:\/\/yebodaglass.com\/fr\/wholesale-brown-grolsch-beer-bottles-with-swing-top\/","title":{"rendered":"Bouteilles de bi\u00e8re brune Grolsch en gros avec bouchon m\u00e9canique 485 ml 500 ml"},"content":{"rendered":"<p data-start=\"66\" data-end=\"288\">Les bouteilles de bi\u00e8re Grolsch, fabriqu\u00e9es en verre brun et disponibles en deux tailles, sont les r\u00e9cipients parfaits pour les liquides ou la bi\u00e8re.<\/p>\n<h2>Caract\u00e9ristiques du produit<\/h2>\n<ul>\n<li><strong>Mat\u00e9riau : Verre brun<\/strong> Le verre brun est un mat\u00e9riau id\u00e9al pour la protection contre la lumi\u00e8re et conf\u00e8re \u00e9galement au produit un aspect ancien.<\/li>\n<li><strong>Scellage par pression-arr\u00eat :<\/strong> Le bouchon \u00e0 pression en m\u00e9tal rouge et blanc assure l&#039;\u00e9tanch\u00e9it\u00e9 de ces bouteilles, ce qui garantit une conservation optimale de la fra\u00eecheur et permet un acc\u00e8s rapide aux utilisateurs.<\/li>\n<li><strong>Diff\u00e9rentes options pour le bouchon :<\/strong> La bouteille peut \u00eatre soit sans bouchon (\u00e0 pression), soit avec un bouchon \u00e0 couronne dor\u00e9e, vous offrant ainsi une option diff\u00e9rente et augmentant \u00e9galement la polyvalence du produit.<\/li>\n<\/ul>\n<h2 style=\"text-align: left;\">Sp\u00e9cifications cl\u00e9s<\/h2>\n<table class=\"aligncenter\" style=\"border-collapse: collapse; width: 541.52pt;\" border=\"0\" width=\"722\" cellspacing=\"0\" cellpadding=\"0\">\n<tbody>\n<tr style=\"height: 13.50pt;\">\n<td style=\"height: 13.50pt; width: 119.25pt;\" width=\"159\" height=\"18\">Caract\u00e9ristiques<\/td>\n<td style=\"width: 422.25pt;\" width=\"563\">D\u00e9crire<\/td>\n<\/tr>\n<tr style=\"height: 13.50pt;\">\n<td style=\"height: 13.50pt;\" height=\"18\">Capacit\u00e9<\/td>\n<td>485 ml\/500 ml<\/td>\n<\/tr>\n<tr style=\"height: 13.50pt;\">\n<td style=\"height: 13.50pt;\" height=\"18\">Dimensions<\/td>\n<td>7,75 cm \u00d7 22,6 cm \/ 8,1 cm \u00d7 22,3 cm<\/td>\n<\/tr>\n<tr style=\"height: 13.50pt;\">\n<td style=\"height: 13.50pt;\" height=\"18\">Mat\u00e9riel<\/td>\n<td>Verre brun \u00e0 parois \u00e9paisses (bloquant les UV)<\/td>\n<\/tr>\n<tr style=\"height: 13.50pt;\">\n<td style=\"height: 13.50pt;\" height=\"18\">Type de fermeture<\/td>\n<td>Abattants en acier inoxydable avec but\u00e9e rouge\/blanche ou dor\u00e9e<\/td>\n<\/tr>\n<tr style=\"height: 13.50pt;\">\n<td style=\"height: 13.50pt;\" height=\"18\">Mat\u00e9riau du joint<\/td>\n<td>Caoutchouc de qualit\u00e9 alimentaire (standard) ou option silicone.<\/td>\n<\/tr>\n<tr style=\"height: 13.50pt;\">\n<td style=\"height: 13.50pt;\" height=\"18\">Id\u00e9al pour<\/td>\n<td>Brassage de bi\u00e8re, vinaigre, soda, vinification, boissons artisanales<\/td>\n<\/tr>\n<\/tbody>\n<\/table>\n<h2>R\u00e9ussite : Expansion d&#039;une brasserie artisanale<\/h2>\n<p>La brasserie artisanale du quartier, productrice principalement de bi\u00e8res de style belge, recherchait un emballage refl\u00e9tant visuellement la qualit\u00e9 de ses produits. Pour sa premi\u00e8re production, elle a opt\u00e9 pour nos bouteilles en verre brun \u00e0 bouchon m\u00e9canique. Gr\u00e2ce \u00e0 la r\u00e9sistance aux UV du verre, l&#039;alt\u00e9ration du go\u00fbt de la bi\u00e8re due au stockage a \u00e9t\u00e9 r\u00e9duite de 43 %, entra\u00eenant une augmentation de 40 % des commandes. La brasserie a ainsi choisi ces bouteilles \u00e0 bouchon \u00e0 vis comme emballage standard et continue de passer commande depuis trois trimestres cons\u00e9cutifs.<\/p>\n<h2>Suggestions de personnalisation des bouteilles de bi\u00e8re Grolsch<\/h2>\n<ul>\n<li><strong>Couleur personnalis\u00e9e de la casquette\u00a0:<\/strong> Choisissez la couleur du bouchon en c\u00e9ramique correspondant \u00e0 votre marque (par exemple, or, blanc ou noir) pour que votre marque soit imm\u00e9diatement reconnaissable.<\/li>\n<li><strong>Logo imprim\u00e9 :<\/strong> Apposez votre logo physiquement sur la bouteille en verre brun et savourez la joie de vos clients lorsqu&#039;ils touchent la bouteille et en per\u00e7oivent la diff\u00e9rence.<\/li>\n<li><strong>Marquage \u00e0 l&#039;acide :<\/strong> Apposez un logo ou un motif \u00e9l\u00e9gant sur la bouteille gr\u00e2ce \u00e0 la technique de gravure \u00e0 l&#039;acide, qui int\u00e8gre d\u00e9finitivement votre marque \u00e0 la bouteille.<\/li>\n<li><strong>Joints en silicone color\u00e9s\u00a0:<\/strong> Des joints en silicone color\u00e9s aux couleurs de votre marque peuvent \u00eatre utilis\u00e9s pour un d\u00e9tail personnalis\u00e9 mineur mais tr\u00e8s efficace qui attirera l&#039;attention.<\/li>\n<\/ul>","protected":false},"excerpt":{"rendered":"<p>Les bouteilles de bi\u00e8re grolsch de style au charme vintage - nos bouteilles en verre brun \u00e0 bouchon pivotant allient durabilit\u00e9 et praticit\u00e9. Vente directe, livraison rapide.<\/p>","protected":false},"featured_media":23751,"template":"","meta":[],"product_brand":[],"product_cat":[122,123,132],"product_tag":[],"class_list":{"0":"post-23732","1":"product","2":"type-product","3":"status-publish","4":"has-post-thumbnail","6":"product_cat-custom-glass-packaging","7":"product_cat-custom-glass-bottles","8":"product_cat-glass-flip-top-bottles","10":"first","11":"instock","12":"shipping-taxable","13":"product-type-simple"},"jetpack_sharing_enabled":true,"_links":{"self":[{"href":"https:\/\/yebodaglass.com\/fr\/wp-json\/wp\/v2\/product\/23732","targetHints":{"allow":["GET"]}}],"collection":[{"href":"https:\/\/yebodaglass.com\/fr\/wp-json\/wp\/v2\/product"}],"about":[{"href":"https:\/\/yebodaglass.com\/fr\/wp-json\/wp\/v2\/types\/product"}],"version-history":[{"count":5,"href":"https:\/\/yebodaglass.com\/fr\/wp-json\/wp\/v2\/product\/23732\/revisions"}],"predecessor-version":[{"id":23758,"href":"https:\/\/yebodaglass.com\/fr\/wp-json\/wp\/v2\/product\/23732\/revisions\/23758"}],"wp:featuredmedia":[{"embeddable":true,"href":"https:\/\/yebodaglass.com\/fr\/wp-json\/wp\/v2\/media\/23751"}],"wp:attachment":[{"href":"https:\/\/yebodaglass.com\/fr\/wp-json\/wp\/v2\/media?parent=23732"}],"wp:term":[{"taxonomy":"product_brand","embeddable":true,"href":"https:\/\/yebodaglass.com\/fr\/wp-json\/wp\/v2\/product_brand?post=23732"},{"taxonomy":"product_cat","embeddable":true,"href":"https:\/\/yebodaglass.com\/fr\/wp-json\/wp\/v2\/product_cat?post=23732"},{"taxonomy":"product_tag","embeddable":true,"href":"https:\/\/yebodaglass.com\/fr\/wp-json\/wp\/v2\/product_tag?post=23732"}],"curies":[{"name":"wp","href":"https:\/\/api.w.org\/{rel}","templated":true}]}}