{"id":23714,"date":"2025-11-14T14:43:57","date_gmt":"2025-11-14T06:43:57","guid":{"rendered":"https:\/\/yebodaglass.com\/?post_type=product&#038;p=23714"},"modified":"2025-11-14T15:28:06","modified_gmt":"2025-11-14T07:28:06","slug":"wholesale-32-oz-flip-top-bottles-with-tapered-shape","status":"publish","type":"product","link":"https:\/\/yebodaglass.com\/fr\/wholesale-32-oz-flip-top-bottles-with-tapered-shape\/","title":{"rendered":"Bouteilles \u00e0 bouchon \u00e0 clapet de 16 oz et 32 \u200b\u200boz, de forme conique, en gros"},"content":{"rendered":"<p data-start=\"66\" data-end=\"288\">Ces bouteilles \u00e0 bouchon \u00e0 clapet de 950 ml sont en verre transparent et se d\u00e9clinent en deux formes coniques \u00e9l\u00e9gantes. Gr\u00e2ce \u00e0 leurs clips m\u00e9talliques noirs ou vert clair, elles pr\u00e9servent la fra\u00eecheur de vos liquides et assurent leur s\u00e9curit\u00e9.<\/p>\n<h2>Caract\u00e9ristiques du produit<\/h2>\n<ul>\n<li><strong>Joint \u00e0 enclenchement :<\/strong> Les bouteilles sont munies de bouchons \u00e0 pression maintenus par des clips m\u00e9talliques. Ce syst\u00e8me assure une \u00e9tanch\u00e9it\u00e9 parfaite, pr\u00e9servant ainsi efficacement la fra\u00eecheur du contenu et facilitant l&#039;ouverture et la fermeture.<\/li>\n<li><strong>Formes coniques multiples :<\/strong> Le design unique et tendance de ces bouteilles les rend plus facilement reconnaissables par les consommateurs et offre une meilleure prise en main. De plus, elles sont disponibles en formes coniques et allong\u00e9es.<\/li>\n<li><strong>Deux tailles, deux styles :<\/strong> Il existe deux types de produits, chacun disponible en deux tailles diff\u00e9rentes, avec un bouchon noir ou vert clair, afin de r\u00e9pondre \u00e0 diff\u00e9rentes pr\u00e9f\u00e9rences esth\u00e9tiques et \u00e0 diff\u00e9rents sc\u00e9narios d&#039;utilisation.<\/li>\n<\/ul>\n<h2 style=\"text-align: left;\">Sp\u00e9cifications cl\u00e9s<\/h2>\n<table class=\"aligncenter\" width=\"741\">\n<tbody>\n<tr>\n<td width=\"159\">Fonctionnalit\u00e9<\/td>\n<td width=\"582\">D\u00e9tails<\/td>\n<\/tr>\n<tr>\n<td>Mat\u00e9riel<\/td>\n<td>Verre transparent haute clart\u00e9<\/td>\n<\/tr>\n<tr>\n<td>Dimensions<\/td>\n<td>500 ml (16 oz) : 8 cm \u00d7 23 cm \/ 1000 ml (32 oz) : 10 cm \u00d7 29 cm<\/td>\n<\/tr>\n<tr>\n<td>Type de fermeture<\/td>\n<td>Bouchon \u00e0 charni\u00e8re avec anse en acier inoxydable + bouchon color\u00e9 (personnalisable)<\/td>\n<\/tr>\n<tr>\n<td>Options de joints<\/td>\n<td>caoutchouc ou silicone de qualit\u00e9 alimentaire<\/td>\n<\/tr>\n<tr>\n<td>Performances d&#039;\u00e9tanch\u00e9it\u00e9<\/td>\n<td>Herm\u00e9tique, \u00e9tanche, supporte la carbonatation et les contenus acides<\/td>\n<\/tr>\n<tr>\n<td>Id\u00e9al pour<\/td>\n<td>Kombucha, soda, vinaigre, brassage de bi\u00e8re, artisanat<\/td>\n<\/tr>\n<\/tbody>\n<\/table>\n<h2>Succ\u00e8s\u00a0: Am\u00e9liorer l\u2019image de marque de la bi\u00e8re artisanale<\/h2>\n<p>L&#039;emballage de cette jeune entreprise produisant du caf\u00e9 infus\u00e9 \u00e0 froid artisanal et du kombucha \u00e9tait un point crucial \u00e0 prendre en compte pour refl\u00e9ter son image de marque moderne. Elle a donc opt\u00e9 pour nos bouteilles en verre de 473 ml (16 oz), abandonnant ainsi les bouteilles traditionnelles. Gr\u00e2ce \u00e0 leur design innovant, les produits se d\u00e9marquent dans les rayons et les d\u00e9taillants ont constat\u00e9 une augmentation de 20 % des nouveaux clients. Le taux de rachat a quant \u00e0 lui progress\u00e9 de 39 %, les consommateurs appr\u00e9ciant le c\u00f4t\u00e9 r\u00e9utilisable et l&#039;esth\u00e9tique des bouteilles. L&#039;entreprise re\u00e7oit d\u00e9sormais 150\u00a0000 commandes de bouteilles par trimestre.<\/p>\n<h2>Suggestions de personnalisation pour les bouteilles \u00e0 bouchon \u00e0 clapet de 946 ml (32 oz)<\/h2>\n<ul>\n<li><strong>Couleur unique du bouchon :<\/strong> Cr\u00e9ez un look unique en choisissant la couleur de votre bouchon en c\u00e9ramique parmi une large gamme d&#039;options, comme le noir ou le vert clair, pr\u00e9sent\u00e9es sur la photo.<\/li>\n<li><strong>Surface en verre d\u00e9poli :<\/strong> Le rev\u00eatement enti\u00e8rement d\u00e9poli est une excellente alternative \u00e0 la bouteille en verre transparent, qui non seulement offre un toucher mat doux et sophistiqu\u00e9, mais constitue \u00e9galement une surface r\u00e9sistante aux empreintes digitales.<\/li>\n<li><strong>Impression s\u00e9rigraphique brillante :<\/strong> Imprimez des logos et des graphismes de marque nets et \u00e9clatants sur le contour de la bouteille pour une image de marque durable et attrayante.<\/li>\n<li><strong>Marquages \u200b\u200bde capacit\u00e9 grav\u00e9s \u00e0 l&#039;acide\u00a0:<\/strong> Embellissez votre bouteille avec des graduations \u00e9l\u00e9gantes en relief ou grav\u00e9es \u00e0 l&#039;acide. Par exemple, les graduations de 16 oz et 32 \u200b\u200boz permettent non seulement d&#039;identifier facilement la contenance, mais apportent \u00e9galement une touche d&#039;\u00e9l\u00e9gance au design de la bouteille.<\/li>\n<\/ul>","protected":false},"excerpt":{"rendered":"<p>Choisissez des bouteilles en verre de qualit\u00e9 sup\u00e9rieure de 473 ml (16 oz) et des bouteilles \u00e0 bouchon m\u00e9canique r\u00e9sistantes de 946 ml (32 oz) pour une polyvalence et une conservation optimales. Vente directe d&#039;usine, \u00e9chantillons gratuits disponibles.<\/p>","protected":false},"featured_media":23725,"template":"","meta":[],"product_brand":[],"product_cat":[122,123,132],"product_tag":[],"class_list":{"0":"post-23714","1":"product","2":"type-product","3":"status-publish","4":"has-post-thumbnail","6":"product_cat-custom-glass-packaging","7":"product_cat-custom-glass-bottles","8":"product_cat-glass-flip-top-bottles","10":"first","11":"instock","12":"shipping-taxable","13":"product-type-simple"},"jetpack_sharing_enabled":true,"_links":{"self":[{"href":"https:\/\/yebodaglass.com\/fr\/wp-json\/wp\/v2\/product\/23714","targetHints":{"allow":["GET"]}}],"collection":[{"href":"https:\/\/yebodaglass.com\/fr\/wp-json\/wp\/v2\/product"}],"about":[{"href":"https:\/\/yebodaglass.com\/fr\/wp-json\/wp\/v2\/types\/product"}],"version-history":[{"count":2,"href":"https:\/\/yebodaglass.com\/fr\/wp-json\/wp\/v2\/product\/23714\/revisions"}],"predecessor-version":[{"id":23729,"href":"https:\/\/yebodaglass.com\/fr\/wp-json\/wp\/v2\/product\/23714\/revisions\/23729"}],"wp:featuredmedia":[{"embeddable":true,"href":"https:\/\/yebodaglass.com\/fr\/wp-json\/wp\/v2\/media\/23725"}],"wp:attachment":[{"href":"https:\/\/yebodaglass.com\/fr\/wp-json\/wp\/v2\/media?parent=23714"}],"wp:term":[{"taxonomy":"product_brand","embeddable":true,"href":"https:\/\/yebodaglass.com\/fr\/wp-json\/wp\/v2\/product_brand?post=23714"},{"taxonomy":"product_cat","embeddable":true,"href":"https:\/\/yebodaglass.com\/fr\/wp-json\/wp\/v2\/product_cat?post=23714"},{"taxonomy":"product_tag","embeddable":true,"href":"https:\/\/yebodaglass.com\/fr\/wp-json\/wp\/v2\/product_tag?post=23714"}],"curies":[{"name":"wp","href":"https:\/\/api.w.org\/{rel}","templated":true}]}}