{"id":23709,"date":"2025-11-14T15:58:45","date_gmt":"2025-11-14T07:58:45","guid":{"rendered":"https:\/\/yebodaglass.com\/?post_type=product&#038;p=23709"},"modified":"2026-03-11T15:12:59","modified_gmt":"2026-03-11T07:12:59","slug":"clear-glass-large-pickle-jars-with-metal-lids-bulk","status":"publish","type":"product","link":"https:\/\/yebodaglass.com\/fr\/clear-glass-large-pickle-jars-with-metal-lids-bulk\/","title":{"rendered":"Bocaux \u00e0 cornichons en verre transparent, grands mod\u00e8les, avec couvercles m\u00e9talliques (vente en gros)"},"content":{"rendered":"<p>Il s&#039;agit d&#039;un grand bocal \u00e0 cornichons de forme cylindrique \u00e0 large ouverture, fabriqu\u00e9 en verre transparent durable et dot\u00e9 d&#039;un couvercle \u00e0 vis en m\u00e9tal argent\u00e9 \u00e9tanche et s\u00e9curis\u00e9, ce qui en fait le meilleur choix pour la fermentation et la conservation des cornichons, des marinades et des conserves.<\/p>\n<h2>Caract\u00e9ristiques du produit<\/h2>\n<ul>\n<li><strong>Design classique \u00e0 large ouverture :<\/strong> La large ouverture facilite le remplissage, le tassage et le nettoyage, ce qui est essentiel pour la mise en bocaux et le processus de fermentation.<\/li>\n<li><strong>Sceau m\u00e9tallique s\u00e9curis\u00e9\u00a0:<\/strong> Le couvercle \u00e0 vis en m\u00e9tal argent\u00e9 permet de conserver les aliments herm\u00e9tiquement ferm\u00e9s et de favoriser leur fermentation, tout en contribuant \u00e0 pr\u00e9server leur fra\u00eecheur.<\/li>\n<li><strong>Transparent:<\/strong> Gr\u00e2ce \u00e0 la transparence du bocal, il est facile d&#039;observer les aliments dans le bocal, la quantit\u00e9 de saumure et le processus de fermentation.<\/li>\n<\/ul>\n<h2>Sp\u00e9cifications cl\u00e9s<\/h2>\n<table style=\"border-collapse: collapse; width: 80%; margin-left: auto; margin-right: auto;\" border=\"0\" width=\"288\" cellspacing=\"0\" cellpadding=\"0\">\n<tbody>\n<tr style=\"height: 13.50pt;\">\n<td style=\"height: 13.5pt; width: 54pt; text-align: center;\" width=\"72\" height=\"18\">Capacit\u00e9 (ml)<\/td>\n<td style=\"width: 54pt; text-align: center;\" width=\"72\">Taille (cm)<\/td>\n<td style=\"width: 54pt; text-align: center;\" width=\"72\">Traitement de surface<\/td>\n<td style=\"width: 54pt; text-align: center;\" width=\"72\">Forme<\/td>\n<\/tr>\n<tr style=\"height: 13.50pt;\">\n<td style=\"height: 13.5pt; text-align: center;\" height=\"18\">750<\/td>\n<td style=\"text-align: center;\">9,3 x 15,1<\/td>\n<td class=\"et2\" style=\"text-align: center;\" rowspan=\"3\">Peinture au pistolet, gravure, gaufrage, etc.<\/td>\n<td class=\"et2\" style=\"text-align: center;\" rowspan=\"3\">Rond<\/td>\n<\/tr>\n<tr style=\"height: 13.50pt;\">\n<td style=\"height: 13.5pt; text-align: center;\" height=\"18\">950<\/td>\n<td style=\"text-align: center;\">9,1 x 18,8<\/td>\n<\/tr>\n<tr style=\"height: 13.50pt;\">\n<td style=\"height: 13.5pt; text-align: center;\" height=\"18\">1500<\/td>\n<td style=\"text-align: center;\">10,5 x 20,4<\/td>\n<\/tr>\n<\/tbody>\n<\/table>\n<h2>Cas de r\u00e9ussite\u00a0: Commande personnalis\u00e9e de la marque Fermentation dans le nord-ouest du Pacifique<\/h2>\n<p>Notre bocal \u00e0 cornichons a \u00e9t\u00e9 choisi par une entreprise de fermentation professionnelle des Am\u00e9riques, qui l&#039;a personnalis\u00e9 avec du verre ambr\u00e9 et un couvercle en m\u00e9tal noir mat muni d&#039;un joint en caoutchouc int\u00e9gr\u00e9. Ce design sur mesure r\u00e9pond \u00e0 un enjeu majeur\u00a0: le verre ambr\u00e9 r\u00e9duit la p\u00e9n\u00e9tration de la lumi\u00e8re, emp\u00eachant ainsi la prolif\u00e9ration d&#039;algues et diminuant de ce fait le taux de d\u00e9t\u00e9rioration de 18\u00a0%. L&#039;\u00e9tanch\u00e9it\u00e9 de haute qualit\u00e9 du couvercle a permis d&#039;augmenter encore la dur\u00e9e de conservation des cornichons d&#039;un quart. Forts de ces excellents r\u00e9sultats, ils ont pass\u00e9 une nouvelle commande de 80\u00a0000 bocaux afin d&#039;accompagner leur expansion dans les points de vente \u00e0 travers le pays.<\/p>\n<h2>Recommandations de personnalisation pour les grands bocaux \u00e0 cornichons<\/h2>\n<ul>\n<li>Verre opaque : se pr\u00e9sente sous forme de bocaux en verre ambr\u00e9 ou vert pour pr\u00e9server les aliments ferment\u00e9s et marin\u00e9s sensibles \u00e0 la lumi\u00e8re.<\/li>\n<li>Syst\u00e8mes de couvercles sp\u00e9ciaux\u00a0: des couvercles sont disponibles avec des joints en caoutchouc int\u00e9gr\u00e9s, des soupapes de fermentation ou des parois int\u00e9rieures rev\u00eatues de plastique pour \u00e9viter la corrosion par les acides et les sels.<\/li>\n<li>Formes de pots personnalis\u00e9es\u00a0: Reconditionnement des pots cylindriques traditionnels en pots carr\u00e9s ou rectangulaires, plus faciles \u00e0 pr\u00e9senter en rayon et \u00e0 emballer.<\/li>\n<\/ul>","protected":false},"excerpt":{"rendered":"<p>Bocal \u00e0 cornichons \u00e0 large ouverture pour un remplissage et un nettoyage faciles. Grand bocal fiable, id\u00e9al pour les conserves maison et le rangement en cuisine. Livraison rapide.<\/p>","protected":false},"featured_media":23740,"template":"","meta":[],"product_brand":[],"product_cat":[122,124,133],"product_tag":[],"class_list":{"0":"post-23709","1":"product","2":"type-product","3":"status-publish","4":"has-post-thumbnail","6":"product_cat-custom-glass-packaging","7":"product_cat-custom-glass-jars","8":"product_cat-pickle-jars","10":"first","11":"instock","12":"shipping-taxable","13":"product-type-simple"},"jetpack_sharing_enabled":true,"_links":{"self":[{"href":"https:\/\/yebodaglass.com\/fr\/wp-json\/wp\/v2\/product\/23709","targetHints":{"allow":["GET"]}}],"collection":[{"href":"https:\/\/yebodaglass.com\/fr\/wp-json\/wp\/v2\/product"}],"about":[{"href":"https:\/\/yebodaglass.com\/fr\/wp-json\/wp\/v2\/types\/product"}],"version-history":[{"count":5,"href":"https:\/\/yebodaglass.com\/fr\/wp-json\/wp\/v2\/product\/23709\/revisions"}],"predecessor-version":[{"id":25378,"href":"https:\/\/yebodaglass.com\/fr\/wp-json\/wp\/v2\/product\/23709\/revisions\/25378"}],"wp:featuredmedia":[{"embeddable":true,"href":"https:\/\/yebodaglass.com\/fr\/wp-json\/wp\/v2\/media\/23740"}],"wp:attachment":[{"href":"https:\/\/yebodaglass.com\/fr\/wp-json\/wp\/v2\/media?parent=23709"}],"wp:term":[{"taxonomy":"product_brand","embeddable":true,"href":"https:\/\/yebodaglass.com\/fr\/wp-json\/wp\/v2\/product_brand?post=23709"},{"taxonomy":"product_cat","embeddable":true,"href":"https:\/\/yebodaglass.com\/fr\/wp-json\/wp\/v2\/product_cat?post=23709"},{"taxonomy":"product_tag","embeddable":true,"href":"https:\/\/yebodaglass.com\/fr\/wp-json\/wp\/v2\/product_tag?post=23709"}],"curies":[{"name":"wp","href":"https:\/\/api.w.org\/{rel}","templated":true}]}}