{"id":23693,"date":"2025-11-14T13:16:17","date_gmt":"2025-11-14T05:16:17","guid":{"rendered":"https:\/\/yebodaglass.com\/?post_type=product&#038;p=23693"},"modified":"2026-03-26T13:59:14","modified_gmt":"2026-03-26T05:59:14","slug":"wholesale-clear-flip-top-glass-bottles-1-liter","status":"publish","type":"product","link":"https:\/\/yebodaglass.com\/fr\/produit\/wholesale-clear-flip-top-glass-bottles-1-liter\/","title":{"rendered":"Bouteilles en verre transparent \u00e0 bouchon \u00e0 clapet, 1 litre, en gros"},"content":{"rendered":"<p data-start=\"66\" data-end=\"288\">Ces bouteilles en verre d&#039;un litre, \u00e0 bouchon \u00e0 clapet, pr\u00e9sentent une forme cylindrique haute et droite. Fabriqu\u00e9es en verre transparent, elles sont dot\u00e9es d&#039;un bouchon \u00e0 clapet. La boucle traditionnelle en fil de fer \u00e0 charni\u00e8re du bouchon maintient fermement le bouchon en c\u00e9ramique ou en plastique rouge et blanc, muni d&#039;un joint en caoutchouc assurant une \u00e9tanch\u00e9it\u00e9 parfaite.<\/p>\n<h2>Caract\u00e9ristiques du produit<\/h2>\n<ul>\n<li><strong>Grande capacit\u00e9 de 1 litre :<\/strong> Sa grande taille est id\u00e9ale pour la pr\u00e9paration de boissons en grande quantit\u00e9, pour les infusions et peut \u00e9galement servir de bouteille d&#039;eau classique.<\/li>\n<li><strong>Couvercle \u00e0 charni\u00e8re scell\u00e9 :<\/strong> Le joint d&#039;\u00e9tanch\u00e9it\u00e9 et la boucle m\u00e9tallique assurent une fermeture herm\u00e9tique qui permet au produit de conserver la fra\u00eecheur de son contenu ou emp\u00eache les boissons gazeuses de se renverser.<\/li>\n<li><strong>Verre clair Widesight\u00a0:<\/strong> On peut facilement voir \u00e0 travers la bouteille transparente : le niveau et la limpidit\u00e9 du liquide.<\/li>\n<\/ul>\n<h2 style=\"text-align: left;\">Sp\u00e9cifications cl\u00e9s<\/h2>\n<table class=\"aligncenter\" style=\"border-collapse: collapse; width: 476.27pt;\" border=\"0\" width=\"635\" cellspacing=\"0\" cellpadding=\"0\">\n<tbody>\n<tr style=\"height: 13.50pt;\">\n<td style=\"height: 13.50pt; width: 119.25pt;\" width=\"159\" height=\"18\">Sp\u00e9cification<\/td>\n<td style=\"width: 357.00pt;\" width=\"476\">D\u00e9tails<\/td>\n<\/tr>\n<tr style=\"height: 13.50pt;\">\n<td style=\"height: 13.50pt;\" height=\"18\">Capacit\u00e9<\/td>\n<td>1 litre (32 oz)<\/td>\n<\/tr>\n<tr style=\"height: 13.50pt;\">\n<td style=\"height: 13.50pt;\" height=\"18\">Dimensions<\/td>\n<td>8,7 cm \u00d7 29,6 cm<\/td>\n<\/tr>\n<tr style=\"height: 13.50pt;\">\n<td style=\"height: 13.50pt;\" height=\"18\">Mat\u00e9riel<\/td>\n<td>Verre transparent de qualit\u00e9 alimentaire, d&#039;une grande clart\u00e9<\/td>\n<\/tr>\n<tr style=\"height: 13.50pt;\">\n<td style=\"height: 13.50pt;\" height=\"18\">Diam\u00e8tre int\u00e9rieur du col<\/td>\n<td>2 cm<\/td>\n<\/tr>\n<tr style=\"height: 13.50pt;\">\n<td style=\"height: 13.50pt;\" height=\"18\">Type de fermeture<\/td>\n<td>Bouchon \u00e0 bascule avec embout rouge et anse en acier inoxydable<\/td>\n<\/tr>\n<tr style=\"height: 13.50pt;\">\n<td style=\"height: 13.50pt;\" height=\"18\">Options de joints<\/td>\n<td>Caoutchouc standard<\/td>\n<\/tr>\n<tr style=\"height: 13.50pt;\">\n<td style=\"height: 13.50pt;\" height=\"18\">Id\u00e9al pour<\/td>\n<td>Kombucha, soda, vinaigre, brassage de bi\u00e8re, vinification<\/td>\n<\/tr>\n<\/tbody>\n<\/table>\n<h2>Histoire \u00e0 succ\u00e8s<\/h2>\n<p>Nos bouteilles en verre transparent d&#039;un litre ont \u00e9t\u00e9 choisies par un g\u00e9ant californien des jus press\u00e9s \u00e0 froid. Les graduations, s\u00e9rigraphi\u00e9es et personnalis\u00e9es, indiquent la contenance. Ces bouteilles sur mesure ont permis de relever certains d\u00e9fis majeurs\u00a0: leur bouchon herm\u00e9tique et leur grande contenance ont prolong\u00e9 la dur\u00e9e de conservation de leurs jus non pasteuris\u00e9s de 30\u00a0ans, minimis\u00e9 le gaspillage et mis en valeur les couleurs \u00e9clatantes des jus. L&#039;entreprise affirme avoir enregistr\u00e9 une croissance de 20\u00a0% de ses ventes directes aux caf\u00e9s. Fort de ce succ\u00e8s, elle a pass\u00e9 une nouvelle commande de 650\u00a0000\u00a0bouteilles pour lancer une nouvelle gamme de boissons fonctionnelles.<\/p>\n<h2>Recommandations pour la personnalisation des bouteilles en verre transparent<\/h2>\n<ul>\n<li>Finitions des boucles et des bouchons de bouteille\u00a0: La marque peut \u00eatre personnalis\u00e9e avec un certain nombre de finitions (cuivre, laiton, noir mat) et des bouchons de diff\u00e9rentes couleurs.<\/li>\n<li>Verre color\u00e9 r\u00e9sistant aux UV\u00a0: des bouteilles cylindriques d\u2019un litre en verre ambr\u00e9 ou vert sont con\u00e7ues pour prot\u00e9ger les boissons sensibles \u00e0 la lumi\u00e8re telles que le kombucha, la bi\u00e8re ou certaines huiles.<\/li>\n<li>Design rectangulaire : La bouteille d&#039;un litre pr\u00e9sente un design rectangulaire qui permet de gagner de la place dans le r\u00e9frig\u00e9rateur et de faciliter son empilage sur les \u00e9tag\u00e8res.<\/li>\n<li>Manchon\/protection en silicone\u00a0: Il s\u2019agit d\u2019un manchon amovible en silicone antid\u00e9rapant con\u00e7u pour prot\u00e9ger la moiti\u00e9 inf\u00e9rieure de la bouteille contre les chocs, isoler la bouteille et offrir une meilleure prise en main.<\/li>\n<\/ul>","protected":false},"excerpt":{"rendered":"<p>Bouteille en verre transparent r\u00e9sistant et bouteille en verre de qualit\u00e9 sup\u00e9rieure avec bouchon \u00e0 clapet, d&#039;une contenance de 1 litre, id\u00e9ale pour les boissons et le stockage. Design cristallin avec fermeture herm\u00e9tique. \u00c9chantillons gratuits.<\/p>","protected":false},"featured_media":23704,"template":"","meta":[],"product_brand":[],"product_cat":[132,123,122],"product_tag":[],"class_list":{"0":"post-23693","1":"product","2":"type-product","3":"status-publish","4":"has-post-thumbnail","6":"product_cat-glass-flip-top-bottles","7":"product_cat-custom-glass-bottles","8":"product_cat-custom-glass-packaging","10":"first","11":"instock","12":"shipping-taxable","13":"product-type-simple"},"jetpack_sharing_enabled":true,"_links":{"self":[{"href":"https:\/\/yebodaglass.com\/fr\/wp-json\/wp\/v2\/product\/23693","targetHints":{"allow":["GET"]}}],"collection":[{"href":"https:\/\/yebodaglass.com\/fr\/wp-json\/wp\/v2\/product"}],"about":[{"href":"https:\/\/yebodaglass.com\/fr\/wp-json\/wp\/v2\/types\/product"}],"version-history":[{"count":5,"href":"https:\/\/yebodaglass.com\/fr\/wp-json\/wp\/v2\/product\/23693\/revisions"}],"predecessor-version":[{"id":25626,"href":"https:\/\/yebodaglass.com\/fr\/wp-json\/wp\/v2\/product\/23693\/revisions\/25626"}],"wp:featuredmedia":[{"embeddable":true,"href":"https:\/\/yebodaglass.com\/fr\/wp-json\/wp\/v2\/media\/23704"}],"wp:attachment":[{"href":"https:\/\/yebodaglass.com\/fr\/wp-json\/wp\/v2\/media?parent=23693"}],"wp:term":[{"taxonomy":"product_brand","embeddable":true,"href":"https:\/\/yebodaglass.com\/fr\/wp-json\/wp\/v2\/product_brand?post=23693"},{"taxonomy":"product_cat","embeddable":true,"href":"https:\/\/yebodaglass.com\/fr\/wp-json\/wp\/v2\/product_cat?post=23693"},{"taxonomy":"product_tag","embeddable":true,"href":"https:\/\/yebodaglass.com\/fr\/wp-json\/wp\/v2\/product_tag?post=23693"}],"curies":[{"name":"wp","href":"https:\/\/api.w.org\/{rel}","templated":true}]}}