{"id":23678,"date":"2025-11-14T14:23:47","date_gmt":"2025-11-14T06:23:47","guid":{"rendered":"https:\/\/yebodaglass.com\/?post_type=product&#038;p=23678"},"modified":"2026-03-11T16:11:43","modified_gmt":"2026-03-11T08:11:43","slug":"clear-glass-pickle-jars-with-black-lids-wholesale","status":"publish","type":"product","link":"https:\/\/yebodaglass.com\/fr\/clear-glass-pickle-jars-with-black-lids-wholesale\/","title":{"rendered":"Bocaux \u00e0 cornichons en verre transparent de 105 ml \u00e0 550 ml avec couvercles noirs (vente en gros)"},"content":{"rendered":"<p>Un bocal \u00e0 cornichons cylindrique en verre lisse et transparent, muni d&#039;un couvercle \u00e0 vis en m\u00e9tal noir mat assurant une fermeture parfaite, est le choix id\u00e9al pour la fermentation des cornichons, des marinades et des conserves.<\/p>\n<h2>Caract\u00e9ristiques du produit<\/h2>\n<ul>\n<li><strong>Conception cylindrique simple\u00a0:<\/strong> Il est simple, avec des parois droites et un fond facile \u00e0 nettoyer et permettant une utilisation plus efficace de l&#039;espace.<\/li>\n<li><strong>Verre haute clart\u00e9\u00a0:<\/strong> Le verre transparent permet de voir \u00e0 l&#039;int\u00e9rieur et d&#039;observer l&#039;\u00e9tat des aliments.<\/li>\n<li><strong>Bouchon m\u00e9tallique noir s\u00e9curis\u00e9\u00a0:<\/strong> Ce bouchon \u00e0 vis noir est tr\u00e8s efficace car il offre une \u00e9tanch\u00e9it\u00e9 parfaite, permettant ainsi une longue conservation.<\/li>\n<\/ul>\n<h2>Sp\u00e9cifications cl\u00e9s<\/h2>\n<table style=\"border-collapse: collapse; width: 80%; margin-left: auto; margin-right: auto;\" border=\"0\" width=\"288\" cellspacing=\"0\" cellpadding=\"0\">\n<tbody>\n<tr style=\"height: 13.50pt;\">\n<td style=\"height: 13.5pt; width: 54pt; text-align: center;\" width=\"72\" height=\"18\">Capacit\u00e9 (ml)<\/td>\n<td style=\"width: 54pt; text-align: center;\" width=\"72\">Taille (cm)<\/td>\n<td style=\"width: 54pt; text-align: center;\" width=\"72\">Forme<\/td>\n<\/tr>\n<tr style=\"height: 13.50pt;\">\n<td style=\"height: 13.5pt; text-align: center;\" align=\"right\" height=\"18\">105<\/td>\n<td style=\"text-align: center;\">5.5 x 6.5<\/td>\n<td class=\"et2\" style=\"text-align: center;\" rowspan=\"5\">Rond<\/td>\n<\/tr>\n<tr style=\"height: 13.50pt;\">\n<td style=\"height: 13.5pt; text-align: center;\" align=\"right\" height=\"18\">230<\/td>\n<td style=\"text-align: center;\">6.7 x 9.0<\/td>\n<\/tr>\n<tr style=\"height: 13.50pt;\">\n<td style=\"height: 13.5pt; text-align: center;\" align=\"right\" height=\"18\">350<\/td>\n<td style=\"text-align: center;\">7.4 x 10.9<\/td>\n<\/tr>\n<tr style=\"height: 13.50pt;\">\n<td style=\"height: 13.5pt; text-align: center;\" align=\"right\" height=\"18\">420<\/td>\n<td style=\"text-align: center;\">9.4 x 9.2<\/td>\n<\/tr>\n<tr style=\"height: 13.50pt;\">\n<td style=\"height: 13.5pt; text-align: center;\" align=\"right\" height=\"18\">550<\/td>\n<td style=\"text-align: center;\">8.6 x 12.6<\/td>\n<\/tr>\n<\/tbody>\n<\/table>\n<h2>Cas de r\u00e9ussite<\/h2>\n<p>Une entreprise d&#039;Austin sp\u00e9cialis\u00e9e dans la fabrication de bocaux \u00e0 cornichons a utilis\u00e9 nos bocaux et a fait concevoir un couvercle diff\u00e9rent, avec des lignes grav\u00e9es au laser et un rev\u00eatement en plastisol blanc, pour une meilleure r\u00e9sistance \u00e0 l&#039;acidit\u00e9. Ces possibilit\u00e9s de personnalisation ont apport\u00e9 une valeur ajout\u00e9e concr\u00e8te\u00a0: gr\u00e2ce \u00e0 la technologie de pes\u00e9e, l&#039;entreprise a pu r\u00e9duire de 15\u00a0% le gaspillage de mati\u00e8res premi\u00e8res lors de la production de masse\u00a0; les couvercles sur mesure, r\u00e9sistants \u00e0 la rouille et aux fuites, ont permis de r\u00e9duire de 20\u00a0% les pertes de produits. Le client \u00e9tait tellement satisfait qu&#039;il a pass\u00e9 une deuxi\u00e8me commande de 200\u00a0000 bocaux \u00e0 cornichons au deuxi\u00e8me trimestre pour approvisionner une nouvelle usine de conditionnement \u00e0 fa\u00e7on, qui assurerait des livraisons dans tout le pays.<\/p>\n<h2>Recommandations pour la personnalisation des bocaux \u00e0 cornichons.<\/h2>\n<ul>\n<li>Vari\u00e9t\u00e9 de forme\u00a0: Les bocaux peuvent \u00eatre carr\u00e9s ou rectangulaires afin d\u2019optimiser l\u2019espace dans les \u00e9tag\u00e8res du garde-manger et les conteneurs d\u2019exp\u00e9dition.<\/li>\n<li>Verre opaque\u00a0: Les bocaux en verre ambr\u00e9 ou vert peuvent \u00eatre utilis\u00e9s pour conserver les confitures et les aliments ferment\u00e9s sensibles \u00e0 la lumi\u00e8re.<\/li>\n<li>Couvercles sp\u00e9ciaux\u00a0: Les couvercles sp\u00e9ciaux sont dot\u00e9s de valves de fermentation int\u00e9gr\u00e9es, de couvercles en bambou ou de rev\u00eatements int\u00e9rieurs en plastique r\u00e9sistant aux acides.<\/li>\n<\/ul>","protected":false},"excerpt":{"rendered":"<p>Bocal \u00e0 cornichons r\u00e9sistant en verre transparent avec couvercle noir herm\u00e9tique. Pratique, id\u00e9al pour conserver les cornichons, les sauces et les aliments secs. \u00c9chantillons gratuits.<\/p>","protected":false},"featured_media":23679,"template":"","meta":[],"product_brand":[],"product_cat":[122,124,133],"product_tag":[],"class_list":{"0":"post-23678","1":"product","2":"type-product","3":"status-publish","4":"has-post-thumbnail","6":"product_cat-custom-glass-packaging","7":"product_cat-custom-glass-jars","8":"product_cat-pickle-jars","10":"first","11":"instock","12":"shipping-taxable","13":"product-type-simple"},"jetpack_sharing_enabled":true,"_links":{"self":[{"href":"https:\/\/yebodaglass.com\/fr\/wp-json\/wp\/v2\/product\/23678","targetHints":{"allow":["GET"]}}],"collection":[{"href":"https:\/\/yebodaglass.com\/fr\/wp-json\/wp\/v2\/product"}],"about":[{"href":"https:\/\/yebodaglass.com\/fr\/wp-json\/wp\/v2\/types\/product"}],"version-history":[{"count":5,"href":"https:\/\/yebodaglass.com\/fr\/wp-json\/wp\/v2\/product\/23678\/revisions"}],"predecessor-version":[{"id":25382,"href":"https:\/\/yebodaglass.com\/fr\/wp-json\/wp\/v2\/product\/23678\/revisions\/25382"}],"wp:featuredmedia":[{"embeddable":true,"href":"https:\/\/yebodaglass.com\/fr\/wp-json\/wp\/v2\/media\/23679"}],"wp:attachment":[{"href":"https:\/\/yebodaglass.com\/fr\/wp-json\/wp\/v2\/media?parent=23678"}],"wp:term":[{"taxonomy":"product_brand","embeddable":true,"href":"https:\/\/yebodaglass.com\/fr\/wp-json\/wp\/v2\/product_brand?post=23678"},{"taxonomy":"product_cat","embeddable":true,"href":"https:\/\/yebodaglass.com\/fr\/wp-json\/wp\/v2\/product_cat?post=23678"},{"taxonomy":"product_tag","embeddable":true,"href":"https:\/\/yebodaglass.com\/fr\/wp-json\/wp\/v2\/product_tag?post=23678"}],"curies":[{"name":"wp","href":"https:\/\/api.w.org\/{rel}","templated":true}]}}