{"id":23651,"date":"2025-11-13T15:54:32","date_gmt":"2025-11-13T07:54:32","guid":{"rendered":"https:\/\/yebodaglass.com\/?post_type=product&#038;p=23651"},"modified":"2026-03-12T14:44:21","modified_gmt":"2026-03-12T06:44:21","slug":"brown-glass-grolsch-beer-bottles-with-handle-bulk","status":"publish","type":"product","link":"https:\/\/yebodaglass.com\/fr\/brown-glass-grolsch-beer-bottles-with-handle-bulk\/","title":{"rendered":"Bouteilles de bi\u00e8re Grolsch en verre brun de 32 oz et 64 oz avec poign\u00e9e (en vrac)"},"content":{"rendered":"<p data-start=\"66\" data-end=\"288\">Ces bouteilles de bi\u00e8re Grolsch sont fabriqu\u00e9es en verre ambr\u00e9, avec un style r\u00e9tro, une silhouette arrondie et une poign\u00e9e pratique. Un bouton-pression m\u00e9tallique s\u00e9curise le bouchon \u00e0 clapet rouge et blanc, id\u00e9al pour conserver et pr\u00e9senter avec \u00e9l\u00e9gance des liquides ou des condiments.<\/p>\n<h2>Caract\u00e9ristiques du produit<\/h2>\n<ul>\n<li><strong>Mat\u00e9riau : Verre brun<\/strong> La bouteille en verre brun bloque efficacement la lumi\u00e8re, pr\u00e9servant ainsi la qualit\u00e9 des liquides tels que les sauces et les boissons, tout en lui conf\u00e9rant un joli aspect r\u00e9tro.<\/li>\n<li><strong>Conception de fermeture \u00e0 pression\u00a0:<\/strong> Ce r\u00e9cipient est muni d&#039;un bouchon \u00e0 fermeture rapide avec un clip m\u00e9tallique. Ce syst\u00e8me assure une fermeture herm\u00e9tique tr\u00e8s efficace, pr\u00e9servant ainsi la fra\u00eecheur du contenu pendant longtemps. De plus, son ouverture et sa fermeture sont tr\u00e8s faciles.<\/li>\n<li><strong>Bouteille avec anse :<\/strong> Par cons\u00e9quent, la bouteille est dot\u00e9e d&#039;une poign\u00e9e incurv\u00e9e pour une prise en main et un transport faciles, ce qui augmente l&#039;utilisation du produit et la rend adapt\u00e9e \u00e0 diff\u00e9rents endroits comme la maison et le restaurant.<\/li>\n<\/ul>\n<h2 style=\"text-align: left;\">Sp\u00e9cifications cl\u00e9s<\/h2>\n<table style=\"border-collapse: collapse; width: 80%; margin-left: auto; margin-right: auto;\" border=\"0\" width=\"677\" cellspacing=\"0\" cellpadding=\"0\">\n<tbody>\n<tr style=\"height: 13.50pt;\">\n<td style=\"height: 13.5pt; width: 119.25pt; text-align: center;\" width=\"159\" height=\"18\">Fonctionnalit\u00e9<\/td>\n<td style=\"width: 388.5pt; text-align: center;\" width=\"518\">Description<\/td>\n<\/tr>\n<tr style=\"height: 13.50pt;\">\n<td style=\"height: 13.5pt; text-align: center;\" height=\"18\">Mat\u00e9riel<\/td>\n<td style=\"text-align: center;\">Verre brun anti-UV<\/td>\n<\/tr>\n<tr style=\"height: 13.50pt;\">\n<td style=\"height: 13.5pt; text-align: center;\" height=\"18\">Capacit\u00e9<\/td>\n<td style=\"text-align: center;\">1 L (32 oz) \/ 2 L (64 oz)<\/td>\n<\/tr>\n<tr style=\"height: 13.50pt;\">\n<td style=\"height: 13.5pt; text-align: center;\" height=\"18\">Taille<\/td>\n<td style=\"text-align: center;\">7,5 \u00d7 24 cm \/ 9,5 \u00d7 26 cm<\/td>\n<\/tr>\n<tr style=\"height: 13.50pt;\">\n<td style=\"height: 13.5pt; text-align: center;\" height=\"18\">Syst\u00e8me de fermeture<\/td>\n<td style=\"text-align: center;\">Anse en acier inoxydable + bouchon avec joint en caoutchouc\/silicone<\/td>\n<\/tr>\n<tr style=\"height: 13.50pt;\">\n<td style=\"height: 13.5pt; text-align: center;\" height=\"18\">Id\u00e9al pour<\/td>\n<td style=\"text-align: center;\">Bi\u00e8re, kombucha, soda, vinaigre, bi\u00e8re maison, boissons gazeuses<\/td>\n<\/tr>\n<\/tbody>\n<\/table>\n<h2>Cas de r\u00e9ussite<\/h2>\n<p><span aria-haspopup=\"dialog\" aria-expanded=\"false\" aria-controls=\"radix-_r_8v_\" data-state=\"closed\" data-slot=\"popover-trigger\">L&#039;une des marques locales de kombucha artisanal, sp\u00e9cialis\u00e9e dans les boissons ferment\u00e9es, a d\u00e9cid\u00e9 d&#039;utiliser notre bouteille en verre ambr\u00e9 de 32 oz avec bouchon \u00e0 vis pour lancer sa saveur en \u00e9dition limit\u00e9e.<\/span> <span aria-haspopup=\"dialog\" aria-expanded=\"false\" aria-controls=\"radix-_r_90_\" data-state=\"closed\" data-slot=\"popover-trigger\">Le l\u00e9ger assombrissement du verre ambr\u00e9 pour une meilleure protection contre les UV et le bouchon \u00e0 vis renforc\u00e9 par un fil d&#039;acier inoxydable, ainsi que le joint en silicone de qualit\u00e9 alimentaire plus \u00e9pais, ont \u00e9t\u00e9 con\u00e7us pour mieux correspondre \u00e0 la philosophie de leur marque.<\/span> <span aria-haspopup=\"dialog\" aria-expanded=\"false\" aria-controls=\"radix-_r_91_\" data-state=\"closed\" data-slot=\"popover-trigger\">Le logo de la marque est emboss\u00e9 sur le devant de la bouteille et le fil est fabriqu\u00e9 \u00e0 la main dans une teinte bronze fonc\u00e9 pour cr\u00e9er un effet vieilli et artisanal.<\/span><\/p>\n<p><span aria-haspopup=\"dialog\" aria-expanded=\"false\" aria-controls=\"radix-_r_92_\" data-state=\"closed\" data-slot=\"popover-trigger\">Apr\u00e8s le lancement de la bouteille personnalis\u00e9e, leurs commandes au d\u00e9tail ont augment\u00e9 de 37 % au premier trimestre.<\/span> <span aria-haspopup=\"dialog\" aria-expanded=\"false\" aria-controls=\"radix-_r_93_\" data-state=\"closed\" data-slot=\"popover-trigger\">Par cons\u00e9quent, la marque a pass\u00e9 d&#039;autres commandes de produits saisonniers.<\/span><\/p>\n<h2>Suggestions de personnalisation des bouteilles Grolsch<\/h2>\n<ol>\n<li><span aria-haspopup=\"dialog\" aria-expanded=\"false\" aria-controls=\"radix-_r_8s_\" data-state=\"closed\" data-slot=\"popover-trigger\"><strong>Mat\u00e9riaux du bouchon :<\/strong> Personnalisez votre couvercle avec des mod\u00e8les en c\u00e9ramique, en plastique alimentaire ou imitation bois, et conservez le joint en silicone pour assurer une \u00e9tanch\u00e9it\u00e9 parfaite.<\/span><\/li>\n<li><span aria-haspopup=\"dialog\" aria-expanded=\"false\" aria-controls=\"radix-_r_8t_\" data-state=\"closed\" data-slot=\"popover-trigger\"><strong>Marquage en relief sur le corps de la bouteille\u00a0:<\/strong> Un logo en relief, le nom de la brasserie ou un motif ornemental peuvent \u00eatre appos\u00e9s sur l&#039;\u00e9paule ronde de la bouteille ou sur le devant de la bouteille, sur le panneau.<\/span><\/li>\n<li><span aria-haspopup=\"dialog\" aria-expanded=\"false\" aria-controls=\"radix-_r_8u_\" data-state=\"closed\" data-slot=\"popover-trigger\"><strong>Couleur du col personnalis\u00e9e\u00a0:<\/strong> nous proposons une vari\u00e9t\u00e9 de bagues d&#039;\u00e9tanch\u00e9it\u00e9 color\u00e9es (rouge, orange, noir, vert) pour distinguer les gammes de produits ou les saveurs de boissons.<\/span><\/li>\n<\/ol>","protected":false},"excerpt":{"rendered":"<p>Bouteille de bi\u00e8re grolsch en verre brun avec poign\u00e9e et bouchon \u00e0 bascule s\u00e9curis\u00e9. Id\u00e9al pour les brasseries ou les achats en gros. R\u00e9utilisable et durable, livraison rapide pour les commandes en gros.<\/p>","protected":false},"featured_media":23695,"template":"","meta":[],"product_brand":[],"product_cat":[122,123,132],"product_tag":[],"class_list":{"0":"post-23651","1":"product","2":"type-product","3":"status-publish","4":"has-post-thumbnail","6":"product_cat-custom-glass-packaging","7":"product_cat-custom-glass-bottles","8":"product_cat-glass-flip-top-bottles","10":"first","11":"instock","12":"shipping-taxable","13":"product-type-simple"},"jetpack_sharing_enabled":true,"_links":{"self":[{"href":"https:\/\/yebodaglass.com\/fr\/wp-json\/wp\/v2\/product\/23651","targetHints":{"allow":["GET"]}}],"collection":[{"href":"https:\/\/yebodaglass.com\/fr\/wp-json\/wp\/v2\/product"}],"about":[{"href":"https:\/\/yebodaglass.com\/fr\/wp-json\/wp\/v2\/types\/product"}],"version-history":[{"count":6,"href":"https:\/\/yebodaglass.com\/fr\/wp-json\/wp\/v2\/product\/23651\/revisions"}],"predecessor-version":[{"id":25406,"href":"https:\/\/yebodaglass.com\/fr\/wp-json\/wp\/v2\/product\/23651\/revisions\/25406"}],"wp:featuredmedia":[{"embeddable":true,"href":"https:\/\/yebodaglass.com\/fr\/wp-json\/wp\/v2\/media\/23695"}],"wp:attachment":[{"href":"https:\/\/yebodaglass.com\/fr\/wp-json\/wp\/v2\/media?parent=23651"}],"wp:term":[{"taxonomy":"product_brand","embeddable":true,"href":"https:\/\/yebodaglass.com\/fr\/wp-json\/wp\/v2\/product_brand?post=23651"},{"taxonomy":"product_cat","embeddable":true,"href":"https:\/\/yebodaglass.com\/fr\/wp-json\/wp\/v2\/product_cat?post=23651"},{"taxonomy":"product_tag","embeddable":true,"href":"https:\/\/yebodaglass.com\/fr\/wp-json\/wp\/v2\/product_tag?post=23651"}],"curies":[{"name":"wp","href":"https:\/\/api.w.org\/{rel}","templated":true}]}}