{"id":23606,"date":"2025-11-12T13:17:31","date_gmt":"2025-11-12T05:17:31","guid":{"rendered":"https:\/\/yebodaglass.com\/?post_type=product&#038;p=23606"},"modified":"2026-04-14T11:37:45","modified_gmt":"2026-04-14T03:37:45","slug":"wholesale-clear-round-glass-soy-sauce-bottles","status":"publish","type":"product","link":"https:\/\/yebodaglass.com\/fr\/wholesale-clear-round-glass-soy-sauce-bottles\/","title":{"rendered":"Bouteilles de sauce soja rondes en verre transparent, en gros, de 267 ml et 473 ml."},"content":{"rendered":"<p data-start=\"66\" data-end=\"288\">Ces bouteilles de sauce soja pr\u00e9sentent un design unique\u00a0: un corps en verre cylindrique qui s\u2019affine vers le goulot et dont la base \u00e9largie assure un meilleur \u00e9quilibre. Elles sont disponibles avec des bouchons \u00e0 vis en m\u00e9tal argent\u00e9 ou noir.<\/p>\n<h2>Caract\u00e9ristiques du produit<\/h2>\n<ul>\n<li><strong>Design minimaliste de la bouteille :<\/strong> Les bords arrondis de la bouteille assurent non seulement une prise en main confortable, mais facilitent \u00e9galement son rangement ; elle peut donc \u00eatre utilis\u00e9e dans diff\u00e9rents endroits, comme une cuisine domestique ou un restaurant.<\/li>\n<li><strong>Conception pratique du bouchon \u00e0 vis\u00a0:<\/strong> Le bouchon \u00e0 vis m\u00e9tallique, qui le maintient en place, assure une fermeture herm\u00e9tique, permettant ainsi de conserver la fra\u00eecheur des sauces tout en facilitant leur pr\u00e9l\u00e8vement.<\/li>\n<li><strong>Conception de base stable\u00a0:<\/strong> La large base est la principale raison pour laquelle la bouteille ne se renverse pas ; ainsi, la bouteille de sauce restera toujours droite, qu&#039;elle soit en cours de remplissage ou expos\u00e9e.<\/li>\n<\/ul>\n<h2 style=\"text-align: left;\">Sp\u00e9cifications cl\u00e9s<\/h2>\n<table class=\"aligncenter\" style=\"border-collapse: collapse; width: 423.02pt;\" border=\"0\" width=\"564\" cellspacing=\"0\" cellpadding=\"0\">\n<tbody>\n<tr style=\"height: 13.50pt;\">\n<td style=\"height: 13.50pt; width: 107.25pt;\" width=\"143\" height=\"18\">Sp\u00e9cification<\/td>\n<td style=\"width: 315.75pt;\" width=\"421\">D\u00e9tails<\/td>\n<\/tr>\n<tr style=\"height: 13.50pt;\">\n<td style=\"height: 13.50pt;\" height=\"18\">Tailles disponibles<\/td>\n<td>267 ml, 473 ml<\/td>\n<\/tr>\n<tr style=\"height: 13.50pt;\">\n<td style=\"height: 13.50pt;\" height=\"18\">Taille de l&#039;emballage<\/td>\n<td>20\u00d725\u00d715cm (les deux)<\/td>\n<\/tr>\n<tr style=\"height: 13.50pt;\">\n<td style=\"height: 13.50pt;\" height=\"18\">Mat\u00e9riel<\/td>\n<td>stout en verre transparent de qualit\u00e9 alimentaire<\/td>\n<\/tr>\n<tr style=\"height: 13.50pt;\">\n<td style=\"height: 13.50pt;\" height=\"18\">Id\u00e9al pour<\/td>\n<td>Soy sauce, chili sauce, hot sauce<\/td>\n<\/tr>\n<tr style=\"height: 13.50pt;\">\n<td style=\"height: 13.50pt;\" height=\"18\">Cas d&#039;utilisation<\/td>\n<td>Bouteilles de sauce soja vides, bouteille de sauce chili en vrac<\/td>\n<\/tr>\n<\/tbody>\n<\/table>\n<h2>T\u00e9moignage de r\u00e9ussite\u00a0: Une commande personnalis\u00e9e aupr\u00e8s d\u2019une marque de sauce chili d\u2019Asie du Sud-Est<\/h2>\n<p>Une marque tha\u00eflandaise de sauce chili a choisi notre bouteille de 500 ml, qu&#039;elle a personnalis\u00e9e avec un bec verseur anti-goutte et un motif de piment. Cette bouteille a rencontr\u00e9 un franc succ\u00e8s\u00a0: gr\u00e2ce \u00e0 son bec verseur anti-goutte, les r\u00e9clamations des consommateurs ont diminu\u00e9 de 30\u00a0%, tandis que la qualit\u00e9 du verre et du bouchon m\u00e9tallique a permis d&#039;augmenter la valeur \u00e0 l&#039;exportation de 20\u00a0%. Suite \u00e0 ce succ\u00e8s, la marque a pass\u00e9 une premi\u00e8re commande de 450\u00a0000 bouteilles afin de lancer une nouvelle gamme de sauces chili ferment\u00e9es.<\/p>\n<h2>Suggestions de personnalisation des bouteilles de sauce soja<\/h2>\n<ul>\n<li><strong>Marquages \u200b\u200bde capacit\u00e9 en relief\u00a0:<\/strong> Placez les graduations en relief de l&#039;\u00e9chelle sur l&#039;\u00e9paule de la bouteille.<\/li>\n<li><strong>Emplacement du logo imprim\u00e9 en s\u00e9rigraphie\u00a0:<\/strong> Imprimez discr\u00e8tement le logo de la marque dans la partie incurv\u00e9e, qui constitue l&#039;emplacement le plus visible.<\/li>\n<li><strong>Poign\u00e9e textur\u00e9e :<\/strong> Vous pouvez ajouter une l\u00e9g\u00e8re texture au niveau de la taille afin d&#039;offrir \u00e0 l&#039;utilisateur une meilleure prise en main et plus de s\u00e9curit\u00e9.<\/li>\n<\/ul>","protected":false},"excerpt":{"rendered":"<p>Bouteilles en verre transparent pour sauce chili et sauce soja, avec bouchon \u00e0 vis. Conviennent \u00e0 un usage domestique ou aux commandes en gros. \u00c9chantillons gratuits disponibles pour les commandes en gros.<\/p>","protected":false},"featured_media":23611,"template":"","meta":[],"product_brand":[],"product_cat":[129,123,122],"product_tag":[],"class_list":{"0":"post-23606","1":"product","2":"type-product","3":"status-publish","4":"has-post-thumbnail","6":"product_cat-hot-sauce-bottles","7":"product_cat-custom-glass-bottles","8":"product_cat-custom-glass-packaging","10":"first","11":"instock","12":"shipping-taxable","13":"product-type-simple"},"jetpack_sharing_enabled":true,"_links":{"self":[{"href":"https:\/\/yebodaglass.com\/fr\/wp-json\/wp\/v2\/product\/23606","targetHints":{"allow":["GET"]}}],"collection":[{"href":"https:\/\/yebodaglass.com\/fr\/wp-json\/wp\/v2\/product"}],"about":[{"href":"https:\/\/yebodaglass.com\/fr\/wp-json\/wp\/v2\/types\/product"}],"version-history":[{"count":5,"href":"https:\/\/yebodaglass.com\/fr\/wp-json\/wp\/v2\/product\/23606\/revisions"}],"predecessor-version":[{"id":25778,"href":"https:\/\/yebodaglass.com\/fr\/wp-json\/wp\/v2\/product\/23606\/revisions\/25778"}],"wp:featuredmedia":[{"embeddable":true,"href":"https:\/\/yebodaglass.com\/fr\/wp-json\/wp\/v2\/media\/23611"}],"wp:attachment":[{"href":"https:\/\/yebodaglass.com\/fr\/wp-json\/wp\/v2\/media?parent=23606"}],"wp:term":[{"taxonomy":"product_brand","embeddable":true,"href":"https:\/\/yebodaglass.com\/fr\/wp-json\/wp\/v2\/product_brand?post=23606"},{"taxonomy":"product_cat","embeddable":true,"href":"https:\/\/yebodaglass.com\/fr\/wp-json\/wp\/v2\/product_cat?post=23606"},{"taxonomy":"product_tag","embeddable":true,"href":"https:\/\/yebodaglass.com\/fr\/wp-json\/wp\/v2\/product_tag?post=23606"}],"curies":[{"name":"wp","href":"https:\/\/api.w.org\/{rel}","templated":true}]}}