{"id":23531,"date":"2025-11-10T14:29:06","date_gmt":"2025-11-10T06:29:06","guid":{"rendered":"https:\/\/yebodaglass.com\/?post_type=product&#038;p=23531"},"modified":"2026-04-09T17:59:19","modified_gmt":"2026-04-09T09:59:19","slug":"beverage-bottles-wholesale-glass-bottles-with-lids","status":"publish","type":"product","link":"https:\/\/yebodaglass.com\/fr\/produit\/beverage-bottles-wholesale-glass-bottles-with-lids\/","title":{"rendered":"Bouteilles de boissons en gros | Bouteilles en verre avec bouchons"},"content":{"rendered":"<p data-start=\"66\" data-end=\"288\">Cette gamme de bouteilles en verre avec bouchon pr\u00e9sente une forme plate et rectangulaire, des \u00e9paules arrondies et un col \u00e9troit. Fabriqu\u00e9es en verre transparent de haute qualit\u00e9, ces bouteilles permettent de voir leur contenu. Chaque bouteille est munie d&#039;un bouchon \u00e0 vis en aluminium avec joint en plastique. Ce bouchon assure une fermeture herm\u00e9tique et une prise en main facile. Disponibles en contenances de 50 ml \u00e0 500 ml, ces bouteilles sont id\u00e9ales pour le conditionnement de caf\u00e9, jus de fruits, th\u00e9 au lait et autres liquides. Compactes et robustes, elles sont parfaites pour la pr\u00e9sentation en magasin, la vente \u00e0 emporter et la vente en vrac.<\/p>\n<h2>Caract\u00e9ristiques principales<\/h2>\n<ul>\n<li><strong>Les bouteilles de boissons ne fuient pas.<\/strong>Le couvercle en aluminium et le joint en plastique fonctionnent ensemble pour maintenir le liquide \u00e0 l&#039;int\u00e9rieur, vous n&#039;avez donc pas \u00e0 vous soucier des d\u00e9versements lors du transport des bouteilles.<\/li>\n<\/ul>\n<ul>\n<li><strong>Le verre est solide et recyclable.<\/strong>Une entreprise sp\u00e9cialis\u00e9e dans la fabrication de bouteilles en verre a produit ces contenants de mani\u00e8re professionnelle. Solides, r\u00e9utilisables et recyclables, ils sont un atout pour l&#039;environnement.<\/li>\n<\/ul>\n<ul>\n<li><strong>Sa forme plate est id\u00e9ale pour le branding.<\/strong>La surface plane des bouteilles facilite l&#039;\u00e9tiquetage. Elles sont du plus bel effet en rayon. Elles sont donc id\u00e9ales pour les entreprises qui souhaitent cr\u00e9er leurs propres bouteilles en verre personnalis\u00e9es et mettre en valeur leur marque.<\/li>\n<\/ul>\n<h2 style=\"text-align: left;\">Sp\u00e9cifications cl\u00e9s<\/h2>\n<table style=\"border-collapse: collapse; margin-left: auto; margin-right: auto; width: 80%;\" border=\"0\" width=\"905\" cellspacing=\"0\" cellpadding=\"0\">\n<tbody>\n<tr style=\"height: 13.50pt;\">\n<td style=\"height: 13.50pt; width: 54.00pt;\" width=\"72\" height=\"18\">Capacit\u00e9<\/td>\n<td style=\"width: 54.00pt;\" width=\"72\">Hauteur<\/td>\n<td style=\"width: 54.00pt;\" width=\"72\">Largeur<\/td>\n<td style=\"width: 129.75pt;\" width=\"173\">Application<\/td>\n<td style=\"width: 98.25pt;\" width=\"131\">Mat\u00e9riel<\/td>\n<td style=\"width: 121.50pt;\" width=\"162\">Type de couvercle<\/td>\n<td style=\"width: 167.25pt;\" width=\"223\">Scellage<\/td>\n<\/tr>\n<tr style=\"height: 13.50pt;\">\n<td style=\"height: 13.50pt;\" height=\"18\">50 ml<\/td>\n<td>10,6 cm<\/td>\n<td>5,3 cm<\/td>\n<td>Caf\u00e9, \u00e9chantillons<\/td>\n<td class=\"et2\" rowspan=\"6\">Verre sans plomb<\/td>\n<td class=\"et2\" rowspan=\"6\">Bouchon \u00e0 vis en aluminium + couvercle int\u00e9rieur en plastique<\/td>\n<td class=\"et2\" rowspan=\"6\">Joint \u00e9tanche, r\u00e9sistant aux fuites<\/td>\n<\/tr>\n<tr style=\"height: 13.50pt;\">\n<td style=\"height: 13.50pt;\" height=\"18\">100 ml<\/td>\n<td>12,5 cm<\/td>\n<td>6,7 cm<\/td>\n<td>Jus, boissons<\/td>\n<\/tr>\n<tr style=\"height: 13.50pt;\">\n<td style=\"height: 13.50pt;\" height=\"18\">200 ml<\/td>\n<td>15 cm<\/td>\n<td>7,7 cm<\/td>\n<td>th\u00e9 au lait, infusion \u00e0 froid<\/td>\n<\/tr>\n<tr style=\"height: 13.50pt;\">\n<td style=\"height: 13.50pt;\" height=\"18\">250 ml<\/td>\n<td>16 cm<\/td>\n<td>8,3 cm<\/td>\n<td>Jus, boissons<\/td>\n<\/tr>\n<tr style=\"height: 13.50pt;\">\n<td style=\"height: 13.50pt;\" height=\"18\">350 ml<\/td>\n<td>17 cm<\/td>\n<td>8,9 cm<\/td>\n<td>Caf\u00e9, boissons<\/td>\n<\/tr>\n<tr style=\"height: 13.50pt;\">\n<td style=\"height: 13.50pt;\" height=\"18\">500 ml<\/td>\n<td>20 cm<\/td>\n<td>10,1 cm<\/td>\n<td>Boissons en vrac<\/td>\n<\/tr>\n<\/tbody>\n<\/table>\n<h2>\u00c9tude de cas<\/h2>\n<p>Une grande cha\u00eene de supermarch\u00e9s en Pologne a utilis\u00e9 nos bouteilles en verre avec bouchons pour sa marque de caf\u00e9 et de jus. Auparavant, elle utilisait des bouteilles d&#039;une autre marque. Les bouchons ne fermaient pas correctement et le jus se r\u00e9pandait pendant le transport, ce qui entra\u00eenait des pertes de produits et des plaintes de clients.<\/p>\n<p>Lorsqu&#039;ils ont commenc\u00e9 \u00e0 utiliser nos bouteilles en verre, ils ont choisi les formats 250 ml et 350 ml. Ils ont opt\u00e9 pour des \u00e9tiquettes personnalis\u00e9es et un rev\u00eatement sp\u00e9cial afin de leur donner un aspect plus \u00e9l\u00e9gant. Les nouveaux bouchons \u00e9taient plus performants et quasiment \u00e9tanches. La transparence du verre mettait \u00e9galement en valeur les produits en rayon.<\/p>\n<p>Au bout de six mois, le supermarch\u00e9 a constat\u00e9 une hausse de 28 % de ses ventes de boissons et une nette am\u00e9lioration de la satisfaction client. D\u00e9sormais, ils ach\u00e8tent r\u00e9guli\u00e8rement nos bouteilles en verre avec bouchon. Ils en commandent au moins 100\u00a0000 unit\u00e9s chaque trimestre. Ils ont m\u00eame b\u00e9n\u00e9fici\u00e9 d&#039;une r\u00e9duction gr\u00e2ce \u00e0 ces volumes d&#039;achat importants.<\/p>\n<h2>Suggestions de personnalisation pour les acheteurs B2B<\/h2>\n<ol>\n<li><strong>Pour les marques de caf\u00e9<\/strong>Utilisez un rev\u00eatement ambr\u00e9 ou une s\u00e9rigraphie sur des bouteilles en verre pour cr\u00e9er un r\u00e9cipient haut de gamme pour infusion \u00e0 froid, associ\u00e9 \u00e0 un couvercle \u00e0 vis herm\u00e9tique.<\/li>\n<li><strong>Pour les marques de jus et de boissons<\/strong>Appliquez un rev\u00eatement en spray color\u00e9 ou un \u00e9tiquetage pour diff\u00e9rencier les saveurs tout en conservant un format d&#039;emballage en verre uniforme pour l&#039;ensemble de votre s\u00e9lection.<\/li>\n<li><strong>Pour le commerce de d\u00e9tail et les marques priv\u00e9es<\/strong>: Standardiser plusieurs tailles (100 ml \u00e0 500 ml) en un syst\u00e8me de conteneur unifi\u00e9 afin d&#039;optimiser le stockage, la logistique et l&#039;efficacit\u00e9 de l&#039;approvisionnement en verre en gros.<\/li>\n<\/ol>","protected":false},"excerpt":{"rendered":"<p>Bouteilles de boissons haut de gamme et bouteilles en verre avec bouchons pour la vente en gros, de 50 ml \u00e0 500 ml. Emballages en verre r\u00e9sistants et \u00e9tanches pour le caf\u00e9, les jus et les produits en vrac.<\/p>","protected":false},"featured_media":25706,"template":"","meta":[],"product_brand":[],"product_cat":[123,122],"product_tag":[],"class_list":{"0":"post-23531","1":"product","2":"type-product","3":"status-publish","4":"has-post-thumbnail","6":"product_cat-custom-glass-bottles","7":"product_cat-custom-glass-packaging","9":"first","10":"instock","11":"shipping-taxable","12":"product-type-simple"},"jetpack_sharing_enabled":true,"_links":{"self":[{"href":"https:\/\/yebodaglass.com\/fr\/wp-json\/wp\/v2\/product\/23531","targetHints":{"allow":["GET"]}}],"collection":[{"href":"https:\/\/yebodaglass.com\/fr\/wp-json\/wp\/v2\/product"}],"about":[{"href":"https:\/\/yebodaglass.com\/fr\/wp-json\/wp\/v2\/types\/product"}],"version-history":[{"count":5,"href":"https:\/\/yebodaglass.com\/fr\/wp-json\/wp\/v2\/product\/23531\/revisions"}],"predecessor-version":[{"id":25712,"href":"https:\/\/yebodaglass.com\/fr\/wp-json\/wp\/v2\/product\/23531\/revisions\/25712"}],"wp:featuredmedia":[{"embeddable":true,"href":"https:\/\/yebodaglass.com\/fr\/wp-json\/wp\/v2\/media\/25706"}],"wp:attachment":[{"href":"https:\/\/yebodaglass.com\/fr\/wp-json\/wp\/v2\/media?parent=23531"}],"wp:term":[{"taxonomy":"product_brand","embeddable":true,"href":"https:\/\/yebodaglass.com\/fr\/wp-json\/wp\/v2\/product_brand?post=23531"},{"taxonomy":"product_cat","embeddable":true,"href":"https:\/\/yebodaglass.com\/fr\/wp-json\/wp\/v2\/product_cat?post=23531"},{"taxonomy":"product_tag","embeddable":true,"href":"https:\/\/yebodaglass.com\/fr\/wp-json\/wp\/v2\/product_tag?post=23531"}],"curies":[{"name":"wp","href":"https:\/\/api.w.org\/{rel}","templated":true}]}}